{"id":20504,"date":"2016-01-14T23:41:14","date_gmt":"2016-01-14T21:41:14","guid":{"rendered":"https:\/\/www.fries-kt.com\/productos\/restauracion\/cestas-basicas\/?lang=es"},"modified":"2024-05-28T07:53:19","modified_gmt":"2024-05-28T05:53:19","slug":"cestas-basicas","status":"publish","type":"page","link":"https:\/\/www.fries-kt.com\/es\/productos\/restauracion\/cestas-basicas\/","title":{"rendered":"Cestas b\u00e1sicas"},"content":{"rendered":"<div class=\"fusion-fullwidth fullwidth-box fusion-builder-row-1 nonhundred-percent-fullwidth non-hundred-percent-height-scrolling\" style=\"--awb-background-position:left top;--awb-border-radius-top-left:0px;--awb-border-radius-top-right:0px;--awb-border-radius-bottom-right:0px;--awb-border-radius-bottom-left:0px;--awb-padding-top:20px;--awb-padding-right:0px;--awb-padding-bottom:20px;--awb-padding-left:0px;--awb-border-sizes-top:0px;--awb-border-sizes-bottom:0px;--awb-flex-wrap:wrap;\" ><div class=\"fusion-builder-row fusion-row\"><div class=\"fusion-layout-column fusion_builder_column fusion-builder-column-0 fusion_builder_column_1_3 1_3 fusion-one-third fusion-column-first fusion-column-no-min-height\" style=\"--awb-bg-size:cover;--awb-margin-bottom:0px;width:30.6666%; margin-right: 4%;\"><div class=\"fusion-column-wrapper fusion-flex-column-wrapper-legacy\"><div class=\"fusion-image-element in-legacy-container\" style=\"--awb-caption-title-font-family:var(--h2_typography-font-family);--awb-caption-title-font-weight:var(--h2_typography-font-weight);--awb-caption-title-font-style:var(--h2_typography-font-style);--awb-caption-title-size:var(--h2_typography-font-size);--awb-caption-title-transform:var(--h2_typography-text-transform);--awb-caption-title-line-height:var(--h2_typography-line-height);--awb-caption-title-letter-spacing:var(--h2_typography-letter-spacing);\"><span class=\" fusion-imageframe imageframe-none imageframe-1 hover-type-none\"><img decoding=\"async\" width=\"242\" height=\"150\" title=\"Fries rack Logo\" src=\"https:\/\/www.fries-kt.com\/wp-content\/uploads\/Fries-rack-logo-website3.png\" alt class=\"img-responsive wp-image-40132\"\/><\/span><\/div><div class=\"fusion-clearfix\"><\/div><\/div><\/div><div class=\"fusion-layout-column fusion_builder_column fusion-builder-column-1 fusion_builder_column_2_3 2_3 fusion-two-third fusion-column-last fusion-column-no-min-height\" style=\"--awb-bg-size:cover;--awb-margin-bottom:0px;width:65.3333%;\"><div class=\"fusion-column-wrapper fusion-flex-column-wrapper-legacy\"><div class=\"fusion-text fusion-text-1 color-gastro blau\"><h1>Cestas b\u00e1sicas<\/h1>\n<p><strong>Nuestras cestas b\u00e1sicas son polivalentes. <\/strong><\/p>\n<p>Consiga una limpieza perfecta de la vajilla gracias a la base abierta. La tecnolog\u00eda patentada EWD garantiza una redirecci\u00f3n selectiva del chorro de agua directamente a las zonas problem\u00e1ticas importantes.<\/p>\n<\/div><div class=\"fusion-clearfix\"><\/div><\/div><\/div><div class=\"fusion-layout-column fusion_builder_column fusion-builder-column-2 fusion_builder_column_1_3 1_3 fusion-one-third fusion-column-first\" style=\"--awb-bg-size:cover;width:30.6666%; margin-right: 4%;\"><div class=\"fusion-column-wrapper fusion-flex-column-wrapper-legacy\"><div class=\"fusion-image-element in-legacy-container\" style=\"--awb-caption-title-font-family:var(--h2_typography-font-family);--awb-caption-title-font-weight:var(--h2_typography-font-weight);--awb-caption-title-font-style:var(--h2_typography-font-style);--awb-caption-title-size:var(--h2_typography-font-size);--awb-caption-title-transform:var(--h2_typography-text-transform);--awb-caption-title-line-height:var(--h2_typography-line-height);--awb-caption-title-letter-spacing:var(--h2_typography-letter-spacing);\"><span class=\" fusion-imageframe imageframe-none imageframe-2 hover-type-none\"><a class=\"fusion-no-lightbox\" href=\"https:\/\/www.fries-kt.com\/productos\/restauracion\/cestas-basicas\/cestas-basicas-de-350-x-350\/?lang=es\" target=\"_self\" aria-label=\"smaller_web1\"><img decoding=\"async\" width=\"242\" height=\"242\" alt=\"Bistrokorb Sp\u00fclkorb Fries Rack System\" src=\"https:\/\/www.fries-kt.com\/wp-content\/uploads\/smaller_web1.jpg\" class=\"img-responsive wp-image-19202\" srcset=\"https:\/\/www.fries-kt.com\/wp-content\/uploads\/smaller_web1-66x66.jpg 66w, https:\/\/www.fries-kt.com\/wp-content\/uploads\/smaller_web1-150x150.jpg 150w, https:\/\/www.fries-kt.com\/wp-content\/uploads\/smaller_web1.jpg 242w\" sizes=\"(max-width: 242px) 100vw, 242px\" \/><\/a><\/span><\/div><div class=\"fusion-text fusion-text-2 color-gastro blau\"><h4><a href=\"https:\/\/www.fries-kt.com\/productos\/restauracion\/cestas-basicas\/cestas-basicas-de-350-x-350\/?lang=es\">Cestas b\u00e1sicas 350 x 350<\/a><\/h4>\n<\/div><div class=\"fusion-clearfix\"><\/div><\/div><\/div><div class=\"fusion-layout-column fusion_builder_column fusion-builder-column-3 fusion_builder_column_1_3 1_3 fusion-one-third\" style=\"--awb-bg-size:cover;width:30.6666%; margin-right: 4%;\"><div class=\"fusion-column-wrapper fusion-flex-column-wrapper-legacy\"><div class=\"fusion-image-element in-legacy-container\" style=\"--awb-caption-title-font-family:var(--h2_typography-font-family);--awb-caption-title-font-weight:var(--h2_typography-font-weight);--awb-caption-title-font-style:var(--h2_typography-font-style);--awb-caption-title-size:var(--h2_typography-font-size);--awb-caption-title-transform:var(--h2_typography-text-transform);--awb-caption-title-line-height:var(--h2_typography-line-height);--awb-caption-title-letter-spacing:var(--h2_typography-letter-spacing);\"><span class=\" fusion-imageframe imageframe-none imageframe-3 hover-type-none\"><a class=\"fusion-no-lightbox\" href=\"https:\/\/www.fries-kt.com\/productos\/restauracion\/cestas-basicas\/cesta-basica-de-400-x-400\/?lang=es\" target=\"_self\" aria-label=\"Bistrokorb R 400\"><img decoding=\"async\" width=\"242\" height=\"242\" alt=\"Bistrokorb R 400\" src=\"https:\/\/www.fries-kt.com\/wp-content\/uploads\/smaller_web.jpg\" class=\"img-responsive wp-image-19161\" srcset=\"https:\/\/www.fries-kt.com\/wp-content\/uploads\/smaller_web-66x66.jpg 66w, https:\/\/www.fries-kt.com\/wp-content\/uploads\/smaller_web-150x150.jpg 150w, https:\/\/www.fries-kt.com\/wp-content\/uploads\/smaller_web.jpg 242w\" sizes=\"(max-width: 242px) 100vw, 242px\" \/><\/a><\/span><\/div><div class=\"fusion-text fusion-text-3 color-gastro blau\"><h4><a href=\"https:\/\/www.fries-kt.com\/productos\/restauracion\/cestas-basicas\/cesta-basica-de-400-x-400\/?lang=es\">Cestas b\u00e1sicas 400 x 400<\/a><\/h4>\n<\/div><div class=\"fusion-clearfix\"><\/div><\/div><\/div><div class=\"fusion-layout-column fusion_builder_column fusion-builder-column-4 fusion_builder_column_1_3 1_3 fusion-one-third fusion-column-last\" style=\"--awb-bg-size:cover;width:30.6666%;\"><div class=\"fusion-column-wrapper fusion-flex-column-wrapper-legacy\"><div class=\"fusion-image-element in-legacy-container\" style=\"--awb-max-width:242px;--awb-caption-title-font-family:var(--h2_typography-font-family);--awb-caption-title-font-weight:var(--h2_typography-font-weight);--awb-caption-title-font-style:var(--h2_typography-font-style);--awb-caption-title-size:var(--h2_typography-font-size);--awb-caption-title-transform:var(--h2_typography-text-transform);--awb-caption-title-line-height:var(--h2_typography-line-height);--awb-caption-title-letter-spacing:var(--h2_typography-letter-spacing);\"><span class=\" fusion-imageframe imageframe-none imageframe-4 hover-type-none\"><a class=\"fusion-no-lightbox\" href=\"https:\/\/www.fries-kt.com\/productos\/restauracion\/cestas-basicas\/cesta-basica-de-500-x-500\/?lang=es\" target=\"_self\" aria-label=\"Grundkorb_NK_Webseite_1008pxl\"><img decoding=\"async\" width=\"300\" height=\"300\" src=\"https:\/\/www.fries-kt.com\/wp-content\/uploads\/Grundkorb_NK_Webseite_1008pxl-4-300x300.png\" alt class=\"img-responsive wp-image-49334\" srcset=\"https:\/\/www.fries-kt.com\/wp-content\/uploads\/Grundkorb_NK_Webseite_1008pxl-4-200x200.png 200w, https:\/\/www.fries-kt.com\/wp-content\/uploads\/Grundkorb_NK_Webseite_1008pxl-4-400x400.png 400w, https:\/\/www.fries-kt.com\/wp-content\/uploads\/Grundkorb_NK_Webseite_1008pxl-4-600x600.png 600w, https:\/\/www.fries-kt.com\/wp-content\/uploads\/Grundkorb_NK_Webseite_1008pxl-4-800x800.png 800w, https:\/\/www.fries-kt.com\/wp-content\/uploads\/Grundkorb_NK_Webseite_1008pxl-4.png 1008w\" sizes=\"(max-width: 0px) 100vw, 400px\" \/><\/a><\/span><\/div><div class=\"fusion-text fusion-text-4 color-gastro blau\"><h4><a href=\"https:\/\/www.fries-kt.com\/productos\/restauracion\/cestas-basicas\/cesta-basica-de-500-x-500\/?lang=es\">Cestas b\u00e1sicas 500 x 500<\/a><\/h4>\n<\/div><div class=\"fusion-clearfix\"><\/div><\/div><\/div><div class=\"fusion-layout-column fusion_builder_column fusion-builder-column-5 fusion_builder_column_1_3 1_3 fusion-one-third fusion-column-first\" style=\"--awb-bg-size:cover;width:30.6666%; margin-right: 4%;\"><div class=\"fusion-column-wrapper fusion-flex-column-wrapper-legacy\"><div class=\"fusion-image-element in-legacy-container\" style=\"--awb-caption-title-font-family:var(--h2_typography-font-family);--awb-caption-title-font-weight:var(--h2_typography-font-weight);--awb-caption-title-font-style:var(--h2_typography-font-style);--awb-caption-title-size:var(--h2_typography-font-size);--awb-caption-title-transform:var(--h2_typography-text-transform);--awb-caption-title-line-height:var(--h2_typography-line-height);--awb-caption-title-letter-spacing:var(--h2_typography-letter-spacing);\"><span class=\" fusion-imageframe imageframe-none imageframe-5 hover-type-none\"><a class=\"fusion-no-lightbox\" href=\"https:\/\/www.fries-kt.com\/productos\/restauracion\/cestas-basicas\/cestas-basicas-de-600-x-400\/?lang=es\" target=\"_self\" aria-label=\"Grundkorb CR 600&#215;400 mm\"><img decoding=\"async\" width=\"242\" height=\"242\" alt=\"Grundkorb CR 600x400 mm\" src=\"https:\/\/www.fries-kt.com\/wp-content\/uploads\/Basiskorb-CB72_web.pg_.jpg\" class=\"img-responsive wp-image-18864\" srcset=\"https:\/\/www.fries-kt.com\/wp-content\/uploads\/Basiskorb-CB72_web.pg_-66x66.jpg 66w, https:\/\/www.fries-kt.com\/wp-content\/uploads\/Basiskorb-CB72_web.pg_-150x150.jpg 150w, https:\/\/www.fries-kt.com\/wp-content\/uploads\/Basiskorb-CB72_web.pg_.jpg 242w\" sizes=\"(max-width: 242px) 100vw, 242px\" \/><\/a><\/span><\/div><div class=\"fusion-text fusion-text-5 color-gastro blau\"><h4><a href=\"https:\/\/www.fries-kt.com\/productos\/restauracion\/cestas-basicas\/cestas-basicas-de-600-x-400\/?lang=es\">Cestas b\u00e1sicas 600 x 400<\/a><\/h4>\n<\/div><div class=\"fusion-clearfix\"><\/div><\/div><\/div><div class=\"fusion-layout-column fusion_builder_column fusion-builder-column-6 fusion_builder_column_1_3 1_3 fusion-one-third\" style=\"--awb-bg-size:cover;width:30.6666%; margin-right: 4%;\"><div class=\"fusion-column-wrapper fusion-flex-column-wrapper-legacy\"><div class=\"fusion-image-element in-legacy-container\" style=\"--awb-caption-title-font-family:var(--h2_typography-font-family);--awb-caption-title-font-weight:var(--h2_typography-font-weight);--awb-caption-title-font-style:var(--h2_typography-font-style);--awb-caption-title-size:var(--h2_typography-font-size);--awb-caption-title-transform:var(--h2_typography-text-transform);--awb-caption-title-line-height:var(--h2_typography-line-height);--awb-caption-title-letter-spacing:var(--h2_typography-letter-spacing);\"><span class=\" fusion-imageframe imageframe-none imageframe-6 hover-type-none\"><a class=\"fusion-no-lightbox\" href=\"https:\/\/www.fries-kt.com\/productos\/restauracion\/cestas-basicas\/cesta-basica-de-600-x-500\/?lang=es\" target=\"_self\" aria-label=\"Grundkorb XLB 600&#215;500 mm\"><img decoding=\"async\" width=\"242\" height=\"242\" alt=\"Grundkorb XLB 600x500 mm\" src=\"https:\/\/www.fries-kt.com\/wp-content\/uploads\/Rack-XL-B_web.jpg\" class=\"img-responsive wp-image-18866\" srcset=\"https:\/\/www.fries-kt.com\/wp-content\/uploads\/Rack-XL-B_web-66x66.jpg 66w, https:\/\/www.fries-kt.com\/wp-content\/uploads\/Rack-XL-B_web-150x150.jpg 150w, https:\/\/www.fries-kt.com\/wp-content\/uploads\/Rack-XL-B_web.jpg 242w\" sizes=\"(max-width: 242px) 100vw, 242px\" \/><\/a><\/span><\/div><div class=\"fusion-text fusion-text-6 color-gastro blau\"><h4><a href=\"https:\/\/www.fries-kt.com\/productos\/restauracion\/cestas-basicas\/cesta-basica-de-600-x-500\/?lang=es\">Cestas b\u00e1sicas 600 x 500<\/a><\/h4>\n<\/div><div class=\"fusion-clearfix\"><\/div><\/div><\/div><\/div><\/div>\n","protected":false},"excerpt":{"rendered":"","protected":false},"author":4,"featured_media":0,"parent":19826,"menu_order":0,"comment_status":"closed","ping_status":"closed","template":"","meta":{"_acf_changed":false,"footnotes":""},"class_list":["post-20504","page","type-page","status-publish","hentry"],"acf":[],"yoast_head":"<!-- This site is optimized with the Yoast SEO plugin v26.8 - https:\/\/yoast.com\/product\/yoast-seo-wordpress\/ -->\n<title>Cestas b\u00e1sicas para gastronom\u00eda | Cestas de lavado FRIES Rack System<\/title>\n<meta name=\"description\" content=\"Descubra las cestas de lavado b\u00e1sicas en diferentes tama\u00f1os \u2714uso vers\u00e1til \u2714resultado de lavado perfecto gracias a la tecnolog\u00eda EWD \u25b6Inf\u00f3rmese ahora\" \/>\n<meta name=\"robots\" content=\"index, follow, max-snippet:-1, max-image-preview:large, max-video-preview:-1\" \/>\n<link rel=\"canonical\" href=\"https:\/\/www.fries-kt.com\/es\/productos\/restauracion\/cestas-basicas\/\" \/>\n<meta name=\"twitter:label1\" content=\"Tiempo de lectura\" \/>\n\t<meta name=\"twitter:data1\" content=\"2 minutos\" \/>\n<script type=\"application\/ld+json\" class=\"yoast-schema-graph\">{\"@context\":\"https:\/\/schema.org\",\"@graph\":[{\"@type\":\"WebPage\",\"@id\":\"https:\/\/www.fries-kt.com\/es\/productos\/restauracion\/cestas-basicas\/\",\"url\":\"https:\/\/www.fries-kt.com\/es\/productos\/restauracion\/cestas-basicas\/\",\"name\":\"Cestas b\u00e1sicas para gastronom\u00eda | Cestas de lavado FRIES Rack System\",\"isPartOf\":{\"@id\":\"https:\/\/www.fries-kt.com\/#website\"},\"primaryImageOfPage\":{\"@id\":\"https:\/\/www.fries-kt.com\/es\/productos\/restauracion\/cestas-basicas\/#primaryimage\"},\"image\":{\"@id\":\"https:\/\/www.fries-kt.com\/es\/productos\/restauracion\/cestas-basicas\/#primaryimage\"},\"thumbnailUrl\":\"https:\/\/www.fries-kt.com\/wp-content\/uploads\/smaller_web1.jpg\",\"datePublished\":\"2016-01-14T21:41:14+00:00\",\"dateModified\":\"2024-05-28T05:53:19+00:00\",\"description\":\"Descubra las cestas de lavado b\u00e1sicas en diferentes tama\u00f1os \u2714uso vers\u00e1til \u2714resultado de lavado perfecto gracias a la tecnolog\u00eda EWD \u25b6Inf\u00f3rmese ahora\",\"breadcrumb\":{\"@id\":\"https:\/\/www.fries-kt.com\/es\/productos\/restauracion\/cestas-basicas\/#breadcrumb\"},\"inLanguage\":\"es\",\"potentialAction\":[{\"@type\":\"ReadAction\",\"target\":[\"https:\/\/www.fries-kt.com\/es\/productos\/restauracion\/cestas-basicas\/\"]}]},{\"@type\":\"ImageObject\",\"inLanguage\":\"es\",\"@id\":\"https:\/\/www.fries-kt.com\/es\/productos\/restauracion\/cestas-basicas\/#primaryimage\",\"url\":\"https:\/\/www.fries-kt.com\/wp-content\/uploads\/smaller_web1.jpg\",\"contentUrl\":\"https:\/\/www.fries-kt.com\/wp-content\/uploads\/smaller_web1.jpg\"},{\"@type\":\"BreadcrumbList\",\"@id\":\"https:\/\/www.fries-kt.com\/es\/productos\/restauracion\/cestas-basicas\/#breadcrumb\",\"itemListElement\":[{\"@type\":\"ListItem\",\"position\":1,\"name\":\"Home\",\"item\":\"https:\/\/www.fries-kt.com\/es\/\"},{\"@type\":\"ListItem\",\"position\":2,\"name\":\"Productos\",\"item\":\"https:\/\/www.fries-kt.com\/es\/productos\/\"},{\"@type\":\"ListItem\",\"position\":3,\"name\":\"Sistemas de restauraci\u00f3n\",\"item\":\"https:\/\/www.fries-kt.com\/es\/productos\/restauracion\/\"},{\"@type\":\"ListItem\",\"position\":4,\"name\":\"Cestas b\u00e1sicas\"}]},{\"@type\":\"WebSite\",\"@id\":\"https:\/\/www.fries-kt.com\/#website\",\"url\":\"https:\/\/www.fries-kt.com\/\",\"name\":\"FRIES\",\"description\":\"\",\"publisher\":{\"@id\":\"https:\/\/www.fries-kt.com\/#organization\"},\"potentialAction\":[{\"@type\":\"SearchAction\",\"target\":{\"@type\":\"EntryPoint\",\"urlTemplate\":\"https:\/\/www.fries-kt.com\/?s={search_term_string}\"},\"query-input\":{\"@type\":\"PropertyValueSpecification\",\"valueRequired\":true,\"valueName\":\"search_term_string\"}}],\"inLanguage\":\"es\"},{\"@type\":\"Organization\",\"@id\":\"https:\/\/www.fries-kt.com\/#organization\",\"name\":\"FRIES Kunststofftechnik GmbH\",\"url\":\"https:\/\/www.fries-kt.com\/\",\"logo\":{\"@type\":\"ImageObject\",\"inLanguage\":\"es\",\"@id\":\"https:\/\/www.fries-kt.com\/#\/schema\/logo\/image\/\",\"url\":\"https:\/\/www.fries-kt.com\/wp-content\/uploads\/fries-logo.png\",\"contentUrl\":\"https:\/\/www.fries-kt.com\/wp-content\/uploads\/fries-logo.png\",\"width\":120,\"height\":60,\"caption\":\"FRIES Kunststofftechnik GmbH\"},\"image\":{\"@id\":\"https:\/\/www.fries-kt.com\/#\/schema\/logo\/image\/\"},\"sameAs\":[\"https:\/\/www.facebook.com\/FRIESKunststofftechnik\/\",\"https:\/\/www.youtube.com\/channel\/UCc2UgnWJ9Y_-pIXbDIek7wQ\"]}]}<\/script>\n<!-- \/ Yoast SEO plugin. -->","yoast_head_json":{"title":"Cestas b\u00e1sicas para gastronom\u00eda | Cestas de lavado FRIES Rack System","description":"Descubra las cestas de lavado b\u00e1sicas en diferentes tama\u00f1os \u2714uso vers\u00e1til \u2714resultado de lavado perfecto gracias a la tecnolog\u00eda EWD \u25b6Inf\u00f3rmese ahora","robots":{"index":"index","follow":"follow","max-snippet":"max-snippet:-1","max-image-preview":"max-image-preview:large","max-video-preview":"max-video-preview:-1"},"canonical":"https:\/\/www.fries-kt.com\/es\/productos\/restauracion\/cestas-basicas\/","twitter_misc":{"Tiempo de lectura":"2 minutos"},"schema":{"@context":"https:\/\/schema.org","@graph":[{"@type":"WebPage","@id":"https:\/\/www.fries-kt.com\/es\/productos\/restauracion\/cestas-basicas\/","url":"https:\/\/www.fries-kt.com\/es\/productos\/restauracion\/cestas-basicas\/","name":"Cestas b\u00e1sicas para gastronom\u00eda | Cestas de lavado FRIES Rack System","isPartOf":{"@id":"https:\/\/www.fries-kt.com\/#website"},"primaryImageOfPage":{"@id":"https:\/\/www.fries-kt.com\/es\/productos\/restauracion\/cestas-basicas\/#primaryimage"},"image":{"@id":"https:\/\/www.fries-kt.com\/es\/productos\/restauracion\/cestas-basicas\/#primaryimage"},"thumbnailUrl":"https:\/\/www.fries-kt.com\/wp-content\/uploads\/smaller_web1.jpg","datePublished":"2016-01-14T21:41:14+00:00","dateModified":"2024-05-28T05:53:19+00:00","description":"Descubra las cestas de lavado b\u00e1sicas en diferentes tama\u00f1os \u2714uso vers\u00e1til \u2714resultado de lavado perfecto gracias a la tecnolog\u00eda EWD \u25b6Inf\u00f3rmese ahora","breadcrumb":{"@id":"https:\/\/www.fries-kt.com\/es\/productos\/restauracion\/cestas-basicas\/#breadcrumb"},"inLanguage":"es","potentialAction":[{"@type":"ReadAction","target":["https:\/\/www.fries-kt.com\/es\/productos\/restauracion\/cestas-basicas\/"]}]},{"@type":"ImageObject","inLanguage":"es","@id":"https:\/\/www.fries-kt.com\/es\/productos\/restauracion\/cestas-basicas\/#primaryimage","url":"https:\/\/www.fries-kt.com\/wp-content\/uploads\/smaller_web1.jpg","contentUrl":"https:\/\/www.fries-kt.com\/wp-content\/uploads\/smaller_web1.jpg"},{"@type":"BreadcrumbList","@id":"https:\/\/www.fries-kt.com\/es\/productos\/restauracion\/cestas-basicas\/#breadcrumb","itemListElement":[{"@type":"ListItem","position":1,"name":"Home","item":"https:\/\/www.fries-kt.com\/es\/"},{"@type":"ListItem","position":2,"name":"Productos","item":"https:\/\/www.fries-kt.com\/es\/productos\/"},{"@type":"ListItem","position":3,"name":"Sistemas de restauraci\u00f3n","item":"https:\/\/www.fries-kt.com\/es\/productos\/restauracion\/"},{"@type":"ListItem","position":4,"name":"Cestas b\u00e1sicas"}]},{"@type":"WebSite","@id":"https:\/\/www.fries-kt.com\/#website","url":"https:\/\/www.fries-kt.com\/","name":"FRIES","description":"","publisher":{"@id":"https:\/\/www.fries-kt.com\/#organization"},"potentialAction":[{"@type":"SearchAction","target":{"@type":"EntryPoint","urlTemplate":"https:\/\/www.fries-kt.com\/?s={search_term_string}"},"query-input":{"@type":"PropertyValueSpecification","valueRequired":true,"valueName":"search_term_string"}}],"inLanguage":"es"},{"@type":"Organization","@id":"https:\/\/www.fries-kt.com\/#organization","name":"FRIES Kunststofftechnik GmbH","url":"https:\/\/www.fries-kt.com\/","logo":{"@type":"ImageObject","inLanguage":"es","@id":"https:\/\/www.fries-kt.com\/#\/schema\/logo\/image\/","url":"https:\/\/www.fries-kt.com\/wp-content\/uploads\/fries-logo.png","contentUrl":"https:\/\/www.fries-kt.com\/wp-content\/uploads\/fries-logo.png","width":120,"height":60,"caption":"FRIES Kunststofftechnik GmbH"},"image":{"@id":"https:\/\/www.fries-kt.com\/#\/schema\/logo\/image\/"},"sameAs":["https:\/\/www.facebook.com\/FRIESKunststofftechnik\/","https:\/\/www.youtube.com\/channel\/UCc2UgnWJ9Y_-pIXbDIek7wQ"]}]}},"_links":{"self":[{"href":"https:\/\/www.fries-kt.com\/es\/wp-json\/wp\/v2\/pages\/20504","targetHints":{"allow":["GET"]}}],"collection":[{"href":"https:\/\/www.fries-kt.com\/es\/wp-json\/wp\/v2\/pages"}],"about":[{"href":"https:\/\/www.fries-kt.com\/es\/wp-json\/wp\/v2\/types\/page"}],"author":[{"embeddable":true,"href":"https:\/\/www.fries-kt.com\/es\/wp-json\/wp\/v2\/users\/4"}],"replies":[{"embeddable":true,"href":"https:\/\/www.fries-kt.com\/es\/wp-json\/wp\/v2\/comments?post=20504"}],"version-history":[{"count":21,"href":"https:\/\/www.fries-kt.com\/es\/wp-json\/wp\/v2\/pages\/20504\/revisions"}],"predecessor-version":[{"id":49437,"href":"https:\/\/www.fries-kt.com\/es\/wp-json\/wp\/v2\/pages\/20504\/revisions\/49437"}],"up":[{"embeddable":true,"href":"https:\/\/www.fries-kt.com\/es\/wp-json\/wp\/v2\/pages\/19826"}],"wp:attachment":[{"href":"https:\/\/www.fries-kt.com\/es\/wp-json\/wp\/v2\/media?parent=20504"}],"curies":[{"name":"wp","href":"https:\/\/api.w.org\/{rel}","templated":true}]}}