{"id":20989,"date":"2016-02-07T18:57:32","date_gmt":"2016-02-07T16:57:32","guid":{"rendered":"https:\/\/www.fries-kt.com\/productos\/envases\/cubos\/cubo-hobbock-polietileno\/?lang=es"},"modified":"2025-06-25T09:25:14","modified_gmt":"2025-06-25T07:25:14","slug":"cubo-hobbock-polietileno","status":"publish","type":"page","link":"https:\/\/www.fries-kt.com\/es\/productos\/envases\/cubos\/cubo-hobbock-polietileno\/","title":{"rendered":"Cubo Hobbock (polietileno)"},"content":{"rendered":"<p><div class=\"fusion-fullwidth fullwidth-box fusion-builder-row-1 nonhundred-percent-fullwidth non-hundred-percent-height-scrolling\" style=\"--awb-background-position:left top;--awb-border-radius-top-left:0px;--awb-border-radius-top-right:0px;--awb-border-radius-bottom-right:0px;--awb-border-radius-bottom-left:0px;--awb-padding-top:20px;--awb-padding-right:0px;--awb-padding-bottom:20px;--awb-padding-left:0px;--awb-border-sizes-top:0px;--awb-border-sizes-bottom:0px;--awb-flex-wrap:wrap;\" ><div class=\"fusion-builder-row fusion-row\"><div class=\"fusion-layout-column fusion_builder_column fusion-builder-column-0 fusion_builder_column_1_1 1_1 fusion-one-full fusion-column-first fusion-column-last fusion-column-no-min-height\" style=\"--awb-bg-size:cover;--awb-margin-bottom:0px;\"><div class=\"fusion-column-wrapper fusion-flex-column-wrapper-legacy\"><div class=\"fusion-text fusion-text-1 color-verpackung gr\u00fcn\"><h1>Cubos Hobbock de 18 o 30 litros (PE)<\/h1>\n<\/div><div class=\"fusion-clearfix\"><\/div><\/div><\/div><\/div><\/div><div class=\"fusion-fullwidth fullwidth-box fusion-builder-row-2 nonhundred-percent-fullwidth non-hundred-percent-height-scrolling\" style=\"--awb-background-position:left top;--awb-border-radius-top-left:0px;--awb-border-radius-top-right:0px;--awb-border-radius-bottom-right:0px;--awb-border-radius-bottom-left:0px;--awb-padding-top:20px;--awb-padding-right:0px;--awb-padding-bottom:20px;--awb-padding-left:0px;--awb-border-sizes-top:0px;--awb-border-sizes-bottom:0px;--awb-flex-wrap:wrap;\" ><div class=\"fusion-builder-row fusion-row\"><div class=\"fusion-layout-column fusion_builder_column fusion-builder-column-1 fusion_builder_column_1_3 1_3 fusion-one-third fusion-column-first\" style=\"--awb-bg-size:cover;width:30.6666%; margin-right: 4%;\"><div class=\"fusion-column-wrapper fusion-flex-column-wrapper-legacy\"><div class=\"fusion-image-element in-legacy-container\" style=\"--awb-caption-title-font-family:var(--h2_typography-font-family);--awb-caption-title-font-weight:var(--h2_typography-font-weight);--awb-caption-title-font-style:var(--h2_typography-font-style);--awb-caption-title-size:var(--h2_typography-font-size);--awb-caption-title-transform:var(--h2_typography-text-transform);--awb-caption-title-line-height:var(--h2_typography-line-height);--awb-caption-title-letter-spacing:var(--h2_typography-letter-spacing);\"><span class=\" fusion-imageframe imageframe-none imageframe-1 hover-type-none\"><img decoding=\"async\" width=\"242\" height=\"242\" alt=\"Hobbock Kunststoff lebensmittelecht und UN 18 l PP\" title=\"Hobbock Kunststoff lebensmittelecht und UN 18 l PP\" src=\"https:\/\/www.fries-kt.com\/wp-content\/uploads\/Hobbock-18L_web.jpg\" class=\"img-responsive wp-image-18317\" srcset=\"https:\/\/www.fries-kt.com\/wp-content\/uploads\/Hobbock-18L_web-66x66.jpg 66w, https:\/\/www.fries-kt.com\/wp-content\/uploads\/Hobbock-18L_web-150x150.jpg 150w, https:\/\/www.fries-kt.com\/wp-content\/uploads\/Hobbock-18L_web.jpg 242w\" sizes=\"(max-width: 242px) 100vw, 242px\" \/><\/span><\/div><div class=\"fusion-text fusion-text-2 color-verpackung gr\u00fcn\"><h4><a href=\"https:\/\/www.fries-kt.com\/wp-content\/uploads\/Hobbock-18l_PE_EN.pdf\" target=\"_blank\" rel=\"noopener noreferrer\">Descargar folleto<\/a><\/h4>\n<\/div><div class=\"fusion-alignleft\"><a class=\"fusion-button button-flat fusion-button-default-size button-custom fusion-button-default button-1 fusion-button-default-span fusion-button-default-type color-verpackung\" style=\"--button_accent_color:#ffffff;--button_border_color:#00a890;--button_accent_hover_color:#ffffff;--button_border_hover_color:#00a890;--button_gradient_top_color:#00a890;--button_gradient_bottom_color:#00a890;--button_gradient_top_color_hover:#00a890;--button_gradient_bottom_color_hover:#00a890;--button_text_transform:none;--button_margin-top:10px;--button_margin-bottom:20px;\" target=\"_self\" href=\"https:\/\/www.fries-kt.com\/es\/contacto\/?amp;your-subject=Cubo Hobbock (polietileno) 18l\"><span class=\"fusion-button-text awb-button__text awb-button__text--default\">Solicitar ahora<\/span><\/a><\/div><div class=\"fusion-clearfix\"><\/div><\/div><\/div><div class=\"fusion-layout-column fusion_builder_column fusion-builder-column-2 fusion_builder_column_2_3 2_3 fusion-two-third fusion-column-last\" style=\"--awb-bg-size:cover;width:65.3333%;\"><div class=\"fusion-column-wrapper fusion-flex-column-wrapper-legacy\"><div class=\"fusion-text fusion-text-3 color-verpackung gr\u00fcn\"><h2>Hobbock (polietileno) 18 litros<\/h2>\n<p><strong><span style=\"color: #747474; font-family: 'Arial','sans-serif';\"><span style=\"font-size: small;\">resistente al fr\u00edo |\u00a0tapa de cierre por presi\u00f3n impermeable\u00a0|\u00a0apto para uso alimentario\u00a0| homologado por la ONU<\/span><\/span><\/strong><\/p>\n<ul>\n<li>Disponible tambi\u00e9n con asa met\u00e1lica y asidero cil\u00edndrico<\/li>\n<li>Tapa de cierre por presi\u00f3n impermeable<\/li>\n<li>Resistente al fr\u00edo hasta -30 \u00b0C &#8211;<\/li>\n<li>Disponibles en colores<\/li>\n<li>Homologado por la ONU seg\u00fan la tabla de certificados actual<\/li>\n<li>Apto para uso alimentario conforme a los reglamentos europeos EU 1935\/2004, EU 2023\/2006 y EU 10\/2011 en la versi\u00f3n vigente actualmente para simuladores A, B, C, D1, D2, E de los modelos est\u00e1ndar BLANCO y NATURAL (otros colores disponibles por encargo) &#8211; Personalizable mediante serigraf\u00eda (solo sin certificaci\u00f3n LMR)<\/li>\n<li>Disponible en color &#8220;blanco&#8221; y &#8220;natural&#8221; (otros colores disponibles bajo demanda)<\/li>\n<\/ul>\n<p><strong>Opcional:<\/strong><\/p>\n<ul>\n<li data-start=\"50\" data-end=\"126\">\n<p data-start=\"52\" data-end=\"126\">Certificaci\u00f3n Halal a solicitud<\/p>\n<\/li>\n<\/ul>\n<\/div><div class=\"fusion-clearfix\"><\/div><\/div><\/div><div class=\"fusion-layout-column fusion_builder_column fusion-builder-column-3 fusion_builder_column_1_3 1_3 fusion-one-third fusion-column-first\" style=\"--awb-bg-size:cover;width:30.6666%; margin-right: 4%;\"><div class=\"fusion-column-wrapper fusion-flex-column-wrapper-legacy\"><div class=\"fusion-image-element in-legacy-container\" style=\"--awb-caption-title-font-family:var(--h2_typography-font-family);--awb-caption-title-font-weight:var(--h2_typography-font-weight);--awb-caption-title-font-style:var(--h2_typography-font-style);--awb-caption-title-size:var(--h2_typography-font-size);--awb-caption-title-transform:var(--h2_typography-text-transform);--awb-caption-title-line-height:var(--h2_typography-line-height);--awb-caption-title-letter-spacing:var(--h2_typography-letter-spacing);\"><span class=\" fusion-imageframe imageframe-none imageframe-2 hover-type-none\"><img decoding=\"async\" width=\"242\" height=\"242\" alt=\"Hobbock Kunststoff lebensmittelecht und UN 30 l PE\" title=\"Hobbock Kunststoff lebensmittelecht und UN 30 l PE\" src=\"https:\/\/www.fries-kt.com\/wp-content\/uploads\/Hobbock-30L-PE_web.jpg\" class=\"img-responsive wp-image-18312\" srcset=\"https:\/\/www.fries-kt.com\/wp-content\/uploads\/Hobbock-30L-PE_web-66x66.jpg 66w, https:\/\/www.fries-kt.com\/wp-content\/uploads\/Hobbock-30L-PE_web-150x150.jpg 150w, https:\/\/www.fries-kt.com\/wp-content\/uploads\/Hobbock-30L-PE_web.jpg 242w\" sizes=\"(max-width: 242px) 100vw, 242px\" \/><\/span><\/div><div class=\"fusion-text fusion-text-4 color-verpackung gr\u00fcn\"><h4><a href=\"https:\/\/www.fries-kt.com\/wp-content\/uploads\/Hobbock-30l_PE_EN.pdf\" target=\"_blank\" rel=\"noopener noreferrer\">Descargar folleto<\/a><\/h4>\n<\/div><div class=\"fusion-alignleft\"><a class=\"fusion-button button-flat fusion-button-default-size button-custom fusion-button-default button-2 fusion-button-default-span fusion-button-default-type color-verpackung\" style=\"--button_accent_color:#ffffff;--button_border_color:#00a890;--button_accent_hover_color:#ffffff;--button_border_hover_color:#00a890;--button_gradient_top_color:#00a890;--button_gradient_bottom_color:#00a890;--button_gradient_top_color_hover:#00a890;--button_gradient_bottom_color_hover:#00a890;--button_text_transform:none;--button_margin-top:10px;--button_margin-bottom:20px;\" target=\"_self\" href=\"https:\/\/www.fries-kt.com\/es\/contacto\/?amp;your-subject=Cubo Hobbock (polietileno) 30l\"><span class=\"fusion-button-text awb-button__text awb-button__text--default\">Solicitar ahora<\/span><\/a><\/div><div class=\"fusion-clearfix\"><\/div><\/div><\/div><div class=\"fusion-layout-column fusion_builder_column fusion-builder-column-4 fusion_builder_column_2_3 2_3 fusion-two-third fusion-column-last\" style=\"--awb-bg-size:cover;width:65.3333%;\"><div class=\"fusion-column-wrapper fusion-flex-column-wrapper-legacy\"><div class=\"fusion-text fusion-text-5 color-verpackung gr\u00fcn\"><h2>Hobbock (polietileno) 30 litros<\/h2>\n<p><span style=\"color: #747474; font-family: 'Arial','sans-serif';\"><span style=\"font-size: small;\"><strong>resistente al fr\u00edo |\u00a0alta seguridad en el transporte\u00a0|\u00a0apto para uso alimentario\u00a0| homologado por la ONU<\/strong><\/span><\/span><\/p>\n<ul>\n<li>Asa c\u00f3ncava ergon\u00f3mica<\/li>\n<li>La tapa herm\u00e9tica garantiza la m\u00e1xima seguridad durante el transporte<\/li>\n<li>Resistente al fr\u00edo hasta -30 \u00b0C<\/li>\n<li>Disponibles en colores<\/li>\n<li>Homologado por la ONU seg\u00fan la tabla de certificados actual<\/li>\n<li>Apto para uso alimentario conforme a los reglamentos europeos EU 1935\/2004, EU 2023\/2006 y EU 10\/2011 en la versi\u00f3n vigente actualmente para simuladores A, B, C, D1, D2, E de los modelos est\u00e1ndar BLANCO y NATURAL (otros colores disponibles por encargo)<\/li>\n<li>Personalizable mediante serigraf\u00eda (solo sin certificaci\u00f3n LMR)<\/li>\n<li>Disponible en color &#8220;blanco&#8221; y &#8220;natural&#8221; (otros colores disponibles bajo demanda)<\/li>\n<\/ul>\n<p><strong>Opcional:<\/strong><\/p>\n<ul>\n<li>Puede equiparse con tapa estanca (sellado con poliuretano expandido), seg\u00fan acuerdo ADR 6.1.5.2.6. p\u00e1rrafo 21<\/li>\n<li>Con surtidor extra\u00edble en la tapa (sin homologaci\u00f3n ONU)<\/li>\n<li>Toma para v\u00e1lvula de extracci\u00f3n (KALTEX) (sin homologaci\u00f3n ONU)<\/li>\n<li>Certificaci\u00f3n Halal a solicitud<\/li>\n<\/ul>\n<\/div><div class=\"fusion-clearfix\"><\/div><\/div><\/div><\/div><\/div><\/p>\n","protected":false},"excerpt":{"rendered":"","protected":false},"author":4,"featured_media":0,"parent":20502,"menu_order":0,"comment_status":"closed","ping_status":"closed","template":"","meta":{"_acf_changed":false,"footnotes":""},"class_list":["post-20989","page","type-page","status-publish","hentry"],"acf":[],"yoast_head":"<!-- This site is optimized with the Yoast SEO plugin v26.8 - https:\/\/yoast.com\/product\/yoast-seo-wordpress\/ -->\n<title>Cubo hobbock de PE | Volumen nominal de 18 o 30 litros<\/title>\n<meta name=\"description\" content=\"Hobbock con tapa a presi\u00f3n con cierre estanco Disponible con serigraf\u00eda individual \u2714Apto para alimentos \u2714Homologaci\u00f3n de la ONU \u2714Resistente al fr\u00edo\" \/>\n<meta name=\"robots\" content=\"index, follow, max-snippet:-1, max-image-preview:large, max-video-preview:-1\" \/>\n<link rel=\"canonical\" href=\"https:\/\/www.fries-kt.com\/es\/productos\/envases\/cubos\/cubo-hobbock-polietileno\/\" \/>\n<meta name=\"twitter:label1\" content=\"Tiempo de lectura\" \/>\n\t<meta name=\"twitter:data1\" content=\"3 minutos\" \/>\n<script type=\"application\/ld+json\" class=\"yoast-schema-graph\">{\"@context\":\"https:\/\/schema.org\",\"@graph\":[{\"@type\":\"WebPage\",\"@id\":\"https:\/\/www.fries-kt.com\/es\/productos\/envases\/cubos\/cubo-hobbock-polietileno\/\",\"url\":\"https:\/\/www.fries-kt.com\/es\/productos\/envases\/cubos\/cubo-hobbock-polietileno\/\",\"name\":\"Cubo hobbock de PE | Volumen nominal de 18 o 30 litros\",\"isPartOf\":{\"@id\":\"https:\/\/www.fries-kt.com\/#website\"},\"primaryImageOfPage\":{\"@id\":\"https:\/\/www.fries-kt.com\/es\/productos\/envases\/cubos\/cubo-hobbock-polietileno\/#primaryimage\"},\"image\":{\"@id\":\"https:\/\/www.fries-kt.com\/es\/productos\/envases\/cubos\/cubo-hobbock-polietileno\/#primaryimage\"},\"thumbnailUrl\":\"https:\/\/www.fries-kt.com\/wp-content\/uploads\/Hobbock-18L_web.jpg\",\"datePublished\":\"2016-02-07T16:57:32+00:00\",\"dateModified\":\"2025-06-25T07:25:14+00:00\",\"description\":\"Hobbock con tapa a presi\u00f3n con cierre estanco Disponible con serigraf\u00eda individual \u2714Apto para alimentos \u2714Homologaci\u00f3n de la ONU \u2714Resistente al fr\u00edo\",\"breadcrumb\":{\"@id\":\"https:\/\/www.fries-kt.com\/es\/productos\/envases\/cubos\/cubo-hobbock-polietileno\/#breadcrumb\"},\"inLanguage\":\"es\",\"potentialAction\":[{\"@type\":\"ReadAction\",\"target\":[\"https:\/\/www.fries-kt.com\/es\/productos\/envases\/cubos\/cubo-hobbock-polietileno\/\"]}]},{\"@type\":\"ImageObject\",\"inLanguage\":\"es\",\"@id\":\"https:\/\/www.fries-kt.com\/es\/productos\/envases\/cubos\/cubo-hobbock-polietileno\/#primaryimage\",\"url\":\"https:\/\/www.fries-kt.com\/wp-content\/uploads\/Hobbock-18L_web.jpg\",\"contentUrl\":\"https:\/\/www.fries-kt.com\/wp-content\/uploads\/Hobbock-18L_web.jpg\"},{\"@type\":\"BreadcrumbList\",\"@id\":\"https:\/\/www.fries-kt.com\/es\/productos\/envases\/cubos\/cubo-hobbock-polietileno\/#breadcrumb\",\"itemListElement\":[{\"@type\":\"ListItem\",\"position\":1,\"name\":\"Home\",\"item\":\"https:\/\/www.fries-kt.com\/es\/\"},{\"@type\":\"ListItem\",\"position\":2,\"name\":\"Productos\",\"item\":\"https:\/\/www.fries-kt.com\/es\/productos\/\"},{\"@type\":\"ListItem\",\"position\":3,\"name\":\"Embalaje\",\"item\":\"https:\/\/www.fries-kt.com\/es\/productos\/envases\/\"},{\"@type\":\"ListItem\",\"position\":4,\"name\":\"Cubos\",\"item\":\"https:\/\/www.fries-kt.com\/es\/productos\/envases\/cubos\/\"},{\"@type\":\"ListItem\",\"position\":5,\"name\":\"Cubo Hobbock (polietileno)\"}]},{\"@type\":\"WebSite\",\"@id\":\"https:\/\/www.fries-kt.com\/#website\",\"url\":\"https:\/\/www.fries-kt.com\/\",\"name\":\"FRIES\",\"description\":\"\",\"publisher\":{\"@id\":\"https:\/\/www.fries-kt.com\/#organization\"},\"potentialAction\":[{\"@type\":\"SearchAction\",\"target\":{\"@type\":\"EntryPoint\",\"urlTemplate\":\"https:\/\/www.fries-kt.com\/?s={search_term_string}\"},\"query-input\":{\"@type\":\"PropertyValueSpecification\",\"valueRequired\":true,\"valueName\":\"search_term_string\"}}],\"inLanguage\":\"es\"},{\"@type\":\"Organization\",\"@id\":\"https:\/\/www.fries-kt.com\/#organization\",\"name\":\"FRIES Kunststofftechnik GmbH\",\"url\":\"https:\/\/www.fries-kt.com\/\",\"logo\":{\"@type\":\"ImageObject\",\"inLanguage\":\"es\",\"@id\":\"https:\/\/www.fries-kt.com\/#\/schema\/logo\/image\/\",\"url\":\"https:\/\/www.fries-kt.com\/wp-content\/uploads\/fries-logo.png\",\"contentUrl\":\"https:\/\/www.fries-kt.com\/wp-content\/uploads\/fries-logo.png\",\"width\":120,\"height\":60,\"caption\":\"FRIES Kunststofftechnik GmbH\"},\"image\":{\"@id\":\"https:\/\/www.fries-kt.com\/#\/schema\/logo\/image\/\"},\"sameAs\":[\"https:\/\/www.facebook.com\/FRIESKunststofftechnik\/\",\"https:\/\/www.youtube.com\/channel\/UCc2UgnWJ9Y_-pIXbDIek7wQ\"]}]}<\/script>\n<!-- \/ Yoast SEO plugin. -->","yoast_head_json":{"title":"Cubo hobbock de PE | Volumen nominal de 18 o 30 litros","description":"Hobbock con tapa a presi\u00f3n con cierre estanco Disponible con serigraf\u00eda individual \u2714Apto para alimentos \u2714Homologaci\u00f3n de la ONU \u2714Resistente al fr\u00edo","robots":{"index":"index","follow":"follow","max-snippet":"max-snippet:-1","max-image-preview":"max-image-preview:large","max-video-preview":"max-video-preview:-1"},"canonical":"https:\/\/www.fries-kt.com\/es\/productos\/envases\/cubos\/cubo-hobbock-polietileno\/","twitter_misc":{"Tiempo de lectura":"3 minutos"},"schema":{"@context":"https:\/\/schema.org","@graph":[{"@type":"WebPage","@id":"https:\/\/www.fries-kt.com\/es\/productos\/envases\/cubos\/cubo-hobbock-polietileno\/","url":"https:\/\/www.fries-kt.com\/es\/productos\/envases\/cubos\/cubo-hobbock-polietileno\/","name":"Cubo hobbock de PE | Volumen nominal de 18 o 30 litros","isPartOf":{"@id":"https:\/\/www.fries-kt.com\/#website"},"primaryImageOfPage":{"@id":"https:\/\/www.fries-kt.com\/es\/productos\/envases\/cubos\/cubo-hobbock-polietileno\/#primaryimage"},"image":{"@id":"https:\/\/www.fries-kt.com\/es\/productos\/envases\/cubos\/cubo-hobbock-polietileno\/#primaryimage"},"thumbnailUrl":"https:\/\/www.fries-kt.com\/wp-content\/uploads\/Hobbock-18L_web.jpg","datePublished":"2016-02-07T16:57:32+00:00","dateModified":"2025-06-25T07:25:14+00:00","description":"Hobbock con tapa a presi\u00f3n con cierre estanco Disponible con serigraf\u00eda individual \u2714Apto para alimentos \u2714Homologaci\u00f3n de la ONU \u2714Resistente al fr\u00edo","breadcrumb":{"@id":"https:\/\/www.fries-kt.com\/es\/productos\/envases\/cubos\/cubo-hobbock-polietileno\/#breadcrumb"},"inLanguage":"es","potentialAction":[{"@type":"ReadAction","target":["https:\/\/www.fries-kt.com\/es\/productos\/envases\/cubos\/cubo-hobbock-polietileno\/"]}]},{"@type":"ImageObject","inLanguage":"es","@id":"https:\/\/www.fries-kt.com\/es\/productos\/envases\/cubos\/cubo-hobbock-polietileno\/#primaryimage","url":"https:\/\/www.fries-kt.com\/wp-content\/uploads\/Hobbock-18L_web.jpg","contentUrl":"https:\/\/www.fries-kt.com\/wp-content\/uploads\/Hobbock-18L_web.jpg"},{"@type":"BreadcrumbList","@id":"https:\/\/www.fries-kt.com\/es\/productos\/envases\/cubos\/cubo-hobbock-polietileno\/#breadcrumb","itemListElement":[{"@type":"ListItem","position":1,"name":"Home","item":"https:\/\/www.fries-kt.com\/es\/"},{"@type":"ListItem","position":2,"name":"Productos","item":"https:\/\/www.fries-kt.com\/es\/productos\/"},{"@type":"ListItem","position":3,"name":"Embalaje","item":"https:\/\/www.fries-kt.com\/es\/productos\/envases\/"},{"@type":"ListItem","position":4,"name":"Cubos","item":"https:\/\/www.fries-kt.com\/es\/productos\/envases\/cubos\/"},{"@type":"ListItem","position":5,"name":"Cubo Hobbock (polietileno)"}]},{"@type":"WebSite","@id":"https:\/\/www.fries-kt.com\/#website","url":"https:\/\/www.fries-kt.com\/","name":"FRIES","description":"","publisher":{"@id":"https:\/\/www.fries-kt.com\/#organization"},"potentialAction":[{"@type":"SearchAction","target":{"@type":"EntryPoint","urlTemplate":"https:\/\/www.fries-kt.com\/?s={search_term_string}"},"query-input":{"@type":"PropertyValueSpecification","valueRequired":true,"valueName":"search_term_string"}}],"inLanguage":"es"},{"@type":"Organization","@id":"https:\/\/www.fries-kt.com\/#organization","name":"FRIES Kunststofftechnik GmbH","url":"https:\/\/www.fries-kt.com\/","logo":{"@type":"ImageObject","inLanguage":"es","@id":"https:\/\/www.fries-kt.com\/#\/schema\/logo\/image\/","url":"https:\/\/www.fries-kt.com\/wp-content\/uploads\/fries-logo.png","contentUrl":"https:\/\/www.fries-kt.com\/wp-content\/uploads\/fries-logo.png","width":120,"height":60,"caption":"FRIES Kunststofftechnik GmbH"},"image":{"@id":"https:\/\/www.fries-kt.com\/#\/schema\/logo\/image\/"},"sameAs":["https:\/\/www.facebook.com\/FRIESKunststofftechnik\/","https:\/\/www.youtube.com\/channel\/UCc2UgnWJ9Y_-pIXbDIek7wQ"]}]}},"_links":{"self":[{"href":"https:\/\/www.fries-kt.com\/es\/wp-json\/wp\/v2\/pages\/20989","targetHints":{"allow":["GET"]}}],"collection":[{"href":"https:\/\/www.fries-kt.com\/es\/wp-json\/wp\/v2\/pages"}],"about":[{"href":"https:\/\/www.fries-kt.com\/es\/wp-json\/wp\/v2\/types\/page"}],"author":[{"embeddable":true,"href":"https:\/\/www.fries-kt.com\/es\/wp-json\/wp\/v2\/users\/4"}],"replies":[{"embeddable":true,"href":"https:\/\/www.fries-kt.com\/es\/wp-json\/wp\/v2\/comments?post=20989"}],"version-history":[{"count":15,"href":"https:\/\/www.fries-kt.com\/es\/wp-json\/wp\/v2\/pages\/20989\/revisions"}],"predecessor-version":[{"id":64876,"href":"https:\/\/www.fries-kt.com\/es\/wp-json\/wp\/v2\/pages\/20989\/revisions\/64876"}],"up":[{"embeddable":true,"href":"https:\/\/www.fries-kt.com\/es\/wp-json\/wp\/v2\/pages\/20502"}],"wp:attachment":[{"href":"https:\/\/www.fries-kt.com\/es\/wp-json\/wp\/v2\/media?parent=20989"}],"curies":[{"name":"wp","href":"https:\/\/api.w.org\/{rel}","templated":true}]}}