{"id":21145,"date":"2016-03-04T18:32:08","date_gmt":"2016-03-04T16:32:08","guid":{"rendered":"https:\/\/www.fries-kt.com\/productos\/envases\/bidones\/bidon-megatop-de-220-l\/?lang=es"},"modified":"2025-06-25T09:05:11","modified_gmt":"2025-06-25T07:05:11","slug":"barril-megatop-de-220-l","status":"publish","type":"page","link":"https:\/\/www.fries-kt.com\/es\/productos\/envases\/barriles\/barril-megatop-de-220-l\/","title":{"rendered":"Bidon MEGATOP de 220 l"},"content":{"rendered":"<div class=\"fusion-fullwidth fullwidth-box fusion-builder-row-1 hundred-percent-fullwidth non-hundred-percent-height-scrolling\" style=\"--awb-border-radius-top-left:0px;--awb-border-radius-top-right:0px;--awb-border-radius-bottom-right:0px;--awb-border-radius-bottom-left:0px;--awb-overflow:visible;--awb-flex-wrap:wrap;\" ><div class=\"fusion-builder-row fusion-row\"><div class=\"fusion-layout-column fusion_builder_column fusion-builder-column-0 fusion_builder_column_1_3 1_3 fusion-one-third fusion-column-first\" style=\"--awb-bg-size:cover;width:30.6666%; margin-right: 4%;\"><div class=\"fusion-column-wrapper fusion-flex-column-wrapper-legacy\"><div class=\"fusion-image-element in-legacy-container\" style=\"--awb-caption-title-font-family:var(--h2_typography-font-family);--awb-caption-title-font-weight:var(--h2_typography-font-weight);--awb-caption-title-font-style:var(--h2_typography-font-style);--awb-caption-title-size:var(--h2_typography-font-size);--awb-caption-title-transform:var(--h2_typography-text-transform);--awb-caption-title-line-height:var(--h2_typography-line-height);--awb-caption-title-letter-spacing:var(--h2_typography-letter-spacing);\"><span class=\" fusion-imageframe imageframe-none imageframe-1 hover-type-none\"><a href=\"https:\/\/www.fries-kt.com\/wp-content\/uploads\/Rollringfass-220-L_web.jpg\" class=\"fusion-lightbox\" data-rel=\"iLightbox[69e8907ba30ac834e54]\" data-caption=\"Rollringfass lebensmittelecht und UN MEGATOP 220l\" data-title=\"Rollringfass lebensmittelecht und UN MEGATOP 220l\" title=\"Rollringfass lebensmittelecht und UN MEGATOP 220l\"><img decoding=\"async\" width=\"242\" height=\"242\" alt=\"Rollringfass lebensmittelecht und UN MEGATOP 220l\" src=\"https:\/\/www.fries-kt.com\/wp-content\/uploads\/Rollringfass-220-L_web.jpg\" class=\"img-responsive wp-image-18146\" srcset=\"https:\/\/www.fries-kt.com\/wp-content\/uploads\/Rollringfass-220-L_web-66x66.jpg 66w, https:\/\/www.fries-kt.com\/wp-content\/uploads\/Rollringfass-220-L_web-150x150.jpg 150w, https:\/\/www.fries-kt.com\/wp-content\/uploads\/Rollringfass-220-L_web.jpg 242w\" sizes=\"(max-width: 242px) 100vw, 242px\" \/><\/a><\/span><\/div><div class=\"fusion-text fusion-text-1 color-verpackung gr\u00fcn\"><h4><a href=\"https:\/\/www.fries-kt.com\/wp-content\/uploads\/Roll-ring-drum-220l-Megatop_EN.pdf\" target=\"_blank\" rel=\"noopener noreferrer\">Descargar folleto<\/a><\/h4>\n<\/div><div class=\"fusion-alignleft\"><a class=\"fusion-button button-flat fusion-button-default-size button-custom fusion-button-default button-1 fusion-button-default-span fusion-button-default-type color-verpackung\" style=\"--button_accent_color:#ffffff;--button_border_color:#00a890;--button_accent_hover_color:#ffffff;--button_border_hover_color:#00a890;--button_gradient_top_color:#00a890;--button_gradient_bottom_color:#00a890;--button_gradient_top_color_hover:#00a890;--button_gradient_bottom_color_hover:#00a890;--button_text_transform:none;--button_margin-top:10px;--button_margin-bottom:20px;\" target=\"_self\" href=\"https:\/\/www.fries-kt.com\/es\/contacto\/?amp;your-subject=Bidon MEGATOP de 220 l\"><span class=\"fusion-button-text awb-button__text awb-button__text--default\">Solicitar ahora<\/span><\/a><\/div><div class=\"fusion-image-element in-legacy-container\" style=\"--awb-caption-title-font-family:var(--h2_typography-font-family);--awb-caption-title-font-weight:var(--h2_typography-font-weight);--awb-caption-title-font-style:var(--h2_typography-font-style);--awb-caption-title-size:var(--h2_typography-font-size);--awb-caption-title-transform:var(--h2_typography-text-transform);--awb-caption-title-line-height:var(--h2_typography-line-height);--awb-caption-title-letter-spacing:var(--h2_typography-letter-spacing);\"><span class=\" fusion-imageframe imageframe-none imageframe-2 hover-type-none\"><img decoding=\"async\" width=\"249\" height=\"300\" title=\"NUEVO_Megatop_L-Ring_Rezyklat\" src=\"https:\/\/www.fries-kt.com\/wp-content\/uploads\/NUEVO_Megatop_L-Ring_Rezyklat-249x300.png\" alt class=\"img-responsive wp-image-49637\" srcset=\"https:\/\/www.fries-kt.com\/wp-content\/uploads\/NUEVO_Megatop_L-Ring_Rezyklat-200x241.png 200w, https:\/\/www.fries-kt.com\/wp-content\/uploads\/NUEVO_Megatop_L-Ring_Rezyklat-400x482.png 400w, https:\/\/www.fries-kt.com\/wp-content\/uploads\/NUEVO_Megatop_L-Ring_Rezyklat-600x723.png 600w, https:\/\/www.fries-kt.com\/wp-content\/uploads\/NUEVO_Megatop_L-Ring_Rezyklat-800x964.png 800w, https:\/\/www.fries-kt.com\/wp-content\/uploads\/NUEVO_Megatop_L-Ring_Rezyklat-1200x1446.png 1200w\" sizes=\"(max-width: 0px) 100vw, 400px\" \/><\/span><\/div><div class=\"fusion-clearfix\"><\/div><\/div><\/div><div class=\"fusion-layout-column fusion_builder_column fusion-builder-column-1 fusion_builder_column_2_3 2_3 fusion-two-third fusion-column-last\" style=\"--awb-bg-size:cover;width:65.3333%;\"><div class=\"fusion-column-wrapper fusion-flex-column-wrapper-legacy\"><div class=\"fusion-text fusion-text-2 color-verpackung gr\u00fcn\"><h1>Bidon MEGATOP de 220 l<\/h1>\n<p><strong>Bidon de pl\u00e1stico hecho con HDPE | homologado por la ONU | Certificado Halal | boca de carga ancha | apto para mercanc\u00edas peligrosas | apto para uso alimentario<\/strong><\/p>\n<p>Nuestros clientes aprecian los envases homologados por la ONU para materiales s\u00f3lidos y l\u00edquidos:<\/p>\n<ul>\n<li>Megatop 220 l: envase especial homologado para materiales s\u00f3lidos y l\u00edquidos<\/li>\n<li>Amplia boca de carga con tap\u00f3n enroscable<\/li>\n<li>El contenido se puede revolver con un agitador<\/li>\n<li>F\u00e1cil de limpiar<\/li>\n<li>Se puede utilizar como barril para residuos<\/li>\n<li>Se vac\u00eda completamente<\/li>\n<li>Apto para contenedores ISO<\/li>\n<li>Apto para mercanc\u00edas peligrosas conforme a la homologaci\u00f3n de la ONU<\/li>\n<\/ul>\n<p><strong>Disponible opcionalmente con hasta un 60% de contenido reciclado.<\/strong><\/p>\n<\/div><div class=\"fusion-clearfix\"><\/div><\/div><\/div><\/div><\/div>\n","protected":false},"excerpt":{"rendered":"","protected":false},"author":4,"featured_media":0,"parent":20510,"menu_order":0,"comment_status":"closed","ping_status":"closed","template":"","meta":{"_acf_changed":false,"footnotes":""},"class_list":["post-21145","page","type-page","status-publish","hentry"],"acf":[],"yoast_head":"<!-- This site is optimized with the Yoast SEO plugin v26.8 - https:\/\/yoast.com\/product\/yoast-seo-wordpress\/ -->\n<title>Bid\u00f3n con aro rotativo MEGATOP de 220 l | Barril de pl\u00e1stico<\/title>\n<meta name=\"description\" content=\"Robustos bidones con aro rotativo con homologaci\u00f3n de la ONU. Especialmente aptos gracias al segundo aro rotativo \u2714Aptos para alimentos\" \/>\n<meta name=\"robots\" content=\"index, follow, max-snippet:-1, max-image-preview:large, max-video-preview:-1\" \/>\n<link rel=\"canonical\" href=\"https:\/\/www.fries-kt.com\/es\/productos\/envases\/barriles\/barril-megatop-de-220-l\/\" \/>\n<meta name=\"twitter:label1\" content=\"Tiempo de lectura\" \/>\n\t<meta name=\"twitter:data1\" content=\"2 minutos\" \/>\n<script type=\"application\/ld+json\" class=\"yoast-schema-graph\">{\"@context\":\"https:\/\/schema.org\",\"@graph\":[{\"@type\":\"WebPage\",\"@id\":\"https:\/\/www.fries-kt.com\/es\/productos\/envases\/barriles\/barril-megatop-de-220-l\/\",\"url\":\"https:\/\/www.fries-kt.com\/es\/productos\/envases\/barriles\/barril-megatop-de-220-l\/\",\"name\":\"Bid\u00f3n con aro rotativo MEGATOP de 220 l | Barril de pl\u00e1stico\",\"isPartOf\":{\"@id\":\"https:\/\/www.fries-kt.com\/#website\"},\"primaryImageOfPage\":{\"@id\":\"https:\/\/www.fries-kt.com\/es\/productos\/envases\/barriles\/barril-megatop-de-220-l\/#primaryimage\"},\"image\":{\"@id\":\"https:\/\/www.fries-kt.com\/es\/productos\/envases\/barriles\/barril-megatop-de-220-l\/#primaryimage\"},\"thumbnailUrl\":\"https:\/\/www.fries-kt.com\/wp-content\/uploads\/Rollringfass-220-L_web.jpg\",\"datePublished\":\"2016-03-04T16:32:08+00:00\",\"dateModified\":\"2025-06-25T07:05:11+00:00\",\"description\":\"Robustos bidones con aro rotativo con homologaci\u00f3n de la ONU. Especialmente aptos gracias al segundo aro rotativo \u2714Aptos para alimentos\",\"breadcrumb\":{\"@id\":\"https:\/\/www.fries-kt.com\/es\/productos\/envases\/barriles\/barril-megatop-de-220-l\/#breadcrumb\"},\"inLanguage\":\"es\",\"potentialAction\":[{\"@type\":\"ReadAction\",\"target\":[\"https:\/\/www.fries-kt.com\/es\/productos\/envases\/barriles\/barril-megatop-de-220-l\/\"]}]},{\"@type\":\"ImageObject\",\"inLanguage\":\"es\",\"@id\":\"https:\/\/www.fries-kt.com\/es\/productos\/envases\/barriles\/barril-megatop-de-220-l\/#primaryimage\",\"url\":\"https:\/\/www.fries-kt.com\/wp-content\/uploads\/Rollringfass-220-L_web.jpg\",\"contentUrl\":\"https:\/\/www.fries-kt.com\/wp-content\/uploads\/Rollringfass-220-L_web.jpg\"},{\"@type\":\"BreadcrumbList\",\"@id\":\"https:\/\/www.fries-kt.com\/es\/productos\/envases\/barriles\/barril-megatop-de-220-l\/#breadcrumb\",\"itemListElement\":[{\"@type\":\"ListItem\",\"position\":1,\"name\":\"Home\",\"item\":\"https:\/\/www.fries-kt.com\/es\/\"},{\"@type\":\"ListItem\",\"position\":2,\"name\":\"Productos\",\"item\":\"https:\/\/www.fries-kt.com\/es\/productos\/\"},{\"@type\":\"ListItem\",\"position\":3,\"name\":\"Embalaje\",\"item\":\"https:\/\/www.fries-kt.com\/es\/productos\/envases\/\"},{\"@type\":\"ListItem\",\"position\":4,\"name\":\"Barriles\",\"item\":\"https:\/\/www.fries-kt.com\/es\/productos\/envases\/barriles\/\"},{\"@type\":\"ListItem\",\"position\":5,\"name\":\"Bidon MEGATOP de 220 l\"}]},{\"@type\":\"WebSite\",\"@id\":\"https:\/\/www.fries-kt.com\/#website\",\"url\":\"https:\/\/www.fries-kt.com\/\",\"name\":\"FRIES\",\"description\":\"\",\"publisher\":{\"@id\":\"https:\/\/www.fries-kt.com\/#organization\"},\"potentialAction\":[{\"@type\":\"SearchAction\",\"target\":{\"@type\":\"EntryPoint\",\"urlTemplate\":\"https:\/\/www.fries-kt.com\/?s={search_term_string}\"},\"query-input\":{\"@type\":\"PropertyValueSpecification\",\"valueRequired\":true,\"valueName\":\"search_term_string\"}}],\"inLanguage\":\"es\"},{\"@type\":\"Organization\",\"@id\":\"https:\/\/www.fries-kt.com\/#organization\",\"name\":\"FRIES Kunststofftechnik GmbH\",\"url\":\"https:\/\/www.fries-kt.com\/\",\"logo\":{\"@type\":\"ImageObject\",\"inLanguage\":\"es\",\"@id\":\"https:\/\/www.fries-kt.com\/#\/schema\/logo\/image\/\",\"url\":\"https:\/\/www.fries-kt.com\/wp-content\/uploads\/fries-logo.png\",\"contentUrl\":\"https:\/\/www.fries-kt.com\/wp-content\/uploads\/fries-logo.png\",\"width\":120,\"height\":60,\"caption\":\"FRIES Kunststofftechnik GmbH\"},\"image\":{\"@id\":\"https:\/\/www.fries-kt.com\/#\/schema\/logo\/image\/\"},\"sameAs\":[\"https:\/\/www.facebook.com\/FRIESKunststofftechnik\/\",\"https:\/\/www.youtube.com\/channel\/UCc2UgnWJ9Y_-pIXbDIek7wQ\"]}]}<\/script>\n<!-- \/ Yoast SEO plugin. -->","yoast_head_json":{"title":"Bid\u00f3n con aro rotativo MEGATOP de 220 l | Barril de pl\u00e1stico","description":"Robustos bidones con aro rotativo con homologaci\u00f3n de la ONU. Especialmente aptos gracias al segundo aro rotativo \u2714Aptos para alimentos","robots":{"index":"index","follow":"follow","max-snippet":"max-snippet:-1","max-image-preview":"max-image-preview:large","max-video-preview":"max-video-preview:-1"},"canonical":"https:\/\/www.fries-kt.com\/es\/productos\/envases\/barriles\/barril-megatop-de-220-l\/","twitter_misc":{"Tiempo de lectura":"2 minutos"},"schema":{"@context":"https:\/\/schema.org","@graph":[{"@type":"WebPage","@id":"https:\/\/www.fries-kt.com\/es\/productos\/envases\/barriles\/barril-megatop-de-220-l\/","url":"https:\/\/www.fries-kt.com\/es\/productos\/envases\/barriles\/barril-megatop-de-220-l\/","name":"Bid\u00f3n con aro rotativo MEGATOP de 220 l | Barril de pl\u00e1stico","isPartOf":{"@id":"https:\/\/www.fries-kt.com\/#website"},"primaryImageOfPage":{"@id":"https:\/\/www.fries-kt.com\/es\/productos\/envases\/barriles\/barril-megatop-de-220-l\/#primaryimage"},"image":{"@id":"https:\/\/www.fries-kt.com\/es\/productos\/envases\/barriles\/barril-megatop-de-220-l\/#primaryimage"},"thumbnailUrl":"https:\/\/www.fries-kt.com\/wp-content\/uploads\/Rollringfass-220-L_web.jpg","datePublished":"2016-03-04T16:32:08+00:00","dateModified":"2025-06-25T07:05:11+00:00","description":"Robustos bidones con aro rotativo con homologaci\u00f3n de la ONU. Especialmente aptos gracias al segundo aro rotativo \u2714Aptos para alimentos","breadcrumb":{"@id":"https:\/\/www.fries-kt.com\/es\/productos\/envases\/barriles\/barril-megatop-de-220-l\/#breadcrumb"},"inLanguage":"es","potentialAction":[{"@type":"ReadAction","target":["https:\/\/www.fries-kt.com\/es\/productos\/envases\/barriles\/barril-megatop-de-220-l\/"]}]},{"@type":"ImageObject","inLanguage":"es","@id":"https:\/\/www.fries-kt.com\/es\/productos\/envases\/barriles\/barril-megatop-de-220-l\/#primaryimage","url":"https:\/\/www.fries-kt.com\/wp-content\/uploads\/Rollringfass-220-L_web.jpg","contentUrl":"https:\/\/www.fries-kt.com\/wp-content\/uploads\/Rollringfass-220-L_web.jpg"},{"@type":"BreadcrumbList","@id":"https:\/\/www.fries-kt.com\/es\/productos\/envases\/barriles\/barril-megatop-de-220-l\/#breadcrumb","itemListElement":[{"@type":"ListItem","position":1,"name":"Home","item":"https:\/\/www.fries-kt.com\/es\/"},{"@type":"ListItem","position":2,"name":"Productos","item":"https:\/\/www.fries-kt.com\/es\/productos\/"},{"@type":"ListItem","position":3,"name":"Embalaje","item":"https:\/\/www.fries-kt.com\/es\/productos\/envases\/"},{"@type":"ListItem","position":4,"name":"Barriles","item":"https:\/\/www.fries-kt.com\/es\/productos\/envases\/barriles\/"},{"@type":"ListItem","position":5,"name":"Bidon MEGATOP de 220 l"}]},{"@type":"WebSite","@id":"https:\/\/www.fries-kt.com\/#website","url":"https:\/\/www.fries-kt.com\/","name":"FRIES","description":"","publisher":{"@id":"https:\/\/www.fries-kt.com\/#organization"},"potentialAction":[{"@type":"SearchAction","target":{"@type":"EntryPoint","urlTemplate":"https:\/\/www.fries-kt.com\/?s={search_term_string}"},"query-input":{"@type":"PropertyValueSpecification","valueRequired":true,"valueName":"search_term_string"}}],"inLanguage":"es"},{"@type":"Organization","@id":"https:\/\/www.fries-kt.com\/#organization","name":"FRIES Kunststofftechnik GmbH","url":"https:\/\/www.fries-kt.com\/","logo":{"@type":"ImageObject","inLanguage":"es","@id":"https:\/\/www.fries-kt.com\/#\/schema\/logo\/image\/","url":"https:\/\/www.fries-kt.com\/wp-content\/uploads\/fries-logo.png","contentUrl":"https:\/\/www.fries-kt.com\/wp-content\/uploads\/fries-logo.png","width":120,"height":60,"caption":"FRIES Kunststofftechnik GmbH"},"image":{"@id":"https:\/\/www.fries-kt.com\/#\/schema\/logo\/image\/"},"sameAs":["https:\/\/www.facebook.com\/FRIESKunststofftechnik\/","https:\/\/www.youtube.com\/channel\/UCc2UgnWJ9Y_-pIXbDIek7wQ"]}]}},"_links":{"self":[{"href":"https:\/\/www.fries-kt.com\/es\/wp-json\/wp\/v2\/pages\/21145","targetHints":{"allow":["GET"]}}],"collection":[{"href":"https:\/\/www.fries-kt.com\/es\/wp-json\/wp\/v2\/pages"}],"about":[{"href":"https:\/\/www.fries-kt.com\/es\/wp-json\/wp\/v2\/types\/page"}],"author":[{"embeddable":true,"href":"https:\/\/www.fries-kt.com\/es\/wp-json\/wp\/v2\/users\/4"}],"replies":[{"embeddable":true,"href":"https:\/\/www.fries-kt.com\/es\/wp-json\/wp\/v2\/comments?post=21145"}],"version-history":[{"count":19,"href":"https:\/\/www.fries-kt.com\/es\/wp-json\/wp\/v2\/pages\/21145\/revisions"}],"predecessor-version":[{"id":64862,"href":"https:\/\/www.fries-kt.com\/es\/wp-json\/wp\/v2\/pages\/21145\/revisions\/64862"}],"up":[{"embeddable":true,"href":"https:\/\/www.fries-kt.com\/es\/wp-json\/wp\/v2\/pages\/20510"}],"wp:attachment":[{"href":"https:\/\/www.fries-kt.com\/es\/wp-json\/wp\/v2\/media?parent=21145"}],"curies":[{"name":"wp","href":"https:\/\/api.w.org\/{rel}","templated":true}]}}