{"id":21179,"date":"2016-03-10T20:40:30","date_gmt":"2016-03-10T18:40:30","guid":{"rendered":"https:\/\/www.fries-kt.com\/productos\/restauracion\/cesta-para-tazas\/cesta-para-tazas-de-600-x-400\/?lang=es"},"modified":"2024-05-08T12:53:46","modified_gmt":"2024-05-08T10:53:46","slug":"cesta-para-tazas-de-600-x-400","status":"publish","type":"page","link":"https:\/\/www.fries-kt.com\/es\/productos\/restauracion\/cesta-para-tazas\/cesta-para-tazas-de-600-x-400\/","title":{"rendered":"Cesta para tazas de 600 x 400"},"content":{"rendered":"<p><div class=\"fusion-fullwidth fullwidth-box fusion-builder-row-1 fusion-flex-container nonhundred-percent-fullwidth non-hundred-percent-height-scrolling\" style=\"--awb-border-radius-top-left:0px;--awb-border-radius-top-right:0px;--awb-border-radius-bottom-right:0px;--awb-border-radius-bottom-left:0px;--awb-flex-wrap:wrap;\" ><div class=\"fusion-builder-row fusion-row fusion-flex-align-items-flex-start fusion-flex-content-wrap\" style=\"max-width:1144px;margin-left: calc(-4% \/ 2 );margin-right: calc(-4% \/ 2 );\"><div class=\"fusion-layout-column fusion_builder_column fusion-builder-column-0 fusion_builder_column_1_3 1_3 fusion-flex-column\" style=\"--awb-bg-size:cover;--awb-width-large:33.333333333333%;--awb-margin-top-large:0px;--awb-spacing-right-large:5.76%;--awb-margin-bottom-large:20px;--awb-spacing-left-large:5.76%;--awb-width-medium:100%;--awb-order-medium:0;--awb-spacing-right-medium:1.92%;--awb-spacing-left-medium:1.92%;--awb-width-small:100%;--awb-order-small:0;--awb-spacing-right-small:1.92%;--awb-spacing-left-small:1.92%;\"><div class=\"fusion-column-wrapper fusion-column-has-shadow fusion-flex-justify-content-flex-start fusion-content-layout-column\"><div class=\"fusion-image-element \" style=\"--awb-caption-title-font-family:var(--h2_typography-font-family);--awb-caption-title-font-weight:var(--h2_typography-font-weight);--awb-caption-title-font-style:var(--h2_typography-font-style);--awb-caption-title-size:var(--h2_typography-font-size);--awb-caption-title-transform:var(--h2_typography-text-transform);--awb-caption-title-line-height:var(--h2_typography-line-height);--awb-caption-title-letter-spacing:var(--h2_typography-letter-spacing);\"><span class=\" fusion-imageframe imageframe-none imageframe-1 hover-type-none\"><img decoding=\"async\" width=\"242\" height=\"150\" alt=\"fries rack system logo\" title=\"Fries-rack-logo-website3\" src=\"https:\/\/www.fries-kt.com\/wp-content\/uploads\/Fries-rack-logo-website3-1.png\" class=\"img-responsive wp-image-29786\" srcset=\"https:\/\/www.fries-kt.com\/wp-content\/uploads\/Fries-rack-logo-website3-1-200x124.png 200w, https:\/\/www.fries-kt.com\/wp-content\/uploads\/Fries-rack-logo-website3-1.png 242w\" sizes=\"(max-width: 1024px) 100vw, (max-width: 1455px) 100vw, 242px\" \/><\/span><\/div><\/div><\/div><div class=\"fusion-layout-column fusion_builder_column fusion-builder-column-1 fusion_builder_column_2_3 2_3 fusion-flex-column\" style=\"--awb-bg-size:cover;--awb-width-large:66.666666666667%;--awb-margin-top-large:0px;--awb-spacing-right-large:2.88%;--awb-margin-bottom-large:20px;--awb-spacing-left-large:2.88%;--awb-width-medium:100%;--awb-order-medium:0;--awb-spacing-right-medium:1.92%;--awb-spacing-left-medium:1.92%;--awb-width-small:100%;--awb-order-small:0;--awb-spacing-right-small:1.92%;--awb-spacing-left-small:1.92%;\"><div class=\"fusion-column-wrapper fusion-column-has-shadow fusion-flex-justify-content-flex-start fusion-content-layout-column\"><div class=\"fusion-text fusion-text-1 color-gastro blau\"><h1>Cesta para tazas<\/h1>\n<\/div><\/div><\/div><\/div><\/div><div class=\"fusion-fullwidth fullwidth-box fusion-builder-row-2 nonhundred-percent-fullwidth non-hundred-percent-height-scrolling\" style=\"--awb-background-position:left top;--awb-border-radius-top-left:0px;--awb-border-radius-top-right:0px;--awb-border-radius-bottom-right:0px;--awb-border-radius-bottom-left:0px;--awb-padding-top:20px;--awb-padding-right:0px;--awb-padding-bottom:20px;--awb-padding-left:0px;--awb-border-sizes-top:0px;--awb-border-sizes-bottom:0px;--awb-flex-wrap:wrap;\" ><div class=\"fusion-builder-row fusion-row\"><div class=\"fusion-layout-column fusion_builder_column fusion-builder-column-2 fusion_builder_column_1_3 1_3 fusion-one-third fusion-column-first\" style=\"--awb-bg-size:cover;width:30.6666%; margin-right: 4%;\"><div class=\"fusion-column-wrapper fusion-flex-column-wrapper-legacy\"><div class=\"fusion-image-element in-legacy-container\" style=\"--awb-caption-title-font-family:var(--h2_typography-font-family);--awb-caption-title-font-weight:var(--h2_typography-font-weight);--awb-caption-title-font-style:var(--h2_typography-font-style);--awb-caption-title-size:var(--h2_typography-font-size);--awb-caption-title-transform:var(--h2_typography-text-transform);--awb-caption-title-line-height:var(--h2_typography-line-height);--awb-caption-title-letter-spacing:var(--h2_typography-letter-spacing);\"><span class=\" fusion-imageframe imageframe-none imageframe-2 hover-type-none\"><a href=\"https:\/\/www.fries-kt.com\/wp-content\/uploads\/tassenkorb_web.jpg\" class=\"fusion-lightbox\" data-rel=\"iLightbox[d852e1fd58a42013d47]\" data-title=\"Tassenkorb Kombikorb Teller-Tasse TT12-12 600&#215;400 mm\" title=\"Tassenkorb Kombikorb Teller-Tasse TT12-12 600&#215;400 mm\"><img decoding=\"async\" width=\"242\" height=\"242\" alt=\"Tassenkorb Kombikorb Teller-Tasse TT12-12 600x400 mm\" src=\"https:\/\/www.fries-kt.com\/wp-content\/uploads\/tassenkorb_web.jpg\" class=\"img-responsive wp-image-18903\" srcset=\"https:\/\/www.fries-kt.com\/wp-content\/uploads\/tassenkorb_web-66x66.jpg 66w, https:\/\/www.fries-kt.com\/wp-content\/uploads\/tassenkorb_web-150x150.jpg 150w, https:\/\/www.fries-kt.com\/wp-content\/uploads\/tassenkorb_web.jpg 242w\" sizes=\"(max-width: 242px) 100vw, 242px\" \/><\/a><\/span><\/div><div class=\"fusion-text fusion-text-2 color-gastro blau\"><h4><a href=\"https:\/\/www.fries-kt.com\/wp-content\/uploads\/fries-rack-system-600x400-FRIES-es-1.pdf\" target=\"_blank\" rel=\"noopener\">Descargar folleto<\/a><\/h4>\n<\/div><div class=\"fusion-alignleft\"><a class=\"fusion-button button-flat fusion-button-default-size button-custom fusion-button-default button-1 fusion-button-default-span fusion-button-default-type color-verpackung\" style=\"--button_accent_color:#ffffff;--button_border_color:#143a84;--button_accent_hover_color:#ffffff;--button_border_hover_color:#143a84;--button_gradient_top_color:#143a84;--button_gradient_bottom_color:#143a84;--button_gradient_top_color_hover:#143a84;--button_gradient_bottom_color_hover:#143a84;--button_text_transform:none;--button_margin-top:10px;--button_margin-bottom:20px;\" target=\"_self\" href=\"https:\/\/www.fries-kt.com\/es\/contacto\/?amp;your-subject=Cesta para tazas de 600 x 400\"><span class=\"fusion-button-text awb-button__text awb-button__text--default\">Solicitar ahora<\/span><\/a><\/div><div class=\"fusion-image-element in-legacy-container\" style=\"--awb-caption-title-font-family:var(--h2_typography-font-family);--awb-caption-title-font-weight:var(--h2_typography-font-weight);--awb-caption-title-font-style:var(--h2_typography-font-style);--awb-caption-title-size:var(--h2_typography-font-size);--awb-caption-title-transform:var(--h2_typography-text-transform);--awb-caption-title-line-height:var(--h2_typography-line-height);--awb-caption-title-letter-spacing:var(--h2_typography-letter-spacing);\"><span class=\" fusion-imageframe imageframe-none imageframe-3 hover-type-none\"><a href=\"https:\/\/www.fries-kt.com\/wp-content\/uploads\/Tellerkombikorb-Glasgefache_web.jpg\" class=\"fusion-lightbox\" data-rel=\"iLightbox[c6e3c89d81820db9720]\" data-title=\"Tellerkombikorb-Glasgefache 600&#215;400 mm\" title=\"Tellerkombikorb-Glasgefache 600&#215;400 mm\"><img decoding=\"async\" width=\"242\" height=\"242\" alt=\"Tellerkombikorb-Glasgefache 600x400 mm\" src=\"https:\/\/www.fries-kt.com\/wp-content\/uploads\/Tellerkombikorb-Glasgefache_web.jpg\" class=\"img-responsive wp-image-18946\" srcset=\"https:\/\/www.fries-kt.com\/wp-content\/uploads\/Tellerkombikorb-Glasgefache_web-66x66.jpg 66w, https:\/\/www.fries-kt.com\/wp-content\/uploads\/Tellerkombikorb-Glasgefache_web-150x150.jpg 150w, https:\/\/www.fries-kt.com\/wp-content\/uploads\/Tellerkombikorb-Glasgefache_web.jpg 242w\" sizes=\"(max-width: 242px) 100vw, 242px\" \/><\/a><\/span><\/div><div class=\"fusion-clearfix\"><\/div><\/div><\/div><div class=\"fusion-layout-column fusion_builder_column fusion-builder-column-3 fusion_builder_column_2_3 2_3 fusion-two-third fusion-column-last\" style=\"--awb-bg-size:cover;width:65.3333%;\"><div class=\"fusion-column-wrapper fusion-flex-column-wrapper-legacy\"><div class=\"fusion-text fusion-text-3 color-gastro blau\"><h2>Cesta mixta para platos\/tazas TT12-12<\/h2>\n<p>para 12 tazas bajas y 12 tazas y cuatro espacios libres.<\/p>\n<\/div><div class=\"fusion-clearfix\"><\/div><\/div><\/div><\/div><\/div><\/p>\n","protected":false},"excerpt":{"rendered":"","protected":false},"author":4,"featured_media":0,"parent":20009,"menu_order":0,"comment_status":"closed","ping_status":"closed","template":"","meta":{"_acf_changed":false,"footnotes":""},"class_list":["post-21179","page","type-page","status-publish","hentry"],"acf":[],"yoast_head":"<!-- This site is optimized with the Yoast SEO plugin v26.8 - https:\/\/yoast.com\/product\/yoast-seo-wordpress\/ -->\n<title>Cestas para tazas de 600x400 | Cestas de lavado de pl\u00e1stico<\/title>\n<meta name=\"description\" content=\"Cestas para tazas de pl\u00e1stico del tama\u00f1o 600x400, disponibles con distintos apliques \u2714Rejilla de soporte \u2714Aplique para tazas \u2714Posici\u00f3n inclinada\" \/>\n<meta name=\"robots\" content=\"index, follow, max-snippet:-1, max-image-preview:large, max-video-preview:-1\" \/>\n<link rel=\"canonical\" href=\"https:\/\/www.fries-kt.com\/es\/productos\/restauracion\/cesta-para-tazas\/cesta-para-tazas-de-600-x-400\/\" \/>\n<meta name=\"twitter:label1\" content=\"Tiempo de lectura\" \/>\n\t<meta name=\"twitter:data1\" content=\"1 minuto\" \/>\n<script type=\"application\/ld+json\" class=\"yoast-schema-graph\">{\"@context\":\"https:\/\/schema.org\",\"@graph\":[{\"@type\":\"WebPage\",\"@id\":\"https:\/\/www.fries-kt.com\/es\/productos\/restauracion\/cesta-para-tazas\/cesta-para-tazas-de-600-x-400\/\",\"url\":\"https:\/\/www.fries-kt.com\/es\/productos\/restauracion\/cesta-para-tazas\/cesta-para-tazas-de-600-x-400\/\",\"name\":\"Cestas para tazas de 600x400 | Cestas de lavado de pl\u00e1stico\",\"isPartOf\":{\"@id\":\"https:\/\/www.fries-kt.com\/#website\"},\"primaryImageOfPage\":{\"@id\":\"https:\/\/www.fries-kt.com\/es\/productos\/restauracion\/cesta-para-tazas\/cesta-para-tazas-de-600-x-400\/#primaryimage\"},\"image\":{\"@id\":\"https:\/\/www.fries-kt.com\/es\/productos\/restauracion\/cesta-para-tazas\/cesta-para-tazas-de-600-x-400\/#primaryimage\"},\"thumbnailUrl\":\"https:\/\/www.fries-kt.com\/wp-content\/uploads\/tassenkorb_web.jpg\",\"datePublished\":\"2016-03-10T18:40:30+00:00\",\"dateModified\":\"2024-05-08T10:53:46+00:00\",\"description\":\"Cestas para tazas de pl\u00e1stico del tama\u00f1o 600x400, disponibles con distintos apliques \u2714Rejilla de soporte \u2714Aplique para tazas \u2714Posici\u00f3n inclinada\",\"breadcrumb\":{\"@id\":\"https:\/\/www.fries-kt.com\/es\/productos\/restauracion\/cesta-para-tazas\/cesta-para-tazas-de-600-x-400\/#breadcrumb\"},\"inLanguage\":\"es\",\"potentialAction\":[{\"@type\":\"ReadAction\",\"target\":[\"https:\/\/www.fries-kt.com\/es\/productos\/restauracion\/cesta-para-tazas\/cesta-para-tazas-de-600-x-400\/\"]}]},{\"@type\":\"ImageObject\",\"inLanguage\":\"es\",\"@id\":\"https:\/\/www.fries-kt.com\/es\/productos\/restauracion\/cesta-para-tazas\/cesta-para-tazas-de-600-x-400\/#primaryimage\",\"url\":\"https:\/\/www.fries-kt.com\/wp-content\/uploads\/tassenkorb_web.jpg\",\"contentUrl\":\"https:\/\/www.fries-kt.com\/wp-content\/uploads\/tassenkorb_web.jpg\"},{\"@type\":\"BreadcrumbList\",\"@id\":\"https:\/\/www.fries-kt.com\/es\/productos\/restauracion\/cesta-para-tazas\/cesta-para-tazas-de-600-x-400\/#breadcrumb\",\"itemListElement\":[{\"@type\":\"ListItem\",\"position\":1,\"name\":\"Home\",\"item\":\"https:\/\/www.fries-kt.com\/es\/\"},{\"@type\":\"ListItem\",\"position\":2,\"name\":\"Productos\",\"item\":\"https:\/\/www.fries-kt.com\/es\/productos\/\"},{\"@type\":\"ListItem\",\"position\":3,\"name\":\"Sistemas de restauraci\u00f3n\",\"item\":\"https:\/\/www.fries-kt.com\/es\/productos\/restauracion\/\"},{\"@type\":\"ListItem\",\"position\":4,\"name\":\"Cestas para tazas\",\"item\":\"https:\/\/www.fries-kt.com\/es\/productos\/restauracion\/cesta-para-tazas\/\"},{\"@type\":\"ListItem\",\"position\":5,\"name\":\"Cesta para tazas de 600 x 400\"}]},{\"@type\":\"WebSite\",\"@id\":\"https:\/\/www.fries-kt.com\/#website\",\"url\":\"https:\/\/www.fries-kt.com\/\",\"name\":\"FRIES\",\"description\":\"\",\"publisher\":{\"@id\":\"https:\/\/www.fries-kt.com\/#organization\"},\"potentialAction\":[{\"@type\":\"SearchAction\",\"target\":{\"@type\":\"EntryPoint\",\"urlTemplate\":\"https:\/\/www.fries-kt.com\/?s={search_term_string}\"},\"query-input\":{\"@type\":\"PropertyValueSpecification\",\"valueRequired\":true,\"valueName\":\"search_term_string\"}}],\"inLanguage\":\"es\"},{\"@type\":\"Organization\",\"@id\":\"https:\/\/www.fries-kt.com\/#organization\",\"name\":\"FRIES Kunststofftechnik GmbH\",\"url\":\"https:\/\/www.fries-kt.com\/\",\"logo\":{\"@type\":\"ImageObject\",\"inLanguage\":\"es\",\"@id\":\"https:\/\/www.fries-kt.com\/#\/schema\/logo\/image\/\",\"url\":\"https:\/\/www.fries-kt.com\/wp-content\/uploads\/fries-logo.png\",\"contentUrl\":\"https:\/\/www.fries-kt.com\/wp-content\/uploads\/fries-logo.png\",\"width\":120,\"height\":60,\"caption\":\"FRIES Kunststofftechnik GmbH\"},\"image\":{\"@id\":\"https:\/\/www.fries-kt.com\/#\/schema\/logo\/image\/\"},\"sameAs\":[\"https:\/\/www.facebook.com\/FRIESKunststofftechnik\/\",\"https:\/\/www.youtube.com\/channel\/UCc2UgnWJ9Y_-pIXbDIek7wQ\"]}]}<\/script>\n<!-- \/ Yoast SEO plugin. -->","yoast_head_json":{"title":"Cestas para tazas de 600x400 | Cestas de lavado de pl\u00e1stico","description":"Cestas para tazas de pl\u00e1stico del tama\u00f1o 600x400, disponibles con distintos apliques \u2714Rejilla de soporte \u2714Aplique para tazas \u2714Posici\u00f3n inclinada","robots":{"index":"index","follow":"follow","max-snippet":"max-snippet:-1","max-image-preview":"max-image-preview:large","max-video-preview":"max-video-preview:-1"},"canonical":"https:\/\/www.fries-kt.com\/es\/productos\/restauracion\/cesta-para-tazas\/cesta-para-tazas-de-600-x-400\/","twitter_misc":{"Tiempo de lectura":"1 minuto"},"schema":{"@context":"https:\/\/schema.org","@graph":[{"@type":"WebPage","@id":"https:\/\/www.fries-kt.com\/es\/productos\/restauracion\/cesta-para-tazas\/cesta-para-tazas-de-600-x-400\/","url":"https:\/\/www.fries-kt.com\/es\/productos\/restauracion\/cesta-para-tazas\/cesta-para-tazas-de-600-x-400\/","name":"Cestas para tazas de 600x400 | Cestas de lavado de pl\u00e1stico","isPartOf":{"@id":"https:\/\/www.fries-kt.com\/#website"},"primaryImageOfPage":{"@id":"https:\/\/www.fries-kt.com\/es\/productos\/restauracion\/cesta-para-tazas\/cesta-para-tazas-de-600-x-400\/#primaryimage"},"image":{"@id":"https:\/\/www.fries-kt.com\/es\/productos\/restauracion\/cesta-para-tazas\/cesta-para-tazas-de-600-x-400\/#primaryimage"},"thumbnailUrl":"https:\/\/www.fries-kt.com\/wp-content\/uploads\/tassenkorb_web.jpg","datePublished":"2016-03-10T18:40:30+00:00","dateModified":"2024-05-08T10:53:46+00:00","description":"Cestas para tazas de pl\u00e1stico del tama\u00f1o 600x400, disponibles con distintos apliques \u2714Rejilla de soporte \u2714Aplique para tazas \u2714Posici\u00f3n inclinada","breadcrumb":{"@id":"https:\/\/www.fries-kt.com\/es\/productos\/restauracion\/cesta-para-tazas\/cesta-para-tazas-de-600-x-400\/#breadcrumb"},"inLanguage":"es","potentialAction":[{"@type":"ReadAction","target":["https:\/\/www.fries-kt.com\/es\/productos\/restauracion\/cesta-para-tazas\/cesta-para-tazas-de-600-x-400\/"]}]},{"@type":"ImageObject","inLanguage":"es","@id":"https:\/\/www.fries-kt.com\/es\/productos\/restauracion\/cesta-para-tazas\/cesta-para-tazas-de-600-x-400\/#primaryimage","url":"https:\/\/www.fries-kt.com\/wp-content\/uploads\/tassenkorb_web.jpg","contentUrl":"https:\/\/www.fries-kt.com\/wp-content\/uploads\/tassenkorb_web.jpg"},{"@type":"BreadcrumbList","@id":"https:\/\/www.fries-kt.com\/es\/productos\/restauracion\/cesta-para-tazas\/cesta-para-tazas-de-600-x-400\/#breadcrumb","itemListElement":[{"@type":"ListItem","position":1,"name":"Home","item":"https:\/\/www.fries-kt.com\/es\/"},{"@type":"ListItem","position":2,"name":"Productos","item":"https:\/\/www.fries-kt.com\/es\/productos\/"},{"@type":"ListItem","position":3,"name":"Sistemas de restauraci\u00f3n","item":"https:\/\/www.fries-kt.com\/es\/productos\/restauracion\/"},{"@type":"ListItem","position":4,"name":"Cestas para tazas","item":"https:\/\/www.fries-kt.com\/es\/productos\/restauracion\/cesta-para-tazas\/"},{"@type":"ListItem","position":5,"name":"Cesta para tazas de 600 x 400"}]},{"@type":"WebSite","@id":"https:\/\/www.fries-kt.com\/#website","url":"https:\/\/www.fries-kt.com\/","name":"FRIES","description":"","publisher":{"@id":"https:\/\/www.fries-kt.com\/#organization"},"potentialAction":[{"@type":"SearchAction","target":{"@type":"EntryPoint","urlTemplate":"https:\/\/www.fries-kt.com\/?s={search_term_string}"},"query-input":{"@type":"PropertyValueSpecification","valueRequired":true,"valueName":"search_term_string"}}],"inLanguage":"es"},{"@type":"Organization","@id":"https:\/\/www.fries-kt.com\/#organization","name":"FRIES Kunststofftechnik GmbH","url":"https:\/\/www.fries-kt.com\/","logo":{"@type":"ImageObject","inLanguage":"es","@id":"https:\/\/www.fries-kt.com\/#\/schema\/logo\/image\/","url":"https:\/\/www.fries-kt.com\/wp-content\/uploads\/fries-logo.png","contentUrl":"https:\/\/www.fries-kt.com\/wp-content\/uploads\/fries-logo.png","width":120,"height":60,"caption":"FRIES Kunststofftechnik GmbH"},"image":{"@id":"https:\/\/www.fries-kt.com\/#\/schema\/logo\/image\/"},"sameAs":["https:\/\/www.facebook.com\/FRIESKunststofftechnik\/","https:\/\/www.youtube.com\/channel\/UCc2UgnWJ9Y_-pIXbDIek7wQ"]}]}},"_links":{"self":[{"href":"https:\/\/www.fries-kt.com\/es\/wp-json\/wp\/v2\/pages\/21179","targetHints":{"allow":["GET"]}}],"collection":[{"href":"https:\/\/www.fries-kt.com\/es\/wp-json\/wp\/v2\/pages"}],"about":[{"href":"https:\/\/www.fries-kt.com\/es\/wp-json\/wp\/v2\/types\/page"}],"author":[{"embeddable":true,"href":"https:\/\/www.fries-kt.com\/es\/wp-json\/wp\/v2\/users\/4"}],"replies":[{"embeddable":true,"href":"https:\/\/www.fries-kt.com\/es\/wp-json\/wp\/v2\/comments?post=21179"}],"version-history":[{"count":17,"href":"https:\/\/www.fries-kt.com\/es\/wp-json\/wp\/v2\/pages\/21179\/revisions"}],"predecessor-version":[{"id":48971,"href":"https:\/\/www.fries-kt.com\/es\/wp-json\/wp\/v2\/pages\/21179\/revisions\/48971"}],"up":[{"embeddable":true,"href":"https:\/\/www.fries-kt.com\/es\/wp-json\/wp\/v2\/pages\/20009"}],"wp:attachment":[{"href":"https:\/\/www.fries-kt.com\/es\/wp-json\/wp\/v2\/media?parent=21179"}],"curies":[{"name":"wp","href":"https:\/\/api.w.org\/{rel}","templated":true}]}}