{"id":39827,"date":"2022-12-20T12:37:26","date_gmt":"2022-12-20T10:37:26","guid":{"rendered":"https:\/\/www.fries-kt.com\/pommesschale-snackteller\/"},"modified":"2023-01-24T10:06:31","modified_gmt":"2023-01-24T08:06:31","slug":"bol-de-patatas-fritas-y-plato-de-aperitivos","status":"publish","type":"page","link":"https:\/\/www.fries-kt.com\/es\/productos\/restauracion\/vajilla-reutilizable\/bol-de-patatas-fritas-y-plato-de-aperitivos\/","title":{"rendered":"Bol de patatas fritas y plato de aperitivos"},"content":{"rendered":"<p><div class=\"fusion-fullwidth fullwidth-box fusion-builder-row-1 nonhundred-percent-fullwidth non-hundred-percent-height-scrolling\" style=\"--awb-background-position:left top;--awb-border-radius-top-left:0px;--awb-border-radius-top-right:0px;--awb-border-radius-bottom-right:0px;--awb-border-radius-bottom-left:0px;--awb-padding-top:20px;--awb-padding-right:0px;--awb-padding-bottom:20px;--awb-padding-left:0px;--awb-border-sizes-top:0px;--awb-border-sizes-bottom:0px;--awb-flex-wrap:wrap;\" ><div class=\"fusion-builder-row fusion-row\"><div class=\"fusion-layout-column fusion_builder_column fusion-builder-column-0 fusion_builder_column_1_3 1_3 fusion-one-third fusion-column-first\" style=\"--awb-bg-size:cover;width:33.333333333333%;width:calc(33.333333333333% - ( ( 4% ) * 0.33333333333333 ) );margin-right: 4%;\"><div class=\"fusion-column-wrapper fusion-column-has-shadow fusion-flex-column-wrapper-legacy\"><div class=\"fusion-image-element in-legacy-container\" style=\"--awb-caption-title-font-family:var(--h2_typography-font-family);--awb-caption-title-font-weight:var(--h2_typography-font-weight);--awb-caption-title-font-style:var(--h2_typography-font-style);--awb-caption-title-size:var(--h2_typography-font-size);--awb-caption-title-transform:var(--h2_typography-text-transform);--awb-caption-title-line-height:var(--h2_typography-line-height);--awb-caption-title-letter-spacing:var(--h2_typography-letter-spacing);\"><span class=\" fusion-imageframe imageframe-none imageframe-1 hover-type-none\"><img decoding=\"async\" width=\"242\" height=\"150\" title=\"Fries rack Logo\" src=\"https:\/\/www.fries-kt.com\/wp-content\/uploads\/Fries-rack-logo-website3.png\" alt class=\"img-responsive wp-image-40132\"\/><\/span><\/div><div class=\"fusion-clearfix\"><\/div><\/div><\/div><div class=\"fusion-layout-column fusion_builder_column fusion-builder-column-1 fusion_builder_column_2_3 2_3 fusion-two-third fusion-column-last\" style=\"--awb-bg-size:cover;width:66.666666666667%;width:calc(66.666666666667% - ( ( 4% ) * 0.66666666666667 ) );\"><div class=\"fusion-column-wrapper fusion-flex-column-wrapper-legacy\"><div class=\"fusion-text fusion-text-1 color-gastro blau\" style=\"--awb-text-transform:none;\"><h1>Bol de patatas fritas y plato de aperitivos<\/h1>\n<p>Para las peque\u00f1as delicias, los cuencos de pl\u00e1stico para patatas fritas y los platos para aperitivos son la mejor elecci\u00f3n. Las resistentes bandejas reutilizables para currywurst, patatas fritas u otros aperitivos se han dise\u00f1ado especialmente para su uso en eventos.<\/p>\n<\/div><div class=\"fusion-clearfix\"><\/div><\/div><\/div><div class=\"fusion-layout-column fusion_builder_column fusion-builder-column-2 fusion_builder_column_1_1 1_1 fusion-one-full fusion-column-first fusion-column-last fusion-column-no-min-height\" style=\"--awb-bg-size:cover;--awb-margin-bottom:0px;\"><div class=\"fusion-column-wrapper fusion-flex-column-wrapper-legacy\"><div class=\"fusion-sep-clear\"><\/div><div class=\"fusion-separator fusion-full-width-sep\" style=\"margin-left: auto;margin-right: auto;width:100%;\"><\/div><div class=\"fusion-sep-clear\"><\/div><div class=\"fusion-clearfix\"><\/div><\/div><\/div><\/div><\/div><div class=\"fusion-fullwidth fullwidth-box fusion-builder-row-2 fusion-flex-container nonhundred-percent-fullwidth non-hundred-percent-height-scrolling\" style=\"--awb-border-radius-top-left:0px;--awb-border-radius-top-right:0px;--awb-border-radius-bottom-right:0px;--awb-border-radius-bottom-left:0px;--awb-flex-wrap:wrap;\" ><div class=\"fusion-builder-row fusion-row fusion-flex-align-items-flex-start fusion-flex-content-wrap\" style=\"max-width:1144px;margin-left: calc(-4% \/ 2 );margin-right: calc(-4% \/ 2 );\"><div class=\"fusion-layout-column fusion_builder_column fusion-builder-column-3 fusion_builder_column_1_3 1_3 fusion-flex-column\" style=\"--awb-bg-size:cover;--awb-width-large:33.333333333333%;--awb-margin-top-large:0px;--awb-spacing-right-large:5.76%;--awb-margin-bottom-large:20px;--awb-spacing-left-large:5.76%;--awb-width-medium:100%;--awb-order-medium:0;--awb-spacing-right-medium:1.92%;--awb-spacing-left-medium:1.92%;--awb-width-small:100%;--awb-order-small:0;--awb-spacing-right-small:1.92%;--awb-spacing-left-small:1.92%;\"><div class=\"fusion-column-wrapper fusion-column-has-shadow fusion-flex-justify-content-flex-start fusion-content-layout-column\"><div class=\"fusion-image-element \" style=\"--awb-caption-title-font-family:var(--h2_typography-font-family);--awb-caption-title-font-weight:var(--h2_typography-font-weight);--awb-caption-title-font-style:var(--h2_typography-font-style);--awb-caption-title-size:var(--h2_typography-font-size);--awb-caption-title-transform:var(--h2_typography-text-transform);--awb-caption-title-line-height:var(--h2_typography-line-height);--awb-caption-title-letter-spacing:var(--h2_typography-letter-spacing);\"><span class=\" fusion-imageframe imageframe-none imageframe-2 hover-type-none\"><a class=\"fusion-no-lightbox\" href=\"https:\/\/www.fries-kt.com\/productos\/restauracion\/vajilla-reutilizable\/bol-de-patatas-fritas-y-plato-de-aperitivos\/cuencos-para-patatas-fritas\/?lang=es\" target=\"_self\" aria-label=\"Pommesschale_gruppe\"><img decoding=\"async\" width=\"587\" height=\"567\" src=\"https:\/\/www.fries-kt.com\/wp-content\/uploads\/Pommesschale_gruppe.png\" alt class=\"img-responsive wp-image-38592\" srcset=\"https:\/\/www.fries-kt.com\/wp-content\/uploads\/Pommesschale_gruppe-200x193.png 200w, https:\/\/www.fries-kt.com\/wp-content\/uploads\/Pommesschale_gruppe-400x386.png 400w, https:\/\/www.fries-kt.com\/wp-content\/uploads\/Pommesschale_gruppe.png 587w\" sizes=\"(max-width: 1024px) 100vw, (max-width: 1455px) 100vw, 400px\" \/><\/a><\/span><\/div><div class=\"fusion-text fusion-text-2 color-gastro blau\" style=\"--awb-text-transform:none;\"><h4><a href=\"https:\/\/www.fries-kt.com\/productos\/restauracion\/vajilla-reutilizable\/bol-de-patatas-fritas-y-plato-de-aperitivos\/cuencos-para-patatas-fritas\/?lang=es\">Cuenco para patatas fritas<\/a><\/h4>\n<\/div><\/div><\/div><div class=\"fusion-layout-column fusion_builder_column fusion-builder-column-4 fusion_builder_column_1_3 1_3 fusion-flex-column\" style=\"--awb-bg-size:cover;--awb-width-large:33.333333333333%;--awb-margin-top-large:0px;--awb-spacing-right-large:5.76%;--awb-margin-bottom-large:20px;--awb-spacing-left-large:5.76%;--awb-width-medium:100%;--awb-order-medium:0;--awb-spacing-right-medium:1.92%;--awb-spacing-left-medium:1.92%;--awb-width-small:100%;--awb-order-small:0;--awb-spacing-right-small:1.92%;--awb-spacing-left-small:1.92%;\"><div class=\"fusion-column-wrapper fusion-column-has-shadow fusion-flex-justify-content-flex-start fusion-content-layout-column\"><div class=\"fusion-image-element \" style=\"--awb-caption-title-font-family:var(--h2_typography-font-family);--awb-caption-title-font-weight:var(--h2_typography-font-weight);--awb-caption-title-font-style:var(--h2_typography-font-style);--awb-caption-title-size:var(--h2_typography-font-size);--awb-caption-title-transform:var(--h2_typography-text-transform);--awb-caption-title-line-height:var(--h2_typography-line-height);--awb-caption-title-letter-spacing:var(--h2_typography-letter-spacing);\"><span class=\" fusion-imageframe imageframe-none imageframe-3 hover-type-none\"><a class=\"fusion-no-lightbox\" href=\"https:\/\/www.fries-kt.com\/productos\/restauracion\/vajilla-reutilizable\/bol-de-patatas-fritas-y-plato-de-aperitivos\/plato-para-aperitivos\/?lang=es\" target=\"_self\" aria-label=\"Snackteller\"><img decoding=\"async\" width=\"587\" height=\"567\" src=\"https:\/\/www.fries-kt.com\/wp-content\/uploads\/Snackteller-1.png\" alt class=\"img-responsive wp-image-38556\" srcset=\"https:\/\/www.fries-kt.com\/wp-content\/uploads\/Snackteller-1-200x193.png 200w, https:\/\/www.fries-kt.com\/wp-content\/uploads\/Snackteller-1-400x386.png 400w, https:\/\/www.fries-kt.com\/wp-content\/uploads\/Snackteller-1.png 587w\" sizes=\"(max-width: 1024px) 100vw, (max-width: 1455px) 100vw, 400px\" \/><\/a><\/span><\/div><div class=\"fusion-text fusion-text-3 color-gastro blau\" style=\"--awb-text-transform:none;\"><h4><a href=\"https:\/\/www.fries-kt.com\/productos\/restauracion\/vajilla-reutilizable\/bol-de-patatas-fritas-y-plato-de-aperitivos\/plato-para-aperitivos\/?lang=es\">Plato de aperitivo<\/a><\/h4>\n<\/div><\/div><\/div><\/div><\/div><\/p>\n","protected":false},"excerpt":{"rendered":"","protected":false},"author":4,"featured_media":0,"parent":39916,"menu_order":0,"comment_status":"closed","ping_status":"closed","template":"","meta":{"_acf_changed":false,"footnotes":""},"class_list":["post-39827","page","type-page","status-publish","hentry"],"acf":[],"yoast_head":"<!-- This site is optimized with the Yoast SEO plugin v26.8 - https:\/\/yoast.com\/product\/yoast-seo-wordpress\/ -->\n<title>Bol de patatas fritas | Plato de aperitivos | Ideal para su evento | FRIES Rack<\/title>\n<meta name=\"description\" content=\"Descubra los platos de pl\u00e1stico reutilizables de pl\u00e1stico irrompible \u2714Seguros para el lavavajillas \u2714Posibilidad de personalizaci\u00f3n\" \/>\n<meta name=\"robots\" content=\"index, follow, max-snippet:-1, max-image-preview:large, max-video-preview:-1\" \/>\n<link rel=\"canonical\" href=\"https:\/\/www.fries-kt.com\/es\/productos\/restauracion\/vajilla-reutilizable\/bol-de-patatas-fritas-y-plato-de-aperitivos\/\" \/>\n<meta name=\"twitter:label1\" content=\"Tiempo de lectura\" \/>\n\t<meta name=\"twitter:data1\" content=\"6 minutos\" \/>\n<script type=\"application\/ld+json\" class=\"yoast-schema-graph\">{\"@context\":\"https:\/\/schema.org\",\"@graph\":[{\"@type\":\"WebPage\",\"@id\":\"https:\/\/www.fries-kt.com\/es\/productos\/restauracion\/vajilla-reutilizable\/bol-de-patatas-fritas-y-plato-de-aperitivos\/\",\"url\":\"https:\/\/www.fries-kt.com\/es\/productos\/restauracion\/vajilla-reutilizable\/bol-de-patatas-fritas-y-plato-de-aperitivos\/\",\"name\":\"Bol de patatas fritas | Plato de aperitivos | Ideal para su evento | FRIES Rack\",\"isPartOf\":{\"@id\":\"https:\/\/www.fries-kt.com\/#website\"},\"datePublished\":\"2022-12-20T10:37:26+00:00\",\"dateModified\":\"2023-01-24T08:06:31+00:00\",\"description\":\"Descubra los platos de pl\u00e1stico reutilizables de pl\u00e1stico irrompible \u2714Seguros para el lavavajillas \u2714Posibilidad de personalizaci\u00f3n\",\"breadcrumb\":{\"@id\":\"https:\/\/www.fries-kt.com\/es\/productos\/restauracion\/vajilla-reutilizable\/bol-de-patatas-fritas-y-plato-de-aperitivos\/#breadcrumb\"},\"inLanguage\":\"es\",\"potentialAction\":[{\"@type\":\"ReadAction\",\"target\":[\"https:\/\/www.fries-kt.com\/es\/productos\/restauracion\/vajilla-reutilizable\/bol-de-patatas-fritas-y-plato-de-aperitivos\/\"]}]},{\"@type\":\"BreadcrumbList\",\"@id\":\"https:\/\/www.fries-kt.com\/es\/productos\/restauracion\/vajilla-reutilizable\/bol-de-patatas-fritas-y-plato-de-aperitivos\/#breadcrumb\",\"itemListElement\":[{\"@type\":\"ListItem\",\"position\":1,\"name\":\"Home\",\"item\":\"https:\/\/www.fries-kt.com\/es\/\"},{\"@type\":\"ListItem\",\"position\":2,\"name\":\"Productos\",\"item\":\"https:\/\/www.fries-kt.com\/es\/productos\/\"},{\"@type\":\"ListItem\",\"position\":3,\"name\":\"Sistemas de restauraci\u00f3n\",\"item\":\"https:\/\/www.fries-kt.com\/es\/productos\/restauracion\/\"},{\"@type\":\"ListItem\",\"position\":4,\"name\":\"Vajilla reutilizable\",\"item\":\"https:\/\/www.fries-kt.com\/es\/productos\/restauracion\/vajilla-reutilizable\/\"},{\"@type\":\"ListItem\",\"position\":5,\"name\":\"Bol de patatas fritas y plato de aperitivos\"}]},{\"@type\":\"WebSite\",\"@id\":\"https:\/\/www.fries-kt.com\/#website\",\"url\":\"https:\/\/www.fries-kt.com\/\",\"name\":\"FRIES\",\"description\":\"\",\"publisher\":{\"@id\":\"https:\/\/www.fries-kt.com\/#organization\"},\"potentialAction\":[{\"@type\":\"SearchAction\",\"target\":{\"@type\":\"EntryPoint\",\"urlTemplate\":\"https:\/\/www.fries-kt.com\/?s={search_term_string}\"},\"query-input\":{\"@type\":\"PropertyValueSpecification\",\"valueRequired\":true,\"valueName\":\"search_term_string\"}}],\"inLanguage\":\"es\"},{\"@type\":\"Organization\",\"@id\":\"https:\/\/www.fries-kt.com\/#organization\",\"name\":\"FRIES Kunststofftechnik GmbH\",\"url\":\"https:\/\/www.fries-kt.com\/\",\"logo\":{\"@type\":\"ImageObject\",\"inLanguage\":\"es\",\"@id\":\"https:\/\/www.fries-kt.com\/#\/schema\/logo\/image\/\",\"url\":\"https:\/\/www.fries-kt.com\/wp-content\/uploads\/fries-logo.png\",\"contentUrl\":\"https:\/\/www.fries-kt.com\/wp-content\/uploads\/fries-logo.png\",\"width\":120,\"height\":60,\"caption\":\"FRIES Kunststofftechnik GmbH\"},\"image\":{\"@id\":\"https:\/\/www.fries-kt.com\/#\/schema\/logo\/image\/\"},\"sameAs\":[\"https:\/\/www.facebook.com\/FRIESKunststofftechnik\/\",\"https:\/\/www.youtube.com\/channel\/UCc2UgnWJ9Y_-pIXbDIek7wQ\"]}]}<\/script>\n<!-- \/ Yoast SEO plugin. -->","yoast_head_json":{"title":"Bol de patatas fritas | Plato de aperitivos | Ideal para su evento | FRIES Rack","description":"Descubra los platos de pl\u00e1stico reutilizables de pl\u00e1stico irrompible \u2714Seguros para el lavavajillas \u2714Posibilidad de personalizaci\u00f3n","robots":{"index":"index","follow":"follow","max-snippet":"max-snippet:-1","max-image-preview":"max-image-preview:large","max-video-preview":"max-video-preview:-1"},"canonical":"https:\/\/www.fries-kt.com\/es\/productos\/restauracion\/vajilla-reutilizable\/bol-de-patatas-fritas-y-plato-de-aperitivos\/","twitter_misc":{"Tiempo de lectura":"6 minutos"},"schema":{"@context":"https:\/\/schema.org","@graph":[{"@type":"WebPage","@id":"https:\/\/www.fries-kt.com\/es\/productos\/restauracion\/vajilla-reutilizable\/bol-de-patatas-fritas-y-plato-de-aperitivos\/","url":"https:\/\/www.fries-kt.com\/es\/productos\/restauracion\/vajilla-reutilizable\/bol-de-patatas-fritas-y-plato-de-aperitivos\/","name":"Bol de patatas fritas | Plato de aperitivos | Ideal para su evento | FRIES Rack","isPartOf":{"@id":"https:\/\/www.fries-kt.com\/#website"},"datePublished":"2022-12-20T10:37:26+00:00","dateModified":"2023-01-24T08:06:31+00:00","description":"Descubra los platos de pl\u00e1stico reutilizables de pl\u00e1stico irrompible \u2714Seguros para el lavavajillas \u2714Posibilidad de personalizaci\u00f3n","breadcrumb":{"@id":"https:\/\/www.fries-kt.com\/es\/productos\/restauracion\/vajilla-reutilizable\/bol-de-patatas-fritas-y-plato-de-aperitivos\/#breadcrumb"},"inLanguage":"es","potentialAction":[{"@type":"ReadAction","target":["https:\/\/www.fries-kt.com\/es\/productos\/restauracion\/vajilla-reutilizable\/bol-de-patatas-fritas-y-plato-de-aperitivos\/"]}]},{"@type":"BreadcrumbList","@id":"https:\/\/www.fries-kt.com\/es\/productos\/restauracion\/vajilla-reutilizable\/bol-de-patatas-fritas-y-plato-de-aperitivos\/#breadcrumb","itemListElement":[{"@type":"ListItem","position":1,"name":"Home","item":"https:\/\/www.fries-kt.com\/es\/"},{"@type":"ListItem","position":2,"name":"Productos","item":"https:\/\/www.fries-kt.com\/es\/productos\/"},{"@type":"ListItem","position":3,"name":"Sistemas de restauraci\u00f3n","item":"https:\/\/www.fries-kt.com\/es\/productos\/restauracion\/"},{"@type":"ListItem","position":4,"name":"Vajilla reutilizable","item":"https:\/\/www.fries-kt.com\/es\/productos\/restauracion\/vajilla-reutilizable\/"},{"@type":"ListItem","position":5,"name":"Bol de patatas fritas y plato de aperitivos"}]},{"@type":"WebSite","@id":"https:\/\/www.fries-kt.com\/#website","url":"https:\/\/www.fries-kt.com\/","name":"FRIES","description":"","publisher":{"@id":"https:\/\/www.fries-kt.com\/#organization"},"potentialAction":[{"@type":"SearchAction","target":{"@type":"EntryPoint","urlTemplate":"https:\/\/www.fries-kt.com\/?s={search_term_string}"},"query-input":{"@type":"PropertyValueSpecification","valueRequired":true,"valueName":"search_term_string"}}],"inLanguage":"es"},{"@type":"Organization","@id":"https:\/\/www.fries-kt.com\/#organization","name":"FRIES Kunststofftechnik GmbH","url":"https:\/\/www.fries-kt.com\/","logo":{"@type":"ImageObject","inLanguage":"es","@id":"https:\/\/www.fries-kt.com\/#\/schema\/logo\/image\/","url":"https:\/\/www.fries-kt.com\/wp-content\/uploads\/fries-logo.png","contentUrl":"https:\/\/www.fries-kt.com\/wp-content\/uploads\/fries-logo.png","width":120,"height":60,"caption":"FRIES Kunststofftechnik GmbH"},"image":{"@id":"https:\/\/www.fries-kt.com\/#\/schema\/logo\/image\/"},"sameAs":["https:\/\/www.facebook.com\/FRIESKunststofftechnik\/","https:\/\/www.youtube.com\/channel\/UCc2UgnWJ9Y_-pIXbDIek7wQ"]}]}},"_links":{"self":[{"href":"https:\/\/www.fries-kt.com\/es\/wp-json\/wp\/v2\/pages\/39827","targetHints":{"allow":["GET"]}}],"collection":[{"href":"https:\/\/www.fries-kt.com\/es\/wp-json\/wp\/v2\/pages"}],"about":[{"href":"https:\/\/www.fries-kt.com\/es\/wp-json\/wp\/v2\/types\/page"}],"author":[{"embeddable":true,"href":"https:\/\/www.fries-kt.com\/es\/wp-json\/wp\/v2\/users\/4"}],"replies":[{"embeddable":true,"href":"https:\/\/www.fries-kt.com\/es\/wp-json\/wp\/v2\/comments?post=39827"}],"version-history":[{"count":5,"href":"https:\/\/www.fries-kt.com\/es\/wp-json\/wp\/v2\/pages\/39827\/revisions"}],"predecessor-version":[{"id":40093,"href":"https:\/\/www.fries-kt.com\/es\/wp-json\/wp\/v2\/pages\/39827\/revisions\/40093"}],"up":[{"embeddable":true,"href":"https:\/\/www.fries-kt.com\/es\/wp-json\/wp\/v2\/pages\/39916"}],"wp:attachment":[{"href":"https:\/\/www.fries-kt.com\/es\/wp-json\/wp\/v2\/media?parent=39827"}],"curies":[{"name":"wp","href":"https:\/\/api.w.org\/{rel}","templated":true}]}}