{"id":39849,"date":"2022-12-20T12:48:26","date_gmt":"2022-12-20T10:48:26","guid":{"rendered":"https:\/\/www.fries-kt.com\/pommesschale-snackteller\/pommesschale\/"},"modified":"2024-10-15T08:49:08","modified_gmt":"2024-10-15T06:49:08","slug":"cuencos-para-patatas-fritas","status":"publish","type":"page","link":"https:\/\/www.fries-kt.com\/es\/productos\/restauracion\/vajilla-reutilizable\/bol-de-patatas-fritas-y-plato-de-aperitivos\/cuencos-para-patatas-fritas\/","title":{"rendered":"Cuencos para patatas fritas"},"content":{"rendered":"<p><div class=\"fusion-fullwidth fullwidth-box fusion-builder-row-1 nonhundred-percent-fullwidth non-hundred-percent-height-scrolling\" style=\"--awb-border-radius-top-left:0px;--awb-border-radius-top-right:0px;--awb-border-radius-bottom-right:0px;--awb-border-radius-bottom-left:0px;--awb-margin-top:4px;--awb-flex-wrap:wrap;\" ><div class=\"fusion-builder-row fusion-row\"><div class=\"fusion-layout-column fusion_builder_column fusion-builder-column-0 fusion_builder_column_1_3 1_3 fusion-one-third fusion-column-first\" style=\"--awb-bg-size:cover;width:33.333333333333%;width:calc(33.333333333333% - ( ( 4% ) * 0.33333333333333 ) );margin-right: 4%;\"><div class=\"fusion-column-wrapper fusion-column-has-shadow fusion-flex-column-wrapper-legacy\"><div class=\"fusion-image-element in-legacy-container\" style=\"--awb-caption-title-font-family:var(--h2_typography-font-family);--awb-caption-title-font-weight:var(--h2_typography-font-weight);--awb-caption-title-font-style:var(--h2_typography-font-style);--awb-caption-title-size:var(--h2_typography-font-size);--awb-caption-title-transform:var(--h2_typography-text-transform);--awb-caption-title-line-height:var(--h2_typography-line-height);--awb-caption-title-letter-spacing:var(--h2_typography-letter-spacing);\"><span class=\" fusion-imageframe imageframe-none imageframe-1 hover-type-none\"><img decoding=\"async\" width=\"242\" height=\"150\" title=\"Fries rack Logo\" src=\"https:\/\/www.fries-kt.com\/wp-content\/uploads\/Fries-rack-logo-website3.png\" alt class=\"img-responsive wp-image-40132\"\/><\/span><\/div><div class=\"fusion-clearfix\"><\/div><\/div><\/div><div class=\"fusion-layout-column fusion_builder_column fusion-builder-column-1 fusion_builder_column_2_3 2_3 fusion-two-third fusion-column-last\" style=\"--awb-bg-size:cover;width:66.666666666667%;width:calc(66.666666666667% - ( ( 4% ) * 0.66666666666667 ) );\"><div class=\"fusion-column-wrapper fusion-column-has-shadow fusion-flex-column-wrapper-legacy\"><div class=\"fusion-text fusion-text-1 color-gastro blau\" style=\"--awb-text-transform:none;\"><h1>Cuencos para patatas fritas<\/h1>\n<p>Los cuencos para patatas fritas son la mejor elecci\u00f3n para peque\u00f1os manjares. Ya sea para currywurst (salchichas al curry) o patatas fritas, estos cuencos de pl\u00e1stico han sido dise\u00f1ados especialmente para eventos y celebraciones. Los cuencos reutilizables para patatas fritas son estables y tienen una bonita forma.<\/p>\n<\/div><div class=\"fusion-clearfix\"><\/div><\/div><\/div><\/div><\/div><div class=\"fusion-fullwidth fullwidth-box fusion-builder-row-2 nonhundred-percent-fullwidth non-hundred-percent-height-scrolling\" style=\"--awb-background-position:left top;--awb-border-radius-top-left:0px;--awb-border-radius-top-right:0px;--awb-border-radius-bottom-right:0px;--awb-border-radius-bottom-left:0px;--awb-padding-top:20px;--awb-padding-right:0px;--awb-padding-bottom:20px;--awb-padding-left:0px;--awb-border-sizes-top:0px;--awb-border-sizes-bottom:0px;--awb-flex-wrap:wrap;\" ><div class=\"fusion-builder-row fusion-row\"><div class=\"fusion-layout-column fusion_builder_column fusion-builder-column-2 fusion_builder_column_1_3 1_3 fusion-one-third fusion-column-first\" style=\"--awb-bg-size:cover;width:30.6666%; margin-right: 4%;\"><div class=\"fusion-column-wrapper fusion-flex-column-wrapper-legacy\"><div class=\"fusion-image-element in-legacy-container\" style=\"--awb-max-width:242px;--awb-caption-title-font-family:var(--h2_typography-font-family);--awb-caption-title-font-weight:var(--h2_typography-font-weight);--awb-caption-title-font-style:var(--h2_typography-font-style);--awb-caption-title-size:var(--h2_typography-font-size);--awb-caption-title-transform:var(--h2_typography-text-transform);--awb-caption-title-line-height:var(--h2_typography-line-height);--awb-caption-title-letter-spacing:var(--h2_typography-letter-spacing);\"><span class=\" fusion-imageframe imageframe-none imageframe-2 hover-type-none\"><a href=\"https:\/\/www.fries-kt.com\/wp-content\/uploads\/Pommesschale.png\" class=\"fusion-lightbox\" data-rel=\"iLightbox[60e7d8b6cc551728fc4]\" data-title=\"Pommesschale\" title=\"Pommesschale\"><img decoding=\"async\" width=\"250\" height=\"250\" src=\"https:\/\/www.fries-kt.com\/wp-content\/uploads\/Pommesschale.png\" alt class=\"img-responsive wp-image-40075\" srcset=\"https:\/\/www.fries-kt.com\/wp-content\/uploads\/Pommesschale-200x200.png 200w, https:\/\/www.fries-kt.com\/wp-content\/uploads\/Pommesschale.png 250w\" sizes=\"(max-width: 0px) 100vw, 250px\" \/><\/a><\/span><\/div><div class=\"fusion-text fusion-text-2 color-gastro blau\" style=\"--awb-text-transform:none;\"><h4><a href=\"https:\/\/www.fries-kt.com\/wp-content\/uploads\/EN_2024_Prospekt-Mehrweggeschirr-FRIES_web.pdf\" target=\"_blank\" rel=\"noopener\">Descargar folleto<\/a><\/h4>\n<\/div><div class=\"fusion-alignleft\"><a class=\"fusion-button button-flat fusion-button-default-size button-custom fusion-button-default button-1 fusion-button-default-span fusion-button-default-type color-verpackung\" style=\"--button_accent_color:#ffffff;--button_border_color:#143a84;--button_accent_hover_color:#ffffff;--button_border_hover_color:#143a84;--button_gradient_top_color:#143a84;--button_gradient_bottom_color:#143a84;--button_gradient_top_color_hover:#143a84;--button_gradient_bottom_color_hover:#143a84;--button_text_transform:none;--button_margin-top:20px;--button_margin-bottom:20px;\" target=\"_self\" href=\"https:\/\/www.fries-kt.com\/es\/contacto\/?amp;your-subject=Anfrage Pommesschale\"><span class=\"fusion-button-text awb-button__text awb-button__text--default\">Pedir ahora<\/span><\/a><\/div><div class=\"fusion-clearfix\"><\/div><\/div><\/div><div class=\"fusion-layout-column fusion_builder_column fusion-builder-column-3 fusion_builder_column_2_3 2_3 fusion-two-third fusion-column-last\" style=\"--awb-bg-size:cover;width:65.3333%;\"><div class=\"fusion-column-wrapper fusion-flex-column-wrapper-legacy\"><div class=\"fusion-text fusion-text-3 color-gastro blau\" style=\"--awb-text-transform:none;\"><p><strong>Ventajas:<\/strong><\/p>\n<ul>\n<li>Cuenco reutilizable de polipropileno de alta calidad<\/li>\n<li>ligero<\/li>\n<li>r\u00edgido<\/li>\n<li>irrompible<\/li>\n<li>apilable para ahorrar espacio<\/li>\n<li>Disponible en blanco puro, negro y verde claro<\/li>\n<li>otros colores bajo pedido<\/li>\n<li>con tampograf\u00eda bajo pedido<\/li>\n<\/ul>\n<\/div><div class=\"fusion-clearfix\"><\/div><\/div><\/div><\/div><\/div><\/p>\n","protected":false},"excerpt":{"rendered":"","protected":false},"author":4,"featured_media":0,"parent":39827,"menu_order":0,"comment_status":"closed","ping_status":"closed","template":"","meta":{"_acf_changed":false,"footnotes":""},"class_list":["post-39849","page","type-page","status-publish","hentry"],"acf":[],"yoast_head":"<!-- This site is optimized with the Yoast SEO plugin v26.8 - https:\/\/yoast.com\/product\/yoast-seo-wordpress\/ -->\n<title>Cuencos para patatas fritas | Cuencos de pl\u00e1stico para eventos | FRIES Rack<\/title>\n<meta name=\"description\" content=\"Descubra los cuencos de patatas fritas: cuencos reutilizables de pl\u00e1stico de alta calidad \u25b6Posibilidad de impresi\u00f3n \u25b6Apilables para ahorrar espacio.\" \/>\n<meta name=\"robots\" content=\"index, follow, max-snippet:-1, max-image-preview:large, max-video-preview:-1\" \/>\n<link rel=\"canonical\" href=\"https:\/\/www.fries-kt.com\/es\/productos\/restauracion\/vajilla-reutilizable\/bol-de-patatas-fritas-y-plato-de-aperitivos\/cuencos-para-patatas-fritas\/\" \/>\n<meta name=\"twitter:label1\" content=\"Tiempo de lectura\" \/>\n\t<meta name=\"twitter:data1\" content=\"1 minuto\" \/>\n<script type=\"application\/ld+json\" class=\"yoast-schema-graph\">{\"@context\":\"https:\/\/schema.org\",\"@graph\":[{\"@type\":\"WebPage\",\"@id\":\"https:\/\/www.fries-kt.com\/es\/productos\/restauracion\/vajilla-reutilizable\/bol-de-patatas-fritas-y-plato-de-aperitivos\/cuencos-para-patatas-fritas\/\",\"url\":\"https:\/\/www.fries-kt.com\/es\/productos\/restauracion\/vajilla-reutilizable\/bol-de-patatas-fritas-y-plato-de-aperitivos\/cuencos-para-patatas-fritas\/\",\"name\":\"Cuencos para patatas fritas | Cuencos de pl\u00e1stico para eventos | FRIES Rack\",\"isPartOf\":{\"@id\":\"https:\/\/www.fries-kt.com\/#website\"},\"datePublished\":\"2022-12-20T10:48:26+00:00\",\"dateModified\":\"2024-10-15T06:49:08+00:00\",\"description\":\"Descubra los cuencos de patatas fritas: cuencos reutilizables de pl\u00e1stico de alta calidad \u25b6Posibilidad de impresi\u00f3n \u25b6Apilables para ahorrar espacio.\",\"breadcrumb\":{\"@id\":\"https:\/\/www.fries-kt.com\/es\/productos\/restauracion\/vajilla-reutilizable\/bol-de-patatas-fritas-y-plato-de-aperitivos\/cuencos-para-patatas-fritas\/#breadcrumb\"},\"inLanguage\":\"es\",\"potentialAction\":[{\"@type\":\"ReadAction\",\"target\":[\"https:\/\/www.fries-kt.com\/es\/productos\/restauracion\/vajilla-reutilizable\/bol-de-patatas-fritas-y-plato-de-aperitivos\/cuencos-para-patatas-fritas\/\"]}]},{\"@type\":\"BreadcrumbList\",\"@id\":\"https:\/\/www.fries-kt.com\/es\/productos\/restauracion\/vajilla-reutilizable\/bol-de-patatas-fritas-y-plato-de-aperitivos\/cuencos-para-patatas-fritas\/#breadcrumb\",\"itemListElement\":[{\"@type\":\"ListItem\",\"position\":1,\"name\":\"Home\",\"item\":\"https:\/\/www.fries-kt.com\/es\/\"},{\"@type\":\"ListItem\",\"position\":2,\"name\":\"Productos\",\"item\":\"https:\/\/www.fries-kt.com\/es\/productos\/\"},{\"@type\":\"ListItem\",\"position\":3,\"name\":\"Sistemas de restauraci\u00f3n\",\"item\":\"https:\/\/www.fries-kt.com\/es\/productos\/restauracion\/\"},{\"@type\":\"ListItem\",\"position\":4,\"name\":\"Vajilla reutilizable\",\"item\":\"https:\/\/www.fries-kt.com\/es\/productos\/restauracion\/vajilla-reutilizable\/\"},{\"@type\":\"ListItem\",\"position\":5,\"name\":\"Bol de patatas fritas y plato de aperitivos\",\"item\":\"https:\/\/www.fries-kt.com\/es\/productos\/restauracion\/vajilla-reutilizable\/bol-de-patatas-fritas-y-plato-de-aperitivos\/\"},{\"@type\":\"ListItem\",\"position\":6,\"name\":\"Cuencos para patatas fritas\"}]},{\"@type\":\"WebSite\",\"@id\":\"https:\/\/www.fries-kt.com\/#website\",\"url\":\"https:\/\/www.fries-kt.com\/\",\"name\":\"FRIES\",\"description\":\"\",\"publisher\":{\"@id\":\"https:\/\/www.fries-kt.com\/#organization\"},\"potentialAction\":[{\"@type\":\"SearchAction\",\"target\":{\"@type\":\"EntryPoint\",\"urlTemplate\":\"https:\/\/www.fries-kt.com\/?s={search_term_string}\"},\"query-input\":{\"@type\":\"PropertyValueSpecification\",\"valueRequired\":true,\"valueName\":\"search_term_string\"}}],\"inLanguage\":\"es\"},{\"@type\":\"Organization\",\"@id\":\"https:\/\/www.fries-kt.com\/#organization\",\"name\":\"FRIES Kunststofftechnik GmbH\",\"url\":\"https:\/\/www.fries-kt.com\/\",\"logo\":{\"@type\":\"ImageObject\",\"inLanguage\":\"es\",\"@id\":\"https:\/\/www.fries-kt.com\/#\/schema\/logo\/image\/\",\"url\":\"https:\/\/www.fries-kt.com\/wp-content\/uploads\/fries-logo.png\",\"contentUrl\":\"https:\/\/www.fries-kt.com\/wp-content\/uploads\/fries-logo.png\",\"width\":120,\"height\":60,\"caption\":\"FRIES Kunststofftechnik GmbH\"},\"image\":{\"@id\":\"https:\/\/www.fries-kt.com\/#\/schema\/logo\/image\/\"},\"sameAs\":[\"https:\/\/www.facebook.com\/FRIESKunststofftechnik\/\",\"https:\/\/www.youtube.com\/channel\/UCc2UgnWJ9Y_-pIXbDIek7wQ\"]}]}<\/script>\n<!-- \/ Yoast SEO plugin. -->","yoast_head_json":{"title":"Cuencos para patatas fritas | Cuencos de pl\u00e1stico para eventos | FRIES Rack","description":"Descubra los cuencos de patatas fritas: cuencos reutilizables de pl\u00e1stico de alta calidad \u25b6Posibilidad de impresi\u00f3n \u25b6Apilables para ahorrar espacio.","robots":{"index":"index","follow":"follow","max-snippet":"max-snippet:-1","max-image-preview":"max-image-preview:large","max-video-preview":"max-video-preview:-1"},"canonical":"https:\/\/www.fries-kt.com\/es\/productos\/restauracion\/vajilla-reutilizable\/bol-de-patatas-fritas-y-plato-de-aperitivos\/cuencos-para-patatas-fritas\/","twitter_misc":{"Tiempo de lectura":"1 minuto"},"schema":{"@context":"https:\/\/schema.org","@graph":[{"@type":"WebPage","@id":"https:\/\/www.fries-kt.com\/es\/productos\/restauracion\/vajilla-reutilizable\/bol-de-patatas-fritas-y-plato-de-aperitivos\/cuencos-para-patatas-fritas\/","url":"https:\/\/www.fries-kt.com\/es\/productos\/restauracion\/vajilla-reutilizable\/bol-de-patatas-fritas-y-plato-de-aperitivos\/cuencos-para-patatas-fritas\/","name":"Cuencos para patatas fritas | Cuencos de pl\u00e1stico para eventos | FRIES Rack","isPartOf":{"@id":"https:\/\/www.fries-kt.com\/#website"},"datePublished":"2022-12-20T10:48:26+00:00","dateModified":"2024-10-15T06:49:08+00:00","description":"Descubra los cuencos de patatas fritas: cuencos reutilizables de pl\u00e1stico de alta calidad \u25b6Posibilidad de impresi\u00f3n \u25b6Apilables para ahorrar espacio.","breadcrumb":{"@id":"https:\/\/www.fries-kt.com\/es\/productos\/restauracion\/vajilla-reutilizable\/bol-de-patatas-fritas-y-plato-de-aperitivos\/cuencos-para-patatas-fritas\/#breadcrumb"},"inLanguage":"es","potentialAction":[{"@type":"ReadAction","target":["https:\/\/www.fries-kt.com\/es\/productos\/restauracion\/vajilla-reutilizable\/bol-de-patatas-fritas-y-plato-de-aperitivos\/cuencos-para-patatas-fritas\/"]}]},{"@type":"BreadcrumbList","@id":"https:\/\/www.fries-kt.com\/es\/productos\/restauracion\/vajilla-reutilizable\/bol-de-patatas-fritas-y-plato-de-aperitivos\/cuencos-para-patatas-fritas\/#breadcrumb","itemListElement":[{"@type":"ListItem","position":1,"name":"Home","item":"https:\/\/www.fries-kt.com\/es\/"},{"@type":"ListItem","position":2,"name":"Productos","item":"https:\/\/www.fries-kt.com\/es\/productos\/"},{"@type":"ListItem","position":3,"name":"Sistemas de restauraci\u00f3n","item":"https:\/\/www.fries-kt.com\/es\/productos\/restauracion\/"},{"@type":"ListItem","position":4,"name":"Vajilla reutilizable","item":"https:\/\/www.fries-kt.com\/es\/productos\/restauracion\/vajilla-reutilizable\/"},{"@type":"ListItem","position":5,"name":"Bol de patatas fritas y plato de aperitivos","item":"https:\/\/www.fries-kt.com\/es\/productos\/restauracion\/vajilla-reutilizable\/bol-de-patatas-fritas-y-plato-de-aperitivos\/"},{"@type":"ListItem","position":6,"name":"Cuencos para patatas fritas"}]},{"@type":"WebSite","@id":"https:\/\/www.fries-kt.com\/#website","url":"https:\/\/www.fries-kt.com\/","name":"FRIES","description":"","publisher":{"@id":"https:\/\/www.fries-kt.com\/#organization"},"potentialAction":[{"@type":"SearchAction","target":{"@type":"EntryPoint","urlTemplate":"https:\/\/www.fries-kt.com\/?s={search_term_string}"},"query-input":{"@type":"PropertyValueSpecification","valueRequired":true,"valueName":"search_term_string"}}],"inLanguage":"es"},{"@type":"Organization","@id":"https:\/\/www.fries-kt.com\/#organization","name":"FRIES Kunststofftechnik GmbH","url":"https:\/\/www.fries-kt.com\/","logo":{"@type":"ImageObject","inLanguage":"es","@id":"https:\/\/www.fries-kt.com\/#\/schema\/logo\/image\/","url":"https:\/\/www.fries-kt.com\/wp-content\/uploads\/fries-logo.png","contentUrl":"https:\/\/www.fries-kt.com\/wp-content\/uploads\/fries-logo.png","width":120,"height":60,"caption":"FRIES Kunststofftechnik GmbH"},"image":{"@id":"https:\/\/www.fries-kt.com\/#\/schema\/logo\/image\/"},"sameAs":["https:\/\/www.facebook.com\/FRIESKunststofftechnik\/","https:\/\/www.youtube.com\/channel\/UCc2UgnWJ9Y_-pIXbDIek7wQ"]}]}},"_links":{"self":[{"href":"https:\/\/www.fries-kt.com\/es\/wp-json\/wp\/v2\/pages\/39849","targetHints":{"allow":["GET"]}}],"collection":[{"href":"https:\/\/www.fries-kt.com\/es\/wp-json\/wp\/v2\/pages"}],"about":[{"href":"https:\/\/www.fries-kt.com\/es\/wp-json\/wp\/v2\/types\/page"}],"author":[{"embeddable":true,"href":"https:\/\/www.fries-kt.com\/es\/wp-json\/wp\/v2\/users\/4"}],"replies":[{"embeddable":true,"href":"https:\/\/www.fries-kt.com\/es\/wp-json\/wp\/v2\/comments?post=39849"}],"version-history":[{"count":7,"href":"https:\/\/www.fries-kt.com\/es\/wp-json\/wp\/v2\/pages\/39849\/revisions"}],"predecessor-version":[{"id":53358,"href":"https:\/\/www.fries-kt.com\/es\/wp-json\/wp\/v2\/pages\/39849\/revisions\/53358"}],"up":[{"embeddable":true,"href":"https:\/\/www.fries-kt.com\/es\/wp-json\/wp\/v2\/pages\/39827"}],"wp:attachment":[{"href":"https:\/\/www.fries-kt.com\/es\/wp-json\/wp\/v2\/media?parent=39849"}],"curies":[{"name":"wp","href":"https:\/\/api.w.org\/{rel}","templated":true}]}}