{"id":19806,"date":"2015-10-19T10:09:47","date_gmt":"2015-10-19T08:09:47","guid":{"rendered":"https:\/\/www.fries-kt.com\/produits\/?lang=fr"},"modified":"2022-11-15T10:27:33","modified_gmt":"2022-11-15T08:27:33","slug":"produits","status":"publish","type":"page","link":"https:\/\/www.fries-kt.com\/fr\/produits\/","title":{"rendered":"Produits"},"content":{"rendered":"<p><div class=\"fusion-fullwidth fullwidth-box fusion-builder-row-1 nonhundred-percent-fullwidth non-hundred-percent-height-scrolling\" style=\"--awb-border-radius-top-left:0px;--awb-border-radius-top-right:0px;--awb-border-radius-bottom-right:0px;--awb-border-radius-bottom-left:0px;--awb-flex-wrap:wrap;\" ><div class=\"fusion-builder-row fusion-row\"><div class=\"fusion-layout-column fusion_builder_column fusion-builder-column-0 fusion_builder_column_1_1 1_1 fusion-one-full fusion-column-first fusion-column-last\" style=\"--awb-bg-size:cover;\"><div class=\"fusion-column-wrapper fusion-column-has-shadow fusion-flex-column-wrapper-legacy\"><div class=\"fusion-text fusion-text-1 color-verpackung gr\u00fcn\"><h1>Nos produits:<\/h1>\n<\/div><div class=\"fusion-clearfix\"><\/div><\/div><\/div><\/div><\/div><div class=\"fusion-fullwidth fullwidth-box fusion-builder-row-2 nonhundred-percent-fullwidth non-hundred-percent-height-scrolling\" style=\"--awb-background-position:left top;--awb-border-radius-top-left:0px;--awb-border-radius-top-right:0px;--awb-border-radius-bottom-right:0px;--awb-border-radius-bottom-left:0px;--awb-padding-top:20px;--awb-padding-right:0px;--awb-padding-bottom:20px;--awb-padding-left:0px;--awb-border-sizes-top:0px;--awb-border-sizes-bottom:0px;--awb-flex-wrap:wrap;\" ><div class=\"fusion-builder-row fusion-row\"><div class=\"fusion-layout-column fusion_builder_column fusion-builder-column-1 fusion_builder_column_1_4 1_4 fusion-one-fourth fusion-column-first\" style=\"--awb-bg-size:cover;width:22%; margin-right: 4%;\"><div class=\"fusion-column-wrapper fusion-flex-column-wrapper-legacy\"><div class=\"fusion-image-element fusion-image-align-center in-legacy-container\" style=\"text-align:center;--awb-caption-title-font-family:var(--h2_typography-font-family);--awb-caption-title-font-weight:var(--h2_typography-font-weight);--awb-caption-title-font-style:var(--h2_typography-font-style);--awb-caption-title-size:var(--h2_typography-font-size);--awb-caption-title-transform:var(--h2_typography-text-transform);--awb-caption-title-line-height:var(--h2_typography-line-height);--awb-caption-title-letter-spacing:var(--h2_typography-letter-spacing);\"><div class=\"imageframe-align-center\"><span class=\" fusion-imageframe imageframe-none imageframe-1 hover-type-none\"><a class=\"fusion-no-lightbox\" href=\"https:\/\/www.fries-kt.com\/produits\/emballage\/?lang=fr\" target=\"_self\" aria-label=\"Produktseite Bilder SGFS Verpackung FR\"><img decoding=\"async\" width=\"504\" height=\"685\" alt=\"Emballage\" src=\"https:\/\/www.fries-kt.com\/wp-content\/uploads\/Produktseite-Bilder-SGFS-Verpackung-FR-1.jpg\" class=\"img-responsive wp-image-38253\" srcset=\"https:\/\/www.fries-kt.com\/wp-content\/uploads\/Produktseite-Bilder-SGFS-Verpackung-FR-1-200x272.jpg 200w, https:\/\/www.fries-kt.com\/wp-content\/uploads\/Produktseite-Bilder-SGFS-Verpackung-FR-1-400x544.jpg 400w, https:\/\/www.fries-kt.com\/wp-content\/uploads\/Produktseite-Bilder-SGFS-Verpackung-FR-1.jpg 504w\" sizes=\"(max-width: 0px) 100vw, 400px\" \/><\/a><\/span><\/div><\/div><div class=\"fusion-clearfix\"><\/div><\/div><\/div><div class=\"fusion-layout-column fusion_builder_column fusion-builder-column-2 fusion_builder_column_1_4 1_4 fusion-one-fourth\" style=\"--awb-bg-size:cover;width:22%; margin-right: 4%;\"><div class=\"fusion-column-wrapper fusion-flex-column-wrapper-legacy\"><div class=\"fusion-image-element fusion-image-align-center in-legacy-container\" style=\"text-align:center;--awb-caption-title-font-family:var(--h2_typography-font-family);--awb-caption-title-font-weight:var(--h2_typography-font-weight);--awb-caption-title-font-style:var(--h2_typography-font-style);--awb-caption-title-size:var(--h2_typography-font-size);--awb-caption-title-transform:var(--h2_typography-text-transform);--awb-caption-title-line-height:var(--h2_typography-line-height);--awb-caption-title-letter-spacing:var(--h2_typography-letter-spacing);\"><div class=\"imageframe-align-center\"><span class=\" fusion-imageframe imageframe-none imageframe-2 hover-type-none\"><a class=\"fusion-no-lightbox\" href=\"https:\/\/www.fries-kt.com\/produits\/gastronomie\/?lang=fr\" target=\"_self\" aria-label=\"Produktseite Bilder SGFS Gastronomie FR\"><img decoding=\"async\" width=\"504\" height=\"685\" alt=\"Gastronomie\" src=\"https:\/\/www.fries-kt.com\/wp-content\/uploads\/Produktseite-Bilder-SGFS-Gastronomie-FR-1.jpg\" class=\"img-responsive wp-image-38250\" srcset=\"https:\/\/www.fries-kt.com\/wp-content\/uploads\/Produktseite-Bilder-SGFS-Gastronomie-FR-1-200x272.jpg 200w, https:\/\/www.fries-kt.com\/wp-content\/uploads\/Produktseite-Bilder-SGFS-Gastronomie-FR-1-400x544.jpg 400w, https:\/\/www.fries-kt.com\/wp-content\/uploads\/Produktseite-Bilder-SGFS-Gastronomie-FR-1.jpg 504w\" sizes=\"(max-width: 0px) 100vw, 400px\" \/><\/a><\/span><\/div><\/div><div class=\"fusion-clearfix\"><\/div><\/div><\/div><div class=\"fusion-layout-column fusion_builder_column fusion-builder-column-3 fusion_builder_column_1_4 1_4 fusion-one-fourth\" style=\"--awb-bg-size:cover;width:22%; margin-right: 4%;\"><div class=\"fusion-column-wrapper fusion-flex-column-wrapper-legacy\"><div class=\"fusion-image-element fusion-image-align-center in-legacy-container\" style=\"text-align:center;--awb-caption-title-font-family:var(--h2_typography-font-family);--awb-caption-title-font-weight:var(--h2_typography-font-weight);--awb-caption-title-font-style:var(--h2_typography-font-style);--awb-caption-title-size:var(--h2_typography-font-size);--awb-caption-title-transform:var(--h2_typography-text-transform);--awb-caption-title-line-height:var(--h2_typography-line-height);--awb-caption-title-letter-spacing:var(--h2_typography-letter-spacing);\"><div class=\"imageframe-align-center\"><span class=\" fusion-imageframe imageframe-none imageframe-3 hover-type-none\"><a class=\"fusion-no-lightbox\" href=\"https:\/\/www.fries-kt.com\/produits\/paniers-industriels\/?lang=fr\" target=\"_self\" aria-label=\"Produktseite Bilder SGFS Industriek\u00f6rbe FR\"><img decoding=\"async\" width=\"504\" height=\"685\" alt=\"Paniers industriels\" src=\"https:\/\/www.fries-kt.com\/wp-content\/uploads\/Produktseite-Bilder-SGFS-Industriekoerbe-FR-1.jpg\" class=\"img-responsive wp-image-38251\" srcset=\"https:\/\/www.fries-kt.com\/wp-content\/uploads\/Produktseite-Bilder-SGFS-Industriekoerbe-FR-1-200x272.jpg 200w, https:\/\/www.fries-kt.com\/wp-content\/uploads\/Produktseite-Bilder-SGFS-Industriekoerbe-FR-1-400x544.jpg 400w, https:\/\/www.fries-kt.com\/wp-content\/uploads\/Produktseite-Bilder-SGFS-Industriekoerbe-FR-1.jpg 504w\" sizes=\"(max-width: 0px) 100vw, 400px\" \/><\/a><\/span><\/div><\/div><div class=\"fusion-clearfix\"><\/div><\/div><\/div><div class=\"fusion-layout-column fusion_builder_column fusion-builder-column-4 fusion_builder_column_1_4 1_4 fusion-one-fourth fusion-column-last\" style=\"--awb-bg-size:cover;width:22%;\"><div class=\"fusion-column-wrapper fusion-flex-column-wrapper-legacy\"><div class=\"fusion-image-element fusion-image-align-center in-legacy-container\" style=\"text-align:center;--awb-caption-title-font-family:var(--h2_typography-font-family);--awb-caption-title-font-weight:var(--h2_typography-font-weight);--awb-caption-title-font-style:var(--h2_typography-font-style);--awb-caption-title-size:var(--h2_typography-font-size);--awb-caption-title-transform:var(--h2_typography-text-transform);--awb-caption-title-line-height:var(--h2_typography-line-height);--awb-caption-title-letter-spacing:var(--h2_typography-letter-spacing);\"><div class=\"imageframe-align-center\"><span class=\" fusion-imageframe imageframe-none imageframe-4 hover-type-none\"><a class=\"fusion-no-lightbox\" href=\"https:\/\/www.fries-kt.com\/produits\/pieces-techniques-moulees\/?lang=fr\" target=\"_self\" aria-label=\"Produktseite Bilder SGFS Technische Formteile FR\"><img decoding=\"async\" width=\"504\" height=\"685\" alt=\"Pi\u00e8ces techn. moul\u00e8es\" src=\"https:\/\/www.fries-kt.com\/wp-content\/uploads\/Produktseite-Bilder-SGFS-Technische-Formteile-FR-1.jpg\" class=\"img-responsive wp-image-38252\" srcset=\"https:\/\/www.fries-kt.com\/wp-content\/uploads\/Produktseite-Bilder-SGFS-Technische-Formteile-FR-1-200x272.jpg 200w, https:\/\/www.fries-kt.com\/wp-content\/uploads\/Produktseite-Bilder-SGFS-Technische-Formteile-FR-1-400x544.jpg 400w, https:\/\/www.fries-kt.com\/wp-content\/uploads\/Produktseite-Bilder-SGFS-Technische-Formteile-FR-1.jpg 504w\" sizes=\"(max-width: 0px) 100vw, 400px\" \/><\/a><\/span><\/div><\/div><div class=\"fusion-clearfix\"><\/div><\/div><\/div><\/div><\/div><\/p>\n","protected":false},"excerpt":{"rendered":"","protected":false},"author":4,"featured_media":0,"parent":0,"menu_order":0,"comment_status":"open","ping_status":"closed","template":"","meta":{"_acf_changed":false,"footnotes":""},"class_list":["post-19806","page","type-page","status-publish","hentry"],"acf":[],"yoast_head":"<!-- This site is optimized with the Yoast SEO plugin v26.8 - https:\/\/yoast.com\/product\/yoast-seo-wordpress\/ -->\n<title>Notre gamme de produits en mati\u00e8re plastique | FRIES<\/title>\n<meta name=\"description\" content=\"D\u00e9couvrez la diversit\u00e9 des produits de FRIES \u2714emballages \u2714paniers \u00e0 vaisselle en gastronomie \u2714paniers industriels \u2714pi\u00e8ces moul\u00e9es techniques\" \/>\n<meta name=\"robots\" content=\"index, follow, max-snippet:-1, max-image-preview:large, max-video-preview:-1\" \/>\n<link rel=\"canonical\" href=\"https:\/\/www.fries-kt.com\/fr\/produits\/\" \/>\n<meta name=\"twitter:label1\" content=\"Dur\u00e9e de lecture estim\u00e9e\" \/>\n\t<meta name=\"twitter:data1\" content=\"3 minutes\" \/>\n<script type=\"application\/ld+json\" class=\"yoast-schema-graph\">{\"@context\":\"https:\/\/schema.org\",\"@graph\":[{\"@type\":\"WebPage\",\"@id\":\"https:\/\/www.fries-kt.com\/fr\/produits\/\",\"url\":\"https:\/\/www.fries-kt.com\/fr\/produits\/\",\"name\":\"Notre gamme de produits en mati\u00e8re plastique | FRIES\",\"isPartOf\":{\"@id\":\"https:\/\/www.fries-kt.com\/#website\"},\"datePublished\":\"2015-10-19T08:09:47+00:00\",\"dateModified\":\"2022-11-15T08:27:33+00:00\",\"description\":\"D\u00e9couvrez la diversit\u00e9 des produits de FRIES \u2714emballages \u2714paniers \u00e0 vaisselle en gastronomie \u2714paniers industriels \u2714pi\u00e8ces moul\u00e9es techniques\",\"breadcrumb\":{\"@id\":\"https:\/\/www.fries-kt.com\/fr\/produits\/#breadcrumb\"},\"inLanguage\":\"fr-FR\",\"potentialAction\":[{\"@type\":\"ReadAction\",\"target\":[\"https:\/\/www.fries-kt.com\/fr\/produits\/\"]}]},{\"@type\":\"BreadcrumbList\",\"@id\":\"https:\/\/www.fries-kt.com\/fr\/produits\/#breadcrumb\",\"itemListElement\":[{\"@type\":\"ListItem\",\"position\":1,\"name\":\"Home\",\"item\":\"https:\/\/www.fries-kt.com\/fr\/\"},{\"@type\":\"ListItem\",\"position\":2,\"name\":\"Produits\"}]},{\"@type\":\"WebSite\",\"@id\":\"https:\/\/www.fries-kt.com\/#website\",\"url\":\"https:\/\/www.fries-kt.com\/\",\"name\":\"FRIES\",\"description\":\"\",\"publisher\":{\"@id\":\"https:\/\/www.fries-kt.com\/#organization\"},\"potentialAction\":[{\"@type\":\"SearchAction\",\"target\":{\"@type\":\"EntryPoint\",\"urlTemplate\":\"https:\/\/www.fries-kt.com\/?s={search_term_string}\"},\"query-input\":{\"@type\":\"PropertyValueSpecification\",\"valueRequired\":true,\"valueName\":\"search_term_string\"}}],\"inLanguage\":\"fr-FR\"},{\"@type\":\"Organization\",\"@id\":\"https:\/\/www.fries-kt.com\/#organization\",\"name\":\"FRIES Kunststofftechnik GmbH\",\"url\":\"https:\/\/www.fries-kt.com\/\",\"logo\":{\"@type\":\"ImageObject\",\"inLanguage\":\"fr-FR\",\"@id\":\"https:\/\/www.fries-kt.com\/#\/schema\/logo\/image\/\",\"url\":\"https:\/\/www.fries-kt.com\/wp-content\/uploads\/fries-logo.png\",\"contentUrl\":\"https:\/\/www.fries-kt.com\/wp-content\/uploads\/fries-logo.png\",\"width\":120,\"height\":60,\"caption\":\"FRIES Kunststofftechnik GmbH\"},\"image\":{\"@id\":\"https:\/\/www.fries-kt.com\/#\/schema\/logo\/image\/\"},\"sameAs\":[\"https:\/\/www.facebook.com\/FRIESKunststofftechnik\/\",\"https:\/\/www.youtube.com\/channel\/UCc2UgnWJ9Y_-pIXbDIek7wQ\"]}]}<\/script>\n<!-- \/ Yoast SEO plugin. -->","yoast_head_json":{"title":"Notre gamme de produits en mati\u00e8re plastique | FRIES","description":"D\u00e9couvrez la diversit\u00e9 des produits de FRIES \u2714emballages \u2714paniers \u00e0 vaisselle en gastronomie \u2714paniers industriels \u2714pi\u00e8ces moul\u00e9es techniques","robots":{"index":"index","follow":"follow","max-snippet":"max-snippet:-1","max-image-preview":"max-image-preview:large","max-video-preview":"max-video-preview:-1"},"canonical":"https:\/\/www.fries-kt.com\/fr\/produits\/","twitter_misc":{"Dur\u00e9e de lecture estim\u00e9e":"3 minutes"},"schema":{"@context":"https:\/\/schema.org","@graph":[{"@type":"WebPage","@id":"https:\/\/www.fries-kt.com\/fr\/produits\/","url":"https:\/\/www.fries-kt.com\/fr\/produits\/","name":"Notre gamme de produits en mati\u00e8re plastique | FRIES","isPartOf":{"@id":"https:\/\/www.fries-kt.com\/#website"},"datePublished":"2015-10-19T08:09:47+00:00","dateModified":"2022-11-15T08:27:33+00:00","description":"D\u00e9couvrez la diversit\u00e9 des produits de FRIES \u2714emballages \u2714paniers \u00e0 vaisselle en gastronomie \u2714paniers industriels \u2714pi\u00e8ces moul\u00e9es techniques","breadcrumb":{"@id":"https:\/\/www.fries-kt.com\/fr\/produits\/#breadcrumb"},"inLanguage":"fr-FR","potentialAction":[{"@type":"ReadAction","target":["https:\/\/www.fries-kt.com\/fr\/produits\/"]}]},{"@type":"BreadcrumbList","@id":"https:\/\/www.fries-kt.com\/fr\/produits\/#breadcrumb","itemListElement":[{"@type":"ListItem","position":1,"name":"Home","item":"https:\/\/www.fries-kt.com\/fr\/"},{"@type":"ListItem","position":2,"name":"Produits"}]},{"@type":"WebSite","@id":"https:\/\/www.fries-kt.com\/#website","url":"https:\/\/www.fries-kt.com\/","name":"FRIES","description":"","publisher":{"@id":"https:\/\/www.fries-kt.com\/#organization"},"potentialAction":[{"@type":"SearchAction","target":{"@type":"EntryPoint","urlTemplate":"https:\/\/www.fries-kt.com\/?s={search_term_string}"},"query-input":{"@type":"PropertyValueSpecification","valueRequired":true,"valueName":"search_term_string"}}],"inLanguage":"fr-FR"},{"@type":"Organization","@id":"https:\/\/www.fries-kt.com\/#organization","name":"FRIES Kunststofftechnik GmbH","url":"https:\/\/www.fries-kt.com\/","logo":{"@type":"ImageObject","inLanguage":"fr-FR","@id":"https:\/\/www.fries-kt.com\/#\/schema\/logo\/image\/","url":"https:\/\/www.fries-kt.com\/wp-content\/uploads\/fries-logo.png","contentUrl":"https:\/\/www.fries-kt.com\/wp-content\/uploads\/fries-logo.png","width":120,"height":60,"caption":"FRIES Kunststofftechnik GmbH"},"image":{"@id":"https:\/\/www.fries-kt.com\/#\/schema\/logo\/image\/"},"sameAs":["https:\/\/www.facebook.com\/FRIESKunststofftechnik\/","https:\/\/www.youtube.com\/channel\/UCc2UgnWJ9Y_-pIXbDIek7wQ"]}]}},"_links":{"self":[{"href":"https:\/\/www.fries-kt.com\/fr\/wp-json\/wp\/v2\/pages\/19806","targetHints":{"allow":["GET"]}}],"collection":[{"href":"https:\/\/www.fries-kt.com\/fr\/wp-json\/wp\/v2\/pages"}],"about":[{"href":"https:\/\/www.fries-kt.com\/fr\/wp-json\/wp\/v2\/types\/page"}],"author":[{"embeddable":true,"href":"https:\/\/www.fries-kt.com\/fr\/wp-json\/wp\/v2\/users\/4"}],"replies":[{"embeddable":true,"href":"https:\/\/www.fries-kt.com\/fr\/wp-json\/wp\/v2\/comments?post=19806"}],"version-history":[{"count":13,"href":"https:\/\/www.fries-kt.com\/fr\/wp-json\/wp\/v2\/pages\/19806\/revisions"}],"predecessor-version":[{"id":38254,"href":"https:\/\/www.fries-kt.com\/fr\/wp-json\/wp\/v2\/pages\/19806\/revisions\/38254"}],"wp:attachment":[{"href":"https:\/\/www.fries-kt.com\/fr\/wp-json\/wp\/v2\/media?parent=19806"}],"curies":[{"name":"wp","href":"https:\/\/api.w.org\/{rel}","templated":true}]}}