{"id":19825,"date":"2015-10-19T17:55:08","date_gmt":"2015-10-19T15:55:08","guid":{"rendered":"https:\/\/www.fries-kt.com\/contact\/?lang=fr"},"modified":"2026-02-05T12:01:55","modified_gmt":"2026-02-05T10:01:55","slug":"contact","status":"publish","type":"page","link":"https:\/\/www.fries-kt.com\/fr\/contact\/","title":{"rendered":"Contact"},"content":{"rendered":"<div class=\"fusion-fullwidth fullwidth-box fusion-builder-row-1 nonhundred-percent-fullwidth non-hundred-percent-height-scrolling\" style=\"--awb-background-position:left top;--awb-border-radius-top-left:0px;--awb-border-radius-top-right:0px;--awb-border-radius-bottom-right:0px;--awb-border-radius-bottom-left:0px;--awb-padding-top:20px;--awb-padding-right:0px;--awb-padding-bottom:20px;--awb-padding-left:0px;--awb-border-sizes-top:0px;--awb-border-sizes-bottom:0px;--awb-flex-wrap:wrap;\" ><div class=\"fusion-builder-row fusion-row\"><div class=\"fusion-layout-column fusion_builder_column fusion-builder-column-0 fusion_builder_column_2_3 2_3 fusion-two-third fusion-column-first\" style=\"--awb-bg-size:cover;width:65.3333%; margin-right: 4%;\"><div class=\"fusion-column-wrapper fusion-flex-column-wrapper-legacy\"><div class=\"fusion-text fusion-text-1 color-verpackung\"><h1>CONTACTEZ NOUS<\/h1>\n\n<div class=\"wpcf7 no-js\" id=\"wpcf7-f26690-o1\" lang=\"de-DE\" dir=\"ltr\" data-wpcf7-id=\"26690\">\n<div class=\"screen-reader-response\"><p role=\"status\" aria-live=\"polite\" aria-atomic=\"true\"><\/p> <ul><\/ul><\/div>\n<form action=\"\/fr\/wp-json\/wp\/v2\/pages\/19825#wpcf7-f26690-o1\" method=\"post\" class=\"wpcf7-form init\" aria-label=\"Kontaktformular\" novalidate=\"novalidate\" data-status=\"init\">\n<fieldset class=\"hidden-fields-container\"><input type=\"hidden\" name=\"_wpcf7\" value=\"26690\" \/><input type=\"hidden\" name=\"_wpcf7_version\" value=\"6.1.4\" \/><input type=\"hidden\" name=\"_wpcf7_locale\" value=\"de_DE\" \/><input type=\"hidden\" name=\"_wpcf7_unit_tag\" value=\"wpcf7-f26690-o1\" \/><input type=\"hidden\" name=\"_wpcf7_container_post\" value=\"0\" \/><input type=\"hidden\" name=\"_wpcf7_posted_data_hash\" value=\"\" \/><input type=\"hidden\" name=\"_wpcf7cf_hidden_group_fields\" value=\"[]\" \/><input type=\"hidden\" name=\"_wpcf7cf_hidden_groups\" value=\"[]\" \/><input type=\"hidden\" name=\"_wpcf7cf_visible_groups\" value=\"[]\" \/><input type=\"hidden\" name=\"_wpcf7cf_repeaters\" value=\"[]\" \/><input type=\"hidden\" name=\"_wpcf7cf_steps\" value=\"{}\" \/><input type=\"hidden\" name=\"_wpcf7cf_options\" value=\"{&quot;form_id&quot;:26690,&quot;conditions&quot;:[{&quot;then_field&quot;:&quot;group-kontakt-anfrage&quot;,&quot;and_rules&quot;:[{&quot;if_field&quot;:&quot;kontakt&quot;,&quot;operator&quot;:&quot;equals&quot;,&quot;if_value&quot;:&quot;Contact&quot;}]},{&quot;then_field&quot;:&quot;group-katalog-anfordern&quot;,&quot;and_rules&quot;:[{&quot;if_field&quot;:&quot;kontakt&quot;,&quot;operator&quot;:&quot;equals&quot;,&quot;if_value&quot;:&quot;Demande de catalogue&quot;}]}],&quot;settings&quot;:{&quot;animation&quot;:&quot;yes&quot;,&quot;animation_intime&quot;:200,&quot;animation_outtime&quot;:200,&quot;conditions_ui&quot;:&quot;normal&quot;,&quot;notice_dismissed&quot;:false,&quot;notice_dismissed_rollback-cf7-5.8.7&quot;:true,&quot;notice_dismissed_rollback-cf7-5.9.2&quot;:true,&quot;notice_dismissed_rollback-cf7-5.9.5&quot;:true}}\" \/><input type=\"hidden\" name=\"_wpcf7_recaptcha_response\" value=\"\" \/>\n<\/fieldset>\n<p><span class=\"wpcf7-form-control-wrap\" data-name=\"kontakt\"><span class=\"wpcf7-form-control wpcf7-radio\"><span class=\"wpcf7-list-item first\"><input type=\"radio\" name=\"kontakt\" value=\"Contact\" checked=\"checked\" \/><span class=\"wpcf7-list-item-label\">Contact<\/span><\/span><span class=\"wpcf7-list-item last\"><input type=\"radio\" name=\"kontakt\" value=\"Demande de catalogue\" \/><span class=\"wpcf7-list-item-label\">Demande de catalogue<\/span><\/span><\/span><\/span>\n<\/p>\n<p><label> Votre nom* (obligatoire)<br \/>\n<span class=\"wpcf7-form-control-wrap\" data-name=\"your-name\"><input size=\"40\" maxlength=\"400\" class=\"wpcf7-form-control wpcf7-text wpcf7-validates-as-required\" aria-required=\"true\" aria-invalid=\"false\" value=\"\" type=\"text\" name=\"your-name\" \/><\/span> <\/label>\n<\/p>\n<p><label> Soci\u00e9t\u00e9*<br \/>\n<span class=\"wpcf7-form-control-wrap\" data-name=\"firma\"><input size=\"40\" maxlength=\"400\" class=\"wpcf7-form-control wpcf7-text wpcf7-validates-as-required\" aria-required=\"true\" aria-invalid=\"false\" value=\"\" type=\"text\" name=\"firma\" \/><\/span> <\/label>\n<\/p>\n<p><label> Rue*<br \/>\n<span class=\"wpcf7-form-control-wrap\" data-name=\"strasse\"><input size=\"40\" maxlength=\"400\" class=\"wpcf7-form-control wpcf7-text wpcf7-validates-as-required\" aria-required=\"true\" aria-invalid=\"false\" value=\"\" type=\"text\" name=\"strasse\" \/><\/span> <\/label>\n<\/p>\n<p><label> N\u00b0 postal*<br \/>\n<span class=\"wpcf7-form-control-wrap\" data-name=\"plz\"><input size=\"40\" maxlength=\"400\" class=\"wpcf7-form-control wpcf7-text wpcf7-validates-as-required\" aria-required=\"true\" aria-invalid=\"false\" value=\"\" type=\"text\" name=\"plz\" \/><\/span> <\/label>\n<\/p>\n<p><label> Localit\u00e9*<br \/>\n<span class=\"wpcf7-form-control-wrap\" data-name=\"ort\"><input size=\"40\" maxlength=\"400\" class=\"wpcf7-form-control wpcf7-text wpcf7-validates-as-required\" aria-required=\"true\" aria-invalid=\"false\" value=\"\" type=\"text\" name=\"ort\" \/><\/span> <\/label>\n<\/p>\n<p><label> Pays*<br \/>\n<span class=\"wpcf7-form-control-wrap\" data-name=\"land\"><input size=\"40\" maxlength=\"400\" class=\"wpcf7-form-control wpcf7-text wpcf7-validates-as-required\" aria-required=\"true\" aria-invalid=\"false\" value=\"\" type=\"text\" name=\"land\" \/><\/span> <\/label>\n<\/p>\n<p><label> Votre adresse e-mail*<br \/>\n<span class=\"wpcf7-form-control-wrap\" data-name=\"your-email\"><input size=\"40\" maxlength=\"400\" class=\"wpcf7-form-control wpcf7-email wpcf7-validates-as-required wpcf7-text wpcf7-validates-as-email\" aria-required=\"true\" aria-invalid=\"false\" value=\"\" type=\"email\" name=\"your-email\" \/><\/span> <\/label>\n<\/p>\n<div data-id=\"group-kontakt-anfrage\" data-orig_data_id=\"group-kontakt-anfrage\" data-clear_on_hide class=\"\" data-class=\"wpcf7cf_group\">\n\t<p><label> Num\u00e9ro de t\u00e9l\u00e9phone<br \/>\n<span class=\"wpcf7-form-control-wrap\" data-name=\"tel-223\"><input size=\"40\" maxlength=\"400\" class=\"wpcf7-form-control wpcf7-tel wpcf7-text wpcf7-validates-as-tel\" aria-invalid=\"false\" value=\"\" type=\"tel\" name=\"tel-223\" \/><\/span> <\/label>\n\t<\/p>\n\t<p><label> Objet*<br \/>\n<span class=\"wpcf7-form-control-wrap\" data-name=\"your-subject\"><input size=\"40\" maxlength=\"400\" class=\"wpcf7-form-control wpcf7-text wpcf7-validates-as-required\" aria-required=\"true\" aria-invalid=\"false\" value=\"\" type=\"text\" name=\"your-subject\" \/><\/span> <\/label>\n\t<\/p>\n\t<p><label> Votre message*<br \/>\n<span class=\"wpcf7-form-control-wrap\" data-name=\"your-message\"><textarea cols=\"40\" rows=\"10\" maxlength=\"2000\" class=\"wpcf7-form-control wpcf7-textarea wpcf7-validates-as-required\" aria-required=\"true\" aria-invalid=\"false\" name=\"your-message\"><\/textarea><\/span> <\/label>\n\t<\/p>\n<\/div>\n<div data-id=\"group-katalog-anfordern\" data-orig_data_id=\"group-katalog-anfordern\" data-clear_on_hide class=\"\" data-class=\"wpcf7cf_group\">\n\t<p><label style=\"font-weight:bold;\"> Catalogue Packaging <\/label><br \/>\n<span class=\"wpcf7-form-control-wrap\" data-name=\"prospekte-verpackung\"><span class=\"wpcf7-form-control wpcf7-checkbox\"><span class=\"wpcf7-list-item first last\"><input type=\"checkbox\" name=\"prospekte-verpackung[]\" value=\"Catalogue packaging (pails, cans, jerrycans, drums)\" \/><span class=\"wpcf7-list-item-label\">Catalogue packaging (pails, cans, jerrycans, drums)<\/span><\/span><\/span><\/span>\n\t<\/p>\n\t<p><label style=\"font-weight:bold;\"> Catalogue Gastro <\/label><br \/>\n<span class=\"wpcf7-form-control-wrap\" data-name=\"prospekte-gastrokorb1\"><span class=\"wpcf7-form-control wpcf7-checkbox\"><span class=\"wpcf7-list-item first last\"><input type=\"checkbox\" name=\"prospekte-gastrokorb1[]\" value=\"Rack System 400 x 400\" \/><span class=\"wpcf7-list-item-label\">Rack System 400 x 400<\/span><\/span><\/span><\/span><br \/>\n<span class=\"wpcf7-form-control-wrap\" data-name=\"prospekte-gastrokorb2\"><span class=\"wpcf7-form-control wpcf7-checkbox\"><span class=\"wpcf7-list-item first last\"><input type=\"checkbox\" name=\"prospekte-gastrokorb2[]\" value=\"Rack System 500 x 500 (incl. transport box + eventplates)\" \/><span class=\"wpcf7-list-item-label\">Rack System 500 x 500 (incl. transport box + eventplates)<\/span><\/span><\/span><\/span><br \/>\n<span class=\"wpcf7-form-control-wrap\" data-name=\"prospekte-gastrokorb3\"><span class=\"wpcf7-form-control wpcf7-checkbox\"><span class=\"wpcf7-list-item first last\"><input type=\"checkbox\" name=\"prospekte-gastrokorb3[]\" value=\"Rack System 600 x 400\" \/><span class=\"wpcf7-list-item-label\">Rack System 600 x 400<\/span><\/span><\/span><\/span><br \/>\n<span class=\"wpcf7-form-control-wrap\" data-name=\"prospekte-gastrokorb4\"><span class=\"wpcf7-form-control wpcf7-checkbox\"><span class=\"wpcf7-list-item first last\"><input type=\"checkbox\" name=\"prospekte-gastrokorb4[]\" value=\"Rack System 600 x 500\" \/><span class=\"wpcf7-list-item-label\">Rack System 600 x 500<\/span><\/span><\/span><\/span>\n\t<\/p>\n\t<p><label style=\"font-weight:bold;\"> Measuring Chart Gastro <\/label><br \/>\n<span class=\"wpcf7-form-control-wrap\" data-name=\"maszkarte-gastrokorb1\"><span class=\"wpcf7-form-control wpcf7-checkbox\"><span class=\"wpcf7-list-item first last\"><input type=\"checkbox\" name=\"maszkarte-gastrokorb1[]\" value=\"Basket size 400 x 400\" \/><span class=\"wpcf7-list-item-label\">Basket size 400 x 400<\/span><\/span><\/span><\/span><br \/>\n<span class=\"wpcf7-form-control-wrap\" data-name=\"maszkarte-gastrokorb2\"><span class=\"wpcf7-form-control wpcf7-checkbox\"><span class=\"wpcf7-list-item first last\"><input type=\"checkbox\" name=\"maszkarte-gastrokorb2[]\" value=\"Basket size 500 x 500\" \/><span class=\"wpcf7-list-item-label\">Basket size 500 x 500<\/span><\/span><\/span><\/span><br \/>\n<span class=\"wpcf7-form-control-wrap\" data-name=\"maszkarte-gastrokorb3\"><span class=\"wpcf7-form-control wpcf7-checkbox\"><span class=\"wpcf7-list-item first last\"><input type=\"checkbox\" name=\"maszkarte-gastrokorb3[]\" value=\"Basket size 600 x 400\" \/><span class=\"wpcf7-list-item-label\">Basket size 600 x 400<\/span><\/span><\/span><\/span>\n\t<\/p>\n\t<p><label style=\"font-weight:bold;\"> Catalogue Industrial Baskets <\/label><br \/>\n<span class=\"wpcf7-form-control-wrap\" data-name=\"prospekte-wst-und-reinigungskorb1\"><span class=\"wpcf7-form-control wpcf7-checkbox\"><span class=\"wpcf7-list-item first last\"><input type=\"checkbox\" name=\"prospekte-wst-und-reinigungskorb1[]\" value=\"Industrial baskets tech-rack\" \/><span class=\"wpcf7-list-item-label\">Industrial baskets tech-rack<\/span><\/span><\/span><\/span><br \/>\n<span class=\"wpcf7-form-control-wrap\" data-name=\"prospekte-wst-und-reinigungskorb2\"><span class=\"wpcf7-form-control wpcf7-checkbox\"><span class=\"wpcf7-list-item first last\"><input type=\"checkbox\" name=\"prospekte-wst-und-reinigungskorb2[]\" value=\"Workpiece carrier system techtray\" \/><span class=\"wpcf7-list-item-label\">Workpiece carrier system techtray<\/span><\/span><\/span><\/span><br \/>\n<span class=\"wpcf7-form-control-wrap\" data-name=\"prospekte-wst-und-reinigungskorb3\"><span class=\"wpcf7-form-control wpcf7-checkbox\"><span class=\"wpcf7-list-item first last\"><input type=\"checkbox\" name=\"prospekte-wst-und-reinigungskorb3[]\" value=\"Trade fair innovation \u2013 tech-rack variogrid variable workpiece carrier system\" \/><span class=\"wpcf7-list-item-label\">Trade fair innovation \u2013 tech-rack variogrid variable workpiece carrier system<\/span><\/span><\/span><\/span>\n\t<\/p>\n\t<p><label style=\"font-weight:bold;\"> Catalogue vaisselle r\u00e9utilisable <\/label><br \/>\n<span class=\"wpcf7-form-control-wrap\" data-name=\"prospekt-mehrweggeschirr\"><span class=\"wpcf7-form-control wpcf7-checkbox\"><span class=\"wpcf7-list-item first last\"><input type=\"checkbox\" name=\"prospekt-mehrweggeschirr[]\" value=\"Vaisselle r\u00e9utilisable\" \/><span class=\"wpcf7-list-item-label\">Vaisselle r\u00e9utilisable<\/span><\/span><\/span><\/span>\n\t<\/p>\n<\/div>\n<p><span class=\"wpcf7-form-control-wrap\" data-name=\"accept-this-1\"><span class=\"wpcf7-form-control wpcf7-acceptance\"><span class=\"wpcf7-list-item\"><label><input type=\"checkbox\" name=\"accept-this-1\" value=\"1\" aria-invalid=\"false\" \/><span class=\"wpcf7-list-item-label\">J'ai lu et accept\u00e9 la <a href=\"\/unternehmen\/datenschutz\/\">d\u00e9claration de confidentialit\u00e9<\/a>.<\/span><\/label><\/span><\/span><\/span>\n<\/p>\n\n<p><input class=\"wpcf7-form-control wpcf7-submit has-spinner\" type=\"submit\" value=\"Envoyer\" \/>\n<\/p><div class=\"fusion-alert alert custom alert-custom fusion-alert-center wpcf7-response-output fusion-alert-capitalize awb-alert-native-link-color alert-dismissable awb-alert-close-boxed\" style=\"--awb-border-size:1px;--awb-border-top-left-radius:0px;--awb-border-top-right-radius:0px;--awb-border-bottom-left-radius:0px;--awb-border-bottom-right-radius:0px;\" role=\"alert\"><div class=\"fusion-alert-content-wrapper\"><span class=\"fusion-alert-content\"><\/span><\/div><button type=\"button\" class=\"close toggle-alert\" data-dismiss=\"alert\" aria-label=\"Close\">&times;<\/button><\/div>\n<\/form>\n<\/div>\n\n<\/div><div class=\"fusion-clearfix\"><\/div><\/div><\/div><div class=\"fusion-layout-column fusion_builder_column fusion-builder-column-1 fusion_builder_column_1_3 1_3 fusion-one-third fusion-column-last\" style=\"--awb-bg-size:cover;width:30.6666%;\"><div class=\"fusion-column-wrapper fusion-flex-column-wrapper-legacy\"><div class=\"fusion-text fusion-text-2\" style=\"--awb-text-transform:none;\"><h2 style=\"text-align: left;\">FRIES CUP CONCEPT France SAS<\/h2>\n<p style=\"text-align: left;\">2 rue Fernand de Magellan<br \/>\n77700 Coupvray | France<\/p>\n<p style=\"text-align: left;\">T\u00a0 <a href=\"tel:+33159080500\">+ 33 (0)1 59 08 05 00<\/a>\u00a0G\u00e9n\u00e9ral<br \/>\n<a class=\"css-1rn59kg\" title=\"mailto:info@fries-cupconcept.fr\" href=\"mailto:info@fries-cupconcept.fr\" data-testid=\"link-with-safety\" data-renderer-mark=\"true\">info@fries-cupconcept.fr<\/a><\/p>\n<h2 class=\"documentFirstHeading\"><span id=\"parent-fieldname-title\"> Personnes de contact<\/span><\/h2>\n<div>\n<div id=\"parent-fieldname-text\">\n<p><strong>Pr\u00e9sident<br \/>\n<\/strong>La soci\u00e9t\u00e9 FRIES Kunststofftechnik GmbH repr\u00e9sent\u00e9e par Gerhard Bertsch<\/p>\n<p><strong>Directeur G\u00e9n\u00e9ral<br \/>\n<\/strong>Mario Leitner<\/p>\n<\/div>\n<\/div>\n<div id=\"gtx-trans\" style=\"position: absolute; left: 185px; top: 709.625px;\">\n<div class=\"gtx-trans-icon\"><\/div>\n<\/div>\n<\/div><div class=\"fusion-text fusion-text-3\"><h2>Downloads<\/h2>\n<p><strong>Emballage<\/strong><\/p>\n<p><a href=\"https:\/\/www.fries-kt.com\/wp-content\/uploads\/FRIES-kunststoff-industrieverpackungen_en.pdf\" target=\"_blank\" rel=\"noopener noreferrer\">FRIES Industrial Packaging<\/a><\/p>\n<p><strong>Gastronomie<\/strong><\/p>\n<p><a href=\"https:\/\/www.fries-kt.com\/wp-content\/uploads\/FRIES-Casiers-de-lavage-400x400_FR.pdf\" target=\"_blank\" rel=\"noopener noreferrer\">FRIES Rack-System 400 x 400<\/a><\/p>\n<p><a href=\"https:\/\/www.fries-kt.com\/wp-content\/uploads\/fries-rack-system-500x500-fr.pdf\" target=\"_blank\" rel=\"noopener noreferrer\">FRIES Rack-System 500 x 500<\/a><\/p>\n<p><a href=\"https:\/\/www.fries-kt.com\/wp-content\/uploads\/FRIES-Casiers-de-lavage-600x400_FR.pdf\" target=\"_blank\" rel=\"noopener noreferrer\">FRIES Rack-System 600 x 400<\/a><\/p>\n<p><a href=\"https:\/\/www.fries-kt.com\/wp-content\/uploads\/FRIES-Casiers-de-lavage-XL-600x500_FR.pdf\" target=\"_blank\" rel=\"noopener noreferrer\">FRIES Rack-System XL 600 x 500<\/a><\/p>\n<p><a href=\"https:\/\/www.fries-kt.com\/wp-content\/uploads\/FRIES-Caisse-de-transport-et-assiettes-event_FR.pdf\" target=\"_blank\" rel=\"noopener noreferrer\">FRIES BOX de transport &amp; assiettes event<\/a><\/p>\n<p><strong>Paniers industriels<\/strong><\/p>\n<p><a href=\"https:\/\/www.fries-kt.com\/wp-content\/uploads\/fries-werkstuecktraeger-industriekoerbe-fr.pdf\" target=\"_blank\" rel=\"noopener noreferrer\">FRIES porte-pi\u00e8ces paniers de nettoyage pour l&#8217;industrie<\/a><\/p>\n<\/div><div class=\"fusion-clearfix\"><\/div><\/div><\/div><\/div><\/div>\n","protected":false},"excerpt":{"rendered":"","protected":false},"author":4,"featured_media":0,"parent":0,"menu_order":0,"comment_status":"closed","ping_status":"closed","template":"","meta":{"_acf_changed":false,"footnotes":""},"class_list":["post-19825","page","type-page","status-publish","hentry"],"acf":[],"yoast_head":"<!-- This site is optimized with the Yoast SEO plugin v26.8 - https:\/\/yoast.com\/product\/yoast-seo-wordpress\/ -->\n<title>Contact et interlocuteurs | FRIES Kunstofftechnik GmbH<\/title>\n<meta name=\"description\" content=\"Vos interlocuteurs sont volontiers \u00e0 votre disposition. Contactez-nous par t\u00e9l\u00e9phone ou au moyen du formulaire de contact\u00a0!\" \/>\n<meta name=\"robots\" content=\"index, follow, max-snippet:-1, max-image-preview:large, max-video-preview:-1\" \/>\n<link rel=\"canonical\" href=\"https:\/\/www.fries-kt.com\/fr\/contact\/\" \/>\n<meta name=\"twitter:label1\" content=\"Dur\u00e9e de lecture estim\u00e9e\" \/>\n\t<meta name=\"twitter:data1\" content=\"2 minutes\" \/>\n<script type=\"application\/ld+json\" class=\"yoast-schema-graph\">{\"@context\":\"https:\/\/schema.org\",\"@graph\":[{\"@type\":\"WebPage\",\"@id\":\"https:\/\/www.fries-kt.com\/fr\/contact\/\",\"url\":\"https:\/\/www.fries-kt.com\/fr\/contact\/\",\"name\":\"Contact et interlocuteurs | FRIES Kunstofftechnik GmbH\",\"isPartOf\":{\"@id\":\"https:\/\/www.fries-kt.com\/#website\"},\"datePublished\":\"2015-10-19T15:55:08+00:00\",\"dateModified\":\"2026-02-05T10:01:55+00:00\",\"description\":\"Vos interlocuteurs sont volontiers \u00e0 votre disposition. Contactez-nous par t\u00e9l\u00e9phone ou au moyen du formulaire de contact\u00a0!\",\"breadcrumb\":{\"@id\":\"https:\/\/www.fries-kt.com\/fr\/contact\/#breadcrumb\"},\"inLanguage\":\"fr-FR\",\"potentialAction\":[{\"@type\":\"ReadAction\",\"target\":[\"https:\/\/www.fries-kt.com\/fr\/contact\/\"]}]},{\"@type\":\"BreadcrumbList\",\"@id\":\"https:\/\/www.fries-kt.com\/fr\/contact\/#breadcrumb\",\"itemListElement\":[{\"@type\":\"ListItem\",\"position\":1,\"name\":\"Home\",\"item\":\"https:\/\/www.fries-kt.com\/fr\/\"},{\"@type\":\"ListItem\",\"position\":2,\"name\":\"Contact\"}]},{\"@type\":\"WebSite\",\"@id\":\"https:\/\/www.fries-kt.com\/#website\",\"url\":\"https:\/\/www.fries-kt.com\/\",\"name\":\"FRIES\",\"description\":\"\",\"publisher\":{\"@id\":\"https:\/\/www.fries-kt.com\/#organization\"},\"potentialAction\":[{\"@type\":\"SearchAction\",\"target\":{\"@type\":\"EntryPoint\",\"urlTemplate\":\"https:\/\/www.fries-kt.com\/?s={search_term_string}\"},\"query-input\":{\"@type\":\"PropertyValueSpecification\",\"valueRequired\":true,\"valueName\":\"search_term_string\"}}],\"inLanguage\":\"fr-FR\"},{\"@type\":\"Organization\",\"@id\":\"https:\/\/www.fries-kt.com\/#organization\",\"name\":\"FRIES Kunststofftechnik GmbH\",\"url\":\"https:\/\/www.fries-kt.com\/\",\"logo\":{\"@type\":\"ImageObject\",\"inLanguage\":\"fr-FR\",\"@id\":\"https:\/\/www.fries-kt.com\/#\/schema\/logo\/image\/\",\"url\":\"https:\/\/www.fries-kt.com\/wp-content\/uploads\/fries-logo.png\",\"contentUrl\":\"https:\/\/www.fries-kt.com\/wp-content\/uploads\/fries-logo.png\",\"width\":120,\"height\":60,\"caption\":\"FRIES Kunststofftechnik GmbH\"},\"image\":{\"@id\":\"https:\/\/www.fries-kt.com\/#\/schema\/logo\/image\/\"},\"sameAs\":[\"https:\/\/www.facebook.com\/FRIESKunststofftechnik\/\",\"https:\/\/www.youtube.com\/channel\/UCc2UgnWJ9Y_-pIXbDIek7wQ\"]}]}<\/script>\n<!-- \/ Yoast SEO plugin. -->","yoast_head_json":{"title":"Contact et interlocuteurs | FRIES Kunstofftechnik GmbH","description":"Vos interlocuteurs sont volontiers \u00e0 votre disposition. Contactez-nous par t\u00e9l\u00e9phone ou au moyen du formulaire de contact\u00a0!","robots":{"index":"index","follow":"follow","max-snippet":"max-snippet:-1","max-image-preview":"max-image-preview:large","max-video-preview":"max-video-preview:-1"},"canonical":"https:\/\/www.fries-kt.com\/fr\/contact\/","twitter_misc":{"Dur\u00e9e de lecture estim\u00e9e":"2 minutes"},"schema":{"@context":"https:\/\/schema.org","@graph":[{"@type":"WebPage","@id":"https:\/\/www.fries-kt.com\/fr\/contact\/","url":"https:\/\/www.fries-kt.com\/fr\/contact\/","name":"Contact et interlocuteurs | FRIES Kunstofftechnik GmbH","isPartOf":{"@id":"https:\/\/www.fries-kt.com\/#website"},"datePublished":"2015-10-19T15:55:08+00:00","dateModified":"2026-02-05T10:01:55+00:00","description":"Vos interlocuteurs sont volontiers \u00e0 votre disposition. Contactez-nous par t\u00e9l\u00e9phone ou au moyen du formulaire de contact\u00a0!","breadcrumb":{"@id":"https:\/\/www.fries-kt.com\/fr\/contact\/#breadcrumb"},"inLanguage":"fr-FR","potentialAction":[{"@type":"ReadAction","target":["https:\/\/www.fries-kt.com\/fr\/contact\/"]}]},{"@type":"BreadcrumbList","@id":"https:\/\/www.fries-kt.com\/fr\/contact\/#breadcrumb","itemListElement":[{"@type":"ListItem","position":1,"name":"Home","item":"https:\/\/www.fries-kt.com\/fr\/"},{"@type":"ListItem","position":2,"name":"Contact"}]},{"@type":"WebSite","@id":"https:\/\/www.fries-kt.com\/#website","url":"https:\/\/www.fries-kt.com\/","name":"FRIES","description":"","publisher":{"@id":"https:\/\/www.fries-kt.com\/#organization"},"potentialAction":[{"@type":"SearchAction","target":{"@type":"EntryPoint","urlTemplate":"https:\/\/www.fries-kt.com\/?s={search_term_string}"},"query-input":{"@type":"PropertyValueSpecification","valueRequired":true,"valueName":"search_term_string"}}],"inLanguage":"fr-FR"},{"@type":"Organization","@id":"https:\/\/www.fries-kt.com\/#organization","name":"FRIES Kunststofftechnik GmbH","url":"https:\/\/www.fries-kt.com\/","logo":{"@type":"ImageObject","inLanguage":"fr-FR","@id":"https:\/\/www.fries-kt.com\/#\/schema\/logo\/image\/","url":"https:\/\/www.fries-kt.com\/wp-content\/uploads\/fries-logo.png","contentUrl":"https:\/\/www.fries-kt.com\/wp-content\/uploads\/fries-logo.png","width":120,"height":60,"caption":"FRIES Kunststofftechnik GmbH"},"image":{"@id":"https:\/\/www.fries-kt.com\/#\/schema\/logo\/image\/"},"sameAs":["https:\/\/www.facebook.com\/FRIESKunststofftechnik\/","https:\/\/www.youtube.com\/channel\/UCc2UgnWJ9Y_-pIXbDIek7wQ"]}]}},"_links":{"self":[{"href":"https:\/\/www.fries-kt.com\/fr\/wp-json\/wp\/v2\/pages\/19825","targetHints":{"allow":["GET"]}}],"collection":[{"href":"https:\/\/www.fries-kt.com\/fr\/wp-json\/wp\/v2\/pages"}],"about":[{"href":"https:\/\/www.fries-kt.com\/fr\/wp-json\/wp\/v2\/types\/page"}],"author":[{"embeddable":true,"href":"https:\/\/www.fries-kt.com\/fr\/wp-json\/wp\/v2\/users\/4"}],"replies":[{"embeddable":true,"href":"https:\/\/www.fries-kt.com\/fr\/wp-json\/wp\/v2\/comments?post=19825"}],"version-history":[{"count":41,"href":"https:\/\/www.fries-kt.com\/fr\/wp-json\/wp\/v2\/pages\/19825\/revisions"}],"predecessor-version":[{"id":80041,"href":"https:\/\/www.fries-kt.com\/fr\/wp-json\/wp\/v2\/pages\/19825\/revisions\/80041"}],"wp:attachment":[{"href":"https:\/\/www.fries-kt.com\/fr\/wp-json\/wp\/v2\/media?parent=19825"}],"curies":[{"name":"wp","href":"https:\/\/api.w.org\/{rel}","templated":true}]}}