{"id":19857,"date":"2015-10-21T15:24:09","date_gmt":"2015-10-21T13:24:09","guid":{"rendered":"https:\/\/www.fries-kt.com\/produits\/pieces-techniques-moulees\/?lang=fr"},"modified":"2021-03-11T16:59:32","modified_gmt":"2021-03-11T14:59:32","slug":"pieces-techniques-moulees","status":"publish","type":"page","link":"https:\/\/www.fries-kt.com\/fr\/produits\/pieces-techniques-moulees\/","title":{"rendered":"Pi\u00e8ces techniques moul\u00e9es"},"content":{"rendered":"<div class=\"fusion-fullwidth fullwidth-box fusion-builder-row-1 hundred-percent-fullwidth non-hundred-percent-height-scrolling\" style=\"--awb-border-radius-top-left:0px;--awb-border-radius-top-right:0px;--awb-border-radius-bottom-right:0px;--awb-border-radius-bottom-left:0px;--awb-overflow:visible;--awb-flex-wrap:wrap;\" ><div class=\"fusion-builder-row fusion-row\"><div class=\"fusion-layout-column fusion_builder_column fusion-builder-column-0 fusion_builder_column_1_1 1_1 fusion-one-full fusion-column-first fusion-column-last\" style=\"--awb-bg-size:cover;\"><div class=\"fusion-column-wrapper fusion-flex-column-wrapper-legacy\"><div class=\"fusion-text fusion-text-1 color-formteile grau\"><h2><strong>Pi\u00e8ces techniques moul\u00e9es en plastique<\/strong><\/h2>\n<p><strong>Transformez vos id\u00e9es en moules pouvant \u00eatre commercialis\u00e9s<\/strong><\/p>\n<p>Nous d\u00e9veloppons et produisons pour nos clients des solutions techniques personnalis\u00e9es dans le domaine du moulage par injection et du soufflage par extrusion (soufflage de corps creux).<\/p>\n<p><strong>Comp\u00e9tence gr\u00e2ce \u00e0 l&#8217;exp\u00e9rience et au savoir-faire<br \/>\n<\/strong>Les sp\u00e9cialistes du d\u00e9veloppement de Fries poss\u00e8dent de nombreuses ann\u00e9es d&#8217;exp\u00e9rience et de savoir-faire dans les domaines du d\u00e9veloppement de produits, de la planification, de la production, de l&#8217;optimisation, du contr\u00f4le et des tests de produits pouvant \u00eatre commercialis\u00e9s. Nous vous conseillons rapidement, efficacement et avec comp\u00e9tence pour trouver la solution optimale pour votre produit en termes de qualit\u00e9, de conception et de co\u00fbts.<\/p>\n<\/div><div class=\"fusion-alignleft\"><a class=\"fusion-button button-flat fusion-button-default-size button-custom fusion-button-default button-1 fusion-button-default-span fusion-button-default-type color-verpackung\" style=\"--button_accent_color:#ffffff;--button_border_color:#a4a4a3;--button_accent_hover_color:#ffffff;--button_border_hover_color:#a4a4a3;--button_gradient_top_color:#a4a4a3;--button_gradient_bottom_color:#a4a4a3;--button_gradient_top_color_hover:#a4a4a3;--button_gradient_bottom_color_hover:#a4a4a3;--button_text_transform:none;--button_margin-top:10px;--button_margin-bottom:20px;\" target=\"_self\" href=\"https:\/\/www.fries-kt.com\/fr\/contact\/?amp;your-subject=Pi\u00e8ces techniques moul\u00e9es\"><span class=\"fusion-button-text awb-button__text awb-button__text--default\">Demandez maintenant<\/span><\/a><\/div><div class=\"fusion-clearfix\"><\/div><\/div><\/div><div class=\"fusion-layout-column fusion_builder_column fusion-builder-column-1 fusion_builder_column_1_3 1_3 fusion-one-third fusion-column-first\" style=\"--awb-bg-size:cover;width:30.6666%; margin-right: 4%;\"><div class=\"fusion-column-wrapper fusion-flex-column-wrapper-legacy\"><div class=\"fusion-image-element in-legacy-container\" style=\"--awb-caption-title-font-family:var(--h2_typography-font-family);--awb-caption-title-font-weight:var(--h2_typography-font-weight);--awb-caption-title-font-style:var(--h2_typography-font-style);--awb-caption-title-size:var(--h2_typography-font-size);--awb-caption-title-transform:var(--h2_typography-text-transform);--awb-caption-title-line-height:var(--h2_typography-line-height);--awb-caption-title-letter-spacing:var(--h2_typography-letter-spacing);\"><span class=\" fusion-imageframe imageframe-none imageframe-1 hover-type-none\"><img decoding=\"async\" width=\"242\" height=\"242\" alt=\"Technische Formteile aus Kunststoff\" title=\"Technische-Formteile\" src=\"https:\/\/www.fries-kt.com\/wp-content\/uploads\/Technische-Formteile.jpg\" class=\"img-responsive wp-image-24516\" srcset=\"https:\/\/www.fries-kt.com\/wp-content\/uploads\/Technische-Formteile-66x66.jpg 66w, https:\/\/www.fries-kt.com\/wp-content\/uploads\/Technische-Formteile-150x150.jpg 150w, https:\/\/www.fries-kt.com\/wp-content\/uploads\/Technische-Formteile.jpg 242w\" sizes=\"(max-width: 242px) 100vw, 242px\" \/><\/span><\/div><div class=\"fusion-text fusion-text-2 color-formteile grau\"><h4><a href=\"http:\/\/www.protos.at\" target=\"_blank\" rel=\"noopener noreferrer\">Casque de protection int\u00e9gral Protos<\/a><\/h4>\n<h4><\/h4>\n<h4><a href=\"http:\/\/www.protos.at\" target=\"_blank\" rel=\"noopener noreferrer\">\u00a0<\/a><\/h4>\n<\/div><div class=\"fusion-clearfix\"><\/div><\/div><\/div><div class=\"fusion-layout-column fusion_builder_column fusion-builder-column-2 fusion_builder_column_1_3 1_3 fusion-one-third\" style=\"--awb-bg-size:cover;width:30.6666%; margin-right: 4%;\"><div class=\"fusion-column-wrapper fusion-flex-column-wrapper-legacy\"><div class=\"fusion-image-element in-legacy-container\" style=\"--awb-caption-title-font-family:var(--h2_typography-font-family);--awb-caption-title-font-weight:var(--h2_typography-font-weight);--awb-caption-title-font-style:var(--h2_typography-font-style);--awb-caption-title-size:var(--h2_typography-font-size);--awb-caption-title-transform:var(--h2_typography-text-transform);--awb-caption-title-line-height:var(--h2_typography-line-height);--awb-caption-title-letter-spacing:var(--h2_typography-letter-spacing);\"><span class=\" fusion-imageframe imageframe-none imageframe-2 hover-type-none\"><img decoding=\"async\" width=\"242\" height=\"242\" alt=\"Cup Concept Mehrwegbecher Kunststoffbecher\" title=\"Cup-Concept-Becher\" src=\"https:\/\/www.fries-kt.com\/wp-content\/uploads\/Cup-Concept-Becher.jpg\" class=\"img-responsive wp-image-24520\" srcset=\"https:\/\/www.fries-kt.com\/wp-content\/uploads\/Cup-Concept-Becher-66x66.jpg 66w, https:\/\/www.fries-kt.com\/wp-content\/uploads\/Cup-Concept-Becher-150x150.jpg 150w, https:\/\/www.fries-kt.com\/wp-content\/uploads\/Cup-Concept-Becher.jpg 242w\" sizes=\"(max-width: 242px) 100vw, 242px\" \/><\/span><\/div><div class=\"fusion-text fusion-text-3 color-formteile grau\"><h4><a href=\"https:\/\/www.cupconcept.com\/\" target=\"_blank\" rel=\"noopener noreferrer\">Gobelets r\u00e9utilisables Cup Concept<\/a><\/h4>\n<\/div><div class=\"fusion-clearfix\"><\/div><\/div><\/div><div class=\"fusion-layout-column fusion_builder_column fusion-builder-column-3 fusion_builder_column_1_3 1_3 fusion-one-third fusion-column-last\" style=\"--awb-bg-size:cover;width:30.6666%;\"><div class=\"fusion-column-wrapper fusion-flex-column-wrapper-legacy\"><div class=\"fusion-image-element in-legacy-container\" style=\"--awb-caption-title-font-family:var(--h2_typography-font-family);--awb-caption-title-font-weight:var(--h2_typography-font-weight);--awb-caption-title-font-style:var(--h2_typography-font-style);--awb-caption-title-size:var(--h2_typography-font-size);--awb-caption-title-transform:var(--h2_typography-text-transform);--awb-caption-title-line-height:var(--h2_typography-line-height);--awb-caption-title-letter-spacing:var(--h2_typography-letter-spacing);\"><span class=\" fusion-imageframe imageframe-none imageframe-3 hover-type-none\"><img decoding=\"async\" width=\"242\" height=\"242\" alt=\"Blendschutz entlang der Autobahn\" title=\"Maibach_Blendschutz\" src=\"https:\/\/www.fries-kt.com\/wp-content\/uploads\/Maibach_Blendschutz.jpg\" class=\"img-responsive wp-image-24491\" srcset=\"https:\/\/www.fries-kt.com\/wp-content\/uploads\/Maibach_Blendschutz-66x66.jpg 66w, https:\/\/www.fries-kt.com\/wp-content\/uploads\/Maibach_Blendschutz-150x150.jpg 150w, https:\/\/www.fries-kt.com\/wp-content\/uploads\/Maibach_Blendschutz.jpg 242w\" sizes=\"(max-width: 242px) 100vw, 242px\" \/><\/span><\/div><div class=\"fusion-text fusion-text-4 color-formteile grau\"><h4><a href=\"https:\/\/www.maibach.com\/blendschutz.html\" target=\"_blank\" rel=\"noopener noreferrer\">Maibach glare protection<\/a><\/h4>\n<h4><\/h4>\n<\/div><div class=\"fusion-clearfix\"><\/div><\/div><\/div><div class=\"fusion-layout-column fusion_builder_column fusion-builder-column-4 fusion_builder_column_1_1 1_1 fusion-one-full fusion-column-first fusion-column-last fusion-column-no-min-height\" style=\"--awb-bg-size:cover;--awb-margin-bottom:0px;\"><div class=\"fusion-column-wrapper fusion-flex-column-wrapper-legacy\"><div class=\"fusion-text fusion-text-5\"><p><strong>Soufflage par extrusion (soufflage de corps creux)<br \/>\n<\/strong>Il s\u2019agit d\u2019un proc\u00e9d\u00e9 de traitement des mati\u00e8res plastiques destin\u00e9 \u00e0 la fabrication de corps creux en mati\u00e8res synth\u00e9tiques thermoplastiques. Les plastiques fondus (poly\u00e9thyl\u00e8ne, polypropyl\u00e8ne) sont press\u00e9s \u00e0 l&#8217;aide de la vis d&#8217;alimentation \u00e0 travers une buse afin de former une pr\u00e9forme tubulaire (extrusion). Cette derni\u00e8re passe dans le moule de soufflage et est adapt\u00e9e par pression sur les contours int\u00e9rieurs du moule (moulage par soufflage).<\/p>\n<p><strong>Moulage par injection<br \/>\n<\/strong>Le moulage par injection est l\u2019un des proc\u00e9d\u00e9s les plus anciens de la plasturgie. Les polym\u00e8res (plastiques) sont alors liqu\u00e9fi\u00e9s \u00e0 l&#8217;aide d&#8217;une machine de moulage par injection et inject\u00e9s sous pression dans un moule (outil de moulage par injection). Par refroidissement dans la pi\u00e8ce moul\u00e9e, le plastique est durci et peut \u00eatre retir\u00e9sous forme de pi\u00e8ce finie apr\u00e8s ouverture.<br \/>\nCe proc\u00e9d\u00e9 est adapt\u00e9 \u00e0 la production rentable de grandes quantit\u00e9s, car il tient compte des co\u00fbts d&#8217;outillage pour la pi\u00e8ce moul\u00e9e.<\/p>\n<\/div><div class=\"fusion-clearfix\"><\/div><\/div><\/div><\/div><\/div>\n","protected":false},"excerpt":{"rendered":"","protected":false},"author":4,"featured_media":0,"parent":19806,"menu_order":0,"comment_status":"closed","ping_status":"closed","template":"","meta":{"_acf_changed":false,"footnotes":""},"class_list":["post-19857","page","type-page","status-publish","hentry"],"acf":[],"yoast_head":"<!-- This site is optimized with the Yoast SEO plugin v26.8 - https:\/\/yoast.com\/product\/yoast-seo-wordpress\/ -->\n<title>Pi\u00e8ces moul\u00e9es techniques en plastique | FRIES<\/title>\n<meta name=\"description\" content=\"Les pi\u00e8ces moul\u00e9es sont fabriqu\u00e9es au moyen du processus de moulage par injection et de soufflage par extrusion. Elles sont adapt\u00e9es aux souhaits du client\" \/>\n<meta name=\"robots\" content=\"index, follow, max-snippet:-1, max-image-preview:large, max-video-preview:-1\" \/>\n<link rel=\"canonical\" href=\"https:\/\/www.fries-kt.com\/fr\/produits\/pieces-techniques-moulees\/\" \/>\n<meta name=\"twitter:label1\" content=\"Dur\u00e9e de lecture estim\u00e9e\" \/>\n\t<meta name=\"twitter:data1\" content=\"6 minutes\" \/>\n<script type=\"application\/ld+json\" class=\"yoast-schema-graph\">{\"@context\":\"https:\/\/schema.org\",\"@graph\":[{\"@type\":\"WebPage\",\"@id\":\"https:\/\/www.fries-kt.com\/fr\/produits\/pieces-techniques-moulees\/\",\"url\":\"https:\/\/www.fries-kt.com\/fr\/produits\/pieces-techniques-moulees\/\",\"name\":\"Pi\u00e8ces moul\u00e9es techniques en plastique | FRIES\",\"isPartOf\":{\"@id\":\"https:\/\/www.fries-kt.com\/#website\"},\"primaryImageOfPage\":{\"@id\":\"https:\/\/www.fries-kt.com\/fr\/produits\/pieces-techniques-moulees\/#primaryimage\"},\"image\":{\"@id\":\"https:\/\/www.fries-kt.com\/fr\/produits\/pieces-techniques-moulees\/#primaryimage\"},\"thumbnailUrl\":\"https:\/\/www.fries-kt.com\/wp-content\/uploads\/Technische-Formteile.jpg\",\"datePublished\":\"2015-10-21T13:24:09+00:00\",\"dateModified\":\"2021-03-11T14:59:32+00:00\",\"description\":\"Les pi\u00e8ces moul\u00e9es sont fabriqu\u00e9es au moyen du processus de moulage par injection et de soufflage par extrusion. Elles sont adapt\u00e9es aux souhaits du client\",\"breadcrumb\":{\"@id\":\"https:\/\/www.fries-kt.com\/fr\/produits\/pieces-techniques-moulees\/#breadcrumb\"},\"inLanguage\":\"fr-FR\",\"potentialAction\":[{\"@type\":\"ReadAction\",\"target\":[\"https:\/\/www.fries-kt.com\/fr\/produits\/pieces-techniques-moulees\/\"]}]},{\"@type\":\"ImageObject\",\"inLanguage\":\"fr-FR\",\"@id\":\"https:\/\/www.fries-kt.com\/fr\/produits\/pieces-techniques-moulees\/#primaryimage\",\"url\":\"https:\/\/www.fries-kt.com\/wp-content\/uploads\/Technische-Formteile.jpg\",\"contentUrl\":\"https:\/\/www.fries-kt.com\/wp-content\/uploads\/Technische-Formteile.jpg\"},{\"@type\":\"BreadcrumbList\",\"@id\":\"https:\/\/www.fries-kt.com\/fr\/produits\/pieces-techniques-moulees\/#breadcrumb\",\"itemListElement\":[{\"@type\":\"ListItem\",\"position\":1,\"name\":\"Home\",\"item\":\"https:\/\/www.fries-kt.com\/fr\/\"},{\"@type\":\"ListItem\",\"position\":2,\"name\":\"Produits\",\"item\":\"https:\/\/www.fries-kt.com\/fr\/produits\/\"},{\"@type\":\"ListItem\",\"position\":3,\"name\":\"Pi\u00e8ces techniques moul\u00e9es\"}]},{\"@type\":\"WebSite\",\"@id\":\"https:\/\/www.fries-kt.com\/#website\",\"url\":\"https:\/\/www.fries-kt.com\/\",\"name\":\"FRIES\",\"description\":\"\",\"publisher\":{\"@id\":\"https:\/\/www.fries-kt.com\/#organization\"},\"potentialAction\":[{\"@type\":\"SearchAction\",\"target\":{\"@type\":\"EntryPoint\",\"urlTemplate\":\"https:\/\/www.fries-kt.com\/?s={search_term_string}\"},\"query-input\":{\"@type\":\"PropertyValueSpecification\",\"valueRequired\":true,\"valueName\":\"search_term_string\"}}],\"inLanguage\":\"fr-FR\"},{\"@type\":\"Organization\",\"@id\":\"https:\/\/www.fries-kt.com\/#organization\",\"name\":\"FRIES Kunststofftechnik GmbH\",\"url\":\"https:\/\/www.fries-kt.com\/\",\"logo\":{\"@type\":\"ImageObject\",\"inLanguage\":\"fr-FR\",\"@id\":\"https:\/\/www.fries-kt.com\/#\/schema\/logo\/image\/\",\"url\":\"https:\/\/www.fries-kt.com\/wp-content\/uploads\/fries-logo.png\",\"contentUrl\":\"https:\/\/www.fries-kt.com\/wp-content\/uploads\/fries-logo.png\",\"width\":120,\"height\":60,\"caption\":\"FRIES Kunststofftechnik GmbH\"},\"image\":{\"@id\":\"https:\/\/www.fries-kt.com\/#\/schema\/logo\/image\/\"},\"sameAs\":[\"https:\/\/www.facebook.com\/FRIESKunststofftechnik\/\",\"https:\/\/www.youtube.com\/channel\/UCc2UgnWJ9Y_-pIXbDIek7wQ\"]}]}<\/script>\n<!-- \/ Yoast SEO plugin. -->","yoast_head_json":{"title":"Pi\u00e8ces moul\u00e9es techniques en plastique | FRIES","description":"Les pi\u00e8ces moul\u00e9es sont fabriqu\u00e9es au moyen du processus de moulage par injection et de soufflage par extrusion. Elles sont adapt\u00e9es aux souhaits du client","robots":{"index":"index","follow":"follow","max-snippet":"max-snippet:-1","max-image-preview":"max-image-preview:large","max-video-preview":"max-video-preview:-1"},"canonical":"https:\/\/www.fries-kt.com\/fr\/produits\/pieces-techniques-moulees\/","twitter_misc":{"Dur\u00e9e de lecture estim\u00e9e":"6 minutes"},"schema":{"@context":"https:\/\/schema.org","@graph":[{"@type":"WebPage","@id":"https:\/\/www.fries-kt.com\/fr\/produits\/pieces-techniques-moulees\/","url":"https:\/\/www.fries-kt.com\/fr\/produits\/pieces-techniques-moulees\/","name":"Pi\u00e8ces moul\u00e9es techniques en plastique | FRIES","isPartOf":{"@id":"https:\/\/www.fries-kt.com\/#website"},"primaryImageOfPage":{"@id":"https:\/\/www.fries-kt.com\/fr\/produits\/pieces-techniques-moulees\/#primaryimage"},"image":{"@id":"https:\/\/www.fries-kt.com\/fr\/produits\/pieces-techniques-moulees\/#primaryimage"},"thumbnailUrl":"https:\/\/www.fries-kt.com\/wp-content\/uploads\/Technische-Formteile.jpg","datePublished":"2015-10-21T13:24:09+00:00","dateModified":"2021-03-11T14:59:32+00:00","description":"Les pi\u00e8ces moul\u00e9es sont fabriqu\u00e9es au moyen du processus de moulage par injection et de soufflage par extrusion. Elles sont adapt\u00e9es aux souhaits du client","breadcrumb":{"@id":"https:\/\/www.fries-kt.com\/fr\/produits\/pieces-techniques-moulees\/#breadcrumb"},"inLanguage":"fr-FR","potentialAction":[{"@type":"ReadAction","target":["https:\/\/www.fries-kt.com\/fr\/produits\/pieces-techniques-moulees\/"]}]},{"@type":"ImageObject","inLanguage":"fr-FR","@id":"https:\/\/www.fries-kt.com\/fr\/produits\/pieces-techniques-moulees\/#primaryimage","url":"https:\/\/www.fries-kt.com\/wp-content\/uploads\/Technische-Formteile.jpg","contentUrl":"https:\/\/www.fries-kt.com\/wp-content\/uploads\/Technische-Formteile.jpg"},{"@type":"BreadcrumbList","@id":"https:\/\/www.fries-kt.com\/fr\/produits\/pieces-techniques-moulees\/#breadcrumb","itemListElement":[{"@type":"ListItem","position":1,"name":"Home","item":"https:\/\/www.fries-kt.com\/fr\/"},{"@type":"ListItem","position":2,"name":"Produits","item":"https:\/\/www.fries-kt.com\/fr\/produits\/"},{"@type":"ListItem","position":3,"name":"Pi\u00e8ces techniques moul\u00e9es"}]},{"@type":"WebSite","@id":"https:\/\/www.fries-kt.com\/#website","url":"https:\/\/www.fries-kt.com\/","name":"FRIES","description":"","publisher":{"@id":"https:\/\/www.fries-kt.com\/#organization"},"potentialAction":[{"@type":"SearchAction","target":{"@type":"EntryPoint","urlTemplate":"https:\/\/www.fries-kt.com\/?s={search_term_string}"},"query-input":{"@type":"PropertyValueSpecification","valueRequired":true,"valueName":"search_term_string"}}],"inLanguage":"fr-FR"},{"@type":"Organization","@id":"https:\/\/www.fries-kt.com\/#organization","name":"FRIES Kunststofftechnik GmbH","url":"https:\/\/www.fries-kt.com\/","logo":{"@type":"ImageObject","inLanguage":"fr-FR","@id":"https:\/\/www.fries-kt.com\/#\/schema\/logo\/image\/","url":"https:\/\/www.fries-kt.com\/wp-content\/uploads\/fries-logo.png","contentUrl":"https:\/\/www.fries-kt.com\/wp-content\/uploads\/fries-logo.png","width":120,"height":60,"caption":"FRIES Kunststofftechnik GmbH"},"image":{"@id":"https:\/\/www.fries-kt.com\/#\/schema\/logo\/image\/"},"sameAs":["https:\/\/www.facebook.com\/FRIESKunststofftechnik\/","https:\/\/www.youtube.com\/channel\/UCc2UgnWJ9Y_-pIXbDIek7wQ"]}]}},"_links":{"self":[{"href":"https:\/\/www.fries-kt.com\/fr\/wp-json\/wp\/v2\/pages\/19857","targetHints":{"allow":["GET"]}}],"collection":[{"href":"https:\/\/www.fries-kt.com\/fr\/wp-json\/wp\/v2\/pages"}],"about":[{"href":"https:\/\/www.fries-kt.com\/fr\/wp-json\/wp\/v2\/types\/page"}],"author":[{"embeddable":true,"href":"https:\/\/www.fries-kt.com\/fr\/wp-json\/wp\/v2\/users\/4"}],"replies":[{"embeddable":true,"href":"https:\/\/www.fries-kt.com\/fr\/wp-json\/wp\/v2\/comments?post=19857"}],"version-history":[{"count":16,"href":"https:\/\/www.fries-kt.com\/fr\/wp-json\/wp\/v2\/pages\/19857\/revisions"}],"predecessor-version":[{"id":32852,"href":"https:\/\/www.fries-kt.com\/fr\/wp-json\/wp\/v2\/pages\/19857\/revisions\/32852"}],"up":[{"embeddable":true,"href":"https:\/\/www.fries-kt.com\/fr\/wp-json\/wp\/v2\/pages\/19806"}],"wp:attachment":[{"href":"https:\/\/www.fries-kt.com\/fr\/wp-json\/wp\/v2\/media?parent=19857"}],"curies":[{"name":"wp","href":"https:\/\/api.w.org\/{rel}","templated":true}]}}