{"id":19987,"date":"2015-10-24T17:32:23","date_gmt":"2015-10-24T15:32:23","guid":{"rendered":"https:\/\/www.fries-kt.com\/produits\/gastronomie\/paniers-a-verres\/?lang=fr"},"modified":"2024-05-24T09:28:53","modified_gmt":"2024-05-24T07:28:53","slug":"paniers-a-verres","status":"publish","type":"page","link":"https:\/\/www.fries-kt.com\/fr\/produits\/gastronomie\/paniers-a-verres\/","title":{"rendered":"Paniers \u00e0 verres"},"content":{"rendered":"<div class=\"fusion-fullwidth fullwidth-box fusion-builder-row-1 nonhundred-percent-fullwidth non-hundred-percent-height-scrolling\" style=\"--awb-background-position:left top;--awb-border-radius-top-left:0px;--awb-border-radius-top-right:0px;--awb-border-radius-bottom-right:0px;--awb-border-radius-bottom-left:0px;--awb-padding-top:20px;--awb-padding-right:0px;--awb-padding-bottom:20px;--awb-padding-left:0px;--awb-border-sizes-top:0px;--awb-border-sizes-bottom:0px;--awb-flex-wrap:wrap;\" ><div class=\"fusion-builder-row fusion-row\"><div class=\"fusion-layout-column fusion_builder_column fusion-builder-column-0 fusion_builder_column_1_3 1_3 fusion-one-third fusion-column-first\" style=\"--awb-bg-size:cover;width:30.6666%; margin-right: 4%;\"><div class=\"fusion-column-wrapper fusion-flex-column-wrapper-legacy\"><div class=\"fusion-image-element in-legacy-container\" style=\"--awb-caption-title-font-family:var(--h2_typography-font-family);--awb-caption-title-font-weight:var(--h2_typography-font-weight);--awb-caption-title-font-style:var(--h2_typography-font-style);--awb-caption-title-size:var(--h2_typography-font-size);--awb-caption-title-transform:var(--h2_typography-text-transform);--awb-caption-title-line-height:var(--h2_typography-line-height);--awb-caption-title-letter-spacing:var(--h2_typography-letter-spacing);\"><span class=\" fusion-imageframe imageframe-none imageframe-1 hover-type-none\"><a class=\"fusion-no-lightbox\" href=\".\/glaeserkoerbe-400-x-400\/\" target=\"_self\" aria-label=\"Fries rack Logo\"><img decoding=\"async\" width=\"242\" height=\"150\" src=\"https:\/\/www.fries-kt.com\/wp-content\/uploads\/Fries-rack-logo-website3.png\" alt class=\"img-responsive wp-image-39977\"\/><\/a><\/span><\/div><div class=\"fusion-clearfix\"><\/div><\/div><\/div><div class=\"fusion-layout-column fusion_builder_column fusion-builder-column-1 fusion_builder_column_2_3 2_3 fusion-two-third fusion-column-last fusion-column-no-min-height\" style=\"--awb-bg-size:cover;--awb-margin-bottom:0px;width:65.3333%;\"><div class=\"fusion-column-wrapper fusion-flex-column-wrapper-legacy\"><div class=\"fusion-text fusion-text-1 color-gastro blau\"><h1>Paniers \u00e0 verres avec syst\u00e8me<\/h1>\n<p><span style=\"color: #808080;\"><strong>Le syst\u00e8me de paniers innovant de FRIES pose de nouveaux jalons.<\/strong><\/span><\/p>\n<p>Les exigences dans la restauration sont de plus en plus \u00e9lev\u00e9es et la diversit\u00e9 des produits de plus en plus grande. Quelles que soient vos exigences, nous avons toujours le panier qu&#8217;il vous faut !<\/p>\n<\/div><div class=\"fusion-clearfix\"><\/div><\/div><\/div><div class=\"fusion-layout-column fusion_builder_column fusion-builder-column-2 fusion_builder_column_1_3 1_3 fusion-one-third fusion-column-first\" style=\"--awb-bg-size:cover;width:30.6666%; margin-right: 4%;\"><div class=\"fusion-column-wrapper fusion-flex-column-wrapper-legacy\"><div class=\"fusion-image-element in-legacy-container\" style=\"--awb-caption-title-font-family:var(--h2_typography-font-family);--awb-caption-title-font-weight:var(--h2_typography-font-weight);--awb-caption-title-font-style:var(--h2_typography-font-style);--awb-caption-title-size:var(--h2_typography-font-size);--awb-caption-title-transform:var(--h2_typography-text-transform);--awb-caption-title-line-height:var(--h2_typography-line-height);--awb-caption-title-letter-spacing:var(--h2_typography-letter-spacing);\"><span class=\" fusion-imageframe imageframe-none imageframe-2 hover-type-none\"><a class=\"fusion-no-lightbox\" href=\"https:\/\/www.fries-kt.com\/produits\/gastronomie\/paniers-a-verres\/paniers-a-verre-400-x-400\/?lang=fr\" target=\"_self\" aria-label=\"Gl\u00e4serkorb 400&#215;400 mm\"><img decoding=\"async\" width=\"242\" height=\"242\" alt=\"Gl\u00e4serkorb 400x400 mm\" src=\"https:\/\/www.fries-kt.com\/wp-content\/uploads\/400x400.jpg\" class=\"img-responsive wp-image-17780\" srcset=\"https:\/\/www.fries-kt.com\/wp-content\/uploads\/400x400-66x66.jpg 66w, https:\/\/www.fries-kt.com\/wp-content\/uploads\/400x400-150x150.jpg 150w, https:\/\/www.fries-kt.com\/wp-content\/uploads\/400x400.jpg 242w\" sizes=\"(max-width: 242px) 100vw, 242px\" \/><\/a><\/span><\/div><div class=\"fusion-text fusion-text-2 color-gastro blau\"><h4><a href=\"https:\/\/www.fries-kt.com\/produits\/gastronomie\/paniers-a-verres\/paniers-a-verre-400-x-400\/?lang=fr\">Paniers \u00e0 verres<\/a><br \/>\n<a href=\"https:\/\/www.fries-kt.com\/produits\/gastronomie\/paniers-a-verres\/paniers-a-verre-400-x-400\/?lang=fr\"> 400 x 400<\/a><\/h4>\n<\/div><div class=\"fusion-clearfix\"><\/div><\/div><\/div><div class=\"fusion-layout-column fusion_builder_column fusion-builder-column-3 fusion_builder_column_1_3 1_3 fusion-one-third\" style=\"--awb-bg-size:cover;width:30.6666%; margin-right: 4%;\"><div class=\"fusion-column-wrapper fusion-flex-column-wrapper-legacy\"><div class=\"fusion-image-element in-legacy-container\" style=\"--awb-max-width:242px;--awb-caption-title-font-family:var(--h2_typography-font-family);--awb-caption-title-font-weight:var(--h2_typography-font-weight);--awb-caption-title-font-style:var(--h2_typography-font-style);--awb-caption-title-size:var(--h2_typography-font-size);--awb-caption-title-transform:var(--h2_typography-text-transform);--awb-caption-title-line-height:var(--h2_typography-line-height);--awb-caption-title-letter-spacing:var(--h2_typography-letter-spacing);\"><span class=\" fusion-imageframe imageframe-none imageframe-3 hover-type-none\"><a class=\"fusion-no-lightbox\" href=\"https:\/\/www.fries-kt.com\/produits\/gastronomie\/paniers-a-verres\/paniers-a-verre-500-x-500\/?lang=fr\" target=\"_self\" aria-label=\"Titelbild_Fries-Rack_Gastro_500x500_NEU 2024_400pxls\"><img decoding=\"async\" width=\"300\" height=\"300\" src=\"https:\/\/www.fries-kt.com\/wp-content\/uploads\/Titelbild_Fries-Rack_Gastro_500x500_NEU-2024_400pxls-3-300x300.png\" alt class=\"img-responsive wp-image-49319\" srcset=\"https:\/\/www.fries-kt.com\/wp-content\/uploads\/Titelbild_Fries-Rack_Gastro_500x500_NEU-2024_400pxls-3-200x200.png 200w, https:\/\/www.fries-kt.com\/wp-content\/uploads\/Titelbild_Fries-Rack_Gastro_500x500_NEU-2024_400pxls-3.png 400w\" sizes=\"(max-width: 0px) 100vw, 300px\" \/><\/a><\/span><\/div><div class=\"fusion-text fusion-text-3 color-gastro blau\"><h4><a href=\"https:\/\/www.fries-kt.com\/produits\/gastronomie\/paniers-a-verres\/paniers-a-verre-500-x-500\/?lang=fr\">Paniers \u00e0 verres<\/a><br \/>\n<a href=\"https:\/\/www.fries-kt.com\/produits\/gastronomie\/paniers-a-verres\/paniers-a-verre-500-x-500\/?lang=fr\"> 500 x 500<\/a><\/h4>\n<\/div><div class=\"fusion-clearfix\"><\/div><\/div><\/div><div class=\"fusion-layout-column fusion_builder_column fusion-builder-column-4 fusion_builder_column_1_3 1_3 fusion-one-third fusion-column-last\" style=\"--awb-bg-size:cover;width:30.6666%;\"><div class=\"fusion-column-wrapper fusion-flex-column-wrapper-legacy\"><div class=\"fusion-image-element in-legacy-container\" style=\"--awb-caption-title-font-family:var(--h2_typography-font-family);--awb-caption-title-font-weight:var(--h2_typography-font-weight);--awb-caption-title-font-style:var(--h2_typography-font-style);--awb-caption-title-size:var(--h2_typography-font-size);--awb-caption-title-transform:var(--h2_typography-text-transform);--awb-caption-title-line-height:var(--h2_typography-line-height);--awb-caption-title-letter-spacing:var(--h2_typography-letter-spacing);\"><span class=\" fusion-imageframe imageframe-none imageframe-4 hover-type-none\"><a class=\"fusion-no-lightbox\" href=\"https:\/\/www.fries-kt.com\/produits\/gastronomie\/paniers-a-verres\/paniers-a-verre-600-x-400\/?lang=fr\" target=\"_self\"><img decoding=\"async\" src=\"https:\/\/www.fries-kt.com\/wp-content\/uploads\/Gl%C3%A4serkorb-600x400_web.jpg\" alt class=\"img-responsive\"\/><\/a><\/span><\/div><div class=\"fusion-text fusion-text-4 color-gastro blau\"><h4><a href=\"https:\/\/www.fries-kt.com\/produits\/gastronomie\/paniers-a-verres\/paniers-a-verre-600-x-400\/?lang=fr\">Paniers \u00e0 verres<\/a><br \/>\n<a href=\"https:\/\/www.fries-kt.com\/produits\/gastronomie\/paniers-a-verres\/paniers-a-verre-600-x-400\/?lang=fr\"> 600 x 400<\/a><\/h4>\n<\/div><div class=\"fusion-clearfix\"><\/div><\/div><\/div><\/div><\/div>\n","protected":false},"excerpt":{"rendered":"","protected":false},"author":4,"featured_media":0,"parent":19854,"menu_order":0,"comment_status":"closed","ping_status":"closed","template":"","meta":{"_acf_changed":false,"footnotes":""},"class_list":["post-19987","page","type-page","status-publish","hentry"],"acf":[],"yoast_head":"<!-- This site is optimized with the Yoast SEO plugin v26.8 - https:\/\/yoast.com\/product\/yoast-seo-wordpress\/ -->\n<title>Panier de lavage des verres pour la gastronomie | Syst\u00e8me de panier innovant de FRIES<\/title>\n<meta name=\"description\" content=\"D\u00e9couvrez la solution compl\u00e8te id\u00e9ale pour les paniers \u00e0 verres. Paniers de lavage pour le transport, le stockage &amp; le nettoyage \u2714design de lavage efficace \u2714division par code couleur\" \/>\n<meta name=\"robots\" content=\"index, follow, max-snippet:-1, max-image-preview:large, max-video-preview:-1\" \/>\n<link rel=\"canonical\" href=\"https:\/\/www.fries-kt.com\/fr\/produits\/gastronomie\/paniers-a-verres\/\" \/>\n<meta name=\"twitter:label1\" content=\"Dur\u00e9e de lecture estim\u00e9e\" \/>\n\t<meta name=\"twitter:data1\" content=\"2 minutes\" \/>\n<script type=\"application\/ld+json\" class=\"yoast-schema-graph\">{\"@context\":\"https:\/\/schema.org\",\"@graph\":[{\"@type\":\"WebPage\",\"@id\":\"https:\/\/www.fries-kt.com\/fr\/produits\/gastronomie\/paniers-a-verres\/\",\"url\":\"https:\/\/www.fries-kt.com\/fr\/produits\/gastronomie\/paniers-a-verres\/\",\"name\":\"Panier de lavage des verres pour la gastronomie | Syst\u00e8me de panier innovant de FRIES\",\"isPartOf\":{\"@id\":\"https:\/\/www.fries-kt.com\/#website\"},\"primaryImageOfPage\":{\"@id\":\"https:\/\/www.fries-kt.com\/fr\/produits\/gastronomie\/paniers-a-verres\/#primaryimage\"},\"image\":{\"@id\":\"https:\/\/www.fries-kt.com\/fr\/produits\/gastronomie\/paniers-a-verres\/#primaryimage\"},\"thumbnailUrl\":\"https:\/\/www.fries-kt.com\/wp-content\/uploads\/400x400.jpg\",\"datePublished\":\"2015-10-24T15:32:23+00:00\",\"dateModified\":\"2024-05-24T07:28:53+00:00\",\"description\":\"D\u00e9couvrez la solution compl\u00e8te id\u00e9ale pour les paniers \u00e0 verres. Paniers de lavage pour le transport, le stockage & le nettoyage \u2714design de lavage efficace \u2714division par code couleur\",\"breadcrumb\":{\"@id\":\"https:\/\/www.fries-kt.com\/fr\/produits\/gastronomie\/paniers-a-verres\/#breadcrumb\"},\"inLanguage\":\"fr-FR\",\"potentialAction\":[{\"@type\":\"ReadAction\",\"target\":[\"https:\/\/www.fries-kt.com\/fr\/produits\/gastronomie\/paniers-a-verres\/\"]}]},{\"@type\":\"ImageObject\",\"inLanguage\":\"fr-FR\",\"@id\":\"https:\/\/www.fries-kt.com\/fr\/produits\/gastronomie\/paniers-a-verres\/#primaryimage\",\"url\":\"https:\/\/www.fries-kt.com\/wp-content\/uploads\/400x400.jpg\",\"contentUrl\":\"https:\/\/www.fries-kt.com\/wp-content\/uploads\/400x400.jpg\"},{\"@type\":\"BreadcrumbList\",\"@id\":\"https:\/\/www.fries-kt.com\/fr\/produits\/gastronomie\/paniers-a-verres\/#breadcrumb\",\"itemListElement\":[{\"@type\":\"ListItem\",\"position\":1,\"name\":\"Home\",\"item\":\"https:\/\/www.fries-kt.com\/fr\/\"},{\"@type\":\"ListItem\",\"position\":2,\"name\":\"Produits\",\"item\":\"https:\/\/www.fries-kt.com\/fr\/produits\/\"},{\"@type\":\"ListItem\",\"position\":3,\"name\":\"Syst\u00e8mes de restauration\",\"item\":\"https:\/\/www.fries-kt.com\/fr\/produits\/gastronomie\/\"},{\"@type\":\"ListItem\",\"position\":4,\"name\":\"Paniers \u00e0 verres\"}]},{\"@type\":\"WebSite\",\"@id\":\"https:\/\/www.fries-kt.com\/#website\",\"url\":\"https:\/\/www.fries-kt.com\/\",\"name\":\"FRIES\",\"description\":\"\",\"publisher\":{\"@id\":\"https:\/\/www.fries-kt.com\/#organization\"},\"potentialAction\":[{\"@type\":\"SearchAction\",\"target\":{\"@type\":\"EntryPoint\",\"urlTemplate\":\"https:\/\/www.fries-kt.com\/?s={search_term_string}\"},\"query-input\":{\"@type\":\"PropertyValueSpecification\",\"valueRequired\":true,\"valueName\":\"search_term_string\"}}],\"inLanguage\":\"fr-FR\"},{\"@type\":\"Organization\",\"@id\":\"https:\/\/www.fries-kt.com\/#organization\",\"name\":\"FRIES Kunststofftechnik GmbH\",\"url\":\"https:\/\/www.fries-kt.com\/\",\"logo\":{\"@type\":\"ImageObject\",\"inLanguage\":\"fr-FR\",\"@id\":\"https:\/\/www.fries-kt.com\/#\/schema\/logo\/image\/\",\"url\":\"https:\/\/www.fries-kt.com\/wp-content\/uploads\/fries-logo.png\",\"contentUrl\":\"https:\/\/www.fries-kt.com\/wp-content\/uploads\/fries-logo.png\",\"width\":120,\"height\":60,\"caption\":\"FRIES Kunststofftechnik GmbH\"},\"image\":{\"@id\":\"https:\/\/www.fries-kt.com\/#\/schema\/logo\/image\/\"},\"sameAs\":[\"https:\/\/www.facebook.com\/FRIESKunststofftechnik\/\",\"https:\/\/www.youtube.com\/channel\/UCc2UgnWJ9Y_-pIXbDIek7wQ\"]}]}<\/script>\n<!-- \/ Yoast SEO plugin. -->","yoast_head_json":{"title":"Panier de lavage des verres pour la gastronomie | Syst\u00e8me de panier innovant de FRIES","description":"D\u00e9couvrez la solution compl\u00e8te id\u00e9ale pour les paniers \u00e0 verres. Paniers de lavage pour le transport, le stockage & le nettoyage \u2714design de lavage efficace \u2714division par code couleur","robots":{"index":"index","follow":"follow","max-snippet":"max-snippet:-1","max-image-preview":"max-image-preview:large","max-video-preview":"max-video-preview:-1"},"canonical":"https:\/\/www.fries-kt.com\/fr\/produits\/gastronomie\/paniers-a-verres\/","twitter_misc":{"Dur\u00e9e de lecture estim\u00e9e":"2 minutes"},"schema":{"@context":"https:\/\/schema.org","@graph":[{"@type":"WebPage","@id":"https:\/\/www.fries-kt.com\/fr\/produits\/gastronomie\/paniers-a-verres\/","url":"https:\/\/www.fries-kt.com\/fr\/produits\/gastronomie\/paniers-a-verres\/","name":"Panier de lavage des verres pour la gastronomie | Syst\u00e8me de panier innovant de FRIES","isPartOf":{"@id":"https:\/\/www.fries-kt.com\/#website"},"primaryImageOfPage":{"@id":"https:\/\/www.fries-kt.com\/fr\/produits\/gastronomie\/paniers-a-verres\/#primaryimage"},"image":{"@id":"https:\/\/www.fries-kt.com\/fr\/produits\/gastronomie\/paniers-a-verres\/#primaryimage"},"thumbnailUrl":"https:\/\/www.fries-kt.com\/wp-content\/uploads\/400x400.jpg","datePublished":"2015-10-24T15:32:23+00:00","dateModified":"2024-05-24T07:28:53+00:00","description":"D\u00e9couvrez la solution compl\u00e8te id\u00e9ale pour les paniers \u00e0 verres. Paniers de lavage pour le transport, le stockage & le nettoyage \u2714design de lavage efficace \u2714division par code couleur","breadcrumb":{"@id":"https:\/\/www.fries-kt.com\/fr\/produits\/gastronomie\/paniers-a-verres\/#breadcrumb"},"inLanguage":"fr-FR","potentialAction":[{"@type":"ReadAction","target":["https:\/\/www.fries-kt.com\/fr\/produits\/gastronomie\/paniers-a-verres\/"]}]},{"@type":"ImageObject","inLanguage":"fr-FR","@id":"https:\/\/www.fries-kt.com\/fr\/produits\/gastronomie\/paniers-a-verres\/#primaryimage","url":"https:\/\/www.fries-kt.com\/wp-content\/uploads\/400x400.jpg","contentUrl":"https:\/\/www.fries-kt.com\/wp-content\/uploads\/400x400.jpg"},{"@type":"BreadcrumbList","@id":"https:\/\/www.fries-kt.com\/fr\/produits\/gastronomie\/paniers-a-verres\/#breadcrumb","itemListElement":[{"@type":"ListItem","position":1,"name":"Home","item":"https:\/\/www.fries-kt.com\/fr\/"},{"@type":"ListItem","position":2,"name":"Produits","item":"https:\/\/www.fries-kt.com\/fr\/produits\/"},{"@type":"ListItem","position":3,"name":"Syst\u00e8mes de restauration","item":"https:\/\/www.fries-kt.com\/fr\/produits\/gastronomie\/"},{"@type":"ListItem","position":4,"name":"Paniers \u00e0 verres"}]},{"@type":"WebSite","@id":"https:\/\/www.fries-kt.com\/#website","url":"https:\/\/www.fries-kt.com\/","name":"FRIES","description":"","publisher":{"@id":"https:\/\/www.fries-kt.com\/#organization"},"potentialAction":[{"@type":"SearchAction","target":{"@type":"EntryPoint","urlTemplate":"https:\/\/www.fries-kt.com\/?s={search_term_string}"},"query-input":{"@type":"PropertyValueSpecification","valueRequired":true,"valueName":"search_term_string"}}],"inLanguage":"fr-FR"},{"@type":"Organization","@id":"https:\/\/www.fries-kt.com\/#organization","name":"FRIES Kunststofftechnik GmbH","url":"https:\/\/www.fries-kt.com\/","logo":{"@type":"ImageObject","inLanguage":"fr-FR","@id":"https:\/\/www.fries-kt.com\/#\/schema\/logo\/image\/","url":"https:\/\/www.fries-kt.com\/wp-content\/uploads\/fries-logo.png","contentUrl":"https:\/\/www.fries-kt.com\/wp-content\/uploads\/fries-logo.png","width":120,"height":60,"caption":"FRIES Kunststofftechnik GmbH"},"image":{"@id":"https:\/\/www.fries-kt.com\/#\/schema\/logo\/image\/"},"sameAs":["https:\/\/www.facebook.com\/FRIESKunststofftechnik\/","https:\/\/www.youtube.com\/channel\/UCc2UgnWJ9Y_-pIXbDIek7wQ"]}]}},"_links":{"self":[{"href":"https:\/\/www.fries-kt.com\/fr\/wp-json\/wp\/v2\/pages\/19987","targetHints":{"allow":["GET"]}}],"collection":[{"href":"https:\/\/www.fries-kt.com\/fr\/wp-json\/wp\/v2\/pages"}],"about":[{"href":"https:\/\/www.fries-kt.com\/fr\/wp-json\/wp\/v2\/types\/page"}],"author":[{"embeddable":true,"href":"https:\/\/www.fries-kt.com\/fr\/wp-json\/wp\/v2\/users\/4"}],"replies":[{"embeddable":true,"href":"https:\/\/www.fries-kt.com\/fr\/wp-json\/wp\/v2\/comments?post=19987"}],"version-history":[{"count":16,"href":"https:\/\/www.fries-kt.com\/fr\/wp-json\/wp\/v2\/pages\/19987\/revisions"}],"predecessor-version":[{"id":49346,"href":"https:\/\/www.fries-kt.com\/fr\/wp-json\/wp\/v2\/pages\/19987\/revisions\/49346"}],"up":[{"embeddable":true,"href":"https:\/\/www.fries-kt.com\/fr\/wp-json\/wp\/v2\/pages\/19854"}],"wp:attachment":[{"href":"https:\/\/www.fries-kt.com\/fr\/wp-json\/wp\/v2\/media?parent=19987"}],"curies":[{"name":"wp","href":"https:\/\/api.w.org\/{rel}","templated":true}]}}