{"id":19989,"date":"2015-10-24T17:38:12","date_gmt":"2015-10-24T15:38:12","guid":{"rendered":"https:\/\/www.fries-kt.com\/produits\/gastronomie\/paniers-a-assiettes\/?lang=fr"},"modified":"2023-03-06T10:22:51","modified_gmt":"2023-03-06T08:22:51","slug":"paniers-a-assiettes","status":"publish","type":"page","link":"https:\/\/www.fries-kt.com\/fr\/produits\/gastronomie\/paniers-a-assiettes\/","title":{"rendered":"Paniers \u00e0 assiettes"},"content":{"rendered":"<p><div class=\"fusion-fullwidth fullwidth-box fusion-builder-row-1 nonhundred-percent-fullwidth non-hundred-percent-height-scrolling\" style=\"--awb-border-radius-top-left:0px;--awb-border-radius-top-right:0px;--awb-border-radius-bottom-right:0px;--awb-border-radius-bottom-left:0px;--awb-margin-top:3px;--awb-flex-wrap:wrap;\" ><div class=\"fusion-builder-row fusion-row\"><div class=\"fusion-layout-column fusion_builder_column fusion-builder-column-0 fusion_builder_column_1_3 1_3 fusion-one-third fusion-column-first\" style=\"--awb-bg-size:cover;width:33.333333333333%;width:calc(33.333333333333% - ( ( 4% ) * 0.33333333333333 ) );margin-right: 4%;\"><div class=\"fusion-column-wrapper fusion-column-has-shadow fusion-flex-column-wrapper-legacy\"><div class=\"fusion-image-element in-legacy-container\" style=\"--awb-caption-title-font-family:var(--h2_typography-font-family);--awb-caption-title-font-weight:var(--h2_typography-font-weight);--awb-caption-title-font-style:var(--h2_typography-font-style);--awb-caption-title-size:var(--h2_typography-font-size);--awb-caption-title-transform:var(--h2_typography-text-transform);--awb-caption-title-line-height:var(--h2_typography-line-height);--awb-caption-title-letter-spacing:var(--h2_typography-letter-spacing);\"><span class=\" fusion-imageframe imageframe-none imageframe-1 hover-type-none\"><img decoding=\"async\" width=\"242\" height=\"150\" title=\"Fries rack Logo\" src=\"https:\/\/www.fries-kt.com\/wp-content\/uploads\/Fries-rack-logo-website3.png\" alt class=\"img-responsive wp-image-39977\"\/><\/span><\/div><div class=\"fusion-clearfix\"><\/div><\/div><\/div><div class=\"fusion-layout-column fusion_builder_column fusion-builder-column-1 fusion_builder_column_2_3 2_3 fusion-two-third fusion-column-last\" style=\"--awb-bg-size:cover;width:66.666666666667%;width:calc(66.666666666667% - ( ( 4% ) * 0.66666666666667 ) );\"><div class=\"fusion-column-wrapper fusion-column-has-shadow fusion-flex-column-wrapper-legacy\"><div class=\"fusion-text fusion-text-1 color-gastro blau\"><h1>Paniers \u00e0 assiettes<\/h1>\n<p><span style=\"color: #808080;\"><strong>Un panier pour les assiettes creuses et plates<\/strong><\/span><\/p>\n<p>Qu&#8217;il s&#8217;agisse d&#8217;assiettes creuses ou plates, petites ou grandes, nous avons les paniers de lavage qui conviennent. La technologie brevet\u00e9e EWD (Efficient Wash Design) assure une d\u00e9viation cibl\u00e9e du jet d&#8217;eau directement sur les zones critiques \u00e0 probl\u00e8mes des assiettes de la premi\u00e8re ou de la derni\u00e8re rang\u00e9e et garantit ainsi des r\u00e9sultats de lavage optimaux. Les paniers \u00e0 assiettes sont en outre \u00e9quip\u00e9s de crochets de blocage afin d&#8217;\u00e9viter que les assiettes ne tombent.<\/p>\n<\/div><div class=\"fusion-clearfix\"><\/div><\/div><\/div><\/div><\/div><div class=\"fusion-fullwidth fullwidth-box fusion-builder-row-2 nonhundred-percent-fullwidth non-hundred-percent-height-scrolling\" style=\"--awb-background-position:left top;--awb-border-radius-top-left:0px;--awb-border-radius-top-right:0px;--awb-border-radius-bottom-right:0px;--awb-border-radius-bottom-left:0px;--awb-padding-top:20px;--awb-padding-right:0px;--awb-padding-bottom:20px;--awb-padding-left:0px;--awb-border-sizes-top:0px;--awb-border-sizes-bottom:0px;--awb-flex-wrap:wrap;\" ><div class=\"fusion-builder-row fusion-row\"><div class=\"fusion-layout-column fusion_builder_column fusion-builder-column-2 fusion_builder_column_1_1 1_1 fusion-one-full fusion-column-first fusion-column-last fusion-column-no-min-height\" style=\"--awb-bg-size:cover;--awb-margin-bottom:0px;\"><div class=\"fusion-column-wrapper fusion-flex-column-wrapper-legacy\"><div class=\"fusion-sep-clear\"><\/div><div class=\"fusion-separator fusion-full-width-sep\" style=\"margin-left: auto;margin-right: auto;margin-top:10px;width:100%;\"><\/div><div class=\"fusion-sep-clear\"><\/div><div class=\"fusion-clearfix\"><\/div><\/div><\/div><div class=\"fusion-layout-column fusion_builder_column fusion-builder-column-3 fusion_builder_column_1_3 1_3 fusion-one-third fusion-column-first\" style=\"--awb-bg-size:cover;width:30.6666%; margin-right: 4%;\"><div class=\"fusion-column-wrapper fusion-flex-column-wrapper-legacy\"><div class=\"fusion-image-element in-legacy-container\" style=\"--awb-max-width:242px;--awb-caption-title-font-family:var(--h2_typography-font-family);--awb-caption-title-font-weight:var(--h2_typography-font-weight);--awb-caption-title-font-style:var(--h2_typography-font-style);--awb-caption-title-size:var(--h2_typography-font-size);--awb-caption-title-transform:var(--h2_typography-text-transform);--awb-caption-title-line-height:var(--h2_typography-line-height);--awb-caption-title-letter-spacing:var(--h2_typography-letter-spacing);\"><span class=\" fusion-imageframe imageframe-none imageframe-2 hover-type-none\"><a class=\"fusion-no-lightbox\" href=\"https:\/\/www.fries-kt.com\/produits\/gastronomie\/paniers-a-assiettes\/paniers-a-assiette-500-x-500\/?lang=fr\" target=\"_self\" aria-label=\"Spuelkorb-f\u00fcr-Teller-P-18-1\"><img decoding=\"async\" width=\"400\" height=\"400\" alt=\"Tellersp\u00fclkorb P-18-1\" src=\"https:\/\/www.fries-kt.com\/wp-content\/uploads\/Spuelkorb-fuer-Teller-P-18-1-400x400.jpg\" class=\"img-responsive wp-image-31223\" srcset=\"https:\/\/www.fries-kt.com\/wp-content\/uploads\/Spuelkorb-fuer-Teller-P-18-1-200x200.jpg 200w, https:\/\/www.fries-kt.com\/wp-content\/uploads\/Spuelkorb-fuer-Teller-P-18-1-400x400.jpg 400w, https:\/\/www.fries-kt.com\/wp-content\/uploads\/Spuelkorb-fuer-Teller-P-18-1-600x600.jpg 600w, https:\/\/www.fries-kt.com\/wp-content\/uploads\/Spuelkorb-fuer-Teller-P-18-1-800x800.jpg 800w, https:\/\/www.fries-kt.com\/wp-content\/uploads\/Spuelkorb-fuer-Teller-P-18-1.jpg 1008w\" sizes=\"(max-width: 0px) 100vw, 400px\" \/><\/a><\/span><\/div><div class=\"fusion-text fusion-text-2 color-gastro blau\"><h4><a href=\"https:\/\/www.fries-kt.com\/produits\/gastronomie\/paniers-a-assiettes\/paniers-a-assiette-500-x-500\/?lang=fr\">Paniers \u00e0 assiettes 500 x 500<\/a><\/h4>\n<\/div><div class=\"fusion-clearfix\"><\/div><\/div><\/div><div class=\"fusion-layout-column fusion_builder_column fusion-builder-column-4 fusion_builder_column_1_3 1_3 fusion-one-third\" style=\"--awb-bg-size:cover;width:30.6666%; margin-right: 4%;\"><div class=\"fusion-column-wrapper fusion-flex-column-wrapper-legacy\"><div class=\"fusion-image-element in-legacy-container\" style=\"--awb-caption-title-font-family:var(--h2_typography-font-family);--awb-caption-title-font-weight:var(--h2_typography-font-weight);--awb-caption-title-font-style:var(--h2_typography-font-style);--awb-caption-title-size:var(--h2_typography-font-size);--awb-caption-title-transform:var(--h2_typography-text-transform);--awb-caption-title-line-height:var(--h2_typography-line-height);--awb-caption-title-letter-spacing:var(--h2_typography-letter-spacing);\"><span class=\" fusion-imageframe imageframe-none imageframe-3 hover-type-none\"><a class=\"fusion-no-lightbox\" href=\"https:\/\/www.fries-kt.com\/produits\/gastronomie\/paniers-a-assiettes\/paniers-a-assiettes-600-x-400\/?lang=fr\" target=\"_self\" aria-label=\"Tellerkorb T16 600&#215;400 mm\"><img decoding=\"async\" width=\"242\" height=\"242\" alt=\"Tellerkorb T16 600x400 mm\" src=\"https:\/\/www.fries-kt.com\/wp-content\/uploads\/tellereinsatzkorb_web3.jpg\" class=\"img-responsive wp-image-18913\" srcset=\"https:\/\/www.fries-kt.com\/wp-content\/uploads\/tellereinsatzkorb_web3-66x66.jpg 66w, https:\/\/www.fries-kt.com\/wp-content\/uploads\/tellereinsatzkorb_web3-150x150.jpg 150w, https:\/\/www.fries-kt.com\/wp-content\/uploads\/tellereinsatzkorb_web3.jpg 242w\" sizes=\"(max-width: 242px) 100vw, 242px\" \/><\/a><\/span><\/div><div class=\"fusion-text fusion-text-3 color-gastro blau\"><h4><a href=\"https:\/\/www.fries-kt.com\/produits\/gastronomie\/paniers-a-assiettes\/paniers-a-assiettes-600-x-400\/?lang=fr\">Paniers \u00e0 assiettes 600 x 400<\/a><\/h4>\n<\/div><div class=\"fusion-clearfix\"><\/div><\/div><\/div><div class=\"fusion-layout-column fusion_builder_column fusion-builder-column-5 fusion_builder_column_1_3 1_3 fusion-one-third fusion-column-last\" style=\"--awb-bg-size:cover;width:30.6666%;\"><div class=\"fusion-column-wrapper fusion-flex-column-wrapper-legacy\"><div class=\"fusion-image-element in-legacy-container\" style=\"--awb-caption-title-font-family:var(--h2_typography-font-family);--awb-caption-title-font-weight:var(--h2_typography-font-weight);--awb-caption-title-font-style:var(--h2_typography-font-style);--awb-caption-title-size:var(--h2_typography-font-size);--awb-caption-title-transform:var(--h2_typography-text-transform);--awb-caption-title-line-height:var(--h2_typography-line-height);--awb-caption-title-letter-spacing:var(--h2_typography-letter-spacing);\"><span class=\" fusion-imageframe imageframe-none imageframe-4 hover-type-none\"><a class=\"fusion-no-lightbox\" href=\"https:\/\/www.fries-kt.com\/produits\/gastronomie\/paniers-a-assiettes\/paniers-a-assiettes-600-x-500\/?lang=fr\" target=\"_self\" aria-label=\"Tellerkorb XLP 600&#215;500 mm\"><img decoding=\"async\" width=\"242\" height=\"242\" alt=\"Tellerkorb XLP 600x500 mm\" src=\"https:\/\/www.fries-kt.com\/wp-content\/uploads\/Rack-XL-P-mix_web.jpg\" class=\"img-responsive wp-image-18876\" srcset=\"https:\/\/www.fries-kt.com\/wp-content\/uploads\/Rack-XL-P-mix_web-66x66.jpg 66w, https:\/\/www.fries-kt.com\/wp-content\/uploads\/Rack-XL-P-mix_web-150x150.jpg 150w, https:\/\/www.fries-kt.com\/wp-content\/uploads\/Rack-XL-P-mix_web.jpg 242w\" sizes=\"(max-width: 242px) 100vw, 242px\" \/><\/a><\/span><\/div><div class=\"fusion-text fusion-text-4 color-gastro blau\"><h4><a href=\"https:\/\/www.fries-kt.com\/produits\/gastronomie\/paniers-a-assiettes\/paniers-a-assiettes-600-x-500\/?lang=fr\">Paniers \u00e0 assiettes 600 x 500<\/a><\/h4>\n<\/div><div class=\"fusion-clearfix\"><\/div><\/div><\/div><\/div><\/div><\/p>\n","protected":false},"excerpt":{"rendered":"","protected":false},"author":4,"featured_media":0,"parent":19854,"menu_order":0,"comment_status":"closed","ping_status":"closed","template":"","meta":{"_acf_changed":false,"footnotes":""},"class_list":["post-19989","page","type-page","status-publish","hentry"],"acf":[],"yoast_head":"<!-- This site is optimized with the Yoast SEO plugin v26.8 - https:\/\/yoast.com\/product\/yoast-seo-wordpress\/ -->\n<title>Paniers \u00e0 assiettes pour la gastronomie | Paniers de lavage pour assiettes avec divers mod\u00e8les<\/title>\n<meta name=\"description\" content=\"D\u00e9couvrez les paniers \u00e0 assiettes FRIES Rack pour la restauration. Disponible pour des assiettes de diff\u00e9rentes tailles et formes \u2714Technologie EWD \u25b6En savoir plus\" \/>\n<meta name=\"robots\" content=\"index, follow, max-snippet:-1, max-image-preview:large, max-video-preview:-1\" \/>\n<link rel=\"canonical\" href=\"https:\/\/www.fries-kt.com\/fr\/produits\/gastronomie\/paniers-a-assiettes\/\" \/>\n<meta name=\"twitter:label1\" content=\"Dur\u00e9e de lecture estim\u00e9e\" \/>\n\t<meta name=\"twitter:data1\" content=\"5 minutes\" \/>\n<script type=\"application\/ld+json\" class=\"yoast-schema-graph\">{\"@context\":\"https:\/\/schema.org\",\"@graph\":[{\"@type\":\"WebPage\",\"@id\":\"https:\/\/www.fries-kt.com\/fr\/produits\/gastronomie\/paniers-a-assiettes\/\",\"url\":\"https:\/\/www.fries-kt.com\/fr\/produits\/gastronomie\/paniers-a-assiettes\/\",\"name\":\"Paniers \u00e0 assiettes pour la gastronomie | Paniers de lavage pour assiettes avec divers mod\u00e8les\",\"isPartOf\":{\"@id\":\"https:\/\/www.fries-kt.com\/#website\"},\"primaryImageOfPage\":{\"@id\":\"https:\/\/www.fries-kt.com\/fr\/produits\/gastronomie\/paniers-a-assiettes\/#primaryimage\"},\"image\":{\"@id\":\"https:\/\/www.fries-kt.com\/fr\/produits\/gastronomie\/paniers-a-assiettes\/#primaryimage\"},\"thumbnailUrl\":\"https:\/\/www.fries-kt.com\/wp-content\/uploads\/tellereinsatzkorb_web3.jpg\",\"datePublished\":\"2015-10-24T15:38:12+00:00\",\"dateModified\":\"2023-03-06T08:22:51+00:00\",\"description\":\"D\u00e9couvrez les paniers \u00e0 assiettes FRIES Rack pour la restauration. Disponible pour des assiettes de diff\u00e9rentes tailles et formes \u2714Technologie EWD \u25b6En savoir plus\",\"breadcrumb\":{\"@id\":\"https:\/\/www.fries-kt.com\/fr\/produits\/gastronomie\/paniers-a-assiettes\/#breadcrumb\"},\"inLanguage\":\"fr-FR\",\"potentialAction\":[{\"@type\":\"ReadAction\",\"target\":[\"https:\/\/www.fries-kt.com\/fr\/produits\/gastronomie\/paniers-a-assiettes\/\"]}]},{\"@type\":\"ImageObject\",\"inLanguage\":\"fr-FR\",\"@id\":\"https:\/\/www.fries-kt.com\/fr\/produits\/gastronomie\/paniers-a-assiettes\/#primaryimage\",\"url\":\"https:\/\/www.fries-kt.com\/wp-content\/uploads\/tellereinsatzkorb_web3.jpg\",\"contentUrl\":\"https:\/\/www.fries-kt.com\/wp-content\/uploads\/tellereinsatzkorb_web3.jpg\"},{\"@type\":\"BreadcrumbList\",\"@id\":\"https:\/\/www.fries-kt.com\/fr\/produits\/gastronomie\/paniers-a-assiettes\/#breadcrumb\",\"itemListElement\":[{\"@type\":\"ListItem\",\"position\":1,\"name\":\"Home\",\"item\":\"https:\/\/www.fries-kt.com\/fr\/\"},{\"@type\":\"ListItem\",\"position\":2,\"name\":\"Produits\",\"item\":\"https:\/\/www.fries-kt.com\/fr\/produits\/\"},{\"@type\":\"ListItem\",\"position\":3,\"name\":\"Syst\u00e8mes de restauration\",\"item\":\"https:\/\/www.fries-kt.com\/fr\/produits\/gastronomie\/\"},{\"@type\":\"ListItem\",\"position\":4,\"name\":\"Paniers \u00e0 assiettes\"}]},{\"@type\":\"WebSite\",\"@id\":\"https:\/\/www.fries-kt.com\/#website\",\"url\":\"https:\/\/www.fries-kt.com\/\",\"name\":\"FRIES\",\"description\":\"\",\"publisher\":{\"@id\":\"https:\/\/www.fries-kt.com\/#organization\"},\"potentialAction\":[{\"@type\":\"SearchAction\",\"target\":{\"@type\":\"EntryPoint\",\"urlTemplate\":\"https:\/\/www.fries-kt.com\/?s={search_term_string}\"},\"query-input\":{\"@type\":\"PropertyValueSpecification\",\"valueRequired\":true,\"valueName\":\"search_term_string\"}}],\"inLanguage\":\"fr-FR\"},{\"@type\":\"Organization\",\"@id\":\"https:\/\/www.fries-kt.com\/#organization\",\"name\":\"FRIES Kunststofftechnik GmbH\",\"url\":\"https:\/\/www.fries-kt.com\/\",\"logo\":{\"@type\":\"ImageObject\",\"inLanguage\":\"fr-FR\",\"@id\":\"https:\/\/www.fries-kt.com\/#\/schema\/logo\/image\/\",\"url\":\"https:\/\/www.fries-kt.com\/wp-content\/uploads\/fries-logo.png\",\"contentUrl\":\"https:\/\/www.fries-kt.com\/wp-content\/uploads\/fries-logo.png\",\"width\":120,\"height\":60,\"caption\":\"FRIES Kunststofftechnik GmbH\"},\"image\":{\"@id\":\"https:\/\/www.fries-kt.com\/#\/schema\/logo\/image\/\"},\"sameAs\":[\"https:\/\/www.facebook.com\/FRIESKunststofftechnik\/\",\"https:\/\/www.youtube.com\/channel\/UCc2UgnWJ9Y_-pIXbDIek7wQ\"]}]}<\/script>\n<!-- \/ Yoast SEO plugin. -->","yoast_head_json":{"title":"Paniers \u00e0 assiettes pour la gastronomie | Paniers de lavage pour assiettes avec divers mod\u00e8les","description":"D\u00e9couvrez les paniers \u00e0 assiettes FRIES Rack pour la restauration. Disponible pour des assiettes de diff\u00e9rentes tailles et formes \u2714Technologie EWD \u25b6En savoir plus","robots":{"index":"index","follow":"follow","max-snippet":"max-snippet:-1","max-image-preview":"max-image-preview:large","max-video-preview":"max-video-preview:-1"},"canonical":"https:\/\/www.fries-kt.com\/fr\/produits\/gastronomie\/paniers-a-assiettes\/","twitter_misc":{"Dur\u00e9e de lecture estim\u00e9e":"5 minutes"},"schema":{"@context":"https:\/\/schema.org","@graph":[{"@type":"WebPage","@id":"https:\/\/www.fries-kt.com\/fr\/produits\/gastronomie\/paniers-a-assiettes\/","url":"https:\/\/www.fries-kt.com\/fr\/produits\/gastronomie\/paniers-a-assiettes\/","name":"Paniers \u00e0 assiettes pour la gastronomie | Paniers de lavage pour assiettes avec divers mod\u00e8les","isPartOf":{"@id":"https:\/\/www.fries-kt.com\/#website"},"primaryImageOfPage":{"@id":"https:\/\/www.fries-kt.com\/fr\/produits\/gastronomie\/paniers-a-assiettes\/#primaryimage"},"image":{"@id":"https:\/\/www.fries-kt.com\/fr\/produits\/gastronomie\/paniers-a-assiettes\/#primaryimage"},"thumbnailUrl":"https:\/\/www.fries-kt.com\/wp-content\/uploads\/tellereinsatzkorb_web3.jpg","datePublished":"2015-10-24T15:38:12+00:00","dateModified":"2023-03-06T08:22:51+00:00","description":"D\u00e9couvrez les paniers \u00e0 assiettes FRIES Rack pour la restauration. Disponible pour des assiettes de diff\u00e9rentes tailles et formes \u2714Technologie EWD \u25b6En savoir plus","breadcrumb":{"@id":"https:\/\/www.fries-kt.com\/fr\/produits\/gastronomie\/paniers-a-assiettes\/#breadcrumb"},"inLanguage":"fr-FR","potentialAction":[{"@type":"ReadAction","target":["https:\/\/www.fries-kt.com\/fr\/produits\/gastronomie\/paniers-a-assiettes\/"]}]},{"@type":"ImageObject","inLanguage":"fr-FR","@id":"https:\/\/www.fries-kt.com\/fr\/produits\/gastronomie\/paniers-a-assiettes\/#primaryimage","url":"https:\/\/www.fries-kt.com\/wp-content\/uploads\/tellereinsatzkorb_web3.jpg","contentUrl":"https:\/\/www.fries-kt.com\/wp-content\/uploads\/tellereinsatzkorb_web3.jpg"},{"@type":"BreadcrumbList","@id":"https:\/\/www.fries-kt.com\/fr\/produits\/gastronomie\/paniers-a-assiettes\/#breadcrumb","itemListElement":[{"@type":"ListItem","position":1,"name":"Home","item":"https:\/\/www.fries-kt.com\/fr\/"},{"@type":"ListItem","position":2,"name":"Produits","item":"https:\/\/www.fries-kt.com\/fr\/produits\/"},{"@type":"ListItem","position":3,"name":"Syst\u00e8mes de restauration","item":"https:\/\/www.fries-kt.com\/fr\/produits\/gastronomie\/"},{"@type":"ListItem","position":4,"name":"Paniers \u00e0 assiettes"}]},{"@type":"WebSite","@id":"https:\/\/www.fries-kt.com\/#website","url":"https:\/\/www.fries-kt.com\/","name":"FRIES","description":"","publisher":{"@id":"https:\/\/www.fries-kt.com\/#organization"},"potentialAction":[{"@type":"SearchAction","target":{"@type":"EntryPoint","urlTemplate":"https:\/\/www.fries-kt.com\/?s={search_term_string}"},"query-input":{"@type":"PropertyValueSpecification","valueRequired":true,"valueName":"search_term_string"}}],"inLanguage":"fr-FR"},{"@type":"Organization","@id":"https:\/\/www.fries-kt.com\/#organization","name":"FRIES Kunststofftechnik GmbH","url":"https:\/\/www.fries-kt.com\/","logo":{"@type":"ImageObject","inLanguage":"fr-FR","@id":"https:\/\/www.fries-kt.com\/#\/schema\/logo\/image\/","url":"https:\/\/www.fries-kt.com\/wp-content\/uploads\/fries-logo.png","contentUrl":"https:\/\/www.fries-kt.com\/wp-content\/uploads\/fries-logo.png","width":120,"height":60,"caption":"FRIES Kunststofftechnik GmbH"},"image":{"@id":"https:\/\/www.fries-kt.com\/#\/schema\/logo\/image\/"},"sameAs":["https:\/\/www.facebook.com\/FRIESKunststofftechnik\/","https:\/\/www.youtube.com\/channel\/UCc2UgnWJ9Y_-pIXbDIek7wQ"]}]}},"_links":{"self":[{"href":"https:\/\/www.fries-kt.com\/fr\/wp-json\/wp\/v2\/pages\/19989","targetHints":{"allow":["GET"]}}],"collection":[{"href":"https:\/\/www.fries-kt.com\/fr\/wp-json\/wp\/v2\/pages"}],"about":[{"href":"https:\/\/www.fries-kt.com\/fr\/wp-json\/wp\/v2\/types\/page"}],"author":[{"embeddable":true,"href":"https:\/\/www.fries-kt.com\/fr\/wp-json\/wp\/v2\/users\/4"}],"replies":[{"embeddable":true,"href":"https:\/\/www.fries-kt.com\/fr\/wp-json\/wp\/v2\/comments?post=19989"}],"version-history":[{"count":11,"href":"https:\/\/www.fries-kt.com\/fr\/wp-json\/wp\/v2\/pages\/19989\/revisions"}],"predecessor-version":[{"id":41146,"href":"https:\/\/www.fries-kt.com\/fr\/wp-json\/wp\/v2\/pages\/19989\/revisions\/41146"}],"up":[{"embeddable":true,"href":"https:\/\/www.fries-kt.com\/fr\/wp-json\/wp\/v2\/pages\/19854"}],"wp:attachment":[{"href":"https:\/\/www.fries-kt.com\/fr\/wp-json\/wp\/v2\/media?parent=19989"}],"curies":[{"name":"wp","href":"https:\/\/api.w.org\/{rel}","templated":true}]}}