{"id":20008,"date":"2015-10-26T16:21:31","date_gmt":"2015-10-26T14:21:31","guid":{"rendered":"https:\/\/www.fries-kt.com\/produits\/emballage\/tonneaux\/?lang=fr"},"modified":"2023-06-01T09:13:05","modified_gmt":"2023-06-01T07:13:05","slug":"futs","status":"publish","type":"page","link":"https:\/\/www.fries-kt.com\/fr\/produits\/emballage\/futs\/","title":{"rendered":"F\u00fbts"},"content":{"rendered":"<p><div class=\"fusion-fullwidth fullwidth-box fusion-builder-row-1 nonhundred-percent-fullwidth non-hundred-percent-height-scrolling\" style=\"--awb-border-radius-top-left:0px;--awb-border-radius-top-right:0px;--awb-border-radius-bottom-right:0px;--awb-border-radius-bottom-left:0px;--awb-flex-wrap:wrap;\" ><div class=\"fusion-builder-row fusion-row\"><div class=\"fusion-layout-column fusion_builder_column fusion-builder-column-0 fusion_builder_column_1_1 1_1 fusion-one-full fusion-column-first fusion-column-last\" style=\"--awb-bg-size:cover;\"><div class=\"fusion-column-wrapper fusion-column-has-shadow fusion-flex-column-wrapper-legacy\"><div class=\"fusion-text fusion-text-1 color-verpackung gr\u00fcn\"><h1>F\u00fbts en plastique<\/h1>\n<p>Les f\u00fbts font partie des plus grands emballages pour les produits alimentaires et chimiques avec des homologations pour produits dangereux. Les f\u00fbts en plastique sont fabriqu\u00e9s en PE-HD \u00e0 haut poids mol\u00e9culaire. Le f\u00fbt \u00e0 bonde, \u00e9galement appel\u00e9 f\u00fbt \u00e0 anneau en L, convient parfaitement pour le soutirage de liquides et de solides. Le couvercle est solidement fix\u00e9 au f\u00fbt et le remplissage ou le pr\u00e9l\u00e8vement des liquides est possible gr\u00e2ce \u00e0 deux ouvertures sur le fond sup\u00e9rieur.<\/p>\n<\/div><div class=\"fusion-clearfix\"><\/div><\/div><\/div><\/div><\/div><div class=\"fusion-fullwidth fullwidth-box fusion-builder-row-2 nonhundred-percent-fullwidth non-hundred-percent-height-scrolling\" style=\"--awb-background-position:left top;--awb-border-radius-top-left:0px;--awb-border-radius-top-right:0px;--awb-border-radius-bottom-right:0px;--awb-border-radius-bottom-left:0px;--awb-padding-top:20px;--awb-padding-right:0px;--awb-padding-bottom:20px;--awb-padding-left:0px;--awb-border-sizes-top:0px;--awb-border-sizes-bottom:0px;--awb-flex-wrap:wrap;\" ><div class=\"fusion-builder-row fusion-row\"><div class=\"fusion-layout-column fusion_builder_column fusion-builder-column-1 fusion_builder_column_1_3 1_3 fusion-one-third fusion-column-first\" style=\"--awb-bg-size:cover;width:30.6666%; margin-right: 4%;\"><div class=\"fusion-column-wrapper fusion-flex-column-wrapper-legacy\"><div class=\"fusion-image-element in-legacy-container\" style=\"--awb-caption-title-font-family:var(--h2_typography-font-family);--awb-caption-title-font-weight:var(--h2_typography-font-weight);--awb-caption-title-font-style:var(--h2_typography-font-style);--awb-caption-title-size:var(--h2_typography-font-size);--awb-caption-title-transform:var(--h2_typography-text-transform);--awb-caption-title-line-height:var(--h2_typography-line-height);--awb-caption-title-letter-spacing:var(--h2_typography-letter-spacing);\"><span class=\" fusion-imageframe imageframe-none imageframe-1 hover-type-none\"><a class=\"fusion-no-lightbox\" href=\"https:\/\/www.fries-kt.com\/produits\/emballage\/futs\/futs-a-bondes-l-ring-220-l\/?lang=fr\" target=\"_self\" aria-label=\"L-Ringfass lebensmittelecht und UN PLUS 220l\"><img decoding=\"async\" width=\"242\" height=\"242\" alt=\"L-Ringfass lebensmittelecht und UN PLUS 220l\" src=\"https:\/\/www.fries-kt.com\/wp-content\/uploads\/L-Ringfass-PLUS-220l_web.jpg\" class=\"img-responsive wp-image-18145\" srcset=\"https:\/\/www.fries-kt.com\/wp-content\/uploads\/L-Ringfass-PLUS-220l_web-66x66.jpg 66w, https:\/\/www.fries-kt.com\/wp-content\/uploads\/L-Ringfass-PLUS-220l_web-150x150.jpg 150w, https:\/\/www.fries-kt.com\/wp-content\/uploads\/L-Ringfass-PLUS-220l_web.jpg 242w\" sizes=\"(max-width: 242px) 100vw, 242px\" \/><\/a><\/span><\/div><div class=\"fusion-text fusion-text-2\"><h4><a href=\"https:\/\/www.fries-kt.com\/produits\/emballage\/futs\/futs-a-bondes-l-ring-220-l\/?lang=fr\">F\u00fbt \u00e0 anneau en L PLUS 220 L<\/a><\/h4>\n<\/div><div class=\"fusion-clearfix\"><\/div><\/div><\/div><div class=\"fusion-layout-column fusion_builder_column fusion-builder-column-2 fusion_builder_column_1_3 1_3 fusion-one-third\" style=\"--awb-bg-size:cover;width:30.6666%; margin-right: 4%;\"><div class=\"fusion-column-wrapper fusion-flex-column-wrapper-legacy\"><div class=\"fusion-image-element in-legacy-container\" style=\"--awb-caption-title-font-family:var(--h2_typography-font-family);--awb-caption-title-font-weight:var(--h2_typography-font-weight);--awb-caption-title-font-style:var(--h2_typography-font-style);--awb-caption-title-size:var(--h2_typography-font-size);--awb-caption-title-transform:var(--h2_typography-text-transform);--awb-caption-title-line-height:var(--h2_typography-line-height);--awb-caption-title-letter-spacing:var(--h2_typography-letter-spacing);\"><span class=\" fusion-imageframe imageframe-none imageframe-2 hover-type-none\"><a class=\"fusion-no-lightbox\" href=\"https:\/\/www.fries-kt.com\/produits\/emballage\/futs\/futs-a-bondes-megatop-220-l\/?lang=fr\" target=\"_self\" aria-label=\"Rollringfass lebensmittelecht und UN MEGATOP 220l\"><img decoding=\"async\" width=\"242\" height=\"242\" alt=\"Rollringfass lebensmittelecht und UN MEGATOP 220l\" src=\"https:\/\/www.fries-kt.com\/wp-content\/uploads\/Rollringfass-220-L_web.jpg\" class=\"img-responsive wp-image-18146\" srcset=\"https:\/\/www.fries-kt.com\/wp-content\/uploads\/Rollringfass-220-L_web-66x66.jpg 66w, https:\/\/www.fries-kt.com\/wp-content\/uploads\/Rollringfass-220-L_web-150x150.jpg 150w, https:\/\/www.fries-kt.com\/wp-content\/uploads\/Rollringfass-220-L_web.jpg 242w\" sizes=\"(max-width: 242px) 100vw, 242px\" \/><\/a><\/span><\/div><div class=\"fusion-text fusion-text-3\"><h4><a href=\"https:\/\/www.fries-kt.com\/produits\/emballage\/futs\/futs-a-bondes-megatop-220-l\/?lang=fr\">F\u00fbt \u00e0 roulettes MEGATOP 220 L<\/a><\/h4>\n<\/div><div class=\"fusion-clearfix\"><\/div><\/div><\/div><\/div><\/div><div class=\"fusion-fullwidth fullwidth-box fusion-builder-row-3 fusion-flex-container nonhundred-percent-fullwidth non-hundred-percent-height-scrolling\" style=\"--awb-border-radius-top-left:0px;--awb-border-radius-top-right:0px;--awb-border-radius-bottom-right:0px;--awb-border-radius-bottom-left:0px;--awb-flex-wrap:wrap;\" ><div class=\"fusion-builder-row fusion-row fusion-flex-align-items-flex-start fusion-flex-content-wrap\" style=\"max-width:1144px;margin-left: calc(-4% \/ 2 );margin-right: calc(-4% \/ 2 );\"><div class=\"fusion-layout-column fusion_builder_column fusion-builder-column-3 fusion_builder_column_1_1 1_1 fusion-flex-column\" style=\"--awb-bg-size:cover;--awb-width-large:100%;--awb-margin-top-large:0px;--awb-spacing-right-large:1.92%;--awb-margin-bottom-large:20px;--awb-spacing-left-large:1.92%;--awb-width-medium:100%;--awb-order-medium:0;--awb-spacing-right-medium:1.92%;--awb-spacing-left-medium:1.92%;--awb-width-small:100%;--awb-order-small:0;--awb-spacing-right-small:1.92%;--awb-spacing-left-small:1.92%;\"><div class=\"fusion-column-wrapper fusion-column-has-shadow fusion-flex-justify-content-flex-start fusion-content-layout-column\"><div class=\"fusion-separator fusion-full-width-sep\" style=\"align-self: center;margin-left: auto;margin-right: auto;margin-top:10px;margin-bottom:20px;width:100%;\"><div class=\"fusion-separator-border sep-single sep-solid\" style=\"--awb-height:20px;--awb-amount:20px;border-color:#e0dede;border-top-width:1px;\"><\/div><\/div><div class=\"fusion-text fusion-text-4 color-verpackung gr\u00fcn\"><h2>Guide des f\u00fbts en plastique<\/h2>\n<\/div><\/div><\/div><div class=\"fusion-layout-column fusion_builder_column fusion-builder-column-4 fusion_builder_column_1_3 1_3 fusion-flex-column\" style=\"--awb-bg-size:cover;--awb-width-large:33.333333333333%;--awb-margin-top-large:0px;--awb-spacing-right-large:5.76%;--awb-margin-bottom-large:20px;--awb-spacing-left-large:5.76%;--awb-width-medium:100%;--awb-order-medium:0;--awb-spacing-right-medium:1.92%;--awb-spacing-left-medium:1.92%;--awb-width-small:100%;--awb-order-small:0;--awb-spacing-right-small:1.92%;--awb-spacing-left-small:1.92%;\"><div class=\"fusion-column-wrapper fusion-column-has-shadow fusion-flex-justify-content-flex-start fusion-content-layout-column\"><div class=\"fusion-image-element \" style=\"text-align:center;--awb-max-width:100px;--awb-caption-title-font-family:var(--h2_typography-font-family);--awb-caption-title-font-weight:var(--h2_typography-font-weight);--awb-caption-title-font-style:var(--h2_typography-font-style);--awb-caption-title-size:var(--h2_typography-font-size);--awb-caption-title-transform:var(--h2_typography-text-transform);--awb-caption-title-line-height:var(--h2_typography-line-height);--awb-caption-title-letter-spacing:var(--h2_typography-letter-spacing);\"><span class=\" fusion-imageframe imageframe-none imageframe-3 hover-type-none\"><a class=\"fusion-no-lightbox\" href=\"https:\/\/www.fries-kt.com\/produits\/emballage\/guide-des-emballages-industriels\/emballages-avec-certifications-un-pour-matieres-dangereuses\/?lang=fr\" target=\"_self\" aria-label=\"un-zulassung-symbol\"><img decoding=\"async\" width=\"591\" height=\"591\" alt=\"UN Kennzeichnung Symbol\" src=\"https:\/\/www.fries-kt.com\/wp-content\/uploads\/un-zulassung-symbol.jpg\" class=\"img-responsive wp-image-33055\" srcset=\"https:\/\/www.fries-kt.com\/wp-content\/uploads\/un-zulassung-symbol-200x200.jpg 200w, https:\/\/www.fries-kt.com\/wp-content\/uploads\/un-zulassung-symbol-400x400.jpg 400w, https:\/\/www.fries-kt.com\/wp-content\/uploads\/un-zulassung-symbol.jpg 591w\" sizes=\"(max-width: 1024px) 100vw, (max-width: 1455px) 100vw, 400px\" \/><\/a><\/span><\/div><\/div><\/div><div class=\"fusion-layout-column fusion_builder_column fusion-builder-column-5 fusion_builder_column_2_3 2_3 fusion-flex-column\" style=\"--awb-bg-size:cover;--awb-width-large:66.666666666667%;--awb-margin-top-large:0px;--awb-spacing-right-large:2.88%;--awb-margin-bottom-large:20px;--awb-spacing-left-large:2.88%;--awb-width-medium:100%;--awb-order-medium:0;--awb-spacing-right-medium:1.92%;--awb-spacing-left-medium:1.92%;--awb-width-small:100%;--awb-order-small:0;--awb-spacing-right-small:1.92%;--awb-spacing-left-small:1.92%;\"><div class=\"fusion-column-wrapper fusion-column-has-shadow fusion-flex-justify-content-flex-start fusion-content-layout-column\"><div class=\"fusion-text fusion-text-5\"><h4><a href=\"https:\/\/www.fries-kt.com\/produits\/emballage\/guide-des-emballages-industriels\/emballages-avec-certifications-un-pour-matieres-dangereuses\/?lang=fr\">F\u00fbts avec homologation de l&#8217;ONU pour les produits dangereux<\/a><\/h4>\n<p>Si des f\u00fbts en plastique sont utilis\u00e9s pour l&#8217;emballage de produits dangereux, ils doivent \u00eatre test\u00e9s et porter un marquage de l&#8217;ONU. En fonction de l&#8217;itin\u00e9raire et du type de transport, les f\u00fbts pour marchandises dangereuses doivent \u00eatre conformes \u00e0 diff\u00e9rentes r\u00e9glementations. D\u00e9couvrez notre guide avec toutes les questions et r\u00e9ponses importantes sur les emballages de marchandises dangereuses et les homologations de l&#8217;ONU.<\/p>\n<p style=\"text-align: right;\"><a href=\"https:\/\/www.fries-kt.com\/produits\/emballage\/guide-des-emballages-industriels\/emballages-avec-certifications-un-pour-matieres-dangereuses\/?lang=fr\">Lire la suite &gt;&gt;<\/a><\/p>\n<\/div><\/div><\/div><div class=\"fusion-layout-column fusion_builder_column fusion-builder-column-6 fusion_builder_column_1_3 1_3 fusion-flex-column\" style=\"--awb-bg-size:cover;--awb-width-large:33.333333333333%;--awb-margin-top-large:0px;--awb-spacing-right-large:5.76%;--awb-margin-bottom-large:20px;--awb-spacing-left-large:5.76%;--awb-width-medium:100%;--awb-order-medium:0;--awb-spacing-right-medium:1.92%;--awb-spacing-left-medium:1.92%;--awb-width-small:100%;--awb-order-small:0;--awb-spacing-right-small:1.92%;--awb-spacing-left-small:1.92%;\"><div class=\"fusion-column-wrapper fusion-column-has-shadow fusion-flex-justify-content-flex-start fusion-content-layout-column\"><div class=\"fusion-image-element \" style=\"text-align:center;--awb-max-width:100px;--awb-caption-title-font-family:var(--h2_typography-font-family);--awb-caption-title-font-weight:var(--h2_typography-font-weight);--awb-caption-title-font-style:var(--h2_typography-font-style);--awb-caption-title-size:var(--h2_typography-font-size);--awb-caption-title-transform:var(--h2_typography-text-transform);--awb-caption-title-line-height:var(--h2_typography-line-height);--awb-caption-title-letter-spacing:var(--h2_typography-letter-spacing);\"><span class=\" fusion-imageframe imageframe-none imageframe-4 hover-type-none\"><a class=\"fusion-no-lightbox\" href=\"https:\/\/www.fries-kt.com\/produits\/emballage\/guide-des-emballages-industriels\/emballages-de-qualite-alimentaire\/?lang=fr\" target=\"_self\" aria-label=\"lebensmittelecht\"><img decoding=\"async\" width=\"452\" height=\"452\" alt=\"Symbol Lebensmittelkonformit\u00e4t Lebensmittelecht\" src=\"https:\/\/www.fries-kt.com\/wp-content\/uploads\/lebensmittelecht.jpg\" class=\"img-responsive wp-image-33094\" srcset=\"https:\/\/www.fries-kt.com\/wp-content\/uploads\/lebensmittelecht-200x200.jpg 200w, https:\/\/www.fries-kt.com\/wp-content\/uploads\/lebensmittelecht-400x400.jpg 400w, https:\/\/www.fries-kt.com\/wp-content\/uploads\/lebensmittelecht.jpg 452w\" sizes=\"(max-width: 1024px) 100vw, (max-width: 1455px) 100vw, 400px\" \/><\/a><\/span><\/div><\/div><\/div><div class=\"fusion-layout-column fusion_builder_column fusion-builder-column-7 fusion_builder_column_2_3 2_3 fusion-flex-column\" style=\"--awb-bg-size:cover;--awb-width-large:66.666666666667%;--awb-margin-top-large:0px;--awb-spacing-right-large:2.88%;--awb-margin-bottom-large:20px;--awb-spacing-left-large:2.88%;--awb-width-medium:100%;--awb-order-medium:0;--awb-spacing-right-medium:1.92%;--awb-spacing-left-medium:1.92%;--awb-width-small:100%;--awb-order-small:0;--awb-spacing-right-small:1.92%;--awb-spacing-left-small:1.92%;\"><div class=\"fusion-column-wrapper fusion-column-has-shadow fusion-flex-justify-content-flex-start fusion-content-layout-column\"><div class=\"fusion-text fusion-text-6 color-verpackung gr\u00fcn\"><h4><a href=\"https:\/\/www.fries-kt.com\/produits\/emballage\/guide-des-emballages-industriels\/emballages-de-qualite-alimentaire\/?lang=fr\">F\u00fbts en plastique de qualit\u00e9 alimentaire<\/a><\/h4>\n<p>Les f\u00fbts en plastique utilis\u00e9s comme emballages alimentaires doivent \u00eatre de qualit\u00e9 alimentaire ou conformes aux normes alimentaires. Les f\u00fbts doivent \u00eatre conformes \u00e0 certaines r\u00e9glementations l\u00e9gales afin de garantir qu&#8217;elles ne sont pas nocives pour la sant\u00e9. D\u00e9couvrez notre guide avec toutes les questions et r\u00e9ponses importantes sur les emballages alimentaires.<\/p>\n<p style=\"text-align: right;\"><a href=\"https:\/\/www.fries-kt.com\/produits\/emballage\/guide-des-emballages-industriels\/emballages-de-qualite-alimentaire\/?lang=fr\">Lire la suite &gt;&gt;<\/a><\/p>\n<\/div><\/div><\/div><\/div><\/div><\/p>\n","protected":false},"excerpt":{"rendered":"","protected":false},"author":4,"featured_media":0,"parent":19853,"menu_order":0,"comment_status":"closed","ping_status":"closed","template":"","meta":{"_acf_changed":false,"footnotes":""},"class_list":["post-20008","page","type-page","status-publish","hentry"],"acf":[],"yoast_head":"<!-- This site is optimized with the Yoast SEO plugin v26.8 - https:\/\/yoast.com\/product\/yoast-seo-wordpress\/ -->\n<title>F\u00fbts en plastique avec couvercle | 220 litres | FRIES Kunststofftechnik<\/title>\n<meta name=\"description\" content=\"D\u00e9couvrez les f\u00fbts en plastique robustes en PE \u00e0 haut poids mol\u00e9culaire \u2714Qualit\u00e9 alimentaire \u2714Homologu\u00e9 pour les produits dangereux \u2714Conforme aux normes ISO pour les conteneurs \u25b6En savoir plus\" \/>\n<meta name=\"robots\" content=\"index, follow, max-snippet:-1, max-image-preview:large, max-video-preview:-1\" \/>\n<link rel=\"canonical\" href=\"https:\/\/www.fries-kt.com\/fr\/produits\/emballage\/futs\/\" \/>\n<meta name=\"twitter:label1\" content=\"Dur\u00e9e de lecture estim\u00e9e\" \/>\n\t<meta name=\"twitter:data1\" content=\"8 minutes\" \/>\n<script type=\"application\/ld+json\" class=\"yoast-schema-graph\">{\"@context\":\"https:\/\/schema.org\",\"@graph\":[{\"@type\":\"WebPage\",\"@id\":\"https:\/\/www.fries-kt.com\/fr\/produits\/emballage\/futs\/\",\"url\":\"https:\/\/www.fries-kt.com\/fr\/produits\/emballage\/futs\/\",\"name\":\"F\u00fbts en plastique avec couvercle | 220 litres | FRIES Kunststofftechnik\",\"isPartOf\":{\"@id\":\"https:\/\/www.fries-kt.com\/#website\"},\"primaryImageOfPage\":{\"@id\":\"https:\/\/www.fries-kt.com\/fr\/produits\/emballage\/futs\/#primaryimage\"},\"image\":{\"@id\":\"https:\/\/www.fries-kt.com\/fr\/produits\/emballage\/futs\/#primaryimage\"},\"thumbnailUrl\":\"https:\/\/www.fries-kt.com\/wp-content\/uploads\/L-Ringfass-PLUS-220l_web.jpg\",\"datePublished\":\"2015-10-26T14:21:31+00:00\",\"dateModified\":\"2023-06-01T07:13:05+00:00\",\"description\":\"D\u00e9couvrez les f\u00fbts en plastique robustes en PE \u00e0 haut poids mol\u00e9culaire \u2714Qualit\u00e9 alimentaire \u2714Homologu\u00e9 pour les produits dangereux \u2714Conforme aux normes ISO pour les conteneurs \u25b6En savoir plus\",\"breadcrumb\":{\"@id\":\"https:\/\/www.fries-kt.com\/fr\/produits\/emballage\/futs\/#breadcrumb\"},\"inLanguage\":\"fr-FR\",\"potentialAction\":[{\"@type\":\"ReadAction\",\"target\":[\"https:\/\/www.fries-kt.com\/fr\/produits\/emballage\/futs\/\"]}]},{\"@type\":\"ImageObject\",\"inLanguage\":\"fr-FR\",\"@id\":\"https:\/\/www.fries-kt.com\/fr\/produits\/emballage\/futs\/#primaryimage\",\"url\":\"https:\/\/www.fries-kt.com\/wp-content\/uploads\/L-Ringfass-PLUS-220l_web.jpg\",\"contentUrl\":\"https:\/\/www.fries-kt.com\/wp-content\/uploads\/L-Ringfass-PLUS-220l_web.jpg\"},{\"@type\":\"BreadcrumbList\",\"@id\":\"https:\/\/www.fries-kt.com\/fr\/produits\/emballage\/futs\/#breadcrumb\",\"itemListElement\":[{\"@type\":\"ListItem\",\"position\":1,\"name\":\"Home\",\"item\":\"https:\/\/www.fries-kt.com\/fr\/\"},{\"@type\":\"ListItem\",\"position\":2,\"name\":\"Produits\",\"item\":\"https:\/\/www.fries-kt.com\/fr\/produits\/\"},{\"@type\":\"ListItem\",\"position\":3,\"name\":\"Emballage\",\"item\":\"https:\/\/www.fries-kt.com\/fr\/produits\/emballage\/\"},{\"@type\":\"ListItem\",\"position\":4,\"name\":\"F\u00fbts\"}]},{\"@type\":\"WebSite\",\"@id\":\"https:\/\/www.fries-kt.com\/#website\",\"url\":\"https:\/\/www.fries-kt.com\/\",\"name\":\"FRIES\",\"description\":\"\",\"publisher\":{\"@id\":\"https:\/\/www.fries-kt.com\/#organization\"},\"potentialAction\":[{\"@type\":\"SearchAction\",\"target\":{\"@type\":\"EntryPoint\",\"urlTemplate\":\"https:\/\/www.fries-kt.com\/?s={search_term_string}\"},\"query-input\":{\"@type\":\"PropertyValueSpecification\",\"valueRequired\":true,\"valueName\":\"search_term_string\"}}],\"inLanguage\":\"fr-FR\"},{\"@type\":\"Organization\",\"@id\":\"https:\/\/www.fries-kt.com\/#organization\",\"name\":\"FRIES Kunststofftechnik GmbH\",\"url\":\"https:\/\/www.fries-kt.com\/\",\"logo\":{\"@type\":\"ImageObject\",\"inLanguage\":\"fr-FR\",\"@id\":\"https:\/\/www.fries-kt.com\/#\/schema\/logo\/image\/\",\"url\":\"https:\/\/www.fries-kt.com\/wp-content\/uploads\/fries-logo.png\",\"contentUrl\":\"https:\/\/www.fries-kt.com\/wp-content\/uploads\/fries-logo.png\",\"width\":120,\"height\":60,\"caption\":\"FRIES Kunststofftechnik GmbH\"},\"image\":{\"@id\":\"https:\/\/www.fries-kt.com\/#\/schema\/logo\/image\/\"},\"sameAs\":[\"https:\/\/www.facebook.com\/FRIESKunststofftechnik\/\",\"https:\/\/www.youtube.com\/channel\/UCc2UgnWJ9Y_-pIXbDIek7wQ\"]}]}<\/script>\n<!-- \/ Yoast SEO plugin. -->","yoast_head_json":{"title":"F\u00fbts en plastique avec couvercle | 220 litres | FRIES Kunststofftechnik","description":"D\u00e9couvrez les f\u00fbts en plastique robustes en PE \u00e0 haut poids mol\u00e9culaire \u2714Qualit\u00e9 alimentaire \u2714Homologu\u00e9 pour les produits dangereux \u2714Conforme aux normes ISO pour les conteneurs \u25b6En savoir plus","robots":{"index":"index","follow":"follow","max-snippet":"max-snippet:-1","max-image-preview":"max-image-preview:large","max-video-preview":"max-video-preview:-1"},"canonical":"https:\/\/www.fries-kt.com\/fr\/produits\/emballage\/futs\/","twitter_misc":{"Dur\u00e9e de lecture estim\u00e9e":"8 minutes"},"schema":{"@context":"https:\/\/schema.org","@graph":[{"@type":"WebPage","@id":"https:\/\/www.fries-kt.com\/fr\/produits\/emballage\/futs\/","url":"https:\/\/www.fries-kt.com\/fr\/produits\/emballage\/futs\/","name":"F\u00fbts en plastique avec couvercle | 220 litres | FRIES Kunststofftechnik","isPartOf":{"@id":"https:\/\/www.fries-kt.com\/#website"},"primaryImageOfPage":{"@id":"https:\/\/www.fries-kt.com\/fr\/produits\/emballage\/futs\/#primaryimage"},"image":{"@id":"https:\/\/www.fries-kt.com\/fr\/produits\/emballage\/futs\/#primaryimage"},"thumbnailUrl":"https:\/\/www.fries-kt.com\/wp-content\/uploads\/L-Ringfass-PLUS-220l_web.jpg","datePublished":"2015-10-26T14:21:31+00:00","dateModified":"2023-06-01T07:13:05+00:00","description":"D\u00e9couvrez les f\u00fbts en plastique robustes en PE \u00e0 haut poids mol\u00e9culaire \u2714Qualit\u00e9 alimentaire \u2714Homologu\u00e9 pour les produits dangereux \u2714Conforme aux normes ISO pour les conteneurs \u25b6En savoir plus","breadcrumb":{"@id":"https:\/\/www.fries-kt.com\/fr\/produits\/emballage\/futs\/#breadcrumb"},"inLanguage":"fr-FR","potentialAction":[{"@type":"ReadAction","target":["https:\/\/www.fries-kt.com\/fr\/produits\/emballage\/futs\/"]}]},{"@type":"ImageObject","inLanguage":"fr-FR","@id":"https:\/\/www.fries-kt.com\/fr\/produits\/emballage\/futs\/#primaryimage","url":"https:\/\/www.fries-kt.com\/wp-content\/uploads\/L-Ringfass-PLUS-220l_web.jpg","contentUrl":"https:\/\/www.fries-kt.com\/wp-content\/uploads\/L-Ringfass-PLUS-220l_web.jpg"},{"@type":"BreadcrumbList","@id":"https:\/\/www.fries-kt.com\/fr\/produits\/emballage\/futs\/#breadcrumb","itemListElement":[{"@type":"ListItem","position":1,"name":"Home","item":"https:\/\/www.fries-kt.com\/fr\/"},{"@type":"ListItem","position":2,"name":"Produits","item":"https:\/\/www.fries-kt.com\/fr\/produits\/"},{"@type":"ListItem","position":3,"name":"Emballage","item":"https:\/\/www.fries-kt.com\/fr\/produits\/emballage\/"},{"@type":"ListItem","position":4,"name":"F\u00fbts"}]},{"@type":"WebSite","@id":"https:\/\/www.fries-kt.com\/#website","url":"https:\/\/www.fries-kt.com\/","name":"FRIES","description":"","publisher":{"@id":"https:\/\/www.fries-kt.com\/#organization"},"potentialAction":[{"@type":"SearchAction","target":{"@type":"EntryPoint","urlTemplate":"https:\/\/www.fries-kt.com\/?s={search_term_string}"},"query-input":{"@type":"PropertyValueSpecification","valueRequired":true,"valueName":"search_term_string"}}],"inLanguage":"fr-FR"},{"@type":"Organization","@id":"https:\/\/www.fries-kt.com\/#organization","name":"FRIES Kunststofftechnik GmbH","url":"https:\/\/www.fries-kt.com\/","logo":{"@type":"ImageObject","inLanguage":"fr-FR","@id":"https:\/\/www.fries-kt.com\/#\/schema\/logo\/image\/","url":"https:\/\/www.fries-kt.com\/wp-content\/uploads\/fries-logo.png","contentUrl":"https:\/\/www.fries-kt.com\/wp-content\/uploads\/fries-logo.png","width":120,"height":60,"caption":"FRIES Kunststofftechnik GmbH"},"image":{"@id":"https:\/\/www.fries-kt.com\/#\/schema\/logo\/image\/"},"sameAs":["https:\/\/www.facebook.com\/FRIESKunststofftechnik\/","https:\/\/www.youtube.com\/channel\/UCc2UgnWJ9Y_-pIXbDIek7wQ"]}]}},"_links":{"self":[{"href":"https:\/\/www.fries-kt.com\/fr\/wp-json\/wp\/v2\/pages\/20008","targetHints":{"allow":["GET"]}}],"collection":[{"href":"https:\/\/www.fries-kt.com\/fr\/wp-json\/wp\/v2\/pages"}],"about":[{"href":"https:\/\/www.fries-kt.com\/fr\/wp-json\/wp\/v2\/types\/page"}],"author":[{"embeddable":true,"href":"https:\/\/www.fries-kt.com\/fr\/wp-json\/wp\/v2\/users\/4"}],"replies":[{"embeddable":true,"href":"https:\/\/www.fries-kt.com\/fr\/wp-json\/wp\/v2\/comments?post=20008"}],"version-history":[{"count":22,"href":"https:\/\/www.fries-kt.com\/fr\/wp-json\/wp\/v2\/pages\/20008\/revisions"}],"predecessor-version":[{"id":42125,"href":"https:\/\/www.fries-kt.com\/fr\/wp-json\/wp\/v2\/pages\/20008\/revisions\/42125"}],"up":[{"embeddable":true,"href":"https:\/\/www.fries-kt.com\/fr\/wp-json\/wp\/v2\/pages\/19853"}],"wp:attachment":[{"href":"https:\/\/www.fries-kt.com\/fr\/wp-json\/wp\/v2\/media?parent=20008"}],"curies":[{"name":"wp","href":"https:\/\/api.w.org\/{rel}","templated":true}]}}