{"id":20012,"date":"2015-10-26T17:57:07","date_gmt":"2015-10-26T15:57:07","guid":{"rendered":"https:\/\/www.fries-kt.com\/produits\/gastronomie\/paniers-bistrot-tous-usages\/?lang=fr"},"modified":"2023-03-06T10:13:44","modified_gmt":"2023-03-06T08:13:44","slug":"paniers-bistro-tous-usages","status":"publish","type":"page","link":"https:\/\/www.fries-kt.com\/fr\/produits\/gastronomie\/paniers-bistro-tous-usages\/","title":{"rendered":"Paniers bistro et tous usages"},"content":{"rendered":"<div class=\"fusion-fullwidth fullwidth-box fusion-builder-row-1 nonhundred-percent-fullwidth non-hundred-percent-height-scrolling\" style=\"--awb-background-position:left top;--awb-border-radius-top-left:0px;--awb-border-radius-top-right:0px;--awb-border-radius-bottom-right:0px;--awb-border-radius-bottom-left:0px;--awb-padding-top:20px;--awb-padding-right:0px;--awb-padding-bottom:20px;--awb-padding-left:0px;--awb-border-sizes-top:0px;--awb-border-sizes-bottom:0px;--awb-flex-wrap:wrap;\" ><div class=\"fusion-builder-row fusion-row\"><div class=\"fusion-layout-column fusion_builder_column fusion-builder-column-0 fusion_builder_column_1_3 1_3 fusion-one-third fusion-column-first\" style=\"--awb-bg-size:cover;width:30.6666%; margin-right: 4%;\"><div class=\"fusion-column-wrapper fusion-flex-column-wrapper-legacy\"><div class=\"fusion-image-element in-legacy-container\" style=\"--awb-caption-title-font-family:var(--h2_typography-font-family);--awb-caption-title-font-weight:var(--h2_typography-font-weight);--awb-caption-title-font-style:var(--h2_typography-font-style);--awb-caption-title-size:var(--h2_typography-font-size);--awb-caption-title-transform:var(--h2_typography-text-transform);--awb-caption-title-line-height:var(--h2_typography-line-height);--awb-caption-title-letter-spacing:var(--h2_typography-letter-spacing);\"><span class=\" fusion-imageframe imageframe-none imageframe-1 hover-type-none\"><a class=\"fusion-no-lightbox\" href=\"https:\/\/www.fries-kt.com\/produits\/gastronomie\/paniers-bistro-tous-usages\/paniers-bistrot-350-x-350\/?lang=fr\" target=\"_self\" aria-label=\"Fries rack Logo\"><img decoding=\"async\" width=\"242\" height=\"150\" src=\"https:\/\/www.fries-kt.com\/wp-content\/uploads\/Fries-rack-logo-website3.png\" alt class=\"img-responsive wp-image-39977\"\/><\/a><\/span><\/div><div class=\"fusion-clearfix\"><\/div><\/div><\/div><div class=\"fusion-layout-column fusion_builder_column fusion-builder-column-1 fusion_builder_column_2_3 2_3 fusion-two-third fusion-column-last fusion-column-no-min-height\" style=\"--awb-bg-size:cover;--awb-margin-bottom:0px;width:65.3333%;\"><div class=\"fusion-column-wrapper fusion-flex-column-wrapper-legacy\"><div class=\"fusion-text fusion-text-1 color-gastro blau\"><h1>Paniers bistro et tous usages<\/h1>\n<p><strong>Les paniers universels pour les verres, les tasses, les assiettes et les couverts<\/strong><\/p>\n<p>Nos paniers bistro et tous usages sont id\u00e9aux pour les bars, les caf\u00e9s et les restaurants. Disponibles dans les dimensions 350 x 350 mm, 400 x 400 mm ainsi que 500 x 500 mm, ce sont de petits miracles en termes d&#8217;espace. Selon le remplissage effectu\u00e9, les verres, les tasses, les assiettes et les couverts peuvent \u00eatre lav\u00e9s en un seul cycle.<\/p>\n<\/div><div class=\"fusion-clearfix\"><\/div><\/div><\/div><div class=\"fusion-layout-column fusion_builder_column fusion-builder-column-2 fusion_builder_column_1_3 1_3 fusion-one-third fusion-column-first\" style=\"--awb-bg-size:cover;width:30.6666%; margin-right: 4%;\"><div class=\"fusion-column-wrapper fusion-flex-column-wrapper-legacy\"><div class=\"fusion-image-element in-legacy-container\" style=\"--awb-caption-title-font-family:var(--h2_typography-font-family);--awb-caption-title-font-weight:var(--h2_typography-font-weight);--awb-caption-title-font-style:var(--h2_typography-font-style);--awb-caption-title-size:var(--h2_typography-font-size);--awb-caption-title-transform:var(--h2_typography-text-transform);--awb-caption-title-line-height:var(--h2_typography-line-height);--awb-caption-title-letter-spacing:var(--h2_typography-letter-spacing);\"><span class=\" fusion-imageframe imageframe-none imageframe-2 hover-type-none\"><a class=\"fusion-no-lightbox\" href=\"https:\/\/www.fries-kt.com\/produits\/gastronomie\/paniers-bistro-tous-usages\/paniers-bistrot-350-x-350\/?lang=fr\" target=\"_self\" aria-label=\"Bistrokorb R 400\"><img decoding=\"async\" width=\"242\" height=\"242\" alt=\"Bistrokorb R 400\" src=\"https:\/\/www.fries-kt.com\/wp-content\/uploads\/smaller_web.jpg\" class=\"img-responsive wp-image-19161\" srcset=\"https:\/\/www.fries-kt.com\/wp-content\/uploads\/smaller_web-66x66.jpg 66w, https:\/\/www.fries-kt.com\/wp-content\/uploads\/smaller_web-150x150.jpg 150w, https:\/\/www.fries-kt.com\/wp-content\/uploads\/smaller_web.jpg 242w\" sizes=\"(max-width: 242px) 100vw, 242px\" \/><\/a><\/span><\/div><div class=\"fusion-text fusion-text-2 color-gastro blau\"><h4><a href=\"https:\/\/www.fries-kt.com\/produits\/gastronomie\/paniers-bistro-tous-usages\/paniers-bistrot-350-x-350\/?lang=fr\">Paniers de bistrot 350 x 350<\/a><\/h4>\n<\/div><div class=\"fusion-clearfix\"><\/div><\/div><\/div><div class=\"fusion-layout-column fusion_builder_column fusion-builder-column-3 fusion_builder_column_1_3 1_3 fusion-one-third\" style=\"--awb-bg-size:cover;width:30.6666%; margin-right: 4%;\"><div class=\"fusion-column-wrapper fusion-flex-column-wrapper-legacy\"><div class=\"fusion-image-element in-legacy-container\" style=\"--awb-caption-title-font-family:var(--h2_typography-font-family);--awb-caption-title-font-weight:var(--h2_typography-font-weight);--awb-caption-title-font-style:var(--h2_typography-font-style);--awb-caption-title-size:var(--h2_typography-font-size);--awb-caption-title-transform:var(--h2_typography-text-transform);--awb-caption-title-line-height:var(--h2_typography-line-height);--awb-caption-title-letter-spacing:var(--h2_typography-letter-spacing);\"><span class=\" fusion-imageframe imageframe-none imageframe-3 hover-type-none\"><a class=\"fusion-no-lightbox\" href=\"https:\/\/www.fries-kt.com\/produits\/gastronomie\/paniers-bistro-tous-usages\/paniers-bistrot-400-x-400\/?lang=fr\" target=\"_self\" aria-label=\"Bistrokorb Basys 500\"><img decoding=\"async\" width=\"242\" height=\"242\" alt=\"Bistrokorb Basys 500\" src=\"https:\/\/www.fries-kt.com\/wp-content\/uploads\/R390-GR400_web.jpg\" class=\"img-responsive wp-image-18861\" srcset=\"https:\/\/www.fries-kt.com\/wp-content\/uploads\/R390-GR400_web-66x66.jpg 66w, https:\/\/www.fries-kt.com\/wp-content\/uploads\/R390-GR400_web-150x150.jpg 150w, https:\/\/www.fries-kt.com\/wp-content\/uploads\/R390-GR400_web.jpg 242w\" sizes=\"(max-width: 242px) 100vw, 242px\" \/><\/a><\/span><\/div><div class=\"fusion-text fusion-text-3 color-gastro blau\"><h4><a href=\"https:\/\/www.fries-kt.com\/produits\/gastronomie\/paniers-bistro-tous-usages\/paniers-bistrot-400-x-400\/?lang=fr\">Paniers de bistrot 400 x 400<\/a><\/h4>\n<\/div><div class=\"fusion-clearfix\"><\/div><\/div><\/div><div class=\"fusion-layout-column fusion_builder_column fusion-builder-column-4 fusion_builder_column_1_3 1_3 fusion-one-third fusion-column-last\" style=\"--awb-bg-size:cover;width:30.6666%;\"><div class=\"fusion-column-wrapper fusion-flex-column-wrapper-legacy\"><div class=\"fusion-image-element in-legacy-container\" style=\"--awb-caption-title-font-family:var(--h2_typography-font-family);--awb-caption-title-font-weight:var(--h2_typography-font-weight);--awb-caption-title-font-style:var(--h2_typography-font-style);--awb-caption-title-size:var(--h2_typography-font-size);--awb-caption-title-transform:var(--h2_typography-text-transform);--awb-caption-title-line-height:var(--h2_typography-line-height);--awb-caption-title-letter-spacing:var(--h2_typography-letter-spacing);\"><span class=\" fusion-imageframe imageframe-none imageframe-4 hover-type-none\"><a class=\"fusion-no-lightbox\" href=\"https:\/\/www.fries-kt.com\/produits\/gastronomie\/paniers-bistro-tous-usages\/panier-de-base-basys-500-x-500\/?lang=fr\" target=\"_self\" aria-label=\"Kombikorb R500\"><img decoding=\"async\" width=\"242\" height=\"242\" alt=\"Panier basique Basys 500\" src=\"https:\/\/www.fries-kt.com\/wp-content\/uploads\/basys500kleiner_web.jpg\" class=\"img-responsive wp-image-19163\" srcset=\"https:\/\/www.fries-kt.com\/wp-content\/uploads\/basys500kleiner_web-66x66.jpg 66w, https:\/\/www.fries-kt.com\/wp-content\/uploads\/basys500kleiner_web-150x150.jpg 150w, https:\/\/www.fries-kt.com\/wp-content\/uploads\/basys500kleiner_web.jpg 242w\" sizes=\"(max-width: 242px) 100vw, 242px\" \/><\/a><\/span><\/div><div class=\"fusion-text fusion-text-4 color-gastro blau\"><h4><a href=\"https:\/\/www.fries-kt.com\/produits\/gastronomie\/paniers-bistro-tous-usages\/panier-de-base-basys-500-x-500\/?lang=fr\">Panier basique Basys 500 x 500<\/a><\/h4>\n<\/div><div class=\"fusion-clearfix\"><\/div><\/div><\/div><\/div><\/div>\n","protected":false},"excerpt":{"rendered":"","protected":false},"author":4,"featured_media":0,"parent":19854,"menu_order":0,"comment_status":"closed","ping_status":"closed","template":"","meta":{"_acf_changed":false,"footnotes":""},"class_list":["post-20012","page","type-page","status-publish","hentry"],"acf":[],"yoast_head":"<!-- This site is optimized with the Yoast SEO plugin v26.8 - https:\/\/yoast.com\/product\/yoast-seo-wordpress\/ -->\n<title>Panier de lavage universel pour la restauration | Panier Bistro de FRIES Rack<\/title>\n<meta name=\"description\" content=\"Les casiers paniers universels sont des paniers polyvalents parfaits pour les bars, caf\u00e9s &amp; restaurants \u2714Diff\u00e9rentes tailles \u2714R\u00e9sultats de lavage parfaits \u2714Diff\u00e9rents accessoires disponibles\" \/>\n<meta name=\"robots\" content=\"index, follow, max-snippet:-1, max-image-preview:large, max-video-preview:-1\" \/>\n<link rel=\"canonical\" href=\"https:\/\/www.fries-kt.com\/fr\/produits\/gastronomie\/paniers-bistro-tous-usages\/\" \/>\n<meta name=\"twitter:label1\" content=\"Dur\u00e9e de lecture estim\u00e9e\" \/>\n\t<meta name=\"twitter:data1\" content=\"3 minutes\" \/>\n<script type=\"application\/ld+json\" class=\"yoast-schema-graph\">{\"@context\":\"https:\/\/schema.org\",\"@graph\":[{\"@type\":\"WebPage\",\"@id\":\"https:\/\/www.fries-kt.com\/fr\/produits\/gastronomie\/paniers-bistro-tous-usages\/\",\"url\":\"https:\/\/www.fries-kt.com\/fr\/produits\/gastronomie\/paniers-bistro-tous-usages\/\",\"name\":\"Panier de lavage universel pour la restauration | Panier Bistro de FRIES Rack\",\"isPartOf\":{\"@id\":\"https:\/\/www.fries-kt.com\/#website\"},\"primaryImageOfPage\":{\"@id\":\"https:\/\/www.fries-kt.com\/fr\/produits\/gastronomie\/paniers-bistro-tous-usages\/#primaryimage\"},\"image\":{\"@id\":\"https:\/\/www.fries-kt.com\/fr\/produits\/gastronomie\/paniers-bistro-tous-usages\/#primaryimage\"},\"thumbnailUrl\":\"https:\/\/www.fries-kt.com\/wp-content\/uploads\/smaller_web.jpg\",\"datePublished\":\"2015-10-26T15:57:07+00:00\",\"dateModified\":\"2023-03-06T08:13:44+00:00\",\"description\":\"Les casiers paniers universels sont des paniers polyvalents parfaits pour les bars, caf\u00e9s & restaurants \u2714Diff\u00e9rentes tailles \u2714R\u00e9sultats de lavage parfaits \u2714Diff\u00e9rents accessoires disponibles\",\"breadcrumb\":{\"@id\":\"https:\/\/www.fries-kt.com\/fr\/produits\/gastronomie\/paniers-bistro-tous-usages\/#breadcrumb\"},\"inLanguage\":\"fr-FR\",\"potentialAction\":[{\"@type\":\"ReadAction\",\"target\":[\"https:\/\/www.fries-kt.com\/fr\/produits\/gastronomie\/paniers-bistro-tous-usages\/\"]}]},{\"@type\":\"ImageObject\",\"inLanguage\":\"fr-FR\",\"@id\":\"https:\/\/www.fries-kt.com\/fr\/produits\/gastronomie\/paniers-bistro-tous-usages\/#primaryimage\",\"url\":\"https:\/\/www.fries-kt.com\/wp-content\/uploads\/smaller_web.jpg\",\"contentUrl\":\"https:\/\/www.fries-kt.com\/wp-content\/uploads\/smaller_web.jpg\"},{\"@type\":\"BreadcrumbList\",\"@id\":\"https:\/\/www.fries-kt.com\/fr\/produits\/gastronomie\/paniers-bistro-tous-usages\/#breadcrumb\",\"itemListElement\":[{\"@type\":\"ListItem\",\"position\":1,\"name\":\"Home\",\"item\":\"https:\/\/www.fries-kt.com\/fr\/\"},{\"@type\":\"ListItem\",\"position\":2,\"name\":\"Produits\",\"item\":\"https:\/\/www.fries-kt.com\/fr\/produits\/\"},{\"@type\":\"ListItem\",\"position\":3,\"name\":\"Syst\u00e8mes de restauration\",\"item\":\"https:\/\/www.fries-kt.com\/fr\/produits\/gastronomie\/\"},{\"@type\":\"ListItem\",\"position\":4,\"name\":\"Paniers bistro et tous usages\"}]},{\"@type\":\"WebSite\",\"@id\":\"https:\/\/www.fries-kt.com\/#website\",\"url\":\"https:\/\/www.fries-kt.com\/\",\"name\":\"FRIES\",\"description\":\"\",\"publisher\":{\"@id\":\"https:\/\/www.fries-kt.com\/#organization\"},\"potentialAction\":[{\"@type\":\"SearchAction\",\"target\":{\"@type\":\"EntryPoint\",\"urlTemplate\":\"https:\/\/www.fries-kt.com\/?s={search_term_string}\"},\"query-input\":{\"@type\":\"PropertyValueSpecification\",\"valueRequired\":true,\"valueName\":\"search_term_string\"}}],\"inLanguage\":\"fr-FR\"},{\"@type\":\"Organization\",\"@id\":\"https:\/\/www.fries-kt.com\/#organization\",\"name\":\"FRIES Kunststofftechnik GmbH\",\"url\":\"https:\/\/www.fries-kt.com\/\",\"logo\":{\"@type\":\"ImageObject\",\"inLanguage\":\"fr-FR\",\"@id\":\"https:\/\/www.fries-kt.com\/#\/schema\/logo\/image\/\",\"url\":\"https:\/\/www.fries-kt.com\/wp-content\/uploads\/fries-logo.png\",\"contentUrl\":\"https:\/\/www.fries-kt.com\/wp-content\/uploads\/fries-logo.png\",\"width\":120,\"height\":60,\"caption\":\"FRIES Kunststofftechnik GmbH\"},\"image\":{\"@id\":\"https:\/\/www.fries-kt.com\/#\/schema\/logo\/image\/\"},\"sameAs\":[\"https:\/\/www.facebook.com\/FRIESKunststofftechnik\/\",\"https:\/\/www.youtube.com\/channel\/UCc2UgnWJ9Y_-pIXbDIek7wQ\"]}]}<\/script>\n<!-- \/ Yoast SEO plugin. -->","yoast_head_json":{"title":"Panier de lavage universel pour la restauration | Panier Bistro de FRIES Rack","description":"Les casiers paniers universels sont des paniers polyvalents parfaits pour les bars, caf\u00e9s & restaurants \u2714Diff\u00e9rentes tailles \u2714R\u00e9sultats de lavage parfaits \u2714Diff\u00e9rents accessoires disponibles","robots":{"index":"index","follow":"follow","max-snippet":"max-snippet:-1","max-image-preview":"max-image-preview:large","max-video-preview":"max-video-preview:-1"},"canonical":"https:\/\/www.fries-kt.com\/fr\/produits\/gastronomie\/paniers-bistro-tous-usages\/","twitter_misc":{"Dur\u00e9e de lecture estim\u00e9e":"3 minutes"},"schema":{"@context":"https:\/\/schema.org","@graph":[{"@type":"WebPage","@id":"https:\/\/www.fries-kt.com\/fr\/produits\/gastronomie\/paniers-bistro-tous-usages\/","url":"https:\/\/www.fries-kt.com\/fr\/produits\/gastronomie\/paniers-bistro-tous-usages\/","name":"Panier de lavage universel pour la restauration | Panier Bistro de FRIES Rack","isPartOf":{"@id":"https:\/\/www.fries-kt.com\/#website"},"primaryImageOfPage":{"@id":"https:\/\/www.fries-kt.com\/fr\/produits\/gastronomie\/paniers-bistro-tous-usages\/#primaryimage"},"image":{"@id":"https:\/\/www.fries-kt.com\/fr\/produits\/gastronomie\/paniers-bistro-tous-usages\/#primaryimage"},"thumbnailUrl":"https:\/\/www.fries-kt.com\/wp-content\/uploads\/smaller_web.jpg","datePublished":"2015-10-26T15:57:07+00:00","dateModified":"2023-03-06T08:13:44+00:00","description":"Les casiers paniers universels sont des paniers polyvalents parfaits pour les bars, caf\u00e9s & restaurants \u2714Diff\u00e9rentes tailles \u2714R\u00e9sultats de lavage parfaits \u2714Diff\u00e9rents accessoires disponibles","breadcrumb":{"@id":"https:\/\/www.fries-kt.com\/fr\/produits\/gastronomie\/paniers-bistro-tous-usages\/#breadcrumb"},"inLanguage":"fr-FR","potentialAction":[{"@type":"ReadAction","target":["https:\/\/www.fries-kt.com\/fr\/produits\/gastronomie\/paniers-bistro-tous-usages\/"]}]},{"@type":"ImageObject","inLanguage":"fr-FR","@id":"https:\/\/www.fries-kt.com\/fr\/produits\/gastronomie\/paniers-bistro-tous-usages\/#primaryimage","url":"https:\/\/www.fries-kt.com\/wp-content\/uploads\/smaller_web.jpg","contentUrl":"https:\/\/www.fries-kt.com\/wp-content\/uploads\/smaller_web.jpg"},{"@type":"BreadcrumbList","@id":"https:\/\/www.fries-kt.com\/fr\/produits\/gastronomie\/paniers-bistro-tous-usages\/#breadcrumb","itemListElement":[{"@type":"ListItem","position":1,"name":"Home","item":"https:\/\/www.fries-kt.com\/fr\/"},{"@type":"ListItem","position":2,"name":"Produits","item":"https:\/\/www.fries-kt.com\/fr\/produits\/"},{"@type":"ListItem","position":3,"name":"Syst\u00e8mes de restauration","item":"https:\/\/www.fries-kt.com\/fr\/produits\/gastronomie\/"},{"@type":"ListItem","position":4,"name":"Paniers bistro et tous usages"}]},{"@type":"WebSite","@id":"https:\/\/www.fries-kt.com\/#website","url":"https:\/\/www.fries-kt.com\/","name":"FRIES","description":"","publisher":{"@id":"https:\/\/www.fries-kt.com\/#organization"},"potentialAction":[{"@type":"SearchAction","target":{"@type":"EntryPoint","urlTemplate":"https:\/\/www.fries-kt.com\/?s={search_term_string}"},"query-input":{"@type":"PropertyValueSpecification","valueRequired":true,"valueName":"search_term_string"}}],"inLanguage":"fr-FR"},{"@type":"Organization","@id":"https:\/\/www.fries-kt.com\/#organization","name":"FRIES Kunststofftechnik GmbH","url":"https:\/\/www.fries-kt.com\/","logo":{"@type":"ImageObject","inLanguage":"fr-FR","@id":"https:\/\/www.fries-kt.com\/#\/schema\/logo\/image\/","url":"https:\/\/www.fries-kt.com\/wp-content\/uploads\/fries-logo.png","contentUrl":"https:\/\/www.fries-kt.com\/wp-content\/uploads\/fries-logo.png","width":120,"height":60,"caption":"FRIES Kunststofftechnik GmbH"},"image":{"@id":"https:\/\/www.fries-kt.com\/#\/schema\/logo\/image\/"},"sameAs":["https:\/\/www.facebook.com\/FRIESKunststofftechnik\/","https:\/\/www.youtube.com\/channel\/UCc2UgnWJ9Y_-pIXbDIek7wQ"]}]}},"_links":{"self":[{"href":"https:\/\/www.fries-kt.com\/fr\/wp-json\/wp\/v2\/pages\/20012","targetHints":{"allow":["GET"]}}],"collection":[{"href":"https:\/\/www.fries-kt.com\/fr\/wp-json\/wp\/v2\/pages"}],"about":[{"href":"https:\/\/www.fries-kt.com\/fr\/wp-json\/wp\/v2\/types\/page"}],"author":[{"embeddable":true,"href":"https:\/\/www.fries-kt.com\/fr\/wp-json\/wp\/v2\/users\/4"}],"replies":[{"embeddable":true,"href":"https:\/\/www.fries-kt.com\/fr\/wp-json\/wp\/v2\/comments?post=20012"}],"version-history":[{"count":16,"href":"https:\/\/www.fries-kt.com\/fr\/wp-json\/wp\/v2\/pages\/20012\/revisions"}],"predecessor-version":[{"id":41139,"href":"https:\/\/www.fries-kt.com\/fr\/wp-json\/wp\/v2\/pages\/20012\/revisions\/41139"}],"up":[{"embeddable":true,"href":"https:\/\/www.fries-kt.com\/fr\/wp-json\/wp\/v2\/pages\/19854"}],"wp:attachment":[{"href":"https:\/\/www.fries-kt.com\/fr\/wp-json\/wp\/v2\/media?parent=20012"}],"curies":[{"name":"wp","href":"https:\/\/api.w.org\/{rel}","templated":true}]}}