{"id":20732,"date":"2016-02-04T00:31:56","date_gmt":"2016-02-03T22:31:56","guid":{"rendered":"https:\/\/www.fries-kt.com\/produits\/emballage\/boites\/recipient-cylindrique-1100-ml-pe\/?lang=fr"},"modified":"2025-06-24T13:55:56","modified_gmt":"2025-06-24T11:55:56","slug":"recipient-cylindrique-1100-ml-pe","status":"publish","type":"page","link":"https:\/\/www.fries-kt.com\/fr\/produits\/emballage\/boites\/recipient-cylindrique-1100-ml-pe\/","title":{"rendered":"R\u00e9cipient cylindrique 1100 ml (PE)"},"content":{"rendered":"<p><div class=\"fusion-fullwidth fullwidth-box fusion-builder-row-1 nonhundred-percent-fullwidth non-hundred-percent-height-scrolling\" style=\"--awb-background-position:left top;--awb-border-radius-top-left:0px;--awb-border-radius-top-right:0px;--awb-border-radius-bottom-right:0px;--awb-border-radius-bottom-left:0px;--awb-padding-top:20px;--awb-padding-right:0px;--awb-padding-bottom:20px;--awb-padding-left:0px;--awb-border-sizes-top:0px;--awb-border-sizes-bottom:0px;--awb-flex-wrap:wrap;\" ><div class=\"fusion-builder-row fusion-row\"><div class=\"fusion-layout-column fusion_builder_column fusion-builder-column-0 fusion_builder_column_1_3 1_3 fusion-one-third fusion-column-first\" style=\"--awb-bg-size:cover;width:30.6666%; margin-right: 4%;\"><div class=\"fusion-column-wrapper fusion-flex-column-wrapper-legacy\"><div class=\"fusion-image-element in-legacy-container\" style=\"--awb-caption-title-font-family:var(--h2_typography-font-family);--awb-caption-title-font-weight:var(--h2_typography-font-weight);--awb-caption-title-font-style:var(--h2_typography-font-style);--awb-caption-title-size:var(--h2_typography-font-size);--awb-caption-title-transform:var(--h2_typography-text-transform);--awb-caption-title-line-height:var(--h2_typography-line-height);--awb-caption-title-letter-spacing:var(--h2_typography-letter-spacing);\"><span class=\" fusion-imageframe imageframe-none imageframe-1 hover-type-none\"><a href=\"https:\/\/www.fries-kt.com\/wp-content\/uploads\/Dosen_web.jpg\" class=\"fusion-lightbox\" data-rel=\"iLightbox[510f81902ba8c5d2a14]\" data-caption=\"Dose PE 1100 ml\" data-title=\"Dose PE 1100 ml\" title=\"Dose PE 1100 ml\"><img decoding=\"async\" width=\"242\" height=\"242\" alt=\"Dose PE 1100 ml\" src=\"https:\/\/www.fries-kt.com\/wp-content\/uploads\/Dosen_web.jpg\" class=\"img-responsive wp-image-17928\" srcset=\"https:\/\/www.fries-kt.com\/wp-content\/uploads\/Dosen_web-66x66.jpg 66w, https:\/\/www.fries-kt.com\/wp-content\/uploads\/Dosen_web-150x150.jpg 150w, https:\/\/www.fries-kt.com\/wp-content\/uploads\/Dosen_web.jpg 242w\" sizes=\"(max-width: 242px) 100vw, 242px\" \/><\/a><\/span><\/div><div class=\"fusion-text fusion-text-1 color-verpackung gr\u00fcn\"><h4><a href=\"https:\/\/www.fries-kt.com\/wp-content\/uploads\/Round-can_1100ml_PE_EN.pdf\" target=\"_blank\" rel=\"noopener noreferrer\">T\u00e9l\u00e9charger la brochure<\/a><\/h4>\n<\/div><div class=\"fusion-alignleft\"><a class=\"fusion-button button-flat fusion-button-default-size button-custom fusion-button-default button-1 fusion-button-default-span fusion-button-default-type color-verpackung\" style=\"--button_accent_color:#ffffff;--button_border_color:#00997c;--button_accent_hover_color:#ffffff;--button_border_hover_color:#00997c;--button_gradient_top_color:#00997c;--button_gradient_bottom_color:#00997c;--button_gradient_top_color_hover:#00997c;--button_gradient_bottom_color_hover:#00997c;--button_text_transform:none;--button_margin-top:10px;--button_margin-bottom:20px;\" target=\"_self\" href=\"https:\/\/www.fries-kt.com\/fr\/contact\/?amp;your-subject=R\u00e9cipient cylindrique 1100 ml (PE)\"><span class=\"fusion-button-text awb-button__text awb-button__text--default\">Demandez maintenant<\/span><\/a><\/div><div class=\"fusion-clearfix\"><\/div><\/div><\/div><div class=\"fusion-layout-column fusion_builder_column fusion-builder-column-1 fusion_builder_column_2_3 2_3 fusion-two-third fusion-column-last\" style=\"--awb-bg-size:cover;width:65.3333%;\"><div class=\"fusion-column-wrapper fusion-flex-column-wrapper-legacy\"><div class=\"fusion-text fusion-text-2 color-verpackung gr\u00fcn\"><h1>R\u00e9cipient cylindrique (PE) 1100ml<\/h1>\n<p><strong>Robuste |\u00a0Empilable |\u00a0R\u00e9sistant au froid<\/strong><\/p>\n<ul>\n<li>couvercle \u00e0 fermeture serr\u00e9e<\/li>\n<li>tr\u00e8s robuste<\/li>\n<li>surfaces int\u00e9rieures lisses pour vider facilement le contenu<\/li>\n<li>empilable<\/li>\n<li>r\u00e9sistant au froid jusqu&#8217;\u00e0 -30\u00b0C<\/li>\n<li>certification halal sur demande<\/li>\n<li>disponible dans la couleur &#8220;naturel&#8221;<\/li>\n<\/ul>\n<\/div><div class=\"fusion-clearfix\"><\/div><\/div><\/div><\/div><\/div><div class=\"fusion-fullwidth fullwidth-box fusion-builder-row-2 nonhundred-percent-fullwidth non-hundred-percent-height-scrolling\" style=\"--awb-background-position:left top;--awb-border-radius-top-left:0px;--awb-border-radius-top-right:0px;--awb-border-radius-bottom-right:0px;--awb-border-radius-bottom-left:0px;--awb-padding-top:20px;--awb-padding-right:0px;--awb-padding-bottom:20px;--awb-padding-left:0px;--awb-border-sizes-top:0px;--awb-border-sizes-bottom:0px;--awb-flex-wrap:wrap;\" ><div class=\"fusion-builder-row fusion-row\"><div class=\"fusion-layout-column fusion_builder_column fusion-builder-column-2 fusion_builder_column_1_1 1_1 fusion-one-full fusion-column-first fusion-column-last fusion-column-no-min-height\" style=\"--awb-bg-size:cover;--awb-margin-bottom:0px;\"><div class=\"fusion-column-wrapper fusion-flex-column-wrapper-legacy\"><div class=\"fusion-sep-clear\"><\/div><div class=\"fusion-separator fusion-full-width-sep\" style=\"margin-left: auto;margin-right: auto;margin-top:12px;width:100%;\"><\/div><div class=\"fusion-sep-clear\"><\/div><div class=\"fusion-clearfix\"><\/div><\/div><\/div><\/div><\/div><\/p>\n","protected":false},"excerpt":{"rendered":"","protected":false},"author":4,"featured_media":0,"parent":20005,"menu_order":0,"comment_status":"closed","ping_status":"closed","template":"","meta":{"_acf_changed":false,"footnotes":""},"class_list":["post-20732","page","type-page","status-publish","hentry"],"acf":[],"yoast_head":"<!-- This site is optimized with the Yoast SEO plugin v26.8 - https:\/\/yoast.com\/product\/yoast-seo-wordpress\/ -->\n<title>Bo\u00eete en plastique PE | Bo\u00eete cylindrique avec couvercle 1110 ml<\/title>\n<meta name=\"description\" content=\"Bo\u00eete cylindrique solide en PE avec couvercle d\u2019un volume de 1,1l \u2714Couvercle \u00e0 fermeture serr\u00e9e \u2714Empilable \u2714Bonne capacit\u00e9 \u00e0 enlever les restes\" \/>\n<meta name=\"robots\" content=\"index, follow, max-snippet:-1, max-image-preview:large, max-video-preview:-1\" \/>\n<link rel=\"canonical\" href=\"https:\/\/www.fries-kt.com\/fr\/produits\/emballage\/boites\/recipient-cylindrique-1100-ml-pe\/\" \/>\n<meta name=\"twitter:label1\" content=\"Dur\u00e9e de lecture estim\u00e9e\" \/>\n\t<meta name=\"twitter:data1\" content=\"1 minute\" \/>\n<script type=\"application\/ld+json\" class=\"yoast-schema-graph\">{\"@context\":\"https:\/\/schema.org\",\"@graph\":[{\"@type\":\"WebPage\",\"@id\":\"https:\/\/www.fries-kt.com\/fr\/produits\/emballage\/boites\/recipient-cylindrique-1100-ml-pe\/\",\"url\":\"https:\/\/www.fries-kt.com\/fr\/produits\/emballage\/boites\/recipient-cylindrique-1100-ml-pe\/\",\"name\":\"Bo\u00eete en plastique PE | Bo\u00eete cylindrique avec couvercle 1110 ml\",\"isPartOf\":{\"@id\":\"https:\/\/www.fries-kt.com\/#website\"},\"primaryImageOfPage\":{\"@id\":\"https:\/\/www.fries-kt.com\/fr\/produits\/emballage\/boites\/recipient-cylindrique-1100-ml-pe\/#primaryimage\"},\"image\":{\"@id\":\"https:\/\/www.fries-kt.com\/fr\/produits\/emballage\/boites\/recipient-cylindrique-1100-ml-pe\/#primaryimage\"},\"thumbnailUrl\":\"https:\/\/www.fries-kt.com\/wp-content\/uploads\/Dosen_web.jpg\",\"datePublished\":\"2016-02-03T22:31:56+00:00\",\"dateModified\":\"2025-06-24T11:55:56+00:00\",\"description\":\"Bo\u00eete cylindrique solide en PE avec couvercle d\u2019un volume de 1,1l \u2714Couvercle \u00e0 fermeture serr\u00e9e \u2714Empilable \u2714Bonne capacit\u00e9 \u00e0 enlever les restes\",\"breadcrumb\":{\"@id\":\"https:\/\/www.fries-kt.com\/fr\/produits\/emballage\/boites\/recipient-cylindrique-1100-ml-pe\/#breadcrumb\"},\"inLanguage\":\"fr-FR\",\"potentialAction\":[{\"@type\":\"ReadAction\",\"target\":[\"https:\/\/www.fries-kt.com\/fr\/produits\/emballage\/boites\/recipient-cylindrique-1100-ml-pe\/\"]}]},{\"@type\":\"ImageObject\",\"inLanguage\":\"fr-FR\",\"@id\":\"https:\/\/www.fries-kt.com\/fr\/produits\/emballage\/boites\/recipient-cylindrique-1100-ml-pe\/#primaryimage\",\"url\":\"https:\/\/www.fries-kt.com\/wp-content\/uploads\/Dosen_web.jpg\",\"contentUrl\":\"https:\/\/www.fries-kt.com\/wp-content\/uploads\/Dosen_web.jpg\"},{\"@type\":\"BreadcrumbList\",\"@id\":\"https:\/\/www.fries-kt.com\/fr\/produits\/emballage\/boites\/recipient-cylindrique-1100-ml-pe\/#breadcrumb\",\"itemListElement\":[{\"@type\":\"ListItem\",\"position\":1,\"name\":\"Home\",\"item\":\"https:\/\/www.fries-kt.com\/fr\/\"},{\"@type\":\"ListItem\",\"position\":2,\"name\":\"Produits\",\"item\":\"https:\/\/www.fries-kt.com\/fr\/produits\/\"},{\"@type\":\"ListItem\",\"position\":3,\"name\":\"Emballage\",\"item\":\"https:\/\/www.fries-kt.com\/fr\/produits\/emballage\/\"},{\"@type\":\"ListItem\",\"position\":4,\"name\":\"Bo\u00eetes\",\"item\":\"https:\/\/www.fries-kt.com\/fr\/produits\/emballage\/boites\/\"},{\"@type\":\"ListItem\",\"position\":5,\"name\":\"R\u00e9cipient cylindrique 1100 ml (PE)\"}]},{\"@type\":\"WebSite\",\"@id\":\"https:\/\/www.fries-kt.com\/#website\",\"url\":\"https:\/\/www.fries-kt.com\/\",\"name\":\"FRIES\",\"description\":\"\",\"publisher\":{\"@id\":\"https:\/\/www.fries-kt.com\/#organization\"},\"potentialAction\":[{\"@type\":\"SearchAction\",\"target\":{\"@type\":\"EntryPoint\",\"urlTemplate\":\"https:\/\/www.fries-kt.com\/?s={search_term_string}\"},\"query-input\":{\"@type\":\"PropertyValueSpecification\",\"valueRequired\":true,\"valueName\":\"search_term_string\"}}],\"inLanguage\":\"fr-FR\"},{\"@type\":\"Organization\",\"@id\":\"https:\/\/www.fries-kt.com\/#organization\",\"name\":\"FRIES Kunststofftechnik GmbH\",\"url\":\"https:\/\/www.fries-kt.com\/\",\"logo\":{\"@type\":\"ImageObject\",\"inLanguage\":\"fr-FR\",\"@id\":\"https:\/\/www.fries-kt.com\/#\/schema\/logo\/image\/\",\"url\":\"https:\/\/www.fries-kt.com\/wp-content\/uploads\/fries-logo.png\",\"contentUrl\":\"https:\/\/www.fries-kt.com\/wp-content\/uploads\/fries-logo.png\",\"width\":120,\"height\":60,\"caption\":\"FRIES Kunststofftechnik GmbH\"},\"image\":{\"@id\":\"https:\/\/www.fries-kt.com\/#\/schema\/logo\/image\/\"},\"sameAs\":[\"https:\/\/www.facebook.com\/FRIESKunststofftechnik\/\",\"https:\/\/www.youtube.com\/channel\/UCc2UgnWJ9Y_-pIXbDIek7wQ\"]}]}<\/script>\n<!-- \/ Yoast SEO plugin. -->","yoast_head_json":{"title":"Bo\u00eete en plastique PE | Bo\u00eete cylindrique avec couvercle 1110 ml","description":"Bo\u00eete cylindrique solide en PE avec couvercle d\u2019un volume de 1,1l \u2714Couvercle \u00e0 fermeture serr\u00e9e \u2714Empilable \u2714Bonne capacit\u00e9 \u00e0 enlever les restes","robots":{"index":"index","follow":"follow","max-snippet":"max-snippet:-1","max-image-preview":"max-image-preview:large","max-video-preview":"max-video-preview:-1"},"canonical":"https:\/\/www.fries-kt.com\/fr\/produits\/emballage\/boites\/recipient-cylindrique-1100-ml-pe\/","twitter_misc":{"Dur\u00e9e de lecture estim\u00e9e":"1 minute"},"schema":{"@context":"https:\/\/schema.org","@graph":[{"@type":"WebPage","@id":"https:\/\/www.fries-kt.com\/fr\/produits\/emballage\/boites\/recipient-cylindrique-1100-ml-pe\/","url":"https:\/\/www.fries-kt.com\/fr\/produits\/emballage\/boites\/recipient-cylindrique-1100-ml-pe\/","name":"Bo\u00eete en plastique PE | Bo\u00eete cylindrique avec couvercle 1110 ml","isPartOf":{"@id":"https:\/\/www.fries-kt.com\/#website"},"primaryImageOfPage":{"@id":"https:\/\/www.fries-kt.com\/fr\/produits\/emballage\/boites\/recipient-cylindrique-1100-ml-pe\/#primaryimage"},"image":{"@id":"https:\/\/www.fries-kt.com\/fr\/produits\/emballage\/boites\/recipient-cylindrique-1100-ml-pe\/#primaryimage"},"thumbnailUrl":"https:\/\/www.fries-kt.com\/wp-content\/uploads\/Dosen_web.jpg","datePublished":"2016-02-03T22:31:56+00:00","dateModified":"2025-06-24T11:55:56+00:00","description":"Bo\u00eete cylindrique solide en PE avec couvercle d\u2019un volume de 1,1l \u2714Couvercle \u00e0 fermeture serr\u00e9e \u2714Empilable \u2714Bonne capacit\u00e9 \u00e0 enlever les restes","breadcrumb":{"@id":"https:\/\/www.fries-kt.com\/fr\/produits\/emballage\/boites\/recipient-cylindrique-1100-ml-pe\/#breadcrumb"},"inLanguage":"fr-FR","potentialAction":[{"@type":"ReadAction","target":["https:\/\/www.fries-kt.com\/fr\/produits\/emballage\/boites\/recipient-cylindrique-1100-ml-pe\/"]}]},{"@type":"ImageObject","inLanguage":"fr-FR","@id":"https:\/\/www.fries-kt.com\/fr\/produits\/emballage\/boites\/recipient-cylindrique-1100-ml-pe\/#primaryimage","url":"https:\/\/www.fries-kt.com\/wp-content\/uploads\/Dosen_web.jpg","contentUrl":"https:\/\/www.fries-kt.com\/wp-content\/uploads\/Dosen_web.jpg"},{"@type":"BreadcrumbList","@id":"https:\/\/www.fries-kt.com\/fr\/produits\/emballage\/boites\/recipient-cylindrique-1100-ml-pe\/#breadcrumb","itemListElement":[{"@type":"ListItem","position":1,"name":"Home","item":"https:\/\/www.fries-kt.com\/fr\/"},{"@type":"ListItem","position":2,"name":"Produits","item":"https:\/\/www.fries-kt.com\/fr\/produits\/"},{"@type":"ListItem","position":3,"name":"Emballage","item":"https:\/\/www.fries-kt.com\/fr\/produits\/emballage\/"},{"@type":"ListItem","position":4,"name":"Bo\u00eetes","item":"https:\/\/www.fries-kt.com\/fr\/produits\/emballage\/boites\/"},{"@type":"ListItem","position":5,"name":"R\u00e9cipient cylindrique 1100 ml (PE)"}]},{"@type":"WebSite","@id":"https:\/\/www.fries-kt.com\/#website","url":"https:\/\/www.fries-kt.com\/","name":"FRIES","description":"","publisher":{"@id":"https:\/\/www.fries-kt.com\/#organization"},"potentialAction":[{"@type":"SearchAction","target":{"@type":"EntryPoint","urlTemplate":"https:\/\/www.fries-kt.com\/?s={search_term_string}"},"query-input":{"@type":"PropertyValueSpecification","valueRequired":true,"valueName":"search_term_string"}}],"inLanguage":"fr-FR"},{"@type":"Organization","@id":"https:\/\/www.fries-kt.com\/#organization","name":"FRIES Kunststofftechnik GmbH","url":"https:\/\/www.fries-kt.com\/","logo":{"@type":"ImageObject","inLanguage":"fr-FR","@id":"https:\/\/www.fries-kt.com\/#\/schema\/logo\/image\/","url":"https:\/\/www.fries-kt.com\/wp-content\/uploads\/fries-logo.png","contentUrl":"https:\/\/www.fries-kt.com\/wp-content\/uploads\/fries-logo.png","width":120,"height":60,"caption":"FRIES Kunststofftechnik GmbH"},"image":{"@id":"https:\/\/www.fries-kt.com\/#\/schema\/logo\/image\/"},"sameAs":["https:\/\/www.facebook.com\/FRIESKunststofftechnik\/","https:\/\/www.youtube.com\/channel\/UCc2UgnWJ9Y_-pIXbDIek7wQ"]}]}},"_links":{"self":[{"href":"https:\/\/www.fries-kt.com\/fr\/wp-json\/wp\/v2\/pages\/20732","targetHints":{"allow":["GET"]}}],"collection":[{"href":"https:\/\/www.fries-kt.com\/fr\/wp-json\/wp\/v2\/pages"}],"about":[{"href":"https:\/\/www.fries-kt.com\/fr\/wp-json\/wp\/v2\/types\/page"}],"author":[{"embeddable":true,"href":"https:\/\/www.fries-kt.com\/fr\/wp-json\/wp\/v2\/users\/4"}],"replies":[{"embeddable":true,"href":"https:\/\/www.fries-kt.com\/fr\/wp-json\/wp\/v2\/comments?post=20732"}],"version-history":[{"count":14,"href":"https:\/\/www.fries-kt.com\/fr\/wp-json\/wp\/v2\/pages\/20732\/revisions"}],"predecessor-version":[{"id":64810,"href":"https:\/\/www.fries-kt.com\/fr\/wp-json\/wp\/v2\/pages\/20732\/revisions\/64810"}],"up":[{"embeddable":true,"href":"https:\/\/www.fries-kt.com\/fr\/wp-json\/wp\/v2\/pages\/20005"}],"wp:attachment":[{"href":"https:\/\/www.fries-kt.com\/fr\/wp-json\/wp\/v2\/media?parent=20732"}],"curies":[{"name":"wp","href":"https:\/\/api.w.org\/{rel}","templated":true}]}}