{"id":20754,"date":"2016-02-04T14:55:25","date_gmt":"2016-02-04T12:55:25","guid":{"rendered":"https:\/\/www.fries-kt.com\/produits\/emballage\/tonneaux\/fut-a-plateau-rotatif-megatop-220l\/?lang=fr"},"modified":"2025-06-24T11:32:09","modified_gmt":"2025-06-24T09:32:09","slug":"futs-a-bondes-megatop-220-l","status":"publish","type":"page","link":"https:\/\/www.fries-kt.com\/fr\/produits\/emballage\/futs\/futs-a-bondes-megatop-220-l\/","title":{"rendered":"F\u00fbts \u00e0 bondes MEGATOP 220 l"},"content":{"rendered":"<div class=\"fusion-fullwidth fullwidth-box fusion-builder-row-1 hundred-percent-fullwidth non-hundred-percent-height-scrolling\" style=\"--awb-border-radius-top-left:0px;--awb-border-radius-top-right:0px;--awb-border-radius-bottom-right:0px;--awb-border-radius-bottom-left:0px;--awb-overflow:visible;--awb-flex-wrap:wrap;\" ><div class=\"fusion-builder-row fusion-row\"><div class=\"fusion-layout-column fusion_builder_column fusion-builder-column-0 fusion_builder_column_1_3 1_3 fusion-one-third fusion-column-first\" style=\"--awb-bg-size:cover;width:30.6666%; margin-right: 4%;\"><div class=\"fusion-column-wrapper fusion-flex-column-wrapper-legacy\"><div class=\"fusion-image-element in-legacy-container\" style=\"--awb-caption-title-font-family:var(--h2_typography-font-family);--awb-caption-title-font-weight:var(--h2_typography-font-weight);--awb-caption-title-font-style:var(--h2_typography-font-style);--awb-caption-title-size:var(--h2_typography-font-size);--awb-caption-title-transform:var(--h2_typography-text-transform);--awb-caption-title-line-height:var(--h2_typography-line-height);--awb-caption-title-letter-spacing:var(--h2_typography-letter-spacing);\"><span class=\" fusion-imageframe imageframe-none imageframe-1 hover-type-none\"><a href=\"https:\/\/www.fries-kt.com\/wp-content\/uploads\/Rollringfass-220-L_web.jpg\" class=\"fusion-lightbox\" data-rel=\"iLightbox[69e8907ba30ac834e54]\" data-caption=\"Rollringfass lebensmittelecht und UN MEGATOP 220l\" data-title=\"Rollringfass lebensmittelecht und UN MEGATOP 220l\" title=\"Rollringfass lebensmittelecht und UN MEGATOP 220l\"><img decoding=\"async\" width=\"242\" height=\"242\" alt=\"Rollringfass lebensmittelecht und UN MEGATOP 220l\" src=\"https:\/\/www.fries-kt.com\/wp-content\/uploads\/Rollringfass-220-L_web.jpg\" class=\"img-responsive wp-image-18146\" srcset=\"https:\/\/www.fries-kt.com\/wp-content\/uploads\/Rollringfass-220-L_web-66x66.jpg 66w, https:\/\/www.fries-kt.com\/wp-content\/uploads\/Rollringfass-220-L_web-150x150.jpg 150w, https:\/\/www.fries-kt.com\/wp-content\/uploads\/Rollringfass-220-L_web.jpg 242w\" sizes=\"(max-width: 242px) 100vw, 242px\" \/><\/a><\/span><\/div><div class=\"fusion-text fusion-text-1 color-verpackung gr\u00fcn\"><h4><a href=\"https:\/\/www.fries-kt.com\/wp-content\/uploads\/Roll-ring-drum-220l-Megatop_EN.pdf\" target=\"_blank\" rel=\"noopener noreferrer\">T\u00e9l\u00e9charger la brochure<\/a><\/h4>\n<\/div><div class=\"fusion-alignleft\"><a class=\"fusion-button button-flat fusion-button-default-size button-custom fusion-button-default button-1 fusion-button-default-span fusion-button-default-type color-verpackung\" style=\"--button_accent_color:#ffffff;--button_border_color:#00997c;--button_accent_hover_color:#ffffff;--button_border_hover_color:#00997c;--button_gradient_top_color:#00997c;--button_gradient_bottom_color:#00997c;--button_gradient_top_color_hover:#00997c;--button_gradient_bottom_color_hover:#00997c;--button_text_transform:none;--button_margin-top:10px;--button_margin-bottom:20px;\" target=\"_self\" href=\"https:\/\/www.fries-kt.com\/fr\/contact\/?amp;your-subject=F\u00fbts \u00e0 bondes MEGATOP 220 l\"><span class=\"fusion-button-text awb-button__text awb-button__text--default\">Demandez maintenant<\/span><\/a><\/div><div class=\"fusion-image-element in-legacy-container\" style=\"--awb-caption-title-font-family:var(--h2_typography-font-family);--awb-caption-title-font-weight:var(--h2_typography-font-weight);--awb-caption-title-font-style:var(--h2_typography-font-style);--awb-caption-title-size:var(--h2_typography-font-size);--awb-caption-title-transform:var(--h2_typography-text-transform);--awb-caption-title-line-height:var(--h2_typography-line-height);--awb-caption-title-letter-spacing:var(--h2_typography-letter-spacing);\"><span class=\" fusion-imageframe imageframe-none imageframe-2 hover-type-none\"><img decoding=\"async\" width=\"249\" height=\"300\" title=\"NOUVEAU_Megatop_L-Ring_Rezyklat\" src=\"https:\/\/www.fries-kt.com\/wp-content\/uploads\/NOUVEAU_Megatop_L-Ring_Rezyklat-249x300.png\" alt class=\"img-responsive wp-image-49631\" srcset=\"https:\/\/www.fries-kt.com\/wp-content\/uploads\/NOUVEAU_Megatop_L-Ring_Rezyklat-200x241.png 200w, https:\/\/www.fries-kt.com\/wp-content\/uploads\/NOUVEAU_Megatop_L-Ring_Rezyklat-400x482.png 400w, https:\/\/www.fries-kt.com\/wp-content\/uploads\/NOUVEAU_Megatop_L-Ring_Rezyklat-600x723.png 600w, https:\/\/www.fries-kt.com\/wp-content\/uploads\/NOUVEAU_Megatop_L-Ring_Rezyklat-800x964.png 800w, https:\/\/www.fries-kt.com\/wp-content\/uploads\/NOUVEAU_Megatop_L-Ring_Rezyklat-1200x1446.png 1200w\" sizes=\"(max-width: 0px) 100vw, 400px\" \/><\/span><\/div><div class=\"fusion-clearfix\"><\/div><\/div><\/div><div class=\"fusion-layout-column fusion_builder_column fusion-builder-column-1 fusion_builder_column_2_3 2_3 fusion-two-third fusion-column-last\" style=\"--awb-bg-size:cover;width:65.3333%;\"><div class=\"fusion-column-wrapper fusion-flex-column-wrapper-legacy\"><div class=\"fusion-text fusion-text-2 color-verpackung gr\u00fcn\"><h1>F\u00fbts \u00e0 bondes\u00a0MEGATOP\u00a0220 l<\/h1>\n<p><strong>f\u00fbt en plastique compos\u00e9 de HDPE | homologu\u00e9 UN | Certifi\u00e9 halal | grande ouverture de remplissage | con\u00e7u pour pr\u00e9venir les risques | apte au contact alimentaire<\/strong><\/p>\n<p>Nos clients appr\u00e9cient les r\u00e9cipients homologu\u00e9s UN pour les mati\u00e8res solides et liquides :<\/p>\n<ul>\n<li>Megatop 220 l : r\u00e9cipient sp\u00e9cial avec certification pour mati\u00e8res solides et liquides<\/li>\n<li>grande ouverture de remplissage avec couvercle \u00e0 vis<\/li>\n<li>possibilit\u00e9 de remuer avec un agitateur<\/li>\n<li>facile \u00e0 nettoyer<\/li>\n<li>utilisable comme f\u00fbt de traitement des d\u00e9chets<\/li>\n<li>videangeable<\/li>\n<li>conforme au conteneur ISO<\/li>\n<li>apte pour les produits dangereux, conform\u00e9ment \u00e0 la certification UN<\/li>\n<\/ul>\n<p><strong>Disponible en option avec jusqu\u2019\u00e0 60% de mati\u00e8re recycl\u00e9e.<\/strong><\/p>\n<\/div><div class=\"fusion-clearfix\"><\/div><\/div><\/div><\/div><\/div>\n","protected":false},"excerpt":{"rendered":"","protected":false},"author":4,"featured_media":0,"parent":20008,"menu_order":0,"comment_status":"closed","ping_status":"closed","template":"","meta":{"_acf_changed":false,"footnotes":""},"class_list":["post-20754","page","type-page","status-publish","hentry"],"acf":[],"yoast_head":"<!-- This site is optimized with the Yoast SEO plugin v26.8 - https:\/\/yoast.com\/product\/yoast-seo-wordpress\/ -->\n<title>F\u00fbt \u00e0 anneau de rotation MEGATOP 220\u00a0litres | F\u00fbt de PE-HD<\/title>\n<meta name=\"description\" content=\"F\u00fbt \u00e0 anneau de rotation solide avec homologation UN. \u2714Qualit\u00e9 alimentaire \u2714Homologation pour marchandises dangereuses \u2714Protection d&#039;inviolabilit\u00e9\" \/>\n<meta name=\"robots\" content=\"index, follow, max-snippet:-1, max-image-preview:large, max-video-preview:-1\" \/>\n<link rel=\"canonical\" href=\"https:\/\/www.fries-kt.com\/fr\/produits\/emballage\/futs\/futs-a-bondes-megatop-220-l\/\" \/>\n<meta name=\"twitter:label1\" content=\"Dur\u00e9e de lecture estim\u00e9e\" \/>\n\t<meta name=\"twitter:data1\" content=\"2 minutes\" \/>\n<script type=\"application\/ld+json\" class=\"yoast-schema-graph\">{\"@context\":\"https:\/\/schema.org\",\"@graph\":[{\"@type\":\"WebPage\",\"@id\":\"https:\/\/www.fries-kt.com\/fr\/produits\/emballage\/futs\/futs-a-bondes-megatop-220-l\/\",\"url\":\"https:\/\/www.fries-kt.com\/fr\/produits\/emballage\/futs\/futs-a-bondes-megatop-220-l\/\",\"name\":\"F\u00fbt \u00e0 anneau de rotation MEGATOP 220\u00a0litres | F\u00fbt de PE-HD\",\"isPartOf\":{\"@id\":\"https:\/\/www.fries-kt.com\/#website\"},\"primaryImageOfPage\":{\"@id\":\"https:\/\/www.fries-kt.com\/fr\/produits\/emballage\/futs\/futs-a-bondes-megatop-220-l\/#primaryimage\"},\"image\":{\"@id\":\"https:\/\/www.fries-kt.com\/fr\/produits\/emballage\/futs\/futs-a-bondes-megatop-220-l\/#primaryimage\"},\"thumbnailUrl\":\"https:\/\/www.fries-kt.com\/wp-content\/uploads\/Rollringfass-220-L_web.jpg\",\"datePublished\":\"2016-02-04T12:55:25+00:00\",\"dateModified\":\"2025-06-24T09:32:09+00:00\",\"description\":\"F\u00fbt \u00e0 anneau de rotation solide avec homologation UN. \u2714Qualit\u00e9 alimentaire \u2714Homologation pour marchandises dangereuses \u2714Protection d'inviolabilit\u00e9\",\"breadcrumb\":{\"@id\":\"https:\/\/www.fries-kt.com\/fr\/produits\/emballage\/futs\/futs-a-bondes-megatop-220-l\/#breadcrumb\"},\"inLanguage\":\"fr-FR\",\"potentialAction\":[{\"@type\":\"ReadAction\",\"target\":[\"https:\/\/www.fries-kt.com\/fr\/produits\/emballage\/futs\/futs-a-bondes-megatop-220-l\/\"]}]},{\"@type\":\"ImageObject\",\"inLanguage\":\"fr-FR\",\"@id\":\"https:\/\/www.fries-kt.com\/fr\/produits\/emballage\/futs\/futs-a-bondes-megatop-220-l\/#primaryimage\",\"url\":\"https:\/\/www.fries-kt.com\/wp-content\/uploads\/Rollringfass-220-L_web.jpg\",\"contentUrl\":\"https:\/\/www.fries-kt.com\/wp-content\/uploads\/Rollringfass-220-L_web.jpg\"},{\"@type\":\"BreadcrumbList\",\"@id\":\"https:\/\/www.fries-kt.com\/fr\/produits\/emballage\/futs\/futs-a-bondes-megatop-220-l\/#breadcrumb\",\"itemListElement\":[{\"@type\":\"ListItem\",\"position\":1,\"name\":\"Home\",\"item\":\"https:\/\/www.fries-kt.com\/fr\/\"},{\"@type\":\"ListItem\",\"position\":2,\"name\":\"Produits\",\"item\":\"https:\/\/www.fries-kt.com\/fr\/produits\/\"},{\"@type\":\"ListItem\",\"position\":3,\"name\":\"Emballage\",\"item\":\"https:\/\/www.fries-kt.com\/fr\/produits\/emballage\/\"},{\"@type\":\"ListItem\",\"position\":4,\"name\":\"F\u00fbts\",\"item\":\"https:\/\/www.fries-kt.com\/fr\/produits\/emballage\/futs\/\"},{\"@type\":\"ListItem\",\"position\":5,\"name\":\"F\u00fbts \u00e0 bondes MEGATOP 220 l\"}]},{\"@type\":\"WebSite\",\"@id\":\"https:\/\/www.fries-kt.com\/#website\",\"url\":\"https:\/\/www.fries-kt.com\/\",\"name\":\"FRIES\",\"description\":\"\",\"publisher\":{\"@id\":\"https:\/\/www.fries-kt.com\/#organization\"},\"potentialAction\":[{\"@type\":\"SearchAction\",\"target\":{\"@type\":\"EntryPoint\",\"urlTemplate\":\"https:\/\/www.fries-kt.com\/?s={search_term_string}\"},\"query-input\":{\"@type\":\"PropertyValueSpecification\",\"valueRequired\":true,\"valueName\":\"search_term_string\"}}],\"inLanguage\":\"fr-FR\"},{\"@type\":\"Organization\",\"@id\":\"https:\/\/www.fries-kt.com\/#organization\",\"name\":\"FRIES Kunststofftechnik GmbH\",\"url\":\"https:\/\/www.fries-kt.com\/\",\"logo\":{\"@type\":\"ImageObject\",\"inLanguage\":\"fr-FR\",\"@id\":\"https:\/\/www.fries-kt.com\/#\/schema\/logo\/image\/\",\"url\":\"https:\/\/www.fries-kt.com\/wp-content\/uploads\/fries-logo.png\",\"contentUrl\":\"https:\/\/www.fries-kt.com\/wp-content\/uploads\/fries-logo.png\",\"width\":120,\"height\":60,\"caption\":\"FRIES Kunststofftechnik GmbH\"},\"image\":{\"@id\":\"https:\/\/www.fries-kt.com\/#\/schema\/logo\/image\/\"},\"sameAs\":[\"https:\/\/www.facebook.com\/FRIESKunststofftechnik\/\",\"https:\/\/www.youtube.com\/channel\/UCc2UgnWJ9Y_-pIXbDIek7wQ\"]}]}<\/script>\n<!-- \/ Yoast SEO plugin. -->","yoast_head_json":{"title":"F\u00fbt \u00e0 anneau de rotation MEGATOP 220\u00a0litres | F\u00fbt de PE-HD","description":"F\u00fbt \u00e0 anneau de rotation solide avec homologation UN. \u2714Qualit\u00e9 alimentaire \u2714Homologation pour marchandises dangereuses \u2714Protection d'inviolabilit\u00e9","robots":{"index":"index","follow":"follow","max-snippet":"max-snippet:-1","max-image-preview":"max-image-preview:large","max-video-preview":"max-video-preview:-1"},"canonical":"https:\/\/www.fries-kt.com\/fr\/produits\/emballage\/futs\/futs-a-bondes-megatop-220-l\/","twitter_misc":{"Dur\u00e9e de lecture estim\u00e9e":"2 minutes"},"schema":{"@context":"https:\/\/schema.org","@graph":[{"@type":"WebPage","@id":"https:\/\/www.fries-kt.com\/fr\/produits\/emballage\/futs\/futs-a-bondes-megatop-220-l\/","url":"https:\/\/www.fries-kt.com\/fr\/produits\/emballage\/futs\/futs-a-bondes-megatop-220-l\/","name":"F\u00fbt \u00e0 anneau de rotation MEGATOP 220\u00a0litres | F\u00fbt de PE-HD","isPartOf":{"@id":"https:\/\/www.fries-kt.com\/#website"},"primaryImageOfPage":{"@id":"https:\/\/www.fries-kt.com\/fr\/produits\/emballage\/futs\/futs-a-bondes-megatop-220-l\/#primaryimage"},"image":{"@id":"https:\/\/www.fries-kt.com\/fr\/produits\/emballage\/futs\/futs-a-bondes-megatop-220-l\/#primaryimage"},"thumbnailUrl":"https:\/\/www.fries-kt.com\/wp-content\/uploads\/Rollringfass-220-L_web.jpg","datePublished":"2016-02-04T12:55:25+00:00","dateModified":"2025-06-24T09:32:09+00:00","description":"F\u00fbt \u00e0 anneau de rotation solide avec homologation UN. \u2714Qualit\u00e9 alimentaire \u2714Homologation pour marchandises dangereuses \u2714Protection d'inviolabilit\u00e9","breadcrumb":{"@id":"https:\/\/www.fries-kt.com\/fr\/produits\/emballage\/futs\/futs-a-bondes-megatop-220-l\/#breadcrumb"},"inLanguage":"fr-FR","potentialAction":[{"@type":"ReadAction","target":["https:\/\/www.fries-kt.com\/fr\/produits\/emballage\/futs\/futs-a-bondes-megatop-220-l\/"]}]},{"@type":"ImageObject","inLanguage":"fr-FR","@id":"https:\/\/www.fries-kt.com\/fr\/produits\/emballage\/futs\/futs-a-bondes-megatop-220-l\/#primaryimage","url":"https:\/\/www.fries-kt.com\/wp-content\/uploads\/Rollringfass-220-L_web.jpg","contentUrl":"https:\/\/www.fries-kt.com\/wp-content\/uploads\/Rollringfass-220-L_web.jpg"},{"@type":"BreadcrumbList","@id":"https:\/\/www.fries-kt.com\/fr\/produits\/emballage\/futs\/futs-a-bondes-megatop-220-l\/#breadcrumb","itemListElement":[{"@type":"ListItem","position":1,"name":"Home","item":"https:\/\/www.fries-kt.com\/fr\/"},{"@type":"ListItem","position":2,"name":"Produits","item":"https:\/\/www.fries-kt.com\/fr\/produits\/"},{"@type":"ListItem","position":3,"name":"Emballage","item":"https:\/\/www.fries-kt.com\/fr\/produits\/emballage\/"},{"@type":"ListItem","position":4,"name":"F\u00fbts","item":"https:\/\/www.fries-kt.com\/fr\/produits\/emballage\/futs\/"},{"@type":"ListItem","position":5,"name":"F\u00fbts \u00e0 bondes MEGATOP 220 l"}]},{"@type":"WebSite","@id":"https:\/\/www.fries-kt.com\/#website","url":"https:\/\/www.fries-kt.com\/","name":"FRIES","description":"","publisher":{"@id":"https:\/\/www.fries-kt.com\/#organization"},"potentialAction":[{"@type":"SearchAction","target":{"@type":"EntryPoint","urlTemplate":"https:\/\/www.fries-kt.com\/?s={search_term_string}"},"query-input":{"@type":"PropertyValueSpecification","valueRequired":true,"valueName":"search_term_string"}}],"inLanguage":"fr-FR"},{"@type":"Organization","@id":"https:\/\/www.fries-kt.com\/#organization","name":"FRIES Kunststofftechnik GmbH","url":"https:\/\/www.fries-kt.com\/","logo":{"@type":"ImageObject","inLanguage":"fr-FR","@id":"https:\/\/www.fries-kt.com\/#\/schema\/logo\/image\/","url":"https:\/\/www.fries-kt.com\/wp-content\/uploads\/fries-logo.png","contentUrl":"https:\/\/www.fries-kt.com\/wp-content\/uploads\/fries-logo.png","width":120,"height":60,"caption":"FRIES Kunststofftechnik GmbH"},"image":{"@id":"https:\/\/www.fries-kt.com\/#\/schema\/logo\/image\/"},"sameAs":["https:\/\/www.facebook.com\/FRIESKunststofftechnik\/","https:\/\/www.youtube.com\/channel\/UCc2UgnWJ9Y_-pIXbDIek7wQ"]}]}},"_links":{"self":[{"href":"https:\/\/www.fries-kt.com\/fr\/wp-json\/wp\/v2\/pages\/20754","targetHints":{"allow":["GET"]}}],"collection":[{"href":"https:\/\/www.fries-kt.com\/fr\/wp-json\/wp\/v2\/pages"}],"about":[{"href":"https:\/\/www.fries-kt.com\/fr\/wp-json\/wp\/v2\/types\/page"}],"author":[{"embeddable":true,"href":"https:\/\/www.fries-kt.com\/fr\/wp-json\/wp\/v2\/users\/4"}],"replies":[{"embeddable":true,"href":"https:\/\/www.fries-kt.com\/fr\/wp-json\/wp\/v2\/comments?post=20754"}],"version-history":[{"count":23,"href":"https:\/\/www.fries-kt.com\/fr\/wp-json\/wp\/v2\/pages\/20754\/revisions"}],"predecessor-version":[{"id":64791,"href":"https:\/\/www.fries-kt.com\/fr\/wp-json\/wp\/v2\/pages\/20754\/revisions\/64791"}],"up":[{"embeddable":true,"href":"https:\/\/www.fries-kt.com\/fr\/wp-json\/wp\/v2\/pages\/20008"}],"wp:attachment":[{"href":"https:\/\/www.fries-kt.com\/fr\/wp-json\/wp\/v2\/media?parent=20754"}],"curies":[{"name":"wp","href":"https:\/\/api.w.org\/{rel}","templated":true}]}}