{"id":20766,"date":"2016-02-04T15:10:23","date_gmt":"2016-02-04T13:10:23","guid":{"rendered":"https:\/\/www.fries-kt.com\/produits\/emballage\/bidons\/bidon-easygrip-a-3-anses-60l\/?lang=fr"},"modified":"2021-03-11T16:38:33","modified_gmt":"2021-03-11T14:38:33","slug":"bidon-easygrip-a-3-anses-60l","status":"publish","type":"page","link":"https:\/\/www.fries-kt.com\/fr\/produits\/emballage\/bidons\/bidon-easygrip-a-3-anses-60l\/","title":{"rendered":"Bidon Easygrip \u00e0 3 anses 60l"},"content":{"rendered":"<div class=\"fusion-fullwidth fullwidth-box fusion-builder-row-1 hundred-percent-fullwidth non-hundred-percent-height-scrolling\" style=\"--awb-border-radius-top-left:0px;--awb-border-radius-top-right:0px;--awb-border-radius-bottom-right:0px;--awb-border-radius-bottom-left:0px;--awb-overflow:visible;--awb-flex-wrap:wrap;\" ><div class=\"fusion-builder-row fusion-row\"><div class=\"fusion-layout-column fusion_builder_column fusion-builder-column-0 fusion_builder_column_1_3 1_3 fusion-one-third fusion-column-first\" style=\"--awb-bg-size:cover;width:30.6666%; margin-right: 4%;\"><div class=\"fusion-column-wrapper fusion-flex-column-wrapper-legacy\"><div class=\"fusion-image-element in-legacy-container\" style=\"--awb-caption-title-font-family:var(--h2_typography-font-family);--awb-caption-title-font-weight:var(--h2_typography-font-weight);--awb-caption-title-font-style:var(--h2_typography-font-style);--awb-caption-title-size:var(--h2_typography-font-size);--awb-caption-title-transform:var(--h2_typography-text-transform);--awb-caption-title-line-height:var(--h2_typography-line-height);--awb-caption-title-letter-spacing:var(--h2_typography-letter-spacing);\"><span class=\" fusion-imageframe imageframe-none imageframe-1 hover-type-none\"><a href=\"https:\/\/www.fries-kt.com\/wp-content\/uploads\/Kanister-60l-3GRIFF_web.jpg\" class=\"fusion-lightbox\" data-rel=\"iLightbox[93823c59665f068ad05]\" data-title=\"Kanister-60l-3GRIFF_web\" title=\"Kanister-60l-3GRIFF_web\"><img decoding=\"async\" width=\"242\" height=\"242\" alt=\"Bidons Easygrip \u00e0 3 anses 60l\" src=\"https:\/\/www.fries-kt.com\/wp-content\/uploads\/Kanister-60l-3GRIFF_web.jpg\" class=\"img-responsive wp-image-26490\" srcset=\"https:\/\/www.fries-kt.com\/wp-content\/uploads\/Kanister-60l-3GRIFF_web-66x66.jpg 66w, https:\/\/www.fries-kt.com\/wp-content\/uploads\/Kanister-60l-3GRIFF_web-100x100.jpg 100w, https:\/\/www.fries-kt.com\/wp-content\/uploads\/Kanister-60l-3GRIFF_web-150x150.jpg 150w, https:\/\/www.fries-kt.com\/wp-content\/uploads\/Kanister-60l-3GRIFF_web.jpg 242w\" sizes=\"(max-width: 242px) 100vw, 242px\" \/><\/a><\/span><\/div><div class=\"fusion-text fusion-text-1 color-verpackung gr\u00fcn\"><h4><a href=\"https:\/\/www.fries-kt.com\/wp-content\/uploads\/Easygrip-jerrycan-3-handle-60l_EN.pdf\" target=\"_blank\" rel=\"noopener noreferrer\">T\u00e9l\u00e9charger la brochure<\/a><\/h4>\n<\/div><div class=\"fusion-alignleft\"><a class=\"fusion-button button-flat fusion-button-default-size button-custom fusion-button-default button-1 fusion-button-default-span fusion-button-default-type color-verpackung\" style=\"--button_accent_color:#ffffff;--button_border_color:#00997c;--button_accent_hover_color:#ffffff;--button_border_hover_color:#00997c;--button_gradient_top_color:#00997c;--button_gradient_bottom_color:#00997c;--button_gradient_top_color_hover:#00997c;--button_gradient_bottom_color_hover:#00997c;--button_text_transform:none;--button_margin-top:10px;--button_margin-bottom:20px;\" target=\"_self\" href=\"https:\/\/www.fries-kt.com\/fr\/contact\/?amp;your-subject=Bidon Easygrip \u00e0 3 anses 60l\"><span class=\"fusion-button-text awb-button__text awb-button__text--default\">Demandez maintenant<\/span><\/a><\/div><div class=\"fusion-clearfix\"><\/div><\/div><\/div><div class=\"fusion-layout-column fusion_builder_column fusion-builder-column-1 fusion_builder_column_2_3 2_3 fusion-two-third fusion-column-last\" style=\"--awb-bg-size:cover;width:65.3333%;\"><div class=\"fusion-column-wrapper fusion-flex-column-wrapper-legacy\"><div class=\"fusion-text fusion-text-2 color-verpackung gr\u00fcn\"><h1>Bidon 60l \u00e0 3 anses &#8220;EasyGrip&#8221;<\/h1>\n<p><strong>Bidon compos\u00e9 de PE | 60l | Bidon et bouchon \u00e0 vis conformes \u00e0 la norme EN |\u00a0Pr\u00e9hension facile\u00a0| Vidangeable<\/strong><\/p>\n<ul>\n<li>disponible dans la couleur \u201ebleu\u201c\u00a0(autres couleurs sur demande)<\/li>\n<li>bouchon \u00e0 vis conforme \u00e0 la norme EN 12712<\/li>\n<li>bidon conforme \u00e0 la norme EN 12713<\/li>\n<li>valve de gazage\/d\u00e9gazage disponible sur demande sp\u00e9ciale<\/li>\n<li>videangeable<\/li>\n<li>Exceptionnelle facilit\u00e9 de pr\u00e9hension et de transport gr\u00e2ce \u00e0\u00a0<em>&#8220;EasyGrip&#8221;<\/em><\/li>\n<\/ul>\n<\/div><div class=\"fusion-clearfix\"><\/div><\/div><\/div><\/div><\/div>\n","protected":false},"excerpt":{"rendered":"","protected":false},"author":4,"featured_media":0,"parent":20007,"menu_order":0,"comment_status":"closed","ping_status":"closed","template":"","meta":{"_acf_changed":false,"footnotes":""},"class_list":["post-20766","page","type-page","status-publish","hentry"],"acf":[],"yoast_head":"<!-- This site is optimized with the Yoast SEO plugin v26.8 - https:\/\/yoast.com\/product\/yoast-seo-wordpress\/ -->\n<title>Bidon en plastique 60 litres | Easy-Grip \u00e0 3 poign\u00e9es | FRIES<\/title>\n<meta name=\"description\" content=\"Bidon en PE de qualit\u00e9 alimentaire et avec homologation UN. Exceptionnelle facilit\u00e9 de pr\u00e9hension et de transport gr\u00e2ce aux 3 poign\u00e9es \u25b6En savoir plus\" \/>\n<meta name=\"robots\" content=\"index, follow, max-snippet:-1, max-image-preview:large, max-video-preview:-1\" \/>\n<link rel=\"canonical\" href=\"https:\/\/www.fries-kt.com\/fr\/produits\/emballage\/bidons\/bidon-easygrip-a-3-anses-60l\/\" \/>\n<meta name=\"twitter:label1\" content=\"Dur\u00e9e de lecture estim\u00e9e\" \/>\n\t<meta name=\"twitter:data1\" content=\"3 minutes\" \/>\n<script type=\"application\/ld+json\" class=\"yoast-schema-graph\">{\"@context\":\"https:\/\/schema.org\",\"@graph\":[{\"@type\":\"WebPage\",\"@id\":\"https:\/\/www.fries-kt.com\/fr\/produits\/emballage\/bidons\/bidon-easygrip-a-3-anses-60l\/\",\"url\":\"https:\/\/www.fries-kt.com\/fr\/produits\/emballage\/bidons\/bidon-easygrip-a-3-anses-60l\/\",\"name\":\"Bidon en plastique 60 litres | Easy-Grip \u00e0 3 poign\u00e9es | FRIES\",\"isPartOf\":{\"@id\":\"https:\/\/www.fries-kt.com\/#website\"},\"datePublished\":\"2016-02-04T13:10:23+00:00\",\"dateModified\":\"2021-03-11T14:38:33+00:00\",\"description\":\"Bidon en PE de qualit\u00e9 alimentaire et avec homologation UN. Exceptionnelle facilit\u00e9 de pr\u00e9hension et de transport gr\u00e2ce aux 3 poign\u00e9es \u25b6En savoir plus\",\"breadcrumb\":{\"@id\":\"https:\/\/www.fries-kt.com\/fr\/produits\/emballage\/bidons\/bidon-easygrip-a-3-anses-60l\/#breadcrumb\"},\"inLanguage\":\"fr-FR\",\"potentialAction\":[{\"@type\":\"ReadAction\",\"target\":[\"https:\/\/www.fries-kt.com\/fr\/produits\/emballage\/bidons\/bidon-easygrip-a-3-anses-60l\/\"]}]},{\"@type\":\"BreadcrumbList\",\"@id\":\"https:\/\/www.fries-kt.com\/fr\/produits\/emballage\/bidons\/bidon-easygrip-a-3-anses-60l\/#breadcrumb\",\"itemListElement\":[{\"@type\":\"ListItem\",\"position\":1,\"name\":\"Home\",\"item\":\"https:\/\/www.fries-kt.com\/fr\/\"},{\"@type\":\"ListItem\",\"position\":2,\"name\":\"Produits\",\"item\":\"https:\/\/www.fries-kt.com\/fr\/produits\/\"},{\"@type\":\"ListItem\",\"position\":3,\"name\":\"Emballage\",\"item\":\"https:\/\/www.fries-kt.com\/fr\/produits\/emballage\/\"},{\"@type\":\"ListItem\",\"position\":4,\"name\":\"Bidons\",\"item\":\"https:\/\/www.fries-kt.com\/fr\/produits\/emballage\/bidons\/\"},{\"@type\":\"ListItem\",\"position\":5,\"name\":\"Bidon Easygrip \u00e0 3 anses 60l\"}]},{\"@type\":\"WebSite\",\"@id\":\"https:\/\/www.fries-kt.com\/#website\",\"url\":\"https:\/\/www.fries-kt.com\/\",\"name\":\"FRIES\",\"description\":\"\",\"publisher\":{\"@id\":\"https:\/\/www.fries-kt.com\/#organization\"},\"potentialAction\":[{\"@type\":\"SearchAction\",\"target\":{\"@type\":\"EntryPoint\",\"urlTemplate\":\"https:\/\/www.fries-kt.com\/?s={search_term_string}\"},\"query-input\":{\"@type\":\"PropertyValueSpecification\",\"valueRequired\":true,\"valueName\":\"search_term_string\"}}],\"inLanguage\":\"fr-FR\"},{\"@type\":\"Organization\",\"@id\":\"https:\/\/www.fries-kt.com\/#organization\",\"name\":\"FRIES Kunststofftechnik GmbH\",\"url\":\"https:\/\/www.fries-kt.com\/\",\"logo\":{\"@type\":\"ImageObject\",\"inLanguage\":\"fr-FR\",\"@id\":\"https:\/\/www.fries-kt.com\/#\/schema\/logo\/image\/\",\"url\":\"https:\/\/www.fries-kt.com\/wp-content\/uploads\/fries-logo.png\",\"contentUrl\":\"https:\/\/www.fries-kt.com\/wp-content\/uploads\/fries-logo.png\",\"width\":120,\"height\":60,\"caption\":\"FRIES Kunststofftechnik GmbH\"},\"image\":{\"@id\":\"https:\/\/www.fries-kt.com\/#\/schema\/logo\/image\/\"},\"sameAs\":[\"https:\/\/www.facebook.com\/FRIESKunststofftechnik\/\",\"https:\/\/www.youtube.com\/channel\/UCc2UgnWJ9Y_-pIXbDIek7wQ\"]}]}<\/script>\n<!-- \/ Yoast SEO plugin. -->","yoast_head_json":{"title":"Bidon en plastique 60 litres | Easy-Grip \u00e0 3 poign\u00e9es | FRIES","description":"Bidon en PE de qualit\u00e9 alimentaire et avec homologation UN. Exceptionnelle facilit\u00e9 de pr\u00e9hension et de transport gr\u00e2ce aux 3 poign\u00e9es \u25b6En savoir plus","robots":{"index":"index","follow":"follow","max-snippet":"max-snippet:-1","max-image-preview":"max-image-preview:large","max-video-preview":"max-video-preview:-1"},"canonical":"https:\/\/www.fries-kt.com\/fr\/produits\/emballage\/bidons\/bidon-easygrip-a-3-anses-60l\/","twitter_misc":{"Dur\u00e9e de lecture estim\u00e9e":"3 minutes"},"schema":{"@context":"https:\/\/schema.org","@graph":[{"@type":"WebPage","@id":"https:\/\/www.fries-kt.com\/fr\/produits\/emballage\/bidons\/bidon-easygrip-a-3-anses-60l\/","url":"https:\/\/www.fries-kt.com\/fr\/produits\/emballage\/bidons\/bidon-easygrip-a-3-anses-60l\/","name":"Bidon en plastique 60 litres | Easy-Grip \u00e0 3 poign\u00e9es | FRIES","isPartOf":{"@id":"https:\/\/www.fries-kt.com\/#website"},"datePublished":"2016-02-04T13:10:23+00:00","dateModified":"2021-03-11T14:38:33+00:00","description":"Bidon en PE de qualit\u00e9 alimentaire et avec homologation UN. Exceptionnelle facilit\u00e9 de pr\u00e9hension et de transport gr\u00e2ce aux 3 poign\u00e9es \u25b6En savoir plus","breadcrumb":{"@id":"https:\/\/www.fries-kt.com\/fr\/produits\/emballage\/bidons\/bidon-easygrip-a-3-anses-60l\/#breadcrumb"},"inLanguage":"fr-FR","potentialAction":[{"@type":"ReadAction","target":["https:\/\/www.fries-kt.com\/fr\/produits\/emballage\/bidons\/bidon-easygrip-a-3-anses-60l\/"]}]},{"@type":"BreadcrumbList","@id":"https:\/\/www.fries-kt.com\/fr\/produits\/emballage\/bidons\/bidon-easygrip-a-3-anses-60l\/#breadcrumb","itemListElement":[{"@type":"ListItem","position":1,"name":"Home","item":"https:\/\/www.fries-kt.com\/fr\/"},{"@type":"ListItem","position":2,"name":"Produits","item":"https:\/\/www.fries-kt.com\/fr\/produits\/"},{"@type":"ListItem","position":3,"name":"Emballage","item":"https:\/\/www.fries-kt.com\/fr\/produits\/emballage\/"},{"@type":"ListItem","position":4,"name":"Bidons","item":"https:\/\/www.fries-kt.com\/fr\/produits\/emballage\/bidons\/"},{"@type":"ListItem","position":5,"name":"Bidon Easygrip \u00e0 3 anses 60l"}]},{"@type":"WebSite","@id":"https:\/\/www.fries-kt.com\/#website","url":"https:\/\/www.fries-kt.com\/","name":"FRIES","description":"","publisher":{"@id":"https:\/\/www.fries-kt.com\/#organization"},"potentialAction":[{"@type":"SearchAction","target":{"@type":"EntryPoint","urlTemplate":"https:\/\/www.fries-kt.com\/?s={search_term_string}"},"query-input":{"@type":"PropertyValueSpecification","valueRequired":true,"valueName":"search_term_string"}}],"inLanguage":"fr-FR"},{"@type":"Organization","@id":"https:\/\/www.fries-kt.com\/#organization","name":"FRIES Kunststofftechnik GmbH","url":"https:\/\/www.fries-kt.com\/","logo":{"@type":"ImageObject","inLanguage":"fr-FR","@id":"https:\/\/www.fries-kt.com\/#\/schema\/logo\/image\/","url":"https:\/\/www.fries-kt.com\/wp-content\/uploads\/fries-logo.png","contentUrl":"https:\/\/www.fries-kt.com\/wp-content\/uploads\/fries-logo.png","width":120,"height":60,"caption":"FRIES Kunststofftechnik GmbH"},"image":{"@id":"https:\/\/www.fries-kt.com\/#\/schema\/logo\/image\/"},"sameAs":["https:\/\/www.facebook.com\/FRIESKunststofftechnik\/","https:\/\/www.youtube.com\/channel\/UCc2UgnWJ9Y_-pIXbDIek7wQ"]}]}},"_links":{"self":[{"href":"https:\/\/www.fries-kt.com\/fr\/wp-json\/wp\/v2\/pages\/20766","targetHints":{"allow":["GET"]}}],"collection":[{"href":"https:\/\/www.fries-kt.com\/fr\/wp-json\/wp\/v2\/pages"}],"about":[{"href":"https:\/\/www.fries-kt.com\/fr\/wp-json\/wp\/v2\/types\/page"}],"author":[{"embeddable":true,"href":"https:\/\/www.fries-kt.com\/fr\/wp-json\/wp\/v2\/users\/4"}],"replies":[{"embeddable":true,"href":"https:\/\/www.fries-kt.com\/fr\/wp-json\/wp\/v2\/comments?post=20766"}],"version-history":[{"count":19,"href":"https:\/\/www.fries-kt.com\/fr\/wp-json\/wp\/v2\/pages\/20766\/revisions"}],"predecessor-version":[{"id":32813,"href":"https:\/\/www.fries-kt.com\/fr\/wp-json\/wp\/v2\/pages\/20766\/revisions\/32813"}],"up":[{"embeddable":true,"href":"https:\/\/www.fries-kt.com\/fr\/wp-json\/wp\/v2\/pages\/20007"}],"wp:attachment":[{"href":"https:\/\/www.fries-kt.com\/fr\/wp-json\/wp\/v2\/media?parent=20766"}],"curies":[{"name":"wp","href":"https:\/\/api.w.org\/{rel}","templated":true}]}}