{"id":20824,"date":"2016-02-04T21:20:17","date_gmt":"2016-02-04T19:20:17","guid":{"rendered":"https:\/\/www.fries-kt.com\/produits\/emballage\/seaux\/seaux-tonnelets-pe\/?lang=fr"},"modified":"2025-06-24T15:42:08","modified_gmt":"2025-06-24T13:42:08","slug":"seaux-tonnelets-pe","status":"publish","type":"page","link":"https:\/\/www.fries-kt.com\/fr\/produits\/emballage\/seaux\/seaux-tonnelets-pe\/","title":{"rendered":"Seaux tonnelets (PE)"},"content":{"rendered":"<p><div class=\"fusion-fullwidth fullwidth-box fusion-builder-row-1 fusion-flex-container nonhundred-percent-fullwidth non-hundred-percent-height-scrolling\" style=\"--awb-border-radius-top-left:0px;--awb-border-radius-top-right:0px;--awb-border-radius-bottom-right:0px;--awb-border-radius-bottom-left:0px;--awb-flex-wrap:wrap;\" ><div class=\"fusion-builder-row fusion-row fusion-flex-align-items-flex-start fusion-flex-content-wrap\" style=\"max-width:1144px;margin-left: calc(-4% \/ 2 );margin-right: calc(-4% \/ 2 );\"><div class=\"fusion-layout-column fusion_builder_column fusion-builder-column-0 fusion_builder_column_1_1 1_1 fusion-flex-column\" style=\"--awb-bg-size:cover;--awb-width-large:100%;--awb-margin-top-large:0px;--awb-spacing-right-large:1.92%;--awb-margin-bottom-large:20px;--awb-spacing-left-large:1.92%;--awb-width-medium:100%;--awb-order-medium:0;--awb-spacing-right-medium:1.92%;--awb-spacing-left-medium:1.92%;--awb-width-small:100%;--awb-order-small:0;--awb-spacing-right-small:1.92%;--awb-spacing-left-small:1.92%;\"><div class=\"fusion-column-wrapper fusion-column-has-shadow fusion-flex-justify-content-flex-start fusion-content-layout-column\"><div class=\"fusion-text fusion-text-1 color-verpackung gr\u00fcn\"><h1>Seaux tonnelets (PE)<\/h1>\n<\/div><\/div><\/div><\/div><\/div><div class=\"fusion-fullwidth fullwidth-box fusion-builder-row-2 nonhundred-percent-fullwidth non-hundred-percent-height-scrolling\" style=\"--awb-background-position:left top;--awb-border-radius-top-left:0px;--awb-border-radius-top-right:0px;--awb-border-radius-bottom-right:0px;--awb-border-radius-bottom-left:0px;--awb-padding-top:20px;--awb-padding-right:0px;--awb-padding-bottom:20px;--awb-padding-left:0px;--awb-border-sizes-top:0px;--awb-border-sizes-bottom:0px;--awb-flex-wrap:wrap;\" ><div class=\"fusion-builder-row fusion-row\"><div class=\"fusion-layout-column fusion_builder_column fusion-builder-column-1 fusion_builder_column_1_3 1_3 fusion-one-third fusion-column-first\" style=\"--awb-bg-size:cover;width:30.6666%; margin-right: 4%;\"><div class=\"fusion-column-wrapper fusion-flex-column-wrapper-legacy\"><div class=\"fusion-image-element in-legacy-container\" style=\"--awb-caption-title-font-family:var(--h2_typography-font-family);--awb-caption-title-font-weight:var(--h2_typography-font-weight);--awb-caption-title-font-style:var(--h2_typography-font-style);--awb-caption-title-size:var(--h2_typography-font-size);--awb-caption-title-transform:var(--h2_typography-text-transform);--awb-caption-title-line-height:var(--h2_typography-line-height);--awb-caption-title-letter-spacing:var(--h2_typography-letter-spacing);\"><span class=\" fusion-imageframe imageframe-none imageframe-1 hover-type-none\"><img decoding=\"async\" width=\"242\" height=\"242\" alt=\"Hobbock Kunststoff lebensmittelecht und UN 18 l PP\" title=\"Hobbock Kunststoff lebensmittelecht und UN 18 l PP\" src=\"https:\/\/www.fries-kt.com\/wp-content\/uploads\/Hobbock-18L_web.jpg\" class=\"img-responsive wp-image-18317\" srcset=\"https:\/\/www.fries-kt.com\/wp-content\/uploads\/Hobbock-18L_web-66x66.jpg 66w, https:\/\/www.fries-kt.com\/wp-content\/uploads\/Hobbock-18L_web-150x150.jpg 150w, https:\/\/www.fries-kt.com\/wp-content\/uploads\/Hobbock-18L_web.jpg 242w\" sizes=\"(max-width: 242px) 100vw, 242px\" \/><\/span><\/div><div class=\"fusion-text fusion-text-2 color-verpackung gr\u00fcn\"><h4><a href=\"https:\/\/www.fries-kt.com\/wp-content\/uploads\/Hobbock-18l_PE_EN.pdf\" target=\"_blank\" rel=\"noopener noreferrer\">T\u00e9l\u00e9charger la brochure<\/a><\/h4>\n<\/div><div class=\"fusion-alignleft\"><a class=\"fusion-button button-flat fusion-button-default-size button-custom fusion-button-default button-1 fusion-button-default-span fusion-button-default-type color-verpackung\" style=\"--button_accent_color:#ffffff;--button_border_color:#00997c;--button_accent_hover_color:#ffffff;--button_border_hover_color:#00997c;--button_gradient_top_color:#00997c;--button_gradient_bottom_color:#00997c;--button_gradient_top_color_hover:#00997c;--button_gradient_bottom_color_hover:#00997c;--button_text_transform:none;--button_margin-top:10px;--button_margin-bottom:20px;\" target=\"_self\" href=\"https:\/\/www.fries-kt.com\/fr\/contact\/?amp;your-subject=Seaux tonnelets (PE) 18l\"><span class=\"fusion-button-text awb-button__text awb-button__text--default\">Demandez maintenant<\/span><\/a><\/div><div class=\"fusion-clearfix\"><\/div><\/div><\/div><div class=\"fusion-layout-column fusion_builder_column fusion-builder-column-2 fusion_builder_column_2_3 2_3 fusion-two-third fusion-column-last\" style=\"--awb-bg-size:cover;width:65.3333%;\"><div class=\"fusion-column-wrapper fusion-flex-column-wrapper-legacy\"><div class=\"fusion-text fusion-text-3 color-verpackung gr\u00fcn\"><h2>Seau tonnelet (PE) 18l<\/h2>\n<p><strong><span style=\"color: #747474; font-family: 'Arial','sans-serif';\"><span style=\"font-size: small;\">R\u00e9sistant au froid |\u00a0Couvercle encliquetable \u00e0 fermeture \u00e9tanche\u00a0|\u00a0Conformit\u00e9 alimentaire\u00a0| Certification UN<\/span><\/span><\/strong><\/p>\n<ul>\n<li>livrable aussi avec une anse m\u00e9tallique et une poign\u00e9e cylindrique<\/li>\n<li>couvercle encliquetable \u00e0 fermeture \u00e9tanche<\/li>\n<li>r\u00e9sistant au froid jusqu&#8217;\u00e0 -30\u00b0 C<\/li>\n<li>seau de couleur possible<\/li>\n<li>avec certification UN conforme au tableau de certification actuel<\/li>\n<li>conformit\u00e9 alimentaire selon CE 1935\/2004, CE 2023\/2006 et CE 10\/2011 dans la version actuellement en vigueur pour les simulateurs A, B, C, D1, D2, E, pour une r\u00e9alisation standard de la couleur NATUREL et BLANC (autres couleurs sur demande). Fa\u00e7onnable par s\u00e9rigraphie (uniquement sans certification LMR)<\/li>\n<li>disponible dans les couleurs &#8220;blanc&#8221; et &#8220;naturel&#8221; (autres couleurs sur demande)<\/li>\n<\/ul>\n<p><strong>En option:\u00a0<\/strong><\/p>\n<ul>\n<li>Certification halal sur demande<\/li>\n<\/ul>\n<\/div><div class=\"fusion-clearfix\"><\/div><\/div><\/div><div class=\"fusion-layout-column fusion_builder_column fusion-builder-column-3 fusion_builder_column_1_3 1_3 fusion-one-third fusion-column-first\" style=\"--awb-bg-size:cover;width:30.6666%; margin-right: 4%;\"><div class=\"fusion-column-wrapper fusion-flex-column-wrapper-legacy\"><div class=\"fusion-image-element in-legacy-container\" style=\"--awb-caption-title-font-family:var(--h2_typography-font-family);--awb-caption-title-font-weight:var(--h2_typography-font-weight);--awb-caption-title-font-style:var(--h2_typography-font-style);--awb-caption-title-size:var(--h2_typography-font-size);--awb-caption-title-transform:var(--h2_typography-text-transform);--awb-caption-title-line-height:var(--h2_typography-line-height);--awb-caption-title-letter-spacing:var(--h2_typography-letter-spacing);\"><span class=\" fusion-imageframe imageframe-none imageframe-2 hover-type-none\"><img decoding=\"async\" width=\"242\" height=\"242\" alt=\"Hobbock Kunststoff lebensmittelecht und UN 30 l PE\" title=\"Hobbock Kunststoff lebensmittelecht und UN 30 l PE\" src=\"https:\/\/www.fries-kt.com\/wp-content\/uploads\/Hobbock-30L-PE_web.jpg\" class=\"img-responsive wp-image-18312\" srcset=\"https:\/\/www.fries-kt.com\/wp-content\/uploads\/Hobbock-30L-PE_web-66x66.jpg 66w, https:\/\/www.fries-kt.com\/wp-content\/uploads\/Hobbock-30L-PE_web-150x150.jpg 150w, https:\/\/www.fries-kt.com\/wp-content\/uploads\/Hobbock-30L-PE_web.jpg 242w\" sizes=\"(max-width: 242px) 100vw, 242px\" \/><\/span><\/div><div class=\"fusion-text fusion-text-4 color-verpackung gr\u00fcn\"><h4><a href=\"https:\/\/www.fries-kt.com\/wp-content\/uploads\/Hobbock-30l_PE_EN.pdf\" target=\"_blank\" rel=\"noopener noreferrer\">T\u00e9l\u00e9charger la brochure<\/a><\/h4>\n<\/div><div class=\"fusion-alignleft\"><a class=\"fusion-button button-flat fusion-button-default-size button-custom fusion-button-default button-2 fusion-button-default-span fusion-button-default-type color-verpackung\" style=\"--button_accent_color:#ffffff;--button_border_color:#00997c;--button_accent_hover_color:#ffffff;--button_border_hover_color:#00997c;--button_gradient_top_color:#00997c;--button_gradient_bottom_color:#00997c;--button_gradient_top_color_hover:#00997c;--button_gradient_bottom_color_hover:#00997c;--button_text_transform:none;--button_margin-top:10px;--button_margin-bottom:20px;\" target=\"_self\" href=\"https:\/\/www.fries-kt.com\/fr\/contact\/?amp;your-subject=Seaux tonnelets (PE) 30l\"><span class=\"fusion-button-text awb-button__text awb-button__text--default\">Demandez maintenant<\/span><\/a><\/div><div class=\"fusion-clearfix\"><\/div><\/div><\/div><div class=\"fusion-layout-column fusion_builder_column fusion-builder-column-4 fusion_builder_column_2_3 2_3 fusion-two-third fusion-column-last\" style=\"--awb-bg-size:cover;width:65.3333%;\"><div class=\"fusion-column-wrapper fusion-flex-column-wrapper-legacy\"><div class=\"fusion-text fusion-text-5 color-verpackung gr\u00fcn\"><h2>Seau tonnelet (PE) 30l<\/h2>\n<p><span style=\"color: #747474; font-family: 'Arial','sans-serif';\"><span style=\"font-size: small;\"><strong>R\u00e9sistant au froid |\u00a0Grande s\u00e9curit\u00e9 de transport\u00a0|\u00a0Conformit\u00e9 alimentaire\u00a0| Certification UN<\/strong><\/span><\/span><\/p>\n<ul>\n<li>anse coquille de forme ergonomique<\/li>\n<li>couvercle \u00e0 fermeture tr\u00e8s serr\u00e9e pour une grande s\u00e9curit\u00e9 de transport<\/li>\n<li>r\u00e9sistant au froid jusqu&#8217;\u00e0 -30\u00b0 C<\/li>\n<li>seau de couleur possible<\/li>\n<li>avec certification UN conforme au tableau de certification actuel<\/li>\n<li>conformit\u00e9 alimentaire selon CE 1935\/2004, CE 2023\/2006 et CE 10\/2011 dans la version actuellement en vigueur pour les simulateurs A, B, C, D1, D2, E, pour une r\u00e9alisation standard de la couleur NATUREL et BLANC (autres couleurs sur demande)<\/li>\n<li>fa\u00e7onnable par s\u00e9rigraphie (uniquement sans certification LMR)<\/li>\n<li>disponible dans les couleurs &#8220;blanc&#8221; et &#8220;naturel&#8221; (autres couleurs sur demande)<\/li>\n<\/ul>\n<p><strong>En option :<\/strong><\/p>\n<ul>\n<li>peut \u00eatre \u00e9quip\u00e9 d&#8217;un couvercle \u00e9tanche \u00e0 l&#8217;eau (densit\u00e9 de mousse PU selon l&#8217;ADR 6.1.5.2.6. al. 21)<\/li>\n<li>bec verseur amovible sur le couvercle (sans certification UN)<\/li>\n<li>interface pour vanne (KALTEX) (sans certification UN)<\/li>\n<li>certification halal sur demande<\/li>\n<\/ul>\n<\/div><div class=\"fusion-clearfix\"><\/div><\/div><\/div><\/div><\/div><div class=\"fusion-fullwidth fullwidth-box fusion-builder-row-3 nonhundred-percent-fullwidth non-hundred-percent-height-scrolling\" style=\"--awb-background-position:left top;--awb-border-radius-top-left:0px;--awb-border-radius-top-right:0px;--awb-border-radius-bottom-right:0px;--awb-border-radius-bottom-left:0px;--awb-padding-top:20px;--awb-padding-right:0px;--awb-padding-bottom:20px;--awb-padding-left:0px;--awb-border-sizes-top:0px;--awb-border-sizes-bottom:0px;--awb-flex-wrap:wrap;\" ><div class=\"fusion-builder-row fusion-row\"><div class=\"fusion-layout-column fusion_builder_column fusion-builder-column-5 fusion_builder_column_1_1 1_1 fusion-one-full fusion-column-first fusion-column-last fusion-column-no-min-height\" style=\"--awb-bg-size:cover;--awb-margin-bottom:0px;\"><div class=\"fusion-column-wrapper fusion-flex-column-wrapper-legacy\"><div class=\"fusion-sep-clear\"><\/div><div class=\"fusion-separator fusion-full-width-sep\" style=\"margin-left: auto;margin-right: auto;margin-top:12px;width:100%;\"><\/div><div class=\"fusion-sep-clear\"><\/div><div class=\"fusion-clearfix\"><\/div><\/div><\/div><\/div><\/div><\/p>\n","protected":false},"excerpt":{"rendered":"","protected":false},"author":4,"featured_media":0,"parent":20006,"menu_order":0,"comment_status":"closed","ping_status":"closed","template":"","meta":{"_acf_changed":false,"footnotes":""},"class_list":["post-20824","page","type-page","status-publish","hentry"],"acf":[],"yoast_head":"<!-- This site is optimized with the Yoast SEO plugin v26.8 - https:\/\/yoast.com\/product\/yoast-seo-wordpress\/ -->\n<title>Seau tonnelet en PE | Volume nominal 18\u00a0ou 30\u00a0litres | FRIES<\/title>\n<meta name=\"description\" content=\"Tonnelet avec couvercle encliquetable \u00e0 fermeture \u00e9tanche. Disponible avec s\u00e9rigraphie personnalis\u00e9e \u2714Qualit\u00e9 alimentaire \u2714Homologation UN\" \/>\n<meta name=\"robots\" content=\"index, follow, max-snippet:-1, max-image-preview:large, max-video-preview:-1\" \/>\n<link rel=\"canonical\" href=\"https:\/\/www.fries-kt.com\/fr\/produits\/emballage\/seaux\/seaux-tonnelets-pe\/\" \/>\n<meta name=\"twitter:label1\" content=\"Dur\u00e9e de lecture estim\u00e9e\" \/>\n\t<meta name=\"twitter:data1\" content=\"2 minutes\" \/>\n<script type=\"application\/ld+json\" class=\"yoast-schema-graph\">{\"@context\":\"https:\/\/schema.org\",\"@graph\":[{\"@type\":\"WebPage\",\"@id\":\"https:\/\/www.fries-kt.com\/fr\/produits\/emballage\/seaux\/seaux-tonnelets-pe\/\",\"url\":\"https:\/\/www.fries-kt.com\/fr\/produits\/emballage\/seaux\/seaux-tonnelets-pe\/\",\"name\":\"Seau tonnelet en PE | Volume nominal 18\u00a0ou 30\u00a0litres | FRIES\",\"isPartOf\":{\"@id\":\"https:\/\/www.fries-kt.com\/#website\"},\"primaryImageOfPage\":{\"@id\":\"https:\/\/www.fries-kt.com\/fr\/produits\/emballage\/seaux\/seaux-tonnelets-pe\/#primaryimage\"},\"image\":{\"@id\":\"https:\/\/www.fries-kt.com\/fr\/produits\/emballage\/seaux\/seaux-tonnelets-pe\/#primaryimage\"},\"thumbnailUrl\":\"https:\/\/www.fries-kt.com\/wp-content\/uploads\/Hobbock-18L_web.jpg\",\"datePublished\":\"2016-02-04T19:20:17+00:00\",\"dateModified\":\"2025-06-24T13:42:08+00:00\",\"description\":\"Tonnelet avec couvercle encliquetable \u00e0 fermeture \u00e9tanche. Disponible avec s\u00e9rigraphie personnalis\u00e9e \u2714Qualit\u00e9 alimentaire \u2714Homologation UN\",\"breadcrumb\":{\"@id\":\"https:\/\/www.fries-kt.com\/fr\/produits\/emballage\/seaux\/seaux-tonnelets-pe\/#breadcrumb\"},\"inLanguage\":\"fr-FR\",\"potentialAction\":[{\"@type\":\"ReadAction\",\"target\":[\"https:\/\/www.fries-kt.com\/fr\/produits\/emballage\/seaux\/seaux-tonnelets-pe\/\"]}]},{\"@type\":\"ImageObject\",\"inLanguage\":\"fr-FR\",\"@id\":\"https:\/\/www.fries-kt.com\/fr\/produits\/emballage\/seaux\/seaux-tonnelets-pe\/#primaryimage\",\"url\":\"https:\/\/www.fries-kt.com\/wp-content\/uploads\/Hobbock-18L_web.jpg\",\"contentUrl\":\"https:\/\/www.fries-kt.com\/wp-content\/uploads\/Hobbock-18L_web.jpg\"},{\"@type\":\"BreadcrumbList\",\"@id\":\"https:\/\/www.fries-kt.com\/fr\/produits\/emballage\/seaux\/seaux-tonnelets-pe\/#breadcrumb\",\"itemListElement\":[{\"@type\":\"ListItem\",\"position\":1,\"name\":\"Home\",\"item\":\"https:\/\/www.fries-kt.com\/fr\/\"},{\"@type\":\"ListItem\",\"position\":2,\"name\":\"Produits\",\"item\":\"https:\/\/www.fries-kt.com\/fr\/produits\/\"},{\"@type\":\"ListItem\",\"position\":3,\"name\":\"Emballage\",\"item\":\"https:\/\/www.fries-kt.com\/fr\/produits\/emballage\/\"},{\"@type\":\"ListItem\",\"position\":4,\"name\":\"Seaux\",\"item\":\"https:\/\/www.fries-kt.com\/fr\/produits\/emballage\/seaux\/\"},{\"@type\":\"ListItem\",\"position\":5,\"name\":\"Seaux tonnelets (PE)\"}]},{\"@type\":\"WebSite\",\"@id\":\"https:\/\/www.fries-kt.com\/#website\",\"url\":\"https:\/\/www.fries-kt.com\/\",\"name\":\"FRIES\",\"description\":\"\",\"publisher\":{\"@id\":\"https:\/\/www.fries-kt.com\/#organization\"},\"potentialAction\":[{\"@type\":\"SearchAction\",\"target\":{\"@type\":\"EntryPoint\",\"urlTemplate\":\"https:\/\/www.fries-kt.com\/?s={search_term_string}\"},\"query-input\":{\"@type\":\"PropertyValueSpecification\",\"valueRequired\":true,\"valueName\":\"search_term_string\"}}],\"inLanguage\":\"fr-FR\"},{\"@type\":\"Organization\",\"@id\":\"https:\/\/www.fries-kt.com\/#organization\",\"name\":\"FRIES Kunststofftechnik GmbH\",\"url\":\"https:\/\/www.fries-kt.com\/\",\"logo\":{\"@type\":\"ImageObject\",\"inLanguage\":\"fr-FR\",\"@id\":\"https:\/\/www.fries-kt.com\/#\/schema\/logo\/image\/\",\"url\":\"https:\/\/www.fries-kt.com\/wp-content\/uploads\/fries-logo.png\",\"contentUrl\":\"https:\/\/www.fries-kt.com\/wp-content\/uploads\/fries-logo.png\",\"width\":120,\"height\":60,\"caption\":\"FRIES Kunststofftechnik GmbH\"},\"image\":{\"@id\":\"https:\/\/www.fries-kt.com\/#\/schema\/logo\/image\/\"},\"sameAs\":[\"https:\/\/www.facebook.com\/FRIESKunststofftechnik\/\",\"https:\/\/www.youtube.com\/channel\/UCc2UgnWJ9Y_-pIXbDIek7wQ\"]}]}<\/script>\n<!-- \/ Yoast SEO plugin. -->","yoast_head_json":{"title":"Seau tonnelet en PE | Volume nominal 18\u00a0ou 30\u00a0litres | FRIES","description":"Tonnelet avec couvercle encliquetable \u00e0 fermeture \u00e9tanche. Disponible avec s\u00e9rigraphie personnalis\u00e9e \u2714Qualit\u00e9 alimentaire \u2714Homologation UN","robots":{"index":"index","follow":"follow","max-snippet":"max-snippet:-1","max-image-preview":"max-image-preview:large","max-video-preview":"max-video-preview:-1"},"canonical":"https:\/\/www.fries-kt.com\/fr\/produits\/emballage\/seaux\/seaux-tonnelets-pe\/","twitter_misc":{"Dur\u00e9e de lecture estim\u00e9e":"2 minutes"},"schema":{"@context":"https:\/\/schema.org","@graph":[{"@type":"WebPage","@id":"https:\/\/www.fries-kt.com\/fr\/produits\/emballage\/seaux\/seaux-tonnelets-pe\/","url":"https:\/\/www.fries-kt.com\/fr\/produits\/emballage\/seaux\/seaux-tonnelets-pe\/","name":"Seau tonnelet en PE | Volume nominal 18\u00a0ou 30\u00a0litres | FRIES","isPartOf":{"@id":"https:\/\/www.fries-kt.com\/#website"},"primaryImageOfPage":{"@id":"https:\/\/www.fries-kt.com\/fr\/produits\/emballage\/seaux\/seaux-tonnelets-pe\/#primaryimage"},"image":{"@id":"https:\/\/www.fries-kt.com\/fr\/produits\/emballage\/seaux\/seaux-tonnelets-pe\/#primaryimage"},"thumbnailUrl":"https:\/\/www.fries-kt.com\/wp-content\/uploads\/Hobbock-18L_web.jpg","datePublished":"2016-02-04T19:20:17+00:00","dateModified":"2025-06-24T13:42:08+00:00","description":"Tonnelet avec couvercle encliquetable \u00e0 fermeture \u00e9tanche. Disponible avec s\u00e9rigraphie personnalis\u00e9e \u2714Qualit\u00e9 alimentaire \u2714Homologation UN","breadcrumb":{"@id":"https:\/\/www.fries-kt.com\/fr\/produits\/emballage\/seaux\/seaux-tonnelets-pe\/#breadcrumb"},"inLanguage":"fr-FR","potentialAction":[{"@type":"ReadAction","target":["https:\/\/www.fries-kt.com\/fr\/produits\/emballage\/seaux\/seaux-tonnelets-pe\/"]}]},{"@type":"ImageObject","inLanguage":"fr-FR","@id":"https:\/\/www.fries-kt.com\/fr\/produits\/emballage\/seaux\/seaux-tonnelets-pe\/#primaryimage","url":"https:\/\/www.fries-kt.com\/wp-content\/uploads\/Hobbock-18L_web.jpg","contentUrl":"https:\/\/www.fries-kt.com\/wp-content\/uploads\/Hobbock-18L_web.jpg"},{"@type":"BreadcrumbList","@id":"https:\/\/www.fries-kt.com\/fr\/produits\/emballage\/seaux\/seaux-tonnelets-pe\/#breadcrumb","itemListElement":[{"@type":"ListItem","position":1,"name":"Home","item":"https:\/\/www.fries-kt.com\/fr\/"},{"@type":"ListItem","position":2,"name":"Produits","item":"https:\/\/www.fries-kt.com\/fr\/produits\/"},{"@type":"ListItem","position":3,"name":"Emballage","item":"https:\/\/www.fries-kt.com\/fr\/produits\/emballage\/"},{"@type":"ListItem","position":4,"name":"Seaux","item":"https:\/\/www.fries-kt.com\/fr\/produits\/emballage\/seaux\/"},{"@type":"ListItem","position":5,"name":"Seaux tonnelets (PE)"}]},{"@type":"WebSite","@id":"https:\/\/www.fries-kt.com\/#website","url":"https:\/\/www.fries-kt.com\/","name":"FRIES","description":"","publisher":{"@id":"https:\/\/www.fries-kt.com\/#organization"},"potentialAction":[{"@type":"SearchAction","target":{"@type":"EntryPoint","urlTemplate":"https:\/\/www.fries-kt.com\/?s={search_term_string}"},"query-input":{"@type":"PropertyValueSpecification","valueRequired":true,"valueName":"search_term_string"}}],"inLanguage":"fr-FR"},{"@type":"Organization","@id":"https:\/\/www.fries-kt.com\/#organization","name":"FRIES Kunststofftechnik GmbH","url":"https:\/\/www.fries-kt.com\/","logo":{"@type":"ImageObject","inLanguage":"fr-FR","@id":"https:\/\/www.fries-kt.com\/#\/schema\/logo\/image\/","url":"https:\/\/www.fries-kt.com\/wp-content\/uploads\/fries-logo.png","contentUrl":"https:\/\/www.fries-kt.com\/wp-content\/uploads\/fries-logo.png","width":120,"height":60,"caption":"FRIES Kunststofftechnik GmbH"},"image":{"@id":"https:\/\/www.fries-kt.com\/#\/schema\/logo\/image\/"},"sameAs":["https:\/\/www.facebook.com\/FRIESKunststofftechnik\/","https:\/\/www.youtube.com\/channel\/UCc2UgnWJ9Y_-pIXbDIek7wQ"]}]}},"_links":{"self":[{"href":"https:\/\/www.fries-kt.com\/fr\/wp-json\/wp\/v2\/pages\/20824","targetHints":{"allow":["GET"]}}],"collection":[{"href":"https:\/\/www.fries-kt.com\/fr\/wp-json\/wp\/v2\/pages"}],"about":[{"href":"https:\/\/www.fries-kt.com\/fr\/wp-json\/wp\/v2\/types\/page"}],"author":[{"embeddable":true,"href":"https:\/\/www.fries-kt.com\/fr\/wp-json\/wp\/v2\/users\/4"}],"replies":[{"embeddable":true,"href":"https:\/\/www.fries-kt.com\/fr\/wp-json\/wp\/v2\/comments?post=20824"}],"version-history":[{"count":16,"href":"https:\/\/www.fries-kt.com\/fr\/wp-json\/wp\/v2\/pages\/20824\/revisions"}],"predecessor-version":[{"id":64820,"href":"https:\/\/www.fries-kt.com\/fr\/wp-json\/wp\/v2\/pages\/20824\/revisions\/64820"}],"up":[{"embeddable":true,"href":"https:\/\/www.fries-kt.com\/fr\/wp-json\/wp\/v2\/pages\/20006"}],"wp:attachment":[{"href":"https:\/\/www.fries-kt.com\/fr\/wp-json\/wp\/v2\/media?parent=20824"}],"curies":[{"name":"wp","href":"https:\/\/api.w.org\/{rel}","templated":true}]}}