{"id":21124,"date":"2016-03-01T23:17:32","date_gmt":"2016-03-01T21:17:32","guid":{"rendered":"https:\/\/www.fries-kt.com\/produits\/gastronomie\/paniers-a-assiettes\/paniers-a-assiettes-600-x-500\/?lang=fr"},"modified":"2024-05-08T08:07:21","modified_gmt":"2024-05-08T06:07:21","slug":"paniers-a-assiettes-600-x-500","status":"publish","type":"page","link":"https:\/\/www.fries-kt.com\/fr\/produits\/gastronomie\/paniers-a-assiettes\/paniers-a-assiettes-600-x-500\/","title":{"rendered":"Paniers \u00e0 assiettes 600 x 500"},"content":{"rendered":"<p><div class=\"fusion-fullwidth fullwidth-box fusion-builder-row-1 fusion-flex-container nonhundred-percent-fullwidth non-hundred-percent-height-scrolling\" style=\"--awb-border-radius-top-left:0px;--awb-border-radius-top-right:0px;--awb-border-radius-bottom-right:0px;--awb-border-radius-bottom-left:0px;--awb-flex-wrap:wrap;\" ><div class=\"fusion-builder-row fusion-row fusion-flex-align-items-flex-start fusion-flex-content-wrap\" style=\"max-width:1144px;margin-left: calc(-4% \/ 2 );margin-right: calc(-4% \/ 2 );\"><div class=\"fusion-layout-column fusion_builder_column fusion-builder-column-0 fusion_builder_column_1_3 1_3 fusion-flex-column\" style=\"--awb-bg-size:cover;--awb-width-large:33.333333333333%;--awb-margin-top-large:0px;--awb-spacing-right-large:5.76%;--awb-margin-bottom-large:20px;--awb-spacing-left-large:5.76%;--awb-width-medium:100%;--awb-order-medium:0;--awb-spacing-right-medium:1.92%;--awb-spacing-left-medium:1.92%;--awb-width-small:100%;--awb-order-small:0;--awb-spacing-right-small:1.92%;--awb-spacing-left-small:1.92%;\"><div class=\"fusion-column-wrapper fusion-column-has-shadow fusion-flex-justify-content-flex-start fusion-content-layout-column\"><div class=\"fusion-image-element \" style=\"--awb-caption-title-font-family:var(--h2_typography-font-family);--awb-caption-title-font-weight:var(--h2_typography-font-weight);--awb-caption-title-font-style:var(--h2_typography-font-style);--awb-caption-title-size:var(--h2_typography-font-size);--awb-caption-title-transform:var(--h2_typography-text-transform);--awb-caption-title-line-height:var(--h2_typography-line-height);--awb-caption-title-letter-spacing:var(--h2_typography-letter-spacing);\"><span class=\" fusion-imageframe imageframe-none imageframe-1 hover-type-none\"><img decoding=\"async\" width=\"242\" height=\"150\" alt=\"fries rack logo\" title=\"Fries-rack-logo\" src=\"https:\/\/www.fries-kt.com\/wp-content\/uploads\/Fries-rack-logo-2.png\" class=\"img-responsive wp-image-31046\" srcset=\"https:\/\/www.fries-kt.com\/wp-content\/uploads\/Fries-rack-logo-2-200x124.png 200w, https:\/\/www.fries-kt.com\/wp-content\/uploads\/Fries-rack-logo-2.png 242w\" sizes=\"(max-width: 1024px) 100vw, (max-width: 1455px) 100vw, 242px\" \/><\/span><\/div><\/div><\/div><div class=\"fusion-layout-column fusion_builder_column fusion-builder-column-1 fusion_builder_column_2_3 2_3 fusion-flex-column\" style=\"--awb-bg-size:cover;--awb-width-large:66.666666666667%;--awb-margin-top-large:0px;--awb-spacing-right-large:2.88%;--awb-margin-bottom-large:20px;--awb-spacing-left-large:2.88%;--awb-width-medium:100%;--awb-order-medium:0;--awb-spacing-right-medium:1.92%;--awb-spacing-left-medium:1.92%;--awb-width-small:100%;--awb-order-small:0;--awb-spacing-right-small:1.92%;--awb-spacing-left-small:1.92%;\"><div class=\"fusion-column-wrapper fusion-column-has-shadow fusion-flex-justify-content-flex-start fusion-content-layout-column\"><div class=\"fusion-text fusion-text-1 color-gastro blau\"><h1>Paniers \u00e0 assiettes 600 x 500<\/h1>\n<\/div><\/div><\/div><\/div><\/div><div class=\"fusion-fullwidth fullwidth-box fusion-builder-row-2 nonhundred-percent-fullwidth non-hundred-percent-height-scrolling\" style=\"--awb-background-position:left top;--awb-border-radius-top-left:0px;--awb-border-radius-top-right:0px;--awb-border-radius-bottom-right:0px;--awb-border-radius-bottom-left:0px;--awb-padding-top:20px;--awb-padding-right:0px;--awb-padding-bottom:20px;--awb-padding-left:0px;--awb-border-sizes-top:0px;--awb-border-sizes-bottom:0px;--awb-flex-wrap:wrap;\" ><div class=\"fusion-builder-row fusion-row\"><div class=\"fusion-layout-column fusion_builder_column fusion-builder-column-2 fusion_builder_column_1_3 1_3 fusion-one-third fusion-column-first\" style=\"--awb-bg-size:cover;width:30.6666%; margin-right: 4%;\"><div class=\"fusion-column-wrapper fusion-flex-column-wrapper-legacy\"><div class=\"fusion-image-element in-legacy-container\" style=\"--awb-caption-title-font-family:var(--h2_typography-font-family);--awb-caption-title-font-weight:var(--h2_typography-font-weight);--awb-caption-title-font-style:var(--h2_typography-font-style);--awb-caption-title-size:var(--h2_typography-font-size);--awb-caption-title-transform:var(--h2_typography-text-transform);--awb-caption-title-line-height:var(--h2_typography-line-height);--awb-caption-title-letter-spacing:var(--h2_typography-letter-spacing);\"><span class=\" fusion-imageframe imageframe-none imageframe-2 hover-type-none\"><a href=\"https:\/\/www.fries-kt.com\/wp-content\/uploads\/Rack-XL-P-mix_web.jpg\" class=\"fusion-lightbox\" data-rel=\"iLightbox[d9437ecc6f3e2156ffa]\" data-title=\"Tellerkorb XLP 600&#215;500 mm\" title=\"Tellerkorb XLP 600&#215;500 mm\"><img decoding=\"async\" width=\"242\" height=\"242\" alt=\"Tellerkorb XLP 600x500 mm\" src=\"https:\/\/www.fries-kt.com\/wp-content\/uploads\/Rack-XL-P-mix_web.jpg\" class=\"img-responsive wp-image-18876\" srcset=\"https:\/\/www.fries-kt.com\/wp-content\/uploads\/Rack-XL-P-mix_web-66x66.jpg 66w, https:\/\/www.fries-kt.com\/wp-content\/uploads\/Rack-XL-P-mix_web-150x150.jpg 150w, https:\/\/www.fries-kt.com\/wp-content\/uploads\/Rack-XL-P-mix_web.jpg 242w\" sizes=\"(max-width: 242px) 100vw, 242px\" \/><\/a><\/span><\/div><div class=\"fusion-text fusion-text-2 color-gastro blau\"><h4><a href=\"https:\/\/www.fries-kt.com\/wp-content\/uploads\/fries-rack-system-600x500-fr-1.pdf\" target=\"_blank\" rel=\"noopener\">T\u00e9l\u00e9charger la brochure<\/a><\/h4>\n<\/div><div class=\"fusion-alignleft\"><a class=\"fusion-button button-flat fusion-button-default-size button-custom fusion-button-default button-1 fusion-button-default-span fusion-button-default-type color-verpackung\" style=\"--button_accent_color:#ffffff;--button_border_color:#143a84;--button_accent_hover_color:#ffffff;--button_border_hover_color:#143a84;--button_gradient_top_color:#143a84;--button_gradient_bottom_color:#143a84;--button_gradient_top_color_hover:#143a84;--button_gradient_bottom_color_hover:#143a84;--button_text_transform:none;--button_margin-top:10px;--button_margin-bottom:20px;\" target=\"_self\" href=\"https:\/\/www.fries-kt.com\/fr\/contact\/?amp;your-subject=Paniers \u00e0 assiettes 600 x 500\"><span class=\"fusion-button-text awb-button__text awb-button__text--default\">Demandez maintenant<\/span><\/a><\/div><div class=\"fusion-clearfix\"><\/div><\/div><\/div><div class=\"fusion-layout-column fusion_builder_column fusion-builder-column-3 fusion_builder_column_2_3 2_3 fusion-two-third fusion-column-last\" style=\"--awb-bg-size:cover;width:65.3333%;\"><div class=\"fusion-column-wrapper fusion-flex-column-wrapper-legacy\"><div class=\"fusion-text fusion-text-3 color-gastro blau\"><h2>Panier \u00e0 assiette XLP<\/h2>\n<p>pour 24 assiettes plates jusqu&#8217;\u00e0 24cm de diam\u00e8tre, 22 grandes assiettes plates ou 22 assiettes creuses<\/p>\n<p><strong>Les points forts :<\/strong><\/p>\n<ul>\n<li>Le nouveau positionnement des assiettes en quinconce emp\u00eache les bords des assiettes de s&#8217;entrechoquer.<\/li>\n<li>Les assiettes plates et creuses sont plac\u00e9es dans la m\u00eame direction de rin\u00e7age et le garnissage mixte compos\u00e9 d&#8217;assiettes plates, creuses, grandes et petites est possible sans aucun probl\u00e8me.<\/li>\n<li>Gain de capacit\u00e9 par rapport \u00e0 un rangement traditionnel 500x500mm\n<ul>\n<li>grandes assiettes jusqu&#8217;\u00e0 24mm de diam\u00e8tre +33%<\/li>\n<li>grandes assiettes plates +22%<\/li>\n<li>assiettes creuses +83%<\/li>\n<\/ul>\n<\/li>\n<\/ul>\n<\/div><div class=\"fusion-clearfix\"><\/div><\/div><\/div><\/div><\/div><\/p>\n","protected":false},"excerpt":{"rendered":"","protected":false},"author":4,"featured_media":0,"parent":19989,"menu_order":0,"comment_status":"closed","ping_status":"closed","template":"","meta":{"_acf_changed":false,"footnotes":""},"class_list":["post-21124","page","type-page","status-publish","hentry"],"acf":[],"yoast_head":"<!-- This site is optimized with the Yoast SEO plugin v26.8 - https:\/\/yoast.com\/product\/yoast-seo-wordpress\/ -->\n<title>Panier de rin\u00e7age \u00e0 assiettes 600x500 | FRIES Rack System<\/title>\n<meta name=\"description\" content=\"Le panier \u00e0 assiettes aux dimensions 600x500 assure un parfait r\u00e9sultat de rin\u00e7age et un s\u00e9chage optimal \u2714Diff\u00e9rents mod\u00e8les disponibles \u25b6Informations\" \/>\n<meta name=\"robots\" content=\"index, follow, max-snippet:-1, max-image-preview:large, max-video-preview:-1\" \/>\n<link rel=\"canonical\" href=\"https:\/\/www.fries-kt.com\/fr\/produits\/gastronomie\/paniers-a-assiettes\/paniers-a-assiettes-600-x-500\/\" \/>\n<meta name=\"twitter:label1\" content=\"Dur\u00e9e de lecture estim\u00e9e\" \/>\n\t<meta name=\"twitter:data1\" content=\"1 minute\" \/>\n<script type=\"application\/ld+json\" class=\"yoast-schema-graph\">{\"@context\":\"https:\/\/schema.org\",\"@graph\":[{\"@type\":\"WebPage\",\"@id\":\"https:\/\/www.fries-kt.com\/fr\/produits\/gastronomie\/paniers-a-assiettes\/paniers-a-assiettes-600-x-500\/\",\"url\":\"https:\/\/www.fries-kt.com\/fr\/produits\/gastronomie\/paniers-a-assiettes\/paniers-a-assiettes-600-x-500\/\",\"name\":\"Panier de rin\u00e7age \u00e0 assiettes 600x500 | FRIES Rack System\",\"isPartOf\":{\"@id\":\"https:\/\/www.fries-kt.com\/#website\"},\"primaryImageOfPage\":{\"@id\":\"https:\/\/www.fries-kt.com\/fr\/produits\/gastronomie\/paniers-a-assiettes\/paniers-a-assiettes-600-x-500\/#primaryimage\"},\"image\":{\"@id\":\"https:\/\/www.fries-kt.com\/fr\/produits\/gastronomie\/paniers-a-assiettes\/paniers-a-assiettes-600-x-500\/#primaryimage\"},\"thumbnailUrl\":\"https:\/\/www.fries-kt.com\/wp-content\/uploads\/Rack-XL-P-mix_web.jpg\",\"datePublished\":\"2016-03-01T21:17:32+00:00\",\"dateModified\":\"2024-05-08T06:07:21+00:00\",\"description\":\"Le panier \u00e0 assiettes aux dimensions 600x500 assure un parfait r\u00e9sultat de rin\u00e7age et un s\u00e9chage optimal \u2714Diff\u00e9rents mod\u00e8les disponibles \u25b6Informations\",\"breadcrumb\":{\"@id\":\"https:\/\/www.fries-kt.com\/fr\/produits\/gastronomie\/paniers-a-assiettes\/paniers-a-assiettes-600-x-500\/#breadcrumb\"},\"inLanguage\":\"fr-FR\",\"potentialAction\":[{\"@type\":\"ReadAction\",\"target\":[\"https:\/\/www.fries-kt.com\/fr\/produits\/gastronomie\/paniers-a-assiettes\/paniers-a-assiettes-600-x-500\/\"]}]},{\"@type\":\"ImageObject\",\"inLanguage\":\"fr-FR\",\"@id\":\"https:\/\/www.fries-kt.com\/fr\/produits\/gastronomie\/paniers-a-assiettes\/paniers-a-assiettes-600-x-500\/#primaryimage\",\"url\":\"https:\/\/www.fries-kt.com\/wp-content\/uploads\/Rack-XL-P-mix_web.jpg\",\"contentUrl\":\"https:\/\/www.fries-kt.com\/wp-content\/uploads\/Rack-XL-P-mix_web.jpg\"},{\"@type\":\"BreadcrumbList\",\"@id\":\"https:\/\/www.fries-kt.com\/fr\/produits\/gastronomie\/paniers-a-assiettes\/paniers-a-assiettes-600-x-500\/#breadcrumb\",\"itemListElement\":[{\"@type\":\"ListItem\",\"position\":1,\"name\":\"Home\",\"item\":\"https:\/\/www.fries-kt.com\/fr\/\"},{\"@type\":\"ListItem\",\"position\":2,\"name\":\"Produits\",\"item\":\"https:\/\/www.fries-kt.com\/fr\/produits\/\"},{\"@type\":\"ListItem\",\"position\":3,\"name\":\"Syst\u00e8mes de restauration\",\"item\":\"https:\/\/www.fries-kt.com\/fr\/produits\/gastronomie\/\"},{\"@type\":\"ListItem\",\"position\":4,\"name\":\"Paniers \u00e0 assiettes\",\"item\":\"https:\/\/www.fries-kt.com\/fr\/produits\/gastronomie\/paniers-a-assiettes\/\"},{\"@type\":\"ListItem\",\"position\":5,\"name\":\"Paniers \u00e0 assiettes 600 x 500\"}]},{\"@type\":\"WebSite\",\"@id\":\"https:\/\/www.fries-kt.com\/#website\",\"url\":\"https:\/\/www.fries-kt.com\/\",\"name\":\"FRIES\",\"description\":\"\",\"publisher\":{\"@id\":\"https:\/\/www.fries-kt.com\/#organization\"},\"potentialAction\":[{\"@type\":\"SearchAction\",\"target\":{\"@type\":\"EntryPoint\",\"urlTemplate\":\"https:\/\/www.fries-kt.com\/?s={search_term_string}\"},\"query-input\":{\"@type\":\"PropertyValueSpecification\",\"valueRequired\":true,\"valueName\":\"search_term_string\"}}],\"inLanguage\":\"fr-FR\"},{\"@type\":\"Organization\",\"@id\":\"https:\/\/www.fries-kt.com\/#organization\",\"name\":\"FRIES Kunststofftechnik GmbH\",\"url\":\"https:\/\/www.fries-kt.com\/\",\"logo\":{\"@type\":\"ImageObject\",\"inLanguage\":\"fr-FR\",\"@id\":\"https:\/\/www.fries-kt.com\/#\/schema\/logo\/image\/\",\"url\":\"https:\/\/www.fries-kt.com\/wp-content\/uploads\/fries-logo.png\",\"contentUrl\":\"https:\/\/www.fries-kt.com\/wp-content\/uploads\/fries-logo.png\",\"width\":120,\"height\":60,\"caption\":\"FRIES Kunststofftechnik GmbH\"},\"image\":{\"@id\":\"https:\/\/www.fries-kt.com\/#\/schema\/logo\/image\/\"},\"sameAs\":[\"https:\/\/www.facebook.com\/FRIESKunststofftechnik\/\",\"https:\/\/www.youtube.com\/channel\/UCc2UgnWJ9Y_-pIXbDIek7wQ\"]}]}<\/script>\n<!-- \/ Yoast SEO plugin. -->","yoast_head_json":{"title":"Panier de rin\u00e7age \u00e0 assiettes 600x500 | FRIES Rack System","description":"Le panier \u00e0 assiettes aux dimensions 600x500 assure un parfait r\u00e9sultat de rin\u00e7age et un s\u00e9chage optimal \u2714Diff\u00e9rents mod\u00e8les disponibles \u25b6Informations","robots":{"index":"index","follow":"follow","max-snippet":"max-snippet:-1","max-image-preview":"max-image-preview:large","max-video-preview":"max-video-preview:-1"},"canonical":"https:\/\/www.fries-kt.com\/fr\/produits\/gastronomie\/paniers-a-assiettes\/paniers-a-assiettes-600-x-500\/","twitter_misc":{"Dur\u00e9e de lecture estim\u00e9e":"1 minute"},"schema":{"@context":"https:\/\/schema.org","@graph":[{"@type":"WebPage","@id":"https:\/\/www.fries-kt.com\/fr\/produits\/gastronomie\/paniers-a-assiettes\/paniers-a-assiettes-600-x-500\/","url":"https:\/\/www.fries-kt.com\/fr\/produits\/gastronomie\/paniers-a-assiettes\/paniers-a-assiettes-600-x-500\/","name":"Panier de rin\u00e7age \u00e0 assiettes 600x500 | FRIES Rack System","isPartOf":{"@id":"https:\/\/www.fries-kt.com\/#website"},"primaryImageOfPage":{"@id":"https:\/\/www.fries-kt.com\/fr\/produits\/gastronomie\/paniers-a-assiettes\/paniers-a-assiettes-600-x-500\/#primaryimage"},"image":{"@id":"https:\/\/www.fries-kt.com\/fr\/produits\/gastronomie\/paniers-a-assiettes\/paniers-a-assiettes-600-x-500\/#primaryimage"},"thumbnailUrl":"https:\/\/www.fries-kt.com\/wp-content\/uploads\/Rack-XL-P-mix_web.jpg","datePublished":"2016-03-01T21:17:32+00:00","dateModified":"2024-05-08T06:07:21+00:00","description":"Le panier \u00e0 assiettes aux dimensions 600x500 assure un parfait r\u00e9sultat de rin\u00e7age et un s\u00e9chage optimal \u2714Diff\u00e9rents mod\u00e8les disponibles \u25b6Informations","breadcrumb":{"@id":"https:\/\/www.fries-kt.com\/fr\/produits\/gastronomie\/paniers-a-assiettes\/paniers-a-assiettes-600-x-500\/#breadcrumb"},"inLanguage":"fr-FR","potentialAction":[{"@type":"ReadAction","target":["https:\/\/www.fries-kt.com\/fr\/produits\/gastronomie\/paniers-a-assiettes\/paniers-a-assiettes-600-x-500\/"]}]},{"@type":"ImageObject","inLanguage":"fr-FR","@id":"https:\/\/www.fries-kt.com\/fr\/produits\/gastronomie\/paniers-a-assiettes\/paniers-a-assiettes-600-x-500\/#primaryimage","url":"https:\/\/www.fries-kt.com\/wp-content\/uploads\/Rack-XL-P-mix_web.jpg","contentUrl":"https:\/\/www.fries-kt.com\/wp-content\/uploads\/Rack-XL-P-mix_web.jpg"},{"@type":"BreadcrumbList","@id":"https:\/\/www.fries-kt.com\/fr\/produits\/gastronomie\/paniers-a-assiettes\/paniers-a-assiettes-600-x-500\/#breadcrumb","itemListElement":[{"@type":"ListItem","position":1,"name":"Home","item":"https:\/\/www.fries-kt.com\/fr\/"},{"@type":"ListItem","position":2,"name":"Produits","item":"https:\/\/www.fries-kt.com\/fr\/produits\/"},{"@type":"ListItem","position":3,"name":"Syst\u00e8mes de restauration","item":"https:\/\/www.fries-kt.com\/fr\/produits\/gastronomie\/"},{"@type":"ListItem","position":4,"name":"Paniers \u00e0 assiettes","item":"https:\/\/www.fries-kt.com\/fr\/produits\/gastronomie\/paniers-a-assiettes\/"},{"@type":"ListItem","position":5,"name":"Paniers \u00e0 assiettes 600 x 500"}]},{"@type":"WebSite","@id":"https:\/\/www.fries-kt.com\/#website","url":"https:\/\/www.fries-kt.com\/","name":"FRIES","description":"","publisher":{"@id":"https:\/\/www.fries-kt.com\/#organization"},"potentialAction":[{"@type":"SearchAction","target":{"@type":"EntryPoint","urlTemplate":"https:\/\/www.fries-kt.com\/?s={search_term_string}"},"query-input":{"@type":"PropertyValueSpecification","valueRequired":true,"valueName":"search_term_string"}}],"inLanguage":"fr-FR"},{"@type":"Organization","@id":"https:\/\/www.fries-kt.com\/#organization","name":"FRIES Kunststofftechnik GmbH","url":"https:\/\/www.fries-kt.com\/","logo":{"@type":"ImageObject","inLanguage":"fr-FR","@id":"https:\/\/www.fries-kt.com\/#\/schema\/logo\/image\/","url":"https:\/\/www.fries-kt.com\/wp-content\/uploads\/fries-logo.png","contentUrl":"https:\/\/www.fries-kt.com\/wp-content\/uploads\/fries-logo.png","width":120,"height":60,"caption":"FRIES Kunststofftechnik GmbH"},"image":{"@id":"https:\/\/www.fries-kt.com\/#\/schema\/logo\/image\/"},"sameAs":["https:\/\/www.facebook.com\/FRIESKunststofftechnik\/","https:\/\/www.youtube.com\/channel\/UCc2UgnWJ9Y_-pIXbDIek7wQ"]}]}},"_links":{"self":[{"href":"https:\/\/www.fries-kt.com\/fr\/wp-json\/wp\/v2\/pages\/21124","targetHints":{"allow":["GET"]}}],"collection":[{"href":"https:\/\/www.fries-kt.com\/fr\/wp-json\/wp\/v2\/pages"}],"about":[{"href":"https:\/\/www.fries-kt.com\/fr\/wp-json\/wp\/v2\/types\/page"}],"author":[{"embeddable":true,"href":"https:\/\/www.fries-kt.com\/fr\/wp-json\/wp\/v2\/users\/4"}],"replies":[{"embeddable":true,"href":"https:\/\/www.fries-kt.com\/fr\/wp-json\/wp\/v2\/comments?post=21124"}],"version-history":[{"count":12,"href":"https:\/\/www.fries-kt.com\/fr\/wp-json\/wp\/v2\/pages\/21124\/revisions"}],"predecessor-version":[{"id":48908,"href":"https:\/\/www.fries-kt.com\/fr\/wp-json\/wp\/v2\/pages\/21124\/revisions\/48908"}],"up":[{"embeddable":true,"href":"https:\/\/www.fries-kt.com\/fr\/wp-json\/wp\/v2\/pages\/19989"}],"wp:attachment":[{"href":"https:\/\/www.fries-kt.com\/fr\/wp-json\/wp\/v2\/media?parent=21124"}],"curies":[{"name":"wp","href":"https:\/\/api.w.org\/{rel}","templated":true}]}}