{"id":21127,"date":"2016-03-01T23:35:11","date_gmt":"2016-03-01T21:35:11","guid":{"rendered":"https:\/\/www.fries-kt.com\/produits\/gastronomie\/paniers-a-tasses\/paniers-a-tasses-500-x-500\/?lang=fr"},"modified":"2024-05-28T07:58:25","modified_gmt":"2024-05-28T05:58:25","slug":"paniers-a-tasses-500-x-500","status":"publish","type":"page","link":"https:\/\/www.fries-kt.com\/fr\/produits\/gastronomie\/paniers-a-tasses\/paniers-a-tasses-500-x-500\/","title":{"rendered":"Paniers \u00e0 tasses 500 x 500"},"content":{"rendered":"<p><div class=\"fusion-fullwidth fullwidth-box fusion-builder-row-1 fusion-flex-container nonhundred-percent-fullwidth non-hundred-percent-height-scrolling\" style=\"--awb-border-radius-top-left:0px;--awb-border-radius-top-right:0px;--awb-border-radius-bottom-right:0px;--awb-border-radius-bottom-left:0px;--awb-flex-wrap:wrap;\" ><div class=\"fusion-builder-row fusion-row fusion-flex-align-items-flex-start fusion-flex-content-wrap\" style=\"max-width:1144px;margin-left: calc(-4% \/ 2 );margin-right: calc(-4% \/ 2 );\"><div class=\"fusion-layout-column fusion_builder_column fusion-builder-column-0 fusion_builder_column_1_3 1_3 fusion-flex-column\" style=\"--awb-bg-size:cover;--awb-width-large:33.333333333333%;--awb-margin-top-large:0px;--awb-spacing-right-large:5.76%;--awb-margin-bottom-large:20px;--awb-spacing-left-large:5.76%;--awb-width-medium:100%;--awb-order-medium:0;--awb-spacing-right-medium:1.92%;--awb-spacing-left-medium:1.92%;--awb-width-small:100%;--awb-order-small:0;--awb-spacing-right-small:1.92%;--awb-spacing-left-small:1.92%;\"><div class=\"fusion-column-wrapper fusion-column-has-shadow fusion-flex-justify-content-flex-start fusion-content-layout-column\"><div class=\"fusion-image-element \" style=\"--awb-caption-title-font-family:var(--h2_typography-font-family);--awb-caption-title-font-weight:var(--h2_typography-font-weight);--awb-caption-title-font-style:var(--h2_typography-font-style);--awb-caption-title-size:var(--h2_typography-font-size);--awb-caption-title-transform:var(--h2_typography-text-transform);--awb-caption-title-line-height:var(--h2_typography-line-height);--awb-caption-title-letter-spacing:var(--h2_typography-letter-spacing);\"><span class=\" fusion-imageframe imageframe-none imageframe-1 hover-type-none\"><img decoding=\"async\" width=\"242\" height=\"150\" alt=\"fries rack logo\" title=\"Fries-rack-logo\" src=\"https:\/\/www.fries-kt.com\/wp-content\/uploads\/Fries-rack-logo-2.png\" class=\"img-responsive wp-image-31046\" srcset=\"https:\/\/www.fries-kt.com\/wp-content\/uploads\/Fries-rack-logo-2-200x124.png 200w, https:\/\/www.fries-kt.com\/wp-content\/uploads\/Fries-rack-logo-2.png 242w\" sizes=\"(max-width: 1024px) 100vw, (max-width: 1455px) 100vw, 242px\" \/><\/span><\/div><\/div><\/div><div class=\"fusion-layout-column fusion_builder_column fusion-builder-column-1 fusion_builder_column_2_3 2_3 fusion-flex-column\" style=\"--awb-bg-size:cover;--awb-width-large:66.666666666667%;--awb-margin-top-large:0px;--awb-spacing-right-large:2.88%;--awb-margin-bottom-large:20px;--awb-spacing-left-large:2.88%;--awb-width-medium:100%;--awb-order-medium:0;--awb-spacing-right-medium:1.92%;--awb-spacing-left-medium:1.92%;--awb-width-small:100%;--awb-order-small:0;--awb-spacing-right-small:1.92%;--awb-spacing-left-small:1.92%;\"><div class=\"fusion-column-wrapper fusion-column-has-shadow fusion-flex-justify-content-flex-start fusion-content-layout-column\"><div class=\"fusion-text fusion-text-1 color-gastro blau\"><h1>Paniers \u00e0 tasses 500 x 500<\/h1>\n<\/div><\/div><\/div><\/div><\/div><div class=\"fusion-fullwidth fullwidth-box fusion-builder-row-2 nonhundred-percent-fullwidth non-hundred-percent-height-scrolling\" style=\"--awb-background-position:left top;--awb-border-radius-top-left:0px;--awb-border-radius-top-right:0px;--awb-border-radius-bottom-right:0px;--awb-border-radius-bottom-left:0px;--awb-padding-top:20px;--awb-padding-right:0px;--awb-padding-bottom:20px;--awb-padding-left:0px;--awb-border-sizes-top:0px;--awb-border-sizes-bottom:0px;--awb-flex-wrap:wrap;\" ><div class=\"fusion-builder-row fusion-row\"><div class=\"fusion-layout-column fusion_builder_column fusion-builder-column-2 fusion_builder_column_1_3 1_3 fusion-one-third fusion-column-first\" style=\"--awb-bg-size:cover;width:30.6666%; margin-right: 4%;\"><div class=\"fusion-column-wrapper fusion-flex-column-wrapper-legacy\"><div class=\"fusion-image-element in-legacy-container\" style=\"--awb-max-width:242px;--awb-caption-title-font-family:var(--h2_typography-font-family);--awb-caption-title-font-weight:var(--h2_typography-font-weight);--awb-caption-title-font-style:var(--h2_typography-font-style);--awb-caption-title-size:var(--h2_typography-font-size);--awb-caption-title-transform:var(--h2_typography-text-transform);--awb-caption-title-line-height:var(--h2_typography-line-height);--awb-caption-title-letter-spacing:var(--h2_typography-letter-spacing);\"><span class=\" fusion-imageframe imageframe-none imageframe-2 hover-type-none\"><a href=\"https:\/\/www.fries-kt.com\/wp-content\/uploads\/panier-a-tasses-500x500-1-400x400.jpg\" class=\"fusion-lightbox\" data-rel=\"iLightbox[da7bebba55c2a0a0cc5]\" data-title=\"panier-\u00e0-tasses-500&#215;500\" title=\"panier-\u00e0-tasses-500&#215;500\"><img decoding=\"async\" width=\"400\" height=\"400\" alt=\"panier \u00e0 tasses 500x500\" src=\"https:\/\/www.fries-kt.com\/wp-content\/uploads\/panier-a-tasses-500x500-1-400x400.jpg\" class=\"img-responsive wp-image-31282\" srcset=\"https:\/\/www.fries-kt.com\/wp-content\/uploads\/panier-a-tasses-500x500-1-200x200.jpg 200w, https:\/\/www.fries-kt.com\/wp-content\/uploads\/panier-a-tasses-500x500-1-400x400.jpg 400w, https:\/\/www.fries-kt.com\/wp-content\/uploads\/panier-a-tasses-500x500-1-600x600.jpg 600w, https:\/\/www.fries-kt.com\/wp-content\/uploads\/panier-a-tasses-500x500-1-800x800.jpg 800w, https:\/\/www.fries-kt.com\/wp-content\/uploads\/panier-a-tasses-500x500-1.jpg 1008w\" sizes=\"(max-width: 0px) 100vw, 400px\" \/><\/a><\/span><\/div><div class=\"fusion-alignleft\"><a class=\"fusion-button button-flat fusion-button-default-size button-custom fusion-button-default button-1 fusion-button-default-span fusion-button-default-type color-verpackung\" style=\"--button_accent_color:#ffffff;--button_border_color:#143a84;--button_accent_hover_color:#ffffff;--button_border_hover_color:#143a84;--button_gradient_top_color:#143a84;--button_gradient_bottom_color:#143a84;--button_gradient_top_color_hover:#143a84;--button_gradient_bottom_color_hover:#143a84;--button_text_transform:none;--button_margin-top:10px;--button_margin-bottom:20px;\" target=\"_self\" href=\"https:\/\/www.fries-kt.com\/fr\/contact\/?amp;your-subject=Paniers \u00e0 tasses 500 x 500 E4x5\"><span class=\"fusion-button-text awb-button__text awb-button__text--default\">Demandez maintenant<\/span><\/a><\/div><div class=\"fusion-clearfix\"><\/div><\/div><\/div><div class=\"fusion-layout-column fusion_builder_column fusion-builder-column-3 fusion_builder_column_2_3 2_3 fusion-two-third fusion-column-last\" style=\"--awb-bg-size:cover;width:65.3333%;\"><div class=\"fusion-column-wrapper fusion-flex-column-wrapper-legacy\"><div class=\"fusion-text fusion-text-2 color-gastro blau\"><h2>Panier \u00e0 tasses (type E 4&#215;5\/65)<\/h2>\n<p>pour 20 tasses en position inclin\u00e9e.<\/p>\n<p>Taille des compartiments : 88 x 113mm<\/p>\n<\/div><div class=\"fusion-clearfix\"><\/div><\/div><\/div><div class=\"fusion-layout-column fusion_builder_column fusion-builder-column-4 fusion_builder_column_1_3 1_3 fusion-one-third fusion-column-first\" style=\"--awb-bg-size:cover;width:30.6666%; margin-right: 4%;\"><div class=\"fusion-column-wrapper fusion-flex-column-wrapper-legacy\"><div class=\"fusion-image-element in-legacy-container\" style=\"--awb-max-width:242px;--awb-caption-title-font-family:var(--h2_typography-font-family);--awb-caption-title-font-weight:var(--h2_typography-font-weight);--awb-caption-title-font-style:var(--h2_typography-font-style);--awb-caption-title-size:var(--h2_typography-font-size);--awb-caption-title-transform:var(--h2_typography-text-transform);--awb-caption-title-line-height:var(--h2_typography-line-height);--awb-caption-title-letter-spacing:var(--h2_typography-letter-spacing);\"><span class=\" fusion-imageframe imageframe-none imageframe-3 hover-type-none\"><a href=\"https:\/\/www.fries-kt.com\/wp-content\/uploads\/Tassenkorb_Niederhaltegitter_500x500_1008pxl-2-300x300.png\" class=\"fusion-lightbox\" data-rel=\"iLightbox[a158e34d8affbb5874a]\" data-title=\"Tassenkorb_Niederhaltegitter_500x500_1008pxl\" title=\"Tassenkorb_Niederhaltegitter_500x500_1008pxl\"><img decoding=\"async\" width=\"300\" height=\"300\" src=\"https:\/\/www.fries-kt.com\/wp-content\/uploads\/Tassenkorb_Niederhaltegitter_500x500_1008pxl-2-300x300.png\" alt class=\"img-responsive wp-image-49316\" srcset=\"https:\/\/www.fries-kt.com\/wp-content\/uploads\/Tassenkorb_Niederhaltegitter_500x500_1008pxl-2-200x200.png 200w, https:\/\/www.fries-kt.com\/wp-content\/uploads\/Tassenkorb_Niederhaltegitter_500x500_1008pxl-2-400x400.png 400w, https:\/\/www.fries-kt.com\/wp-content\/uploads\/Tassenkorb_Niederhaltegitter_500x500_1008pxl-2-600x600.png 600w, https:\/\/www.fries-kt.com\/wp-content\/uploads\/Tassenkorb_Niederhaltegitter_500x500_1008pxl-2-800x800.png 800w, https:\/\/www.fries-kt.com\/wp-content\/uploads\/Tassenkorb_Niederhaltegitter_500x500_1008pxl-2.png 1008w\" sizes=\"(max-width: 0px) 100vw, 400px\" \/><\/a><\/span><\/div><div class=\"fusion-alignleft\"><a class=\"fusion-button button-flat fusion-button-default-size button-custom fusion-button-default button-2 fusion-button-default-span fusion-button-default-type color-verpackung\" style=\"--button_accent_color:#ffffff;--button_border_color:#143a84;--button_accent_hover_color:#ffffff;--button_border_hover_color:#143a84;--button_gradient_top_color:#143a84;--button_gradient_bottom_color:#143a84;--button_gradient_top_color_hover:#143a84;--button_gradient_bottom_color_hover:#143a84;--button_text_transform:none;--button_margin-top:10px;--button_margin-bottom:20px;\" target=\"_self\" href=\"https:\/\/www.fries-kt.com\/fr\/contact\/?amp;your-subject=Paniers \u00e0 tasses 500 x 500 Grille de support\"><span class=\"fusion-button-text awb-button__text awb-button__text--default\">Demandez maintenant<\/span><\/a><\/div><div class=\"fusion-clearfix\"><\/div><\/div><\/div><div class=\"fusion-layout-column fusion_builder_column fusion-builder-column-5 fusion_builder_column_2_3 2_3 fusion-two-third fusion-column-last\" style=\"--awb-bg-size:cover;width:65.3333%;\"><div class=\"fusion-column-wrapper fusion-flex-column-wrapper-legacy\"><div class=\"fusion-text fusion-text-3 color-gastro blau\"><h2>Grille de support 500 (type NHG 500\/NHG 460)<\/h2>\n<p>\u00e0 poser sur le panier, grille de support 460 \u00e0 poser sur les \u00e9l\u00e9ments \u00e0 laver.<\/p>\n<\/div><div class=\"fusion-clearfix\"><\/div><\/div><\/div><div class=\"fusion-layout-column fusion_builder_column fusion-builder-column-6 fusion_builder_column_1_3 1_3 fusion-one-third fusion-column-first\" style=\"--awb-bg-size:cover;width:30.6666%; margin-right: 4%;\"><div class=\"fusion-column-wrapper fusion-flex-column-wrapper-legacy\"><div class=\"fusion-image-element in-legacy-container\" style=\"--awb-max-width:242px;--awb-caption-title-font-family:var(--h2_typography-font-family);--awb-caption-title-font-weight:var(--h2_typography-font-weight);--awb-caption-title-font-style:var(--h2_typography-font-style);--awb-caption-title-size:var(--h2_typography-font-size);--awb-caption-title-transform:var(--h2_typography-text-transform);--awb-caption-title-line-height:var(--h2_typography-line-height);--awb-caption-title-letter-spacing:var(--h2_typography-letter-spacing);\"><span class=\" fusion-imageframe imageframe-none imageframe-4 hover-type-none\"><a href=\"https:\/\/www.fries-kt.com\/wp-content\/uploads\/insert-a-tasses-paniers-a-tasses-400x400.jpg\" class=\"fusion-lightbox\" data-rel=\"iLightbox[2caa29beb4019d9939c]\" data-title=\"insert-\u00e1-tasses-paniers-\u00e0-tasses\" title=\"insert-\u00e1-tasses-paniers-\u00e0-tasses\"><img decoding=\"async\" width=\"400\" height=\"400\" alt=\"insert \u00e1 tasses paniers \u00e0 tasses\" src=\"https:\/\/www.fries-kt.com\/wp-content\/uploads\/insert-a-tasses-paniers-a-tasses-400x400.jpg\" class=\"img-responsive wp-image-31281\" srcset=\"https:\/\/www.fries-kt.com\/wp-content\/uploads\/insert-a-tasses-paniers-a-tasses-200x200.jpg 200w, https:\/\/www.fries-kt.com\/wp-content\/uploads\/insert-a-tasses-paniers-a-tasses-400x400.jpg 400w, https:\/\/www.fries-kt.com\/wp-content\/uploads\/insert-a-tasses-paniers-a-tasses-600x600.jpg 600w, https:\/\/www.fries-kt.com\/wp-content\/uploads\/insert-a-tasses-paniers-a-tasses-800x800.jpg 800w, https:\/\/www.fries-kt.com\/wp-content\/uploads\/insert-a-tasses-paniers-a-tasses.jpg 1008w\" sizes=\"(max-width: 0px) 100vw, 400px\" \/><\/a><\/span><\/div><div class=\"fusion-alignleft\"><a class=\"fusion-button button-flat fusion-button-default-size button-custom fusion-button-default button-3 fusion-button-default-span fusion-button-default-type color-verpackung\" style=\"--button_accent_color:#ffffff;--button_border_color:#143a84;--button_accent_hover_color:#ffffff;--button_border_hover_color:#143a84;--button_gradient_top_color:#143a84;--button_gradient_bottom_color:#143a84;--button_gradient_top_color_hover:#143a84;--button_gradient_bottom_color_hover:#143a84;--button_text_transform:none;--button_margin-top:10px;--button_margin-bottom:20px;\" target=\"_self\" href=\"https:\/\/www.fries-kt.com\/fr\/contact\/?amp;your-subject=Paniers \u00e0 tasses 500 x 500 Insert\"><span class=\"fusion-button-text awb-button__text awb-button__text--default\">Demandez maintenant<\/span><\/a><\/div><div class=\"fusion-clearfix\"><\/div><\/div><\/div><div class=\"fusion-layout-column fusion_builder_column fusion-builder-column-7 fusion_builder_column_2_3 2_3 fusion-two-third fusion-column-last\" style=\"--awb-bg-size:cover;width:65.3333%;\"><div class=\"fusion-column-wrapper fusion-flex-column-wrapper-legacy\"><div class=\"fusion-text fusion-text-4 color-gastro blau\"><h2>Insert \u00e0 tasses<\/h2>\n<p>compos\u00e9 de fil m\u00e9tallique Rilsan, recouvert, pour diverses pi\u00e8ces de vaisselle<\/p>\n<p>3 rang\u00e9es\u00a0: <strong>TE 3<\/strong> &#8211; 16 cm de surface<\/p>\n<p>4 rang\u00e9es : <strong>TE 4<\/strong> &#8211; 10 cm de surface<\/p>\n<p>5 rang\u00e9es : <strong>TE 5<\/strong> &#8211; 8 cm de surface<\/p>\n<\/div><div class=\"fusion-clearfix\"><\/div><\/div><\/div><div class=\"fusion-layout-column fusion_builder_column fusion-builder-column-8 fusion_builder_column_1_3 1_3 fusion-one-third fusion-column-first\" style=\"--awb-bg-size:cover;width:30.6666%; margin-right: 4%;\"><div class=\"fusion-column-wrapper fusion-flex-column-wrapper-legacy\"><div class=\"fusion-clearfix\"><\/div><\/div><\/div><div class=\"fusion-layout-column fusion_builder_column fusion-builder-column-9 fusion_builder_column_2_3 2_3 fusion-two-third fusion-column-last\" style=\"--awb-bg-size:cover;width:65.3333%;\"><div class=\"fusion-column-wrapper fusion-flex-column-wrapper-legacy\"><div class=\"fusion-text fusion-text-5 color-gastro blau\"><p style=\"text-align: left;\"><a href=\"https:\/\/www.fries-kt.com\/wp-content\/uploads\/fries-rack-system-500x500-fr-1.pdf\" target=\"_blank\" rel=\"noopener\">T\u00e9l\u00e9charger la brochure FRIES Syst\u00e8mes de Rack Gastro 500 x 500<\/a><\/p>\n<\/div><div class=\"fusion-clearfix\"><\/div><\/div><\/div><\/div><\/div><\/p>\n","protected":false},"excerpt":{"rendered":"","protected":false},"author":4,"featured_media":0,"parent":19990,"menu_order":0,"comment_status":"closed","ping_status":"closed","template":"","meta":{"_acf_changed":false,"footnotes":""},"class_list":["post-21127","page","type-page","status-publish","hentry"],"acf":[],"yoast_head":"<!-- This site is optimized with the Yoast SEO plugin v26.8 - https:\/\/yoast.com\/product\/yoast-seo-wordpress\/ -->\n<title>Paniers \u00e0 tasses 500x500 | Paniers de rin\u00e7age en plastique<\/title>\n<meta name=\"description\" content=\"Les paniers \u00e0 tasses en plastique aux dimensions 500x500 sont disponibles avec diff\u00e9rents inserts \u2714Grille de support \u2714Insert \u00e0 tasses \u2714Position inclin\u00e9e\" \/>\n<meta name=\"robots\" content=\"index, follow, max-snippet:-1, max-image-preview:large, max-video-preview:-1\" \/>\n<link rel=\"canonical\" href=\"https:\/\/www.fries-kt.com\/fr\/produits\/gastronomie\/paniers-a-tasses\/paniers-a-tasses-500-x-500\/\" \/>\n<meta name=\"twitter:label1\" content=\"Dur\u00e9e de lecture estim\u00e9e\" \/>\n\t<meta name=\"twitter:data1\" content=\"2 minutes\" \/>\n<script type=\"application\/ld+json\" class=\"yoast-schema-graph\">{\"@context\":\"https:\/\/schema.org\",\"@graph\":[{\"@type\":\"WebPage\",\"@id\":\"https:\/\/www.fries-kt.com\/fr\/produits\/gastronomie\/paniers-a-tasses\/paniers-a-tasses-500-x-500\/\",\"url\":\"https:\/\/www.fries-kt.com\/fr\/produits\/gastronomie\/paniers-a-tasses\/paniers-a-tasses-500-x-500\/\",\"name\":\"Paniers \u00e0 tasses 500x500 | Paniers de rin\u00e7age en plastique\",\"isPartOf\":{\"@id\":\"https:\/\/www.fries-kt.com\/#website\"},\"datePublished\":\"2016-03-01T21:35:11+00:00\",\"dateModified\":\"2024-05-28T05:58:25+00:00\",\"description\":\"Les paniers \u00e0 tasses en plastique aux dimensions 500x500 sont disponibles avec diff\u00e9rents inserts \u2714Grille de support \u2714Insert \u00e0 tasses \u2714Position inclin\u00e9e\",\"breadcrumb\":{\"@id\":\"https:\/\/www.fries-kt.com\/fr\/produits\/gastronomie\/paniers-a-tasses\/paniers-a-tasses-500-x-500\/#breadcrumb\"},\"inLanguage\":\"fr-FR\",\"potentialAction\":[{\"@type\":\"ReadAction\",\"target\":[\"https:\/\/www.fries-kt.com\/fr\/produits\/gastronomie\/paniers-a-tasses\/paniers-a-tasses-500-x-500\/\"]}]},{\"@type\":\"BreadcrumbList\",\"@id\":\"https:\/\/www.fries-kt.com\/fr\/produits\/gastronomie\/paniers-a-tasses\/paniers-a-tasses-500-x-500\/#breadcrumb\",\"itemListElement\":[{\"@type\":\"ListItem\",\"position\":1,\"name\":\"Home\",\"item\":\"https:\/\/www.fries-kt.com\/fr\/\"},{\"@type\":\"ListItem\",\"position\":2,\"name\":\"Produits\",\"item\":\"https:\/\/www.fries-kt.com\/fr\/produits\/\"},{\"@type\":\"ListItem\",\"position\":3,\"name\":\"Syst\u00e8mes de restauration\",\"item\":\"https:\/\/www.fries-kt.com\/fr\/produits\/gastronomie\/\"},{\"@type\":\"ListItem\",\"position\":4,\"name\":\"Paniers \u00e0 tasses\",\"item\":\"https:\/\/www.fries-kt.com\/fr\/produits\/gastronomie\/paniers-a-tasses\/\"},{\"@type\":\"ListItem\",\"position\":5,\"name\":\"Paniers \u00e0 tasses 500 x 500\"}]},{\"@type\":\"WebSite\",\"@id\":\"https:\/\/www.fries-kt.com\/#website\",\"url\":\"https:\/\/www.fries-kt.com\/\",\"name\":\"FRIES\",\"description\":\"\",\"publisher\":{\"@id\":\"https:\/\/www.fries-kt.com\/#organization\"},\"potentialAction\":[{\"@type\":\"SearchAction\",\"target\":{\"@type\":\"EntryPoint\",\"urlTemplate\":\"https:\/\/www.fries-kt.com\/?s={search_term_string}\"},\"query-input\":{\"@type\":\"PropertyValueSpecification\",\"valueRequired\":true,\"valueName\":\"search_term_string\"}}],\"inLanguage\":\"fr-FR\"},{\"@type\":\"Organization\",\"@id\":\"https:\/\/www.fries-kt.com\/#organization\",\"name\":\"FRIES Kunststofftechnik GmbH\",\"url\":\"https:\/\/www.fries-kt.com\/\",\"logo\":{\"@type\":\"ImageObject\",\"inLanguage\":\"fr-FR\",\"@id\":\"https:\/\/www.fries-kt.com\/#\/schema\/logo\/image\/\",\"url\":\"https:\/\/www.fries-kt.com\/wp-content\/uploads\/fries-logo.png\",\"contentUrl\":\"https:\/\/www.fries-kt.com\/wp-content\/uploads\/fries-logo.png\",\"width\":120,\"height\":60,\"caption\":\"FRIES Kunststofftechnik GmbH\"},\"image\":{\"@id\":\"https:\/\/www.fries-kt.com\/#\/schema\/logo\/image\/\"},\"sameAs\":[\"https:\/\/www.facebook.com\/FRIESKunststofftechnik\/\",\"https:\/\/www.youtube.com\/channel\/UCc2UgnWJ9Y_-pIXbDIek7wQ\"]}]}<\/script>\n<!-- \/ Yoast SEO plugin. -->","yoast_head_json":{"title":"Paniers \u00e0 tasses 500x500 | Paniers de rin\u00e7age en plastique","description":"Les paniers \u00e0 tasses en plastique aux dimensions 500x500 sont disponibles avec diff\u00e9rents inserts \u2714Grille de support \u2714Insert \u00e0 tasses \u2714Position inclin\u00e9e","robots":{"index":"index","follow":"follow","max-snippet":"max-snippet:-1","max-image-preview":"max-image-preview:large","max-video-preview":"max-video-preview:-1"},"canonical":"https:\/\/www.fries-kt.com\/fr\/produits\/gastronomie\/paniers-a-tasses\/paniers-a-tasses-500-x-500\/","twitter_misc":{"Dur\u00e9e de lecture estim\u00e9e":"2 minutes"},"schema":{"@context":"https:\/\/schema.org","@graph":[{"@type":"WebPage","@id":"https:\/\/www.fries-kt.com\/fr\/produits\/gastronomie\/paniers-a-tasses\/paniers-a-tasses-500-x-500\/","url":"https:\/\/www.fries-kt.com\/fr\/produits\/gastronomie\/paniers-a-tasses\/paniers-a-tasses-500-x-500\/","name":"Paniers \u00e0 tasses 500x500 | Paniers de rin\u00e7age en plastique","isPartOf":{"@id":"https:\/\/www.fries-kt.com\/#website"},"datePublished":"2016-03-01T21:35:11+00:00","dateModified":"2024-05-28T05:58:25+00:00","description":"Les paniers \u00e0 tasses en plastique aux dimensions 500x500 sont disponibles avec diff\u00e9rents inserts \u2714Grille de support \u2714Insert \u00e0 tasses \u2714Position inclin\u00e9e","breadcrumb":{"@id":"https:\/\/www.fries-kt.com\/fr\/produits\/gastronomie\/paniers-a-tasses\/paniers-a-tasses-500-x-500\/#breadcrumb"},"inLanguage":"fr-FR","potentialAction":[{"@type":"ReadAction","target":["https:\/\/www.fries-kt.com\/fr\/produits\/gastronomie\/paniers-a-tasses\/paniers-a-tasses-500-x-500\/"]}]},{"@type":"BreadcrumbList","@id":"https:\/\/www.fries-kt.com\/fr\/produits\/gastronomie\/paniers-a-tasses\/paniers-a-tasses-500-x-500\/#breadcrumb","itemListElement":[{"@type":"ListItem","position":1,"name":"Home","item":"https:\/\/www.fries-kt.com\/fr\/"},{"@type":"ListItem","position":2,"name":"Produits","item":"https:\/\/www.fries-kt.com\/fr\/produits\/"},{"@type":"ListItem","position":3,"name":"Syst\u00e8mes de restauration","item":"https:\/\/www.fries-kt.com\/fr\/produits\/gastronomie\/"},{"@type":"ListItem","position":4,"name":"Paniers \u00e0 tasses","item":"https:\/\/www.fries-kt.com\/fr\/produits\/gastronomie\/paniers-a-tasses\/"},{"@type":"ListItem","position":5,"name":"Paniers \u00e0 tasses 500 x 500"}]},{"@type":"WebSite","@id":"https:\/\/www.fries-kt.com\/#website","url":"https:\/\/www.fries-kt.com\/","name":"FRIES","description":"","publisher":{"@id":"https:\/\/www.fries-kt.com\/#organization"},"potentialAction":[{"@type":"SearchAction","target":{"@type":"EntryPoint","urlTemplate":"https:\/\/www.fries-kt.com\/?s={search_term_string}"},"query-input":{"@type":"PropertyValueSpecification","valueRequired":true,"valueName":"search_term_string"}}],"inLanguage":"fr-FR"},{"@type":"Organization","@id":"https:\/\/www.fries-kt.com\/#organization","name":"FRIES Kunststofftechnik GmbH","url":"https:\/\/www.fries-kt.com\/","logo":{"@type":"ImageObject","inLanguage":"fr-FR","@id":"https:\/\/www.fries-kt.com\/#\/schema\/logo\/image\/","url":"https:\/\/www.fries-kt.com\/wp-content\/uploads\/fries-logo.png","contentUrl":"https:\/\/www.fries-kt.com\/wp-content\/uploads\/fries-logo.png","width":120,"height":60,"caption":"FRIES Kunststofftechnik GmbH"},"image":{"@id":"https:\/\/www.fries-kt.com\/#\/schema\/logo\/image\/"},"sameAs":["https:\/\/www.facebook.com\/FRIESKunststofftechnik\/","https:\/\/www.youtube.com\/channel\/UCc2UgnWJ9Y_-pIXbDIek7wQ"]}]}},"_links":{"self":[{"href":"https:\/\/www.fries-kt.com\/fr\/wp-json\/wp\/v2\/pages\/21127","targetHints":{"allow":["GET"]}}],"collection":[{"href":"https:\/\/www.fries-kt.com\/fr\/wp-json\/wp\/v2\/pages"}],"about":[{"href":"https:\/\/www.fries-kt.com\/fr\/wp-json\/wp\/v2\/types\/page"}],"author":[{"embeddable":true,"href":"https:\/\/www.fries-kt.com\/fr\/wp-json\/wp\/v2\/users\/4"}],"replies":[{"embeddable":true,"href":"https:\/\/www.fries-kt.com\/fr\/wp-json\/wp\/v2\/comments?post=21127"}],"version-history":[{"count":19,"href":"https:\/\/www.fries-kt.com\/fr\/wp-json\/wp\/v2\/pages\/21127\/revisions"}],"predecessor-version":[{"id":49443,"href":"https:\/\/www.fries-kt.com\/fr\/wp-json\/wp\/v2\/pages\/21127\/revisions\/49443"}],"up":[{"embeddable":true,"href":"https:\/\/www.fries-kt.com\/fr\/wp-json\/wp\/v2\/pages\/19990"}],"wp:attachment":[{"href":"https:\/\/www.fries-kt.com\/fr\/wp-json\/wp\/v2\/media?parent=21127"}],"curies":[{"name":"wp","href":"https:\/\/api.w.org\/{rel}","templated":true}]}}