{"id":21130,"date":"2016-03-02T12:18:24","date_gmt":"2016-03-02T10:18:24","guid":{"rendered":"https:\/\/www.fries-kt.com\/produits\/emballage\/bidons\/bidons-sk96-avec-grande-ouverture\/?lang=fr"},"modified":"2025-06-24T11:42:16","modified_gmt":"2025-06-24T09:42:16","slug":"bidons-sk96-avec-grande-ouverture","status":"publish","type":"page","link":"https:\/\/www.fries-kt.com\/fr\/produits\/emballage\/bidons\/bidons-sk96-avec-grande-ouverture\/","title":{"rendered":"Bidons SK96 avec grande ouverture"},"content":{"rendered":"<p><div class=\"fusion-fullwidth fullwidth-box fusion-builder-row-1 fusion-flex-container nonhundred-percent-fullwidth non-hundred-percent-height-scrolling\" style=\"--awb-border-radius-top-left:0px;--awb-border-radius-top-right:0px;--awb-border-radius-bottom-right:0px;--awb-border-radius-bottom-left:0px;--awb-flex-wrap:wrap;\" ><div class=\"fusion-builder-row fusion-row fusion-flex-align-items-flex-start fusion-flex-content-wrap\" style=\"max-width:1144px;margin-left: calc(-4% \/ 2 );margin-right: calc(-4% \/ 2 );\"><div class=\"fusion-layout-column fusion_builder_column fusion-builder-column-0 fusion_builder_column_1_1 1_1 fusion-flex-column\" style=\"--awb-bg-size:cover;--awb-width-large:100%;--awb-margin-top-large:0px;--awb-spacing-right-large:1.92%;--awb-margin-bottom-large:20px;--awb-spacing-left-large:1.92%;--awb-width-medium:100%;--awb-order-medium:0;--awb-spacing-right-medium:1.92%;--awb-spacing-left-medium:1.92%;--awb-width-small:100%;--awb-order-small:0;--awb-spacing-right-small:1.92%;--awb-spacing-left-small:1.92%;\"><div class=\"fusion-column-wrapper fusion-column-has-shadow fusion-flex-justify-content-flex-start fusion-content-layout-column\"><div class=\"fusion-text fusion-text-1 color-verpackung gr\u00fcn\"><h1>Bidons SK96 avec grande ouverture<\/h1>\n<\/div><\/div><\/div><\/div><\/div><div class=\"fusion-fullwidth fullwidth-box fusion-builder-row-2 nonhundred-percent-fullwidth non-hundred-percent-height-scrolling\" style=\"--awb-background-position:left top;--awb-border-radius-top-left:0px;--awb-border-radius-top-right:0px;--awb-border-radius-bottom-right:0px;--awb-border-radius-bottom-left:0px;--awb-padding-top:20px;--awb-padding-right:0px;--awb-padding-bottom:20px;--awb-padding-left:0px;--awb-border-sizes-top:0px;--awb-border-sizes-bottom:0px;--awb-flex-wrap:wrap;\" ><div class=\"fusion-builder-row fusion-row\"><div class=\"fusion-layout-column fusion_builder_column fusion-builder-column-1 fusion_builder_column_1_3 1_3 fusion-one-third fusion-column-first\" style=\"--awb-bg-size:cover;width:30.6666%; margin-right: 4%;\"><div class=\"fusion-column-wrapper fusion-flex-column-wrapper-legacy\"><div class=\"fusion-image-element in-legacy-container\" style=\"--awb-caption-title-font-family:var(--h2_typography-font-family);--awb-caption-title-font-weight:var(--h2_typography-font-weight);--awb-caption-title-font-style:var(--h2_typography-font-style);--awb-caption-title-size:var(--h2_typography-font-size);--awb-caption-title-transform:var(--h2_typography-text-transform);--awb-caption-title-line-height:var(--h2_typography-line-height);--awb-caption-title-letter-spacing:var(--h2_typography-letter-spacing);\"><span class=\" fusion-imageframe imageframe-none imageframe-1 hover-type-none\"><a href=\"https:\/\/www.fries-kt.com\/wp-content\/uploads\/SK96blau_werb.jpg\" class=\"fusion-lightbox\" data-rel=\"iLightbox[835feca05e8b1d75167]\" data-title=\"SK96blau_werb\" title=\"SK96blau_werb\"><img decoding=\"async\" width=\"242\" height=\"242\" alt=\"Bidons SK96 avec grande ouverture 25l\" src=\"https:\/\/www.fries-kt.com\/wp-content\/uploads\/SK96blau_werb.jpg\" class=\"img-responsive wp-image-26497\" srcset=\"https:\/\/www.fries-kt.com\/wp-content\/uploads\/SK96blau_werb-66x66.jpg 66w, https:\/\/www.fries-kt.com\/wp-content\/uploads\/SK96blau_werb-100x100.jpg 100w, https:\/\/www.fries-kt.com\/wp-content\/uploads\/SK96blau_werb-150x150.jpg 150w, https:\/\/www.fries-kt.com\/wp-content\/uploads\/SK96blau_werb.jpg 242w\" sizes=\"(max-width: 242px) 100vw, 242px\" \/><\/a><\/span><\/div><div class=\"fusion-text fusion-text-2 color-verpackung gr\u00fcn\"><h4>\u00a0<a href=\"https:\/\/www.fries-kt.com\/wp-content\/uploads\/Jerrycan-SK96-25l-30l_EN.pdf\" target=\"_blank\" rel=\"noopener noreferrer\">T\u00e9l\u00e9charger la brochure<\/a><\/h4>\n<\/div><div class=\"fusion-alignleft\"><a class=\"fusion-button button-flat fusion-button-default-size button-custom fusion-button-default button-1 fusion-button-default-span fusion-button-default-type color-verpackung\" style=\"--button_accent_color:#ffffff;--button_border_color:#00997c;--button_accent_hover_color:#ffffff;--button_border_hover_color:#00997c;--button_gradient_top_color:#00997c;--button_gradient_bottom_color:#00997c;--button_gradient_top_color_hover:#00997c;--button_gradient_bottom_color_hover:#00997c;--button_text_transform:none;--button_margin-top:10px;--button_margin-bottom:20px;\" target=\"_self\" href=\"https:\/\/www.fries-kt.com\/fr\/contact\/?amp;your-subject=Bidons SK96 avec grande ouverture\"><span class=\"fusion-button-text awb-button__text awb-button__text--default\">Demandez maintenant<\/span><\/a><\/div><div class=\"fusion-clearfix\"><\/div><\/div><\/div><div class=\"fusion-layout-column fusion_builder_column fusion-builder-column-2 fusion_builder_column_2_3 2_3 fusion-two-third fusion-column-last\" style=\"--awb-bg-size:cover;width:65.3333%;\"><div class=\"fusion-column-wrapper fusion-flex-column-wrapper-legacy\"><div class=\"fusion-text fusion-text-3 color-verpackung gr\u00fcn\"><h2>Bidon SK96<\/h2>\n<p><strong>Destin\u00e9 \u00e0 des liquides multiples | Certifi\u00e9 halal<\/strong><\/p>\n<ul>\n<li>disponible dans la couleur \u201ebleu\u201c\u00a0(autres couleurs sur demande)<\/li>\n<li>pour l&#8217;eau, l&#8217;acide ac\u00e9tique, les agents mouillants, l&#8217;ac\u00e9tate de n-butyle\/agent mouillant, les m\u00e9langes d&#8217;hydrocarbures, l&#8217;acide nitrique (autorisations sp\u00e9ciales sur demande)<\/li>\n<li>bidon conforme \u00e0 la norme EN 12712<\/li>\n<li>bouchon \u00e0 vis conforme \u00e0 la norme EN 12713<\/li>\n<\/ul>\n<h4>Disponible en 25 l et 30 l<\/h4>\n<\/div><div class=\"fusion-sep-clear\"><\/div><div class=\"fusion-separator fusion-full-width-sep\" style=\"margin-left: auto;margin-right: auto;margin-top:20px;margin-bottom:10px;width:100%;\"><\/div><div class=\"fusion-sep-clear\"><\/div><div class=\"fusion-text fusion-text-4\"><p><strong>Accessoires sp\u00e9ciaux<\/strong><\/p>\n<ul>\n<li>bouchon \u00e0 vis SK96 avec valve de d\u00e9gazage<\/li>\n<li>bouchon \u00e0 vis avec anneau de s\u00e9curit\u00e9<\/li>\n<li>plaque \u00e0 estamper selon les sp\u00e9cificit\u00e9s du client (sur demande)<\/li>\n<\/ul>\n<\/div><div class=\"fusion-clearfix\"><\/div><\/div><\/div><\/div><\/div><\/p>\n","protected":false},"excerpt":{"rendered":"","protected":false},"author":4,"featured_media":0,"parent":20007,"menu_order":0,"comment_status":"closed","ping_status":"closed","template":"","meta":{"_acf_changed":false,"footnotes":""},"class_list":["post-21130","page","type-page","status-publish","hentry"],"acf":[],"yoast_head":"<!-- This site is optimized with the Yoast SEO plugin v26.8 - https:\/\/yoast.com\/product\/yoast-seo-wordpress\/ -->\n<title>Bidon avec grande ouverture Sk96 en plastique PE | 25\u00a0et 30\u00a0litres<\/title>\n<meta name=\"description\" content=\"Bidon en plastique avec grande ouverture avec homologation UN &amp; mod\u00e8le de qualit\u00e9 alimentaire \u2714Protection d&#039;inviolabilit\u00e9 \u2714Approbation sp\u00e9ciale possible\" \/>\n<meta name=\"robots\" content=\"index, follow, max-snippet:-1, max-image-preview:large, max-video-preview:-1\" \/>\n<link rel=\"canonical\" href=\"https:\/\/www.fries-kt.com\/fr\/produits\/emballage\/bidons\/bidons-sk96-avec-grande-ouverture\/\" \/>\n<meta name=\"twitter:label1\" content=\"Dur\u00e9e de lecture estim\u00e9e\" \/>\n\t<meta name=\"twitter:data1\" content=\"1 minute\" \/>\n<script type=\"application\/ld+json\" class=\"yoast-schema-graph\">{\"@context\":\"https:\/\/schema.org\",\"@graph\":[{\"@type\":\"WebPage\",\"@id\":\"https:\/\/www.fries-kt.com\/fr\/produits\/emballage\/bidons\/bidons-sk96-avec-grande-ouverture\/\",\"url\":\"https:\/\/www.fries-kt.com\/fr\/produits\/emballage\/bidons\/bidons-sk96-avec-grande-ouverture\/\",\"name\":\"Bidon avec grande ouverture Sk96 en plastique PE | 25\u00a0et 30\u00a0litres\",\"isPartOf\":{\"@id\":\"https:\/\/www.fries-kt.com\/#website\"},\"primaryImageOfPage\":{\"@id\":\"https:\/\/www.fries-kt.com\/fr\/produits\/emballage\/bidons\/bidons-sk96-avec-grande-ouverture\/#primaryimage\"},\"image\":{\"@id\":\"https:\/\/www.fries-kt.com\/fr\/produits\/emballage\/bidons\/bidons-sk96-avec-grande-ouverture\/#primaryimage\"},\"thumbnailUrl\":\"https:\/\/www.fries-kt.com\/wp-content\/uploads\/SK96blau_werb.jpg\",\"datePublished\":\"2016-03-02T10:18:24+00:00\",\"dateModified\":\"2025-06-24T09:42:16+00:00\",\"description\":\"Bidon en plastique avec grande ouverture avec homologation UN & mod\u00e8le de qualit\u00e9 alimentaire \u2714Protection d'inviolabilit\u00e9 \u2714Approbation sp\u00e9ciale possible\",\"breadcrumb\":{\"@id\":\"https:\/\/www.fries-kt.com\/fr\/produits\/emballage\/bidons\/bidons-sk96-avec-grande-ouverture\/#breadcrumb\"},\"inLanguage\":\"fr-FR\",\"potentialAction\":[{\"@type\":\"ReadAction\",\"target\":[\"https:\/\/www.fries-kt.com\/fr\/produits\/emballage\/bidons\/bidons-sk96-avec-grande-ouverture\/\"]}]},{\"@type\":\"ImageObject\",\"inLanguage\":\"fr-FR\",\"@id\":\"https:\/\/www.fries-kt.com\/fr\/produits\/emballage\/bidons\/bidons-sk96-avec-grande-ouverture\/#primaryimage\",\"url\":\"https:\/\/www.fries-kt.com\/wp-content\/uploads\/SK96blau_werb.jpg\",\"contentUrl\":\"https:\/\/www.fries-kt.com\/wp-content\/uploads\/SK96blau_werb.jpg\"},{\"@type\":\"BreadcrumbList\",\"@id\":\"https:\/\/www.fries-kt.com\/fr\/produits\/emballage\/bidons\/bidons-sk96-avec-grande-ouverture\/#breadcrumb\",\"itemListElement\":[{\"@type\":\"ListItem\",\"position\":1,\"name\":\"Home\",\"item\":\"https:\/\/www.fries-kt.com\/fr\/\"},{\"@type\":\"ListItem\",\"position\":2,\"name\":\"Produits\",\"item\":\"https:\/\/www.fries-kt.com\/fr\/produits\/\"},{\"@type\":\"ListItem\",\"position\":3,\"name\":\"Emballage\",\"item\":\"https:\/\/www.fries-kt.com\/fr\/produits\/emballage\/\"},{\"@type\":\"ListItem\",\"position\":4,\"name\":\"Bidons\",\"item\":\"https:\/\/www.fries-kt.com\/fr\/produits\/emballage\/bidons\/\"},{\"@type\":\"ListItem\",\"position\":5,\"name\":\"Bidons SK96 avec grande ouverture\"}]},{\"@type\":\"WebSite\",\"@id\":\"https:\/\/www.fries-kt.com\/#website\",\"url\":\"https:\/\/www.fries-kt.com\/\",\"name\":\"FRIES\",\"description\":\"\",\"publisher\":{\"@id\":\"https:\/\/www.fries-kt.com\/#organization\"},\"potentialAction\":[{\"@type\":\"SearchAction\",\"target\":{\"@type\":\"EntryPoint\",\"urlTemplate\":\"https:\/\/www.fries-kt.com\/?s={search_term_string}\"},\"query-input\":{\"@type\":\"PropertyValueSpecification\",\"valueRequired\":true,\"valueName\":\"search_term_string\"}}],\"inLanguage\":\"fr-FR\"},{\"@type\":\"Organization\",\"@id\":\"https:\/\/www.fries-kt.com\/#organization\",\"name\":\"FRIES Kunststofftechnik GmbH\",\"url\":\"https:\/\/www.fries-kt.com\/\",\"logo\":{\"@type\":\"ImageObject\",\"inLanguage\":\"fr-FR\",\"@id\":\"https:\/\/www.fries-kt.com\/#\/schema\/logo\/image\/\",\"url\":\"https:\/\/www.fries-kt.com\/wp-content\/uploads\/fries-logo.png\",\"contentUrl\":\"https:\/\/www.fries-kt.com\/wp-content\/uploads\/fries-logo.png\",\"width\":120,\"height\":60,\"caption\":\"FRIES Kunststofftechnik GmbH\"},\"image\":{\"@id\":\"https:\/\/www.fries-kt.com\/#\/schema\/logo\/image\/\"},\"sameAs\":[\"https:\/\/www.facebook.com\/FRIESKunststofftechnik\/\",\"https:\/\/www.youtube.com\/channel\/UCc2UgnWJ9Y_-pIXbDIek7wQ\"]}]}<\/script>\n<!-- \/ Yoast SEO plugin. -->","yoast_head_json":{"title":"Bidon avec grande ouverture Sk96 en plastique PE | 25\u00a0et 30\u00a0litres","description":"Bidon en plastique avec grande ouverture avec homologation UN & mod\u00e8le de qualit\u00e9 alimentaire \u2714Protection d'inviolabilit\u00e9 \u2714Approbation sp\u00e9ciale possible","robots":{"index":"index","follow":"follow","max-snippet":"max-snippet:-1","max-image-preview":"max-image-preview:large","max-video-preview":"max-video-preview:-1"},"canonical":"https:\/\/www.fries-kt.com\/fr\/produits\/emballage\/bidons\/bidons-sk96-avec-grande-ouverture\/","twitter_misc":{"Dur\u00e9e de lecture estim\u00e9e":"1 minute"},"schema":{"@context":"https:\/\/schema.org","@graph":[{"@type":"WebPage","@id":"https:\/\/www.fries-kt.com\/fr\/produits\/emballage\/bidons\/bidons-sk96-avec-grande-ouverture\/","url":"https:\/\/www.fries-kt.com\/fr\/produits\/emballage\/bidons\/bidons-sk96-avec-grande-ouverture\/","name":"Bidon avec grande ouverture Sk96 en plastique PE | 25\u00a0et 30\u00a0litres","isPartOf":{"@id":"https:\/\/www.fries-kt.com\/#website"},"primaryImageOfPage":{"@id":"https:\/\/www.fries-kt.com\/fr\/produits\/emballage\/bidons\/bidons-sk96-avec-grande-ouverture\/#primaryimage"},"image":{"@id":"https:\/\/www.fries-kt.com\/fr\/produits\/emballage\/bidons\/bidons-sk96-avec-grande-ouverture\/#primaryimage"},"thumbnailUrl":"https:\/\/www.fries-kt.com\/wp-content\/uploads\/SK96blau_werb.jpg","datePublished":"2016-03-02T10:18:24+00:00","dateModified":"2025-06-24T09:42:16+00:00","description":"Bidon en plastique avec grande ouverture avec homologation UN & mod\u00e8le de qualit\u00e9 alimentaire \u2714Protection d'inviolabilit\u00e9 \u2714Approbation sp\u00e9ciale possible","breadcrumb":{"@id":"https:\/\/www.fries-kt.com\/fr\/produits\/emballage\/bidons\/bidons-sk96-avec-grande-ouverture\/#breadcrumb"},"inLanguage":"fr-FR","potentialAction":[{"@type":"ReadAction","target":["https:\/\/www.fries-kt.com\/fr\/produits\/emballage\/bidons\/bidons-sk96-avec-grande-ouverture\/"]}]},{"@type":"ImageObject","inLanguage":"fr-FR","@id":"https:\/\/www.fries-kt.com\/fr\/produits\/emballage\/bidons\/bidons-sk96-avec-grande-ouverture\/#primaryimage","url":"https:\/\/www.fries-kt.com\/wp-content\/uploads\/SK96blau_werb.jpg","contentUrl":"https:\/\/www.fries-kt.com\/wp-content\/uploads\/SK96blau_werb.jpg"},{"@type":"BreadcrumbList","@id":"https:\/\/www.fries-kt.com\/fr\/produits\/emballage\/bidons\/bidons-sk96-avec-grande-ouverture\/#breadcrumb","itemListElement":[{"@type":"ListItem","position":1,"name":"Home","item":"https:\/\/www.fries-kt.com\/fr\/"},{"@type":"ListItem","position":2,"name":"Produits","item":"https:\/\/www.fries-kt.com\/fr\/produits\/"},{"@type":"ListItem","position":3,"name":"Emballage","item":"https:\/\/www.fries-kt.com\/fr\/produits\/emballage\/"},{"@type":"ListItem","position":4,"name":"Bidons","item":"https:\/\/www.fries-kt.com\/fr\/produits\/emballage\/bidons\/"},{"@type":"ListItem","position":5,"name":"Bidons SK96 avec grande ouverture"}]},{"@type":"WebSite","@id":"https:\/\/www.fries-kt.com\/#website","url":"https:\/\/www.fries-kt.com\/","name":"FRIES","description":"","publisher":{"@id":"https:\/\/www.fries-kt.com\/#organization"},"potentialAction":[{"@type":"SearchAction","target":{"@type":"EntryPoint","urlTemplate":"https:\/\/www.fries-kt.com\/?s={search_term_string}"},"query-input":{"@type":"PropertyValueSpecification","valueRequired":true,"valueName":"search_term_string"}}],"inLanguage":"fr-FR"},{"@type":"Organization","@id":"https:\/\/www.fries-kt.com\/#organization","name":"FRIES Kunststofftechnik GmbH","url":"https:\/\/www.fries-kt.com\/","logo":{"@type":"ImageObject","inLanguage":"fr-FR","@id":"https:\/\/www.fries-kt.com\/#\/schema\/logo\/image\/","url":"https:\/\/www.fries-kt.com\/wp-content\/uploads\/fries-logo.png","contentUrl":"https:\/\/www.fries-kt.com\/wp-content\/uploads\/fries-logo.png","width":120,"height":60,"caption":"FRIES Kunststofftechnik GmbH"},"image":{"@id":"https:\/\/www.fries-kt.com\/#\/schema\/logo\/image\/"},"sameAs":["https:\/\/www.facebook.com\/FRIESKunststofftechnik\/","https:\/\/www.youtube.com\/channel\/UCc2UgnWJ9Y_-pIXbDIek7wQ"]}]}},"_links":{"self":[{"href":"https:\/\/www.fries-kt.com\/fr\/wp-json\/wp\/v2\/pages\/21130","targetHints":{"allow":["GET"]}}],"collection":[{"href":"https:\/\/www.fries-kt.com\/fr\/wp-json\/wp\/v2\/pages"}],"about":[{"href":"https:\/\/www.fries-kt.com\/fr\/wp-json\/wp\/v2\/types\/page"}],"author":[{"embeddable":true,"href":"https:\/\/www.fries-kt.com\/fr\/wp-json\/wp\/v2\/users\/4"}],"replies":[{"embeddable":true,"href":"https:\/\/www.fries-kt.com\/fr\/wp-json\/wp\/v2\/comments?post=21130"}],"version-history":[{"count":15,"href":"https:\/\/www.fries-kt.com\/fr\/wp-json\/wp\/v2\/pages\/21130\/revisions"}],"predecessor-version":[{"id":64799,"href":"https:\/\/www.fries-kt.com\/fr\/wp-json\/wp\/v2\/pages\/21130\/revisions\/64799"}],"up":[{"embeddable":true,"href":"https:\/\/www.fries-kt.com\/fr\/wp-json\/wp\/v2\/pages\/20007"}],"wp:attachment":[{"href":"https:\/\/www.fries-kt.com\/fr\/wp-json\/wp\/v2\/media?parent=21130"}],"curies":[{"name":"wp","href":"https:\/\/api.w.org\/{rel}","templated":true}]}}