{"id":24430,"date":"2019-02-04T16:16:32","date_gmt":"2019-02-04T14:16:32","guid":{"rendered":"https:\/\/www.fries-kt.com\/produits\/emballage\/bidons\/bidon-slt\/"},"modified":"2025-06-24T11:36:16","modified_gmt":"2025-06-24T09:36:16","slug":"bidon-slt","status":"publish","type":"page","link":"https:\/\/www.fries-kt.com\/fr\/produits\/emballage\/bidons\/bidon-slt\/","title":{"rendered":"Bidon SLT"},"content":{"rendered":"<p><div class=\"fusion-fullwidth fullwidth-box fusion-builder-row-1 nonhundred-percent-fullwidth non-hundred-percent-height-scrolling\" style=\"--awb-border-radius-top-left:0px;--awb-border-radius-top-right:0px;--awb-border-radius-bottom-right:0px;--awb-border-radius-bottom-left:0px;--awb-flex-wrap:wrap;\" ><div class=\"fusion-builder-row fusion-row\"><div class=\"fusion-layout-column fusion_builder_column fusion-builder-column-0 fusion_builder_column_1_1 1_1 fusion-one-full fusion-column-first fusion-column-last\" style=\"--awb-bg-size:cover;\"><div class=\"fusion-column-wrapper fusion-column-has-shadow fusion-flex-column-wrapper-legacy\"><div class=\"fusion-text fusion-text-1 color-verpackung gr\u00fcn\"><h1>Bidon SLT de s\u00e9curit\u00e9 alimentaire et certification UN<\/h1>\n<p>Les bidons en plastique de SLT ont une tr\u00e8s grande stabilit\u00e9 malgr\u00e9 leur faible poids. Des bandes de visualisation transparentes permettent \u00e0 tous moments le contr\u00f4le exact du niveau \u2013 y compris le rep\u00e8re de remplissage. Les bidons en HD-PE peuvent \u00eatre utilis\u00e9s de mani\u00e8re universelle, ils permettent de stocker et de transporter des denr\u00e9es alimentaires et des marchandises dangereuses.<\/p>\n<\/div><div class=\"fusion-clearfix\"><\/div><\/div><\/div><\/div><\/div><div class=\"fusion-fullwidth fullwidth-box fusion-builder-row-2 hundred-percent-fullwidth non-hundred-percent-height-scrolling\" style=\"--awb-border-radius-top-left:0px;--awb-border-radius-top-right:0px;--awb-border-radius-bottom-right:0px;--awb-border-radius-bottom-left:0px;--awb-overflow:visible;--awb-flex-wrap:wrap;\" ><div class=\"fusion-builder-row fusion-row\"><div class=\"fusion-layout-column fusion_builder_column fusion-builder-column-1 fusion_builder_column_1_3 1_3 fusion-one-third fusion-column-first\" style=\"--awb-bg-size:cover;width:30.6666%; margin-right: 4%;\"><div class=\"fusion-column-wrapper fusion-flex-column-wrapper-legacy\"><div class=\"fusion-image-element in-legacy-container\" style=\"--awb-caption-title-font-family:var(--h2_typography-font-family);--awb-caption-title-font-weight:var(--h2_typography-font-weight);--awb-caption-title-font-style:var(--h2_typography-font-style);--awb-caption-title-size:var(--h2_typography-font-size);--awb-caption-title-transform:var(--h2_typography-text-transform);--awb-caption-title-line-height:var(--h2_typography-line-height);--awb-caption-title-letter-spacing:var(--h2_typography-letter-spacing);\"><span class=\" fusion-imageframe imageframe-none imageframe-1 hover-type-none\"><a href=\"https:\/\/www.fries-kt.com\/wp-content\/uploads\/Kanister-lebensmittelecht-und-UN-SLT-20-l-2.png\" class=\"fusion-lightbox\" data-rel=\"iLightbox[6c4b945b728b4f6a8ea]\" data-title=\"Bidon de s\u00e9curit\u00e9 alimentaire et certification UN 20 l\" title=\"Bidon de s\u00e9curit\u00e9 alimentaire et certification UN 20 l\"><img decoding=\"async\" width=\"242\" height=\"242\" alt=\"Bidon SLT de s\u00e9curit\u00e9 alimentaire et certification UN 20 l\" src=\"https:\/\/www.fries-kt.com\/wp-content\/uploads\/Kanister-lebensmittelecht-und-UN-SLT-20-l-2.png\" class=\"img-responsive wp-image-29498\" srcset=\"https:\/\/www.fries-kt.com\/wp-content\/uploads\/Kanister-lebensmittelecht-und-UN-SLT-20-l-2-200x200.png 200w, https:\/\/www.fries-kt.com\/wp-content\/uploads\/Kanister-lebensmittelecht-und-UN-SLT-20-l-2.png 242w\" sizes=\"(max-width: 0px) 100vw, 242px\" \/><\/a><\/span><\/div><div class=\"fusion-text fusion-text-2\"><h4><a href=\"https:\/\/www.fries-kt.com\/wp-content\/uploads\/2019_Jerrycan-SLT-Series_EN-1.pdf\" target=\"_blank\" rel=\"noopener noreferrer\">T\u00e9l\u00e9charger la brochure<\/a><\/h4>\n<\/div><div class=\"fusion-alignleft\"><a class=\"fusion-button button-flat fusion-button-default-size button-custom fusion-button-default button-1 fusion-button-default-span fusion-button-default-type color-verpackung\" style=\"--button_accent_color:#ffffff;--button_border_color:#00997c;--button_accent_hover_color:#ffffff;--button_border_hover_color:#00997c;--button_gradient_top_color:#00997c;--button_gradient_bottom_color:#00997c;--button_gradient_top_color_hover:#00997c;--button_gradient_bottom_color_hover:#00997c;--button_text_transform:none;--button_margin-top:10px;--button_margin-bottom:20px;\" target=\"_self\" href=\"https:\/\/www.fries-kt.com\/fr\/contact\/?amp;your-subject=Bidon SLT\"><span class=\"fusion-button-text awb-button__text awb-button__text--default\">Demandez maintenant<\/span><\/a><\/div><div class=\"fusion-sep-clear\"><\/div><div class=\"fusion-separator fusion-full-width-sep\" style=\"margin-left: auto;margin-right: auto;margin-top:20px;width:100%;\"><\/div><div class=\"fusion-sep-clear\"><\/div><div class=\"fusion-image-element in-legacy-container\" style=\"--awb-max-width:242px;--awb-caption-title-font-family:var(--h2_typography-font-family);--awb-caption-title-font-weight:var(--h2_typography-font-weight);--awb-caption-title-font-style:var(--h2_typography-font-style);--awb-caption-title-size:var(--h2_typography-font-size);--awb-caption-title-transform:var(--h2_typography-text-transform);--awb-caption-title-line-height:var(--h2_typography-line-height);--awb-caption-title-letter-spacing:var(--h2_typography-letter-spacing);\"><span class=\" fusion-imageframe imageframe-none imageframe-2 hover-type-none\"><img decoding=\"async\" width=\"400\" height=\"400\" alt=\"slt bidon mat\u00e9riaux recycl\u00e9s\" title=\"slt-bidon-mat\u00e9riaux-recycl\u00e9s-fr\" src=\"https:\/\/www.fries-kt.com\/wp-content\/uploads\/slt-bidon-materiaux-recycles-fr-1.jpg\" class=\"img-responsive wp-image-32070\" srcset=\"https:\/\/www.fries-kt.com\/wp-content\/uploads\/slt-bidon-materiaux-recycles-fr-1-200x200.jpg 200w, https:\/\/www.fries-kt.com\/wp-content\/uploads\/slt-bidon-materiaux-recycles-fr-1.jpg 400w\" sizes=\"(max-width: 0px) 100vw, 400px\" \/><\/span><\/div><div class=\"fusion-text fusion-text-3\"><p>D\u00e9sormais disponibles en mat\u00e9riaux recycl\u00e9s\u00a0!<\/p>\n<\/div><div class=\"fusion-clearfix\"><\/div><\/div><\/div><div class=\"fusion-layout-column fusion_builder_column fusion-builder-column-2 fusion_builder_column_2_3 2_3 fusion-two-third fusion-column-last\" style=\"--awb-bg-size:cover;width:65.3333%;\"><div class=\"fusion-column-wrapper fusion-flex-column-wrapper-legacy\"><div class=\"fusion-text fusion-text-4 color-verpackung gr\u00fcn\"><h2>Bidon SLT de s\u00e9curit\u00e9 alimentaire et certification UN<\/h2>\n<p><strong>Bidon stable et l\u00e9ger en PE-HD | certification UN | Certifi\u00e9 halal | aptitude au contact alimentaire | vidangeable<\/strong><\/p>\n<ul>\n<li>Stabilit\u00e9 \u00e9lev\u00e9e gr\u00e2ce aux angles de stabilit\u00e9 brevet\u00e9s, bossages d&#8217;empilage et anti-pieds d&#8217;\u00e9l\u00e9phant<\/li>\n<li>Des bandes de visualisation transparentes permettent \u00e0 tous moments le contr\u00f4le exact du niveau &#8211; y compris le rep\u00e8re de remplissage<\/li>\n<li>Poign\u00e9e ergonomique pour un excellent confort de pr\u00e9hension et de transport<\/li>\n<li>Disponible dans les couleurs &#8220;bleu&#8221; et &#8220;naturel&#8221; (autres couleurs disponibles sur demande)<\/li>\n<li>Vidange m\u00eame en cas de versement lat\u00e9ral<\/li>\n<li>Utilisation int\u00e9grale du produit de remplissage<\/li>\n<li>Conformit\u00e9 alimentaire selon CE 1935\/2004, CE 2023\/2006 et<br \/>\nCE 10\/2011 disponible dans la version en vigueur actuellement<\/li>\n<li>Utilisation universelle gr\u00e2ce aux agr\u00e9ments pour biens dangereux \u00e9tendus<\/li>\n<li>R\u00e9alisation en mat\u00e9riau certifi\u00e9 usage pharmaceutique\/m\u00e9dical sur demande<\/li>\n<li>Le bidon correspond \u00e0 la norme EN 12712-2000<\/li>\n<li>Bague d\u2019inviolabilit\u00e9<\/li>\n<li>Ouverture de remplissage SK60x6 disponible avec un diam\u00e8tre interne de 48 mm ou SK70x6 avec un diam\u00e8tre de 57 mm<\/li>\n<\/ul>\n<h4>Disponible en : 20l, 22,5l, 25l, 27,5l, 30l et 32,5l<\/h4>\n<\/div><div class=\"fusion-clearfix\"><\/div><\/div><\/div><div class=\"fusion-layout-column fusion_builder_column fusion-builder-column-3 fusion_builder_column_1_1 1_1 fusion-one-full fusion-column-first fusion-column-last fusion-column-no-min-height\" style=\"--awb-bg-size:cover;--awb-margin-bottom:0px;\"><div class=\"fusion-column-wrapper fusion-flex-column-wrapper-legacy\"><div class=\"fusion-sep-clear\"><\/div><div class=\"fusion-separator fusion-full-width-sep\" style=\"margin-left: auto;margin-right: auto;width:100%;\"><\/div><div class=\"fusion-sep-clear\"><\/div><div class=\"fusion-text fusion-text-5 color-verpackung gr\u00fcn\"><div class=\"fusion-layout-column fusion_builder_column fusion-builder-column-19 fusion_builder_column_1_3 1_3 fusion-one-third fusion-column-first\">\n<div class=\"fusion-column-wrapper fusion-flex-column-wrapper-legacy\">\n<h4 class=\"fusion-clearfix\"><strong>Accessoires sp\u00e9ciaux<\/strong><\/h4>\n<\/div>\n<\/div>\n<div class=\"fusion-layout-column fusion_builder_column fusion-builder-column-20 fusion_builder_column_2_3 2_3 fusion-two-third fusion-column-last\">\n<div class=\"fusion-column-wrapper fusion-flex-column-wrapper-legacy\">\n<div class=\"fusion-text fusion-text-14\">\n<ul>\n<li>Bouchon \u00e0 vis SK60 ou SK70, correspond \u00e0 la norme EN 12713-2000<\/li>\n<li>Valve de gazage\/d\u00e9gazage disponible sur demande<\/li>\n<li>Bouchon \u00e0 vis avec anneau de blocage<\/li>\n<li>Usage d\u2019une gravure sp\u00e9cifique au client sur demande<\/li>\n<\/ul>\n<\/div>\n<\/div>\n<\/div>\n<\/div><div class=\"fusion-text fusion-text-6 color-verpackung gr\u00fcn\"><h2><strong>Nouveau : Bidon SLT en mat\u00e9riaux recycl\u00e9s <\/strong><\/h2>\n<p>Les bidons SLT sont maintenant disponibles en plastique issu de mat\u00e9riaux recycl\u00e9s. Avec une teneur en mati\u00e8res recycl\u00e9es allant jusqu\u2019\u00e0 35 %, les homologations UN pour les marchandises dangereuses sont \u00e9galement possibles.<\/p>\n<\/div><div class=\"fusion-clearfix\"><\/div><\/div><\/div><\/div><\/div><\/p>\n","protected":false},"excerpt":{"rendered":"","protected":false},"author":4,"featured_media":0,"parent":20007,"menu_order":0,"comment_status":"closed","ping_status":"closed","template":"","meta":{"_acf_changed":false,"footnotes":""},"class_list":["post-24430","page","type-page","status-publish","hentry"],"acf":[],"yoast_head":"<!-- This site is optimized with the Yoast SEO plugin v26.8 - https:\/\/yoast.com\/product\/yoast-seo-wordpress\/ -->\n<title>Bidon SLT | Bidon en plastique de 20 \u00e0 32,5 litres | FRIES<\/title>\n<meta name=\"description\" content=\"La s\u00e9rie SLT s\u00e9duit par son \u00e9norme stabilit\u00e9 malgr\u00e9 son faible poids \u2714Qualit\u00e9 alimentaire \u2714Convient pour les marchandises dangereuses \u25b6En savoir plus\" \/>\n<meta name=\"robots\" content=\"index, follow, max-snippet:-1, max-image-preview:large, max-video-preview:-1\" \/>\n<link rel=\"canonical\" href=\"https:\/\/www.fries-kt.com\/fr\/produits\/emballage\/bidons\/bidon-slt\/\" \/>\n<meta name=\"twitter:label1\" content=\"Dur\u00e9e de lecture estim\u00e9e\" \/>\n\t<meta name=\"twitter:data1\" content=\"3 minutes\" \/>\n<script type=\"application\/ld+json\" class=\"yoast-schema-graph\">{\"@context\":\"https:\/\/schema.org\",\"@graph\":[{\"@type\":\"WebPage\",\"@id\":\"https:\/\/www.fries-kt.com\/fr\/produits\/emballage\/bidons\/bidon-slt\/\",\"url\":\"https:\/\/www.fries-kt.com\/fr\/produits\/emballage\/bidons\/bidon-slt\/\",\"name\":\"Bidon SLT | Bidon en plastique de 20 \u00e0 32,5 litres | FRIES\",\"isPartOf\":{\"@id\":\"https:\/\/www.fries-kt.com\/#website\"},\"datePublished\":\"2019-02-04T14:16:32+00:00\",\"dateModified\":\"2025-06-24T09:36:16+00:00\",\"description\":\"La s\u00e9rie SLT s\u00e9duit par son \u00e9norme stabilit\u00e9 malgr\u00e9 son faible poids \u2714Qualit\u00e9 alimentaire \u2714Convient pour les marchandises dangereuses \u25b6En savoir plus\",\"breadcrumb\":{\"@id\":\"https:\/\/www.fries-kt.com\/fr\/produits\/emballage\/bidons\/bidon-slt\/#breadcrumb\"},\"inLanguage\":\"fr-FR\",\"potentialAction\":[{\"@type\":\"ReadAction\",\"target\":[\"https:\/\/www.fries-kt.com\/fr\/produits\/emballage\/bidons\/bidon-slt\/\"]}]},{\"@type\":\"BreadcrumbList\",\"@id\":\"https:\/\/www.fries-kt.com\/fr\/produits\/emballage\/bidons\/bidon-slt\/#breadcrumb\",\"itemListElement\":[{\"@type\":\"ListItem\",\"position\":1,\"name\":\"Home\",\"item\":\"https:\/\/www.fries-kt.com\/fr\/\"},{\"@type\":\"ListItem\",\"position\":2,\"name\":\"Produits\",\"item\":\"https:\/\/www.fries-kt.com\/fr\/produits\/\"},{\"@type\":\"ListItem\",\"position\":3,\"name\":\"Emballage\",\"item\":\"https:\/\/www.fries-kt.com\/fr\/produits\/emballage\/\"},{\"@type\":\"ListItem\",\"position\":4,\"name\":\"Bidons\",\"item\":\"https:\/\/www.fries-kt.com\/fr\/produits\/emballage\/bidons\/\"},{\"@type\":\"ListItem\",\"position\":5,\"name\":\"Bidon SLT\"}]},{\"@type\":\"WebSite\",\"@id\":\"https:\/\/www.fries-kt.com\/#website\",\"url\":\"https:\/\/www.fries-kt.com\/\",\"name\":\"FRIES\",\"description\":\"\",\"publisher\":{\"@id\":\"https:\/\/www.fries-kt.com\/#organization\"},\"potentialAction\":[{\"@type\":\"SearchAction\",\"target\":{\"@type\":\"EntryPoint\",\"urlTemplate\":\"https:\/\/www.fries-kt.com\/?s={search_term_string}\"},\"query-input\":{\"@type\":\"PropertyValueSpecification\",\"valueRequired\":true,\"valueName\":\"search_term_string\"}}],\"inLanguage\":\"fr-FR\"},{\"@type\":\"Organization\",\"@id\":\"https:\/\/www.fries-kt.com\/#organization\",\"name\":\"FRIES Kunststofftechnik GmbH\",\"url\":\"https:\/\/www.fries-kt.com\/\",\"logo\":{\"@type\":\"ImageObject\",\"inLanguage\":\"fr-FR\",\"@id\":\"https:\/\/www.fries-kt.com\/#\/schema\/logo\/image\/\",\"url\":\"https:\/\/www.fries-kt.com\/wp-content\/uploads\/fries-logo.png\",\"contentUrl\":\"https:\/\/www.fries-kt.com\/wp-content\/uploads\/fries-logo.png\",\"width\":120,\"height\":60,\"caption\":\"FRIES Kunststofftechnik GmbH\"},\"image\":{\"@id\":\"https:\/\/www.fries-kt.com\/#\/schema\/logo\/image\/\"},\"sameAs\":[\"https:\/\/www.facebook.com\/FRIESKunststofftechnik\/\",\"https:\/\/www.youtube.com\/channel\/UCc2UgnWJ9Y_-pIXbDIek7wQ\"]}]}<\/script>\n<!-- \/ Yoast SEO plugin. -->","yoast_head_json":{"title":"Bidon SLT | Bidon en plastique de 20 \u00e0 32,5 litres | FRIES","description":"La s\u00e9rie SLT s\u00e9duit par son \u00e9norme stabilit\u00e9 malgr\u00e9 son faible poids \u2714Qualit\u00e9 alimentaire \u2714Convient pour les marchandises dangereuses \u25b6En savoir plus","robots":{"index":"index","follow":"follow","max-snippet":"max-snippet:-1","max-image-preview":"max-image-preview:large","max-video-preview":"max-video-preview:-1"},"canonical":"https:\/\/www.fries-kt.com\/fr\/produits\/emballage\/bidons\/bidon-slt\/","twitter_misc":{"Dur\u00e9e de lecture estim\u00e9e":"3 minutes"},"schema":{"@context":"https:\/\/schema.org","@graph":[{"@type":"WebPage","@id":"https:\/\/www.fries-kt.com\/fr\/produits\/emballage\/bidons\/bidon-slt\/","url":"https:\/\/www.fries-kt.com\/fr\/produits\/emballage\/bidons\/bidon-slt\/","name":"Bidon SLT | Bidon en plastique de 20 \u00e0 32,5 litres | FRIES","isPartOf":{"@id":"https:\/\/www.fries-kt.com\/#website"},"datePublished":"2019-02-04T14:16:32+00:00","dateModified":"2025-06-24T09:36:16+00:00","description":"La s\u00e9rie SLT s\u00e9duit par son \u00e9norme stabilit\u00e9 malgr\u00e9 son faible poids \u2714Qualit\u00e9 alimentaire \u2714Convient pour les marchandises dangereuses \u25b6En savoir plus","breadcrumb":{"@id":"https:\/\/www.fries-kt.com\/fr\/produits\/emballage\/bidons\/bidon-slt\/#breadcrumb"},"inLanguage":"fr-FR","potentialAction":[{"@type":"ReadAction","target":["https:\/\/www.fries-kt.com\/fr\/produits\/emballage\/bidons\/bidon-slt\/"]}]},{"@type":"BreadcrumbList","@id":"https:\/\/www.fries-kt.com\/fr\/produits\/emballage\/bidons\/bidon-slt\/#breadcrumb","itemListElement":[{"@type":"ListItem","position":1,"name":"Home","item":"https:\/\/www.fries-kt.com\/fr\/"},{"@type":"ListItem","position":2,"name":"Produits","item":"https:\/\/www.fries-kt.com\/fr\/produits\/"},{"@type":"ListItem","position":3,"name":"Emballage","item":"https:\/\/www.fries-kt.com\/fr\/produits\/emballage\/"},{"@type":"ListItem","position":4,"name":"Bidons","item":"https:\/\/www.fries-kt.com\/fr\/produits\/emballage\/bidons\/"},{"@type":"ListItem","position":5,"name":"Bidon SLT"}]},{"@type":"WebSite","@id":"https:\/\/www.fries-kt.com\/#website","url":"https:\/\/www.fries-kt.com\/","name":"FRIES","description":"","publisher":{"@id":"https:\/\/www.fries-kt.com\/#organization"},"potentialAction":[{"@type":"SearchAction","target":{"@type":"EntryPoint","urlTemplate":"https:\/\/www.fries-kt.com\/?s={search_term_string}"},"query-input":{"@type":"PropertyValueSpecification","valueRequired":true,"valueName":"search_term_string"}}],"inLanguage":"fr-FR"},{"@type":"Organization","@id":"https:\/\/www.fries-kt.com\/#organization","name":"FRIES Kunststofftechnik GmbH","url":"https:\/\/www.fries-kt.com\/","logo":{"@type":"ImageObject","inLanguage":"fr-FR","@id":"https:\/\/www.fries-kt.com\/#\/schema\/logo\/image\/","url":"https:\/\/www.fries-kt.com\/wp-content\/uploads\/fries-logo.png","contentUrl":"https:\/\/www.fries-kt.com\/wp-content\/uploads\/fries-logo.png","width":120,"height":60,"caption":"FRIES Kunststofftechnik GmbH"},"image":{"@id":"https:\/\/www.fries-kt.com\/#\/schema\/logo\/image\/"},"sameAs":["https:\/\/www.facebook.com\/FRIESKunststofftechnik\/","https:\/\/www.youtube.com\/channel\/UCc2UgnWJ9Y_-pIXbDIek7wQ"]}]}},"_links":{"self":[{"href":"https:\/\/www.fries-kt.com\/fr\/wp-json\/wp\/v2\/pages\/24430","targetHints":{"allow":["GET"]}}],"collection":[{"href":"https:\/\/www.fries-kt.com\/fr\/wp-json\/wp\/v2\/pages"}],"about":[{"href":"https:\/\/www.fries-kt.com\/fr\/wp-json\/wp\/v2\/types\/page"}],"author":[{"embeddable":true,"href":"https:\/\/www.fries-kt.com\/fr\/wp-json\/wp\/v2\/users\/4"}],"replies":[{"embeddable":true,"href":"https:\/\/www.fries-kt.com\/fr\/wp-json\/wp\/v2\/comments?post=24430"}],"version-history":[{"count":26,"href":"https:\/\/www.fries-kt.com\/fr\/wp-json\/wp\/v2\/pages\/24430\/revisions"}],"predecessor-version":[{"id":64794,"href":"https:\/\/www.fries-kt.com\/fr\/wp-json\/wp\/v2\/pages\/24430\/revisions\/64794"}],"up":[{"embeddable":true,"href":"https:\/\/www.fries-kt.com\/fr\/wp-json\/wp\/v2\/pages\/20007"}],"wp:attachment":[{"href":"https:\/\/www.fries-kt.com\/fr\/wp-json\/wp\/v2\/media?parent=24430"}],"curies":[{"name":"wp","href":"https:\/\/api.w.org\/{rel}","templated":true}]}}