{"id":24565,"date":"2019-03-04T14:43:55","date_gmt":"2019-03-04T12:43:55","guid":{"rendered":"https:\/\/www.fries-kt.com\/produits\/emballage\/seaux\/seau-hobbock-avec-meplat-pe-30-l\/"},"modified":"2025-06-24T15:39:34","modified_gmt":"2025-06-24T13:39:34","slug":"seau-hobbock-avec-meplat-pe-30-l","status":"publish","type":"page","link":"https:\/\/www.fries-kt.com\/fr\/produits\/emballage\/seaux\/seau-hobbock-avec-meplat-pe-30-l\/","title":{"rendered":"Seau tonnelet avec m\u00e9plat (PE) 30 l"},"content":{"rendered":"<div class=\"fusion-fullwidth fullwidth-box fusion-builder-row-1 nonhundred-percent-fullwidth non-hundred-percent-height-scrolling\" style=\"--awb-background-position:left top;--awb-border-radius-top-left:0px;--awb-border-radius-top-right:0px;--awb-border-radius-bottom-right:0px;--awb-border-radius-bottom-left:0px;--awb-padding-top:20px;--awb-padding-right:0px;--awb-padding-bottom:20px;--awb-padding-left:0px;--awb-border-sizes-top:0px;--awb-border-sizes-bottom:0px;--awb-flex-wrap:wrap;\" ><div class=\"fusion-builder-row fusion-row\"><div class=\"fusion-layout-column fusion_builder_column fusion-builder-column-0 fusion_builder_column_1_3 1_3 fusion-one-third fusion-column-first\" style=\"--awb-bg-size:cover;width:30.6666%; margin-right: 4%;\"><div class=\"fusion-column-wrapper fusion-flex-column-wrapper-legacy\"><div class=\"fusion-image-element in-legacy-container\" style=\"--awb-caption-title-font-family:var(--h2_typography-font-family);--awb-caption-title-font-weight:var(--h2_typography-font-weight);--awb-caption-title-font-style:var(--h2_typography-font-style);--awb-caption-title-size:var(--h2_typography-font-size);--awb-caption-title-transform:var(--h2_typography-text-transform);--awb-caption-title-line-height:var(--h2_typography-line-height);--awb-caption-title-letter-spacing:var(--h2_typography-letter-spacing);\"><span class=\" fusion-imageframe imageframe-none imageframe-1 hover-type-none\"><a href=\"https:\/\/www.fries-kt.com\/wp-content\/uploads\/Hobbock-mit-Flachstelle-30-l.jpg\" class=\"fusion-lightbox\" data-rel=\"iLightbox[2ecf987053e54154888]\" data-caption=\"Hobbock Kunststoff mit Flachstelle lebensmittelecht und UN 30 l\" data-title=\"Hobbock Kunststoff mit Flachstelle lebensmittelecht und UN 30 l\" title=\"Hobbock Kunststoff mit Flachstelle lebensmittelecht und UN 30 l\"><img decoding=\"async\" width=\"242\" height=\"242\" alt=\"Hobbock Kunststoff mit Flachstelle lebensmittelecht und UN 30 l\" src=\"https:\/\/www.fries-kt.com\/wp-content\/uploads\/Hobbock-mit-Flachstelle-30-l.jpg\" class=\"img-responsive wp-image-24542\" srcset=\"https:\/\/www.fries-kt.com\/wp-content\/uploads\/Hobbock-mit-Flachstelle-30-l-66x66.jpg 66w, https:\/\/www.fries-kt.com\/wp-content\/uploads\/Hobbock-mit-Flachstelle-30-l-150x150.jpg 150w, https:\/\/www.fries-kt.com\/wp-content\/uploads\/Hobbock-mit-Flachstelle-30-l.jpg 242w\" sizes=\"(max-width: 242px) 100vw, 242px\" \/><\/a><\/span><\/div><div class=\"fusion-text fusion-text-1 color-verpackung gr\u00fcn\"><h4><a href=\"https:\/\/www.fries-kt.com\/wp-content\/uploads\/Hobbock-30l-mit-Flachstelle.pdf\" target=\"_blank\" rel=\"noopener noreferrer\">T\u00e9l\u00e9charger la brochure<\/a><\/h4>\n<\/div><div class=\"fusion-alignleft\"><a class=\"fusion-button button-flat fusion-button-default-size button-custom fusion-button-default button-1 fusion-button-default-span fusion-button-default-type color-verpackung\" style=\"--button_accent_color:#ffffff;--button_border_color:#00997c;--button_accent_hover_color:#ffffff;--button_border_hover_color:#00997c;--button_gradient_top_color:#00997c;--button_gradient_bottom_color:#00997c;--button_gradient_top_color_hover:#00997c;--button_gradient_bottom_color_hover:#00997c;--button_text_transform:none;--button_margin-top:10px;--button_margin-bottom:20px;\" target=\"_self\" href=\"https:\/\/www.fries-kt.com\/fr\/contact\/?amp;your-subject=Seau tonnelet avec m\u00e9plat (PE) 30 l\"><span class=\"fusion-button-text awb-button__text awb-button__text--default\">Demandez maintenant<\/span><\/a><\/div><div class=\"fusion-clearfix\"><\/div><\/div><\/div><div class=\"fusion-layout-column fusion_builder_column fusion-builder-column-1 fusion_builder_column_2_3 2_3 fusion-two-third fusion-column-last\" style=\"--awb-bg-size:cover;width:65.3333%;\"><div class=\"fusion-column-wrapper fusion-flex-column-wrapper-legacy\"><div class=\"fusion-text fusion-text-2 color-verpackung gr\u00fcn\"><h1>Seau tonnelet avec m\u00e9plat (PE) 30 l<\/h1>\n<p><strong>M\u00e9plat pour bec d\u00e9verseur| S\u00e9curit\u00e9 de transport \u00e9lev\u00e9e | R\u00e9sistant au froid | Conforme \u00e0 une utilisation alimentaire<\/strong><\/p>\n<ul>\n<li>la construction du m\u00e9plat avec interface pour le montage de robinets de remplissage garantit une tr\u00e8s bonne \u00e9tanch\u00e9it\u00e9 entre le hobbock et le robinet de remplissage<\/li>\n<li>Seau en plastique r\u00e9sistant en poly\u00e9thyl\u00e8ne (PE-HD) &#8211; r\u00e9sistant aux chocs et aux impacts<\/li>\n<li>Poign\u00e9es coquille de forme ergonomique pour un transport facile<\/li>\n<li>Si\u00e8ge du couvercle tr\u00e8s serr\u00e9 pour une s\u00e9curit\u00e9 de transport \u00e9lev\u00e9e<\/li>\n<li>R\u00e9sistant au froid jusqu&#8217;\u00e0 -30 \u00b0C<\/li>\n<li>Facile \u00e0 ouvrir gr\u00e2ce aux oeillets sur le couvercle<\/li>\n<li>Disponible en couleur<\/li>\n<li>Conforme \u00e0 une utilisation alimentaire selon les normes CE 1935\/2004, CE 2023\/2006 et CE 10\/2011 dans la version en vigueur pour les simulateurs A, B, C, D1, D2, E &#8211; pour la version standard couleur NATURE et BLANC (autres couleurs sur demande)<\/li>\n<li>Peut \u00eatre con\u00e7u par s\u00e9rigraphie (uniquement sans autorisation LMR)<\/li>\n<\/ul>\n<p><strong>En option :<\/strong><\/p>\n<ul>\n<li>certification halal sur demande<\/li>\n<li>Peut \u00eatre \u00e9quip\u00e9 d&#8217;un couvercle imperm\u00e9able (mousse d&#8217;\u00e9tanch\u00e9it\u00e9 PU) selon ADR 6.1.5.2.6. al. 2 *<sup>1)<\/sup><\/li>\n<li>Variante avec embout de vissage pour robinet de vidange KALTEX (sans homologation UN) ou bec verseur extractible (sans homologation UN) possible<\/li>\n<\/ul>\n<p><sup>*1)<\/sup> Bidon rempli d&#8217;eau (98 %) ; Conditions normales :<br \/>\na) 5\u00a0min couch\u00e9 lat\u00e9ralement<br \/>\nb) 24\u00a0heures debout &#8220;\u00e0 l&#8217;envers&#8221;<br \/>\npas de fuite de liquide d\u00e9tectable<\/p>\n<\/div><div class=\"fusion-clearfix\"><\/div><\/div><\/div><\/div><\/div>\n","protected":false},"excerpt":{"rendered":"","protected":false},"author":4,"featured_media":0,"parent":20006,"menu_order":0,"comment_status":"closed","ping_status":"closed","template":"","meta":{"_acf_changed":false,"footnotes":""},"class_list":["post-24565","page","type-page","status-publish","hentry"],"acf":[],"yoast_head":"<!-- This site is optimized with the Yoast SEO plugin v26.8 - https:\/\/yoast.com\/product\/yoast-seo-wordpress\/ -->\n<title>Seau tonnelet avec m\u00e9plat pour bec d\u00e9verseur | 30\u00a0litres<\/title>\n<meta name=\"description\" content=\"Seau tonnelet en plastique PE avec interface pour le montage de robinet de puisage \u2714R\u00e9sistant au froid \u2714Coloration possible \u2714Conformit\u00e9 UN \u25b6Demande\" \/>\n<meta name=\"robots\" content=\"index, follow, max-snippet:-1, max-image-preview:large, max-video-preview:-1\" \/>\n<link rel=\"canonical\" href=\"https:\/\/www.fries-kt.com\/fr\/produits\/emballage\/seaux\/seau-hobbock-avec-meplat-pe-30-l\/\" \/>\n<meta name=\"twitter:label1\" content=\"Dur\u00e9e de lecture estim\u00e9e\" \/>\n\t<meta name=\"twitter:data1\" content=\"2 minutes\" \/>\n<script type=\"application\/ld+json\" class=\"yoast-schema-graph\">{\"@context\":\"https:\/\/schema.org\",\"@graph\":[{\"@type\":\"WebPage\",\"@id\":\"https:\/\/www.fries-kt.com\/fr\/produits\/emballage\/seaux\/seau-hobbock-avec-meplat-pe-30-l\/\",\"url\":\"https:\/\/www.fries-kt.com\/fr\/produits\/emballage\/seaux\/seau-hobbock-avec-meplat-pe-30-l\/\",\"name\":\"Seau tonnelet avec m\u00e9plat pour bec d\u00e9verseur | 30\u00a0litres\",\"isPartOf\":{\"@id\":\"https:\/\/www.fries-kt.com\/#website\"},\"primaryImageOfPage\":{\"@id\":\"https:\/\/www.fries-kt.com\/fr\/produits\/emballage\/seaux\/seau-hobbock-avec-meplat-pe-30-l\/#primaryimage\"},\"image\":{\"@id\":\"https:\/\/www.fries-kt.com\/fr\/produits\/emballage\/seaux\/seau-hobbock-avec-meplat-pe-30-l\/#primaryimage\"},\"thumbnailUrl\":\"https:\/\/www.fries-kt.com\/wp-content\/uploads\/Hobbock-mit-Flachstelle-30-l.jpg\",\"datePublished\":\"2019-03-04T12:43:55+00:00\",\"dateModified\":\"2025-06-24T13:39:34+00:00\",\"description\":\"Seau tonnelet en plastique PE avec interface pour le montage de robinet de puisage \u2714R\u00e9sistant au froid \u2714Coloration possible \u2714Conformit\u00e9 UN \u25b6Demande\",\"breadcrumb\":{\"@id\":\"https:\/\/www.fries-kt.com\/fr\/produits\/emballage\/seaux\/seau-hobbock-avec-meplat-pe-30-l\/#breadcrumb\"},\"inLanguage\":\"fr-FR\",\"potentialAction\":[{\"@type\":\"ReadAction\",\"target\":[\"https:\/\/www.fries-kt.com\/fr\/produits\/emballage\/seaux\/seau-hobbock-avec-meplat-pe-30-l\/\"]}]},{\"@type\":\"ImageObject\",\"inLanguage\":\"fr-FR\",\"@id\":\"https:\/\/www.fries-kt.com\/fr\/produits\/emballage\/seaux\/seau-hobbock-avec-meplat-pe-30-l\/#primaryimage\",\"url\":\"https:\/\/www.fries-kt.com\/wp-content\/uploads\/Hobbock-mit-Flachstelle-30-l.jpg\",\"contentUrl\":\"https:\/\/www.fries-kt.com\/wp-content\/uploads\/Hobbock-mit-Flachstelle-30-l.jpg\"},{\"@type\":\"BreadcrumbList\",\"@id\":\"https:\/\/www.fries-kt.com\/fr\/produits\/emballage\/seaux\/seau-hobbock-avec-meplat-pe-30-l\/#breadcrumb\",\"itemListElement\":[{\"@type\":\"ListItem\",\"position\":1,\"name\":\"Home\",\"item\":\"https:\/\/www.fries-kt.com\/fr\/\"},{\"@type\":\"ListItem\",\"position\":2,\"name\":\"Produits\",\"item\":\"https:\/\/www.fries-kt.com\/fr\/produits\/\"},{\"@type\":\"ListItem\",\"position\":3,\"name\":\"Emballage\",\"item\":\"https:\/\/www.fries-kt.com\/fr\/produits\/emballage\/\"},{\"@type\":\"ListItem\",\"position\":4,\"name\":\"Seaux\",\"item\":\"https:\/\/www.fries-kt.com\/fr\/produits\/emballage\/seaux\/\"},{\"@type\":\"ListItem\",\"position\":5,\"name\":\"Seau tonnelet avec m\u00e9plat (PE) 30 l\"}]},{\"@type\":\"WebSite\",\"@id\":\"https:\/\/www.fries-kt.com\/#website\",\"url\":\"https:\/\/www.fries-kt.com\/\",\"name\":\"FRIES\",\"description\":\"\",\"publisher\":{\"@id\":\"https:\/\/www.fries-kt.com\/#organization\"},\"potentialAction\":[{\"@type\":\"SearchAction\",\"target\":{\"@type\":\"EntryPoint\",\"urlTemplate\":\"https:\/\/www.fries-kt.com\/?s={search_term_string}\"},\"query-input\":{\"@type\":\"PropertyValueSpecification\",\"valueRequired\":true,\"valueName\":\"search_term_string\"}}],\"inLanguage\":\"fr-FR\"},{\"@type\":\"Organization\",\"@id\":\"https:\/\/www.fries-kt.com\/#organization\",\"name\":\"FRIES Kunststofftechnik GmbH\",\"url\":\"https:\/\/www.fries-kt.com\/\",\"logo\":{\"@type\":\"ImageObject\",\"inLanguage\":\"fr-FR\",\"@id\":\"https:\/\/www.fries-kt.com\/#\/schema\/logo\/image\/\",\"url\":\"https:\/\/www.fries-kt.com\/wp-content\/uploads\/fries-logo.png\",\"contentUrl\":\"https:\/\/www.fries-kt.com\/wp-content\/uploads\/fries-logo.png\",\"width\":120,\"height\":60,\"caption\":\"FRIES Kunststofftechnik GmbH\"},\"image\":{\"@id\":\"https:\/\/www.fries-kt.com\/#\/schema\/logo\/image\/\"},\"sameAs\":[\"https:\/\/www.facebook.com\/FRIESKunststofftechnik\/\",\"https:\/\/www.youtube.com\/channel\/UCc2UgnWJ9Y_-pIXbDIek7wQ\"]}]}<\/script>\n<!-- \/ Yoast SEO plugin. -->","yoast_head_json":{"title":"Seau tonnelet avec m\u00e9plat pour bec d\u00e9verseur | 30\u00a0litres","description":"Seau tonnelet en plastique PE avec interface pour le montage de robinet de puisage \u2714R\u00e9sistant au froid \u2714Coloration possible \u2714Conformit\u00e9 UN \u25b6Demande","robots":{"index":"index","follow":"follow","max-snippet":"max-snippet:-1","max-image-preview":"max-image-preview:large","max-video-preview":"max-video-preview:-1"},"canonical":"https:\/\/www.fries-kt.com\/fr\/produits\/emballage\/seaux\/seau-hobbock-avec-meplat-pe-30-l\/","twitter_misc":{"Dur\u00e9e de lecture estim\u00e9e":"2 minutes"},"schema":{"@context":"https:\/\/schema.org","@graph":[{"@type":"WebPage","@id":"https:\/\/www.fries-kt.com\/fr\/produits\/emballage\/seaux\/seau-hobbock-avec-meplat-pe-30-l\/","url":"https:\/\/www.fries-kt.com\/fr\/produits\/emballage\/seaux\/seau-hobbock-avec-meplat-pe-30-l\/","name":"Seau tonnelet avec m\u00e9plat pour bec d\u00e9verseur | 30\u00a0litres","isPartOf":{"@id":"https:\/\/www.fries-kt.com\/#website"},"primaryImageOfPage":{"@id":"https:\/\/www.fries-kt.com\/fr\/produits\/emballage\/seaux\/seau-hobbock-avec-meplat-pe-30-l\/#primaryimage"},"image":{"@id":"https:\/\/www.fries-kt.com\/fr\/produits\/emballage\/seaux\/seau-hobbock-avec-meplat-pe-30-l\/#primaryimage"},"thumbnailUrl":"https:\/\/www.fries-kt.com\/wp-content\/uploads\/Hobbock-mit-Flachstelle-30-l.jpg","datePublished":"2019-03-04T12:43:55+00:00","dateModified":"2025-06-24T13:39:34+00:00","description":"Seau tonnelet en plastique PE avec interface pour le montage de robinet de puisage \u2714R\u00e9sistant au froid \u2714Coloration possible \u2714Conformit\u00e9 UN \u25b6Demande","breadcrumb":{"@id":"https:\/\/www.fries-kt.com\/fr\/produits\/emballage\/seaux\/seau-hobbock-avec-meplat-pe-30-l\/#breadcrumb"},"inLanguage":"fr-FR","potentialAction":[{"@type":"ReadAction","target":["https:\/\/www.fries-kt.com\/fr\/produits\/emballage\/seaux\/seau-hobbock-avec-meplat-pe-30-l\/"]}]},{"@type":"ImageObject","inLanguage":"fr-FR","@id":"https:\/\/www.fries-kt.com\/fr\/produits\/emballage\/seaux\/seau-hobbock-avec-meplat-pe-30-l\/#primaryimage","url":"https:\/\/www.fries-kt.com\/wp-content\/uploads\/Hobbock-mit-Flachstelle-30-l.jpg","contentUrl":"https:\/\/www.fries-kt.com\/wp-content\/uploads\/Hobbock-mit-Flachstelle-30-l.jpg"},{"@type":"BreadcrumbList","@id":"https:\/\/www.fries-kt.com\/fr\/produits\/emballage\/seaux\/seau-hobbock-avec-meplat-pe-30-l\/#breadcrumb","itemListElement":[{"@type":"ListItem","position":1,"name":"Home","item":"https:\/\/www.fries-kt.com\/fr\/"},{"@type":"ListItem","position":2,"name":"Produits","item":"https:\/\/www.fries-kt.com\/fr\/produits\/"},{"@type":"ListItem","position":3,"name":"Emballage","item":"https:\/\/www.fries-kt.com\/fr\/produits\/emballage\/"},{"@type":"ListItem","position":4,"name":"Seaux","item":"https:\/\/www.fries-kt.com\/fr\/produits\/emballage\/seaux\/"},{"@type":"ListItem","position":5,"name":"Seau tonnelet avec m\u00e9plat (PE) 30 l"}]},{"@type":"WebSite","@id":"https:\/\/www.fries-kt.com\/#website","url":"https:\/\/www.fries-kt.com\/","name":"FRIES","description":"","publisher":{"@id":"https:\/\/www.fries-kt.com\/#organization"},"potentialAction":[{"@type":"SearchAction","target":{"@type":"EntryPoint","urlTemplate":"https:\/\/www.fries-kt.com\/?s={search_term_string}"},"query-input":{"@type":"PropertyValueSpecification","valueRequired":true,"valueName":"search_term_string"}}],"inLanguage":"fr-FR"},{"@type":"Organization","@id":"https:\/\/www.fries-kt.com\/#organization","name":"FRIES Kunststofftechnik GmbH","url":"https:\/\/www.fries-kt.com\/","logo":{"@type":"ImageObject","inLanguage":"fr-FR","@id":"https:\/\/www.fries-kt.com\/#\/schema\/logo\/image\/","url":"https:\/\/www.fries-kt.com\/wp-content\/uploads\/fries-logo.png","contentUrl":"https:\/\/www.fries-kt.com\/wp-content\/uploads\/fries-logo.png","width":120,"height":60,"caption":"FRIES Kunststofftechnik GmbH"},"image":{"@id":"https:\/\/www.fries-kt.com\/#\/schema\/logo\/image\/"},"sameAs":["https:\/\/www.facebook.com\/FRIESKunststofftechnik\/","https:\/\/www.youtube.com\/channel\/UCc2UgnWJ9Y_-pIXbDIek7wQ"]}]}},"_links":{"self":[{"href":"https:\/\/www.fries-kt.com\/fr\/wp-json\/wp\/v2\/pages\/24565","targetHints":{"allow":["GET"]}}],"collection":[{"href":"https:\/\/www.fries-kt.com\/fr\/wp-json\/wp\/v2\/pages"}],"about":[{"href":"https:\/\/www.fries-kt.com\/fr\/wp-json\/wp\/v2\/types\/page"}],"author":[{"embeddable":true,"href":"https:\/\/www.fries-kt.com\/fr\/wp-json\/wp\/v2\/users\/4"}],"replies":[{"embeddable":true,"href":"https:\/\/www.fries-kt.com\/fr\/wp-json\/wp\/v2\/comments?post=24565"}],"version-history":[{"count":14,"href":"https:\/\/www.fries-kt.com\/fr\/wp-json\/wp\/v2\/pages\/24565\/revisions"}],"predecessor-version":[{"id":64819,"href":"https:\/\/www.fries-kt.com\/fr\/wp-json\/wp\/v2\/pages\/24565\/revisions\/64819"}],"up":[{"embeddable":true,"href":"https:\/\/www.fries-kt.com\/fr\/wp-json\/wp\/v2\/pages\/20006"}],"wp:attachment":[{"href":"https:\/\/www.fries-kt.com\/fr\/wp-json\/wp\/v2\/media?parent=24565"}],"curies":[{"name":"wp","href":"https:\/\/api.w.org\/{rel}","templated":true}]}}