{"id":33807,"date":"2021-06-17T13:32:02","date_gmt":"2021-06-17T11:32:02","guid":{"rendered":"https:\/\/www.fries-kt.com\/?page_id=33807"},"modified":"2021-06-18T10:25:17","modified_gmt":"2021-06-18T08:25:17","slug":"guide-des-emballages-industriels","status":"publish","type":"page","link":"https:\/\/www.fries-kt.com\/fr\/produits\/emballage\/guide-des-emballages-industriels\/","title":{"rendered":"Guide des emballages industriels"},"content":{"rendered":"<div class=\"fusion-fullwidth fullwidth-box fusion-builder-row-1 fusion-flex-container nonhundred-percent-fullwidth non-hundred-percent-height-scrolling\" style=\"--awb-border-radius-top-left:0px;--awb-border-radius-top-right:0px;--awb-border-radius-bottom-right:0px;--awb-border-radius-bottom-left:0px;--awb-flex-wrap:wrap;\" ><div class=\"fusion-builder-row fusion-row fusion-flex-align-items-flex-start fusion-flex-content-wrap\" style=\"max-width:1144px;margin-left: calc(-4% \/ 2 );margin-right: calc(-4% \/ 2 );\"><div class=\"fusion-layout-column fusion_builder_column fusion-builder-column-0 fusion_builder_column_1_1 1_1 fusion-flex-column\" style=\"--awb-bg-size:cover;--awb-width-large:100%;--awb-margin-top-large:0px;--awb-spacing-right-large:1.92%;--awb-margin-bottom-large:20px;--awb-spacing-left-large:1.92%;--awb-width-medium:100%;--awb-order-medium:0;--awb-spacing-right-medium:1.92%;--awb-spacing-left-medium:1.92%;--awb-width-small:100%;--awb-order-small:0;--awb-spacing-right-small:1.92%;--awb-spacing-left-small:1.92%;\"><div class=\"fusion-column-wrapper fusion-column-has-shadow fusion-flex-justify-content-flex-start fusion-content-layout-column\"><div class=\"fusion-text fusion-text-1 color-verpackung gr\u00fcn\"><h1>Guide des emballages industriels<\/h1>\n<\/div><div class=\"fusion-separator fusion-full-width-sep\" style=\"align-self: center;margin-left: auto;margin-right: auto;margin-top:20px;margin-bottom:10px;width:100%;\"><\/div><\/div><\/div><div class=\"fusion-layout-column fusion_builder_column fusion-builder-column-1 fusion_builder_column_1_3 1_3 fusion-flex-column\" style=\"--awb-bg-size:cover;--awb-width-large:33.333333333333%;--awb-margin-top-large:0px;--awb-spacing-right-large:5.76%;--awb-margin-bottom-large:20px;--awb-spacing-left-large:5.76%;--awb-width-medium:100%;--awb-order-medium:0;--awb-spacing-right-medium:1.92%;--awb-spacing-left-medium:1.92%;--awb-width-small:100%;--awb-order-small:0;--awb-spacing-right-small:1.92%;--awb-spacing-left-small:1.92%;\"><div class=\"fusion-column-wrapper fusion-column-has-shadow fusion-flex-justify-content-flex-start fusion-content-layout-column\"><div class=\"fusion-image-element \" style=\"text-align:center;--awb-max-width:100px;--awb-caption-title-font-family:var(--h2_typography-font-family);--awb-caption-title-font-weight:var(--h2_typography-font-weight);--awb-caption-title-font-style:var(--h2_typography-font-style);--awb-caption-title-size:var(--h2_typography-font-size);--awb-caption-title-transform:var(--h2_typography-text-transform);--awb-caption-title-line-height:var(--h2_typography-line-height);--awb-caption-title-letter-spacing:var(--h2_typography-letter-spacing);\"><span class=\" fusion-imageframe imageframe-none imageframe-1 hover-type-none\"><a class=\"fusion-no-lightbox\" href=\"https:\/\/www.fries-kt.com\/produits\/emballage\/guide-des-emballages-industriels\/emballages-avec-certifications-un-pour-matieres-dangereuses\/?lang=fr\" target=\"_self\" aria-label=\"un-zulassung-symbol\"><img decoding=\"async\" width=\"591\" height=\"591\" alt=\"certification un\" src=\"https:\/\/www.fries-kt.com\/wp-content\/uploads\/un-zulassung-symbol-3.jpg\" class=\"img-responsive wp-image-33809\" srcset=\"https:\/\/www.fries-kt.com\/wp-content\/uploads\/un-zulassung-symbol-3-200x200.jpg 200w, https:\/\/www.fries-kt.com\/wp-content\/uploads\/un-zulassung-symbol-3-400x400.jpg 400w, https:\/\/www.fries-kt.com\/wp-content\/uploads\/un-zulassung-symbol-3.jpg 591w\" sizes=\"(max-width: 1024px) 100vw, (max-width: 1455px) 100vw, 400px\" \/><\/a><\/span><\/div><div class=\"fusion-separator fusion-full-width-sep\" style=\"align-self: center;margin-left: auto;margin-right: auto;margin-top:10px;margin-bottom:10px;width:100%;\"><\/div><div class=\"fusion-text fusion-text-2 color-verpackung gr\u00fcn\" style=\"--awb-content-alignment:center;\"><h3><a href=\"https:\/\/www.fries-kt.com\/produits\/emballage\/guide-des-emballages-industriels\/emballages-avec-certifications-un-pour-matieres-dangereuses\/?lang=fr\">Emballages de marchandises dangereuses avec certification UN<\/a><\/h3>\n<\/div><div class=\"fusion-text fusion-text-3\"><p>Les emballages de marchandises dangereuses doivent \u00eatre conformes \u00e0 des dispositions particuli\u00e8res et \u00eatre pourvus de marquages UN. Diff\u00e9rentes dispositions sont \u00e0 respecter en fonction de la voie et du type de transport.<\/p>\n<\/div><div class=\"fusion-text fusion-text-4\"><p style=\"text-align: right;\"><a href=\"https:\/\/www.fries-kt.com\/produits\/emballage\/guide-des-emballages-industriels\/emballages-avec-certifications-un-pour-matieres-dangereuses\/?lang=fr\">Plus d&#8217;infos\u00a0&gt;&gt;<\/a><\/p>\n<\/div><\/div><\/div><div class=\"fusion-layout-column fusion_builder_column fusion-builder-column-2 fusion_builder_column_1_3 1_3 fusion-flex-column\" style=\"--awb-bg-size:cover;--awb-width-large:33.333333333333%;--awb-margin-top-large:0px;--awb-spacing-right-large:5.76%;--awb-margin-bottom-large:20px;--awb-spacing-left-large:5.76%;--awb-width-medium:100%;--awb-order-medium:0;--awb-spacing-right-medium:1.92%;--awb-spacing-left-medium:1.92%;--awb-width-small:100%;--awb-order-small:0;--awb-spacing-right-small:1.92%;--awb-spacing-left-small:1.92%;\"><div class=\"fusion-column-wrapper fusion-column-has-shadow fusion-flex-justify-content-flex-start fusion-content-layout-column\"><div class=\"fusion-image-element \" style=\"text-align:center;--awb-max-width:100px;--awb-caption-title-font-family:var(--h2_typography-font-family);--awb-caption-title-font-weight:var(--h2_typography-font-weight);--awb-caption-title-font-style:var(--h2_typography-font-style);--awb-caption-title-size:var(--h2_typography-font-size);--awb-caption-title-transform:var(--h2_typography-text-transform);--awb-caption-title-line-height:var(--h2_typography-line-height);--awb-caption-title-letter-spacing:var(--h2_typography-letter-spacing);\"><span class=\" fusion-imageframe imageframe-none imageframe-2 hover-type-none\"><a class=\"fusion-no-lightbox\" href=\"https:\/\/www.fries-kt.com\/produits\/emballage\/guide-des-emballages-industriels\/emballages-de-qualite-alimentaire\/?lang=fr\" target=\"_self\" aria-label=\"lebensmittelecht\"><img decoding=\"async\" width=\"452\" height=\"452\" alt=\"qualite alimentaire\" src=\"https:\/\/www.fries-kt.com\/wp-content\/uploads\/lebensmittelecht-3.jpg\" class=\"img-responsive wp-image-33812\" srcset=\"https:\/\/www.fries-kt.com\/wp-content\/uploads\/lebensmittelecht-3-200x200.jpg 200w, https:\/\/www.fries-kt.com\/wp-content\/uploads\/lebensmittelecht-3-400x400.jpg 400w, https:\/\/www.fries-kt.com\/wp-content\/uploads\/lebensmittelecht-3.jpg 452w\" sizes=\"(max-width: 1024px) 100vw, (max-width: 1455px) 100vw, 400px\" \/><\/a><\/span><\/div><div class=\"fusion-separator fusion-full-width-sep\" style=\"align-self: center;margin-left: auto;margin-right: auto;margin-top:10px;margin-bottom:10px;width:100%;\"><\/div><div class=\"fusion-text fusion-text-5 color-verpackung gr\u00fcn\" style=\"--awb-content-alignment:center;\"><h3><a href=\"https:\/\/www.fries-kt.com\/produits\/emballage\/guide-des-emballages-industriels\/emballages-de-qualite-alimentaire\/?lang=fr\">Emballages de qualit\u00e9 alimentaire<\/a><\/h3>\n<\/div><div class=\"fusion-text fusion-text-6\"><p>Les emballages entrant en contact avec des denr\u00e9es alimentaires doivent \u00eatre de qualit\u00e9 alimentaire. Les emballages alimentaires doivent respecter certaines dispositions afin de garantir qu\u2019ils sont sans risque pour la sant\u00e9.<\/p>\n<\/div><div class=\"fusion-text fusion-text-7\"><p style=\"text-align: right;\"><a href=\"https:\/\/www.fries-kt.com\/produits\/emballage\/guide-des-emballages-industriels\/emballages-de-qualite-alimentaire\/?lang=fr\">Plus d&#8217;infos\u00a0&gt;&gt;<\/a><\/p>\n<\/div><\/div><\/div><div class=\"fusion-layout-column fusion_builder_column fusion-builder-column-3 fusion_builder_column_1_3 1_3 fusion-flex-column\" style=\"--awb-bg-size:cover;--awb-width-large:33.333333333333%;--awb-margin-top-large:0px;--awb-spacing-right-large:5.76%;--awb-margin-bottom-large:20px;--awb-spacing-left-large:5.76%;--awb-width-medium:100%;--awb-order-medium:0;--awb-spacing-right-medium:1.92%;--awb-spacing-left-medium:1.92%;--awb-width-small:100%;--awb-order-small:0;--awb-spacing-right-small:1.92%;--awb-spacing-left-small:1.92%;\"><div class=\"fusion-column-wrapper fusion-column-has-shadow fusion-flex-justify-content-flex-start fusion-content-layout-column\"><div class=\"fusion-image-element \" style=\"text-align:center;--awb-max-width:100px;--awb-caption-title-font-family:var(--h2_typography-font-family);--awb-caption-title-font-weight:var(--h2_typography-font-weight);--awb-caption-title-font-style:var(--h2_typography-font-style);--awb-caption-title-size:var(--h2_typography-font-size);--awb-caption-title-transform:var(--h2_typography-text-transform);--awb-caption-title-line-height:var(--h2_typography-line-height);--awb-caption-title-letter-spacing:var(--h2_typography-letter-spacing);\"><span class=\" fusion-imageframe imageframe-none imageframe-3 hover-type-none\"><a class=\"fusion-no-lightbox\" href=\"https:\/\/www.fries-kt.com\/produits\/emballage\/guide-des-emballages-industriels\/emballages-dissipateurs\/?lang=fr\" target=\"_self\" aria-label=\"elektrisch-ableitf\u00e4hig-symbol-bearbeitet\"><img decoding=\"async\" width=\"620\" height=\"620\" alt=\"dissibateurs\" src=\"https:\/\/www.fries-kt.com\/wp-content\/uploads\/elektrisch-ableitfaehig-symbol-bearbeitet-3.jpg\" class=\"img-responsive wp-image-33814\" srcset=\"https:\/\/www.fries-kt.com\/wp-content\/uploads\/elektrisch-ableitfaehig-symbol-bearbeitet-3-200x200.jpg 200w, https:\/\/www.fries-kt.com\/wp-content\/uploads\/elektrisch-ableitfaehig-symbol-bearbeitet-3-400x400.jpg 400w, https:\/\/www.fries-kt.com\/wp-content\/uploads\/elektrisch-ableitfaehig-symbol-bearbeitet-3-600x600.jpg 600w, https:\/\/www.fries-kt.com\/wp-content\/uploads\/elektrisch-ableitfaehig-symbol-bearbeitet-3.jpg 620w\" sizes=\"(max-width: 1024px) 100vw, (max-width: 1455px) 100vw, 400px\" \/><\/a><\/span><\/div><div class=\"fusion-separator fusion-full-width-sep\" style=\"align-self: center;margin-left: auto;margin-right: auto;margin-top:10px;margin-bottom:10px;width:100%;\"><\/div><div class=\"fusion-text fusion-text-8 color-verpackung gr\u00fcn\" style=\"--awb-content-alignment:center;\"><h3><a href=\"https:\/\/www.fries-kt.com\/produits\/emballage\/guide-des-emballages-industriels\/emballages-dissipateurs\/?lang=fr\">Emballages dissipateurs<\/a><\/h3>\n<\/div><div class=\"fusion-text fusion-text-9\"><p>Les emballages dissipateurs sont utilis\u00e9s dans les zones pr\u00e9sentant un risque d\u2019explosion et d\u2019incendie. Les propri\u00e9t\u00e9s dissipatrices des emballages emp\u00eachent toute charge statique du contenu et contribuent ainsi \u00e0 la protection contre les explosions.<\/p>\n<\/div><div class=\"fusion-text fusion-text-10\"><p style=\"text-align: right;\"><a href=\"https:\/\/www.fries-kt.com\/produits\/emballage\/guide-des-emballages-industriels\/emballages-dissipateurs\/?lang=fr\">Plus d&#8217;infos\u00a0&gt;&gt;<\/a><\/p>\n<\/div><\/div><\/div><\/div><\/div>\n","protected":false},"excerpt":{"rendered":"","protected":false},"author":22,"featured_media":0,"parent":19853,"menu_order":0,"comment_status":"closed","ping_status":"closed","template":"","meta":{"_acf_changed":false,"footnotes":""},"class_list":["post-33807","page","type-page","status-publish","hentry"],"acf":[],"yoast_head":"<!-- This site is optimized with the Yoast SEO plugin v26.8 - https:\/\/yoast.com\/product\/yoast-seo-wordpress\/ -->\n<title>Guide des emballages industriels | FRIES Kunststofftechnik GmbH<\/title>\n<meta name=\"description\" content=\"D\u00e9couvrez le guide des emballages en plastique \u2714Emballages avec certification UN \u2714Emballages de qualit\u00e9 alimentaire \u2714Emballages dissipateurs\" \/>\n<meta name=\"robots\" content=\"index, follow, max-snippet:-1, max-image-preview:large, max-video-preview:-1\" \/>\n<link rel=\"canonical\" href=\"https:\/\/www.fries-kt.com\/fr\/produits\/emballage\/guide-des-emballages-industriels\/\" \/>\n<meta name=\"twitter:label1\" content=\"Dur\u00e9e de lecture estim\u00e9e\" \/>\n\t<meta name=\"twitter:data1\" content=\"5 minutes\" \/>\n<script type=\"application\/ld+json\" class=\"yoast-schema-graph\">{\"@context\":\"https:\/\/schema.org\",\"@graph\":[{\"@type\":\"WebPage\",\"@id\":\"https:\/\/www.fries-kt.com\/fr\/produits\/emballage\/guide-des-emballages-industriels\/\",\"url\":\"https:\/\/www.fries-kt.com\/fr\/produits\/emballage\/guide-des-emballages-industriels\/\",\"name\":\"Guide des emballages industriels | FRIES Kunststofftechnik GmbH\",\"isPartOf\":{\"@id\":\"https:\/\/www.fries-kt.com\/#website\"},\"datePublished\":\"2021-06-17T11:32:02+00:00\",\"dateModified\":\"2021-06-18T08:25:17+00:00\",\"description\":\"D\u00e9couvrez le guide des emballages en plastique \u2714Emballages avec certification UN \u2714Emballages de qualit\u00e9 alimentaire \u2714Emballages dissipateurs\",\"breadcrumb\":{\"@id\":\"https:\/\/www.fries-kt.com\/fr\/produits\/emballage\/guide-des-emballages-industriels\/#breadcrumb\"},\"inLanguage\":\"fr-FR\",\"potentialAction\":[{\"@type\":\"ReadAction\",\"target\":[\"https:\/\/www.fries-kt.com\/fr\/produits\/emballage\/guide-des-emballages-industriels\/\"]}]},{\"@type\":\"BreadcrumbList\",\"@id\":\"https:\/\/www.fries-kt.com\/fr\/produits\/emballage\/guide-des-emballages-industriels\/#breadcrumb\",\"itemListElement\":[{\"@type\":\"ListItem\",\"position\":1,\"name\":\"Home\",\"item\":\"https:\/\/www.fries-kt.com\/fr\/\"},{\"@type\":\"ListItem\",\"position\":2,\"name\":\"Produits\",\"item\":\"https:\/\/www.fries-kt.com\/fr\/produits\/\"},{\"@type\":\"ListItem\",\"position\":3,\"name\":\"Emballage\",\"item\":\"https:\/\/www.fries-kt.com\/fr\/produits\/emballage\/\"},{\"@type\":\"ListItem\",\"position\":4,\"name\":\"Guide des emballages industriels\"}]},{\"@type\":\"WebSite\",\"@id\":\"https:\/\/www.fries-kt.com\/#website\",\"url\":\"https:\/\/www.fries-kt.com\/\",\"name\":\"FRIES\",\"description\":\"\",\"publisher\":{\"@id\":\"https:\/\/www.fries-kt.com\/#organization\"},\"potentialAction\":[{\"@type\":\"SearchAction\",\"target\":{\"@type\":\"EntryPoint\",\"urlTemplate\":\"https:\/\/www.fries-kt.com\/?s={search_term_string}\"},\"query-input\":{\"@type\":\"PropertyValueSpecification\",\"valueRequired\":true,\"valueName\":\"search_term_string\"}}],\"inLanguage\":\"fr-FR\"},{\"@type\":\"Organization\",\"@id\":\"https:\/\/www.fries-kt.com\/#organization\",\"name\":\"FRIES Kunststofftechnik GmbH\",\"url\":\"https:\/\/www.fries-kt.com\/\",\"logo\":{\"@type\":\"ImageObject\",\"inLanguage\":\"fr-FR\",\"@id\":\"https:\/\/www.fries-kt.com\/#\/schema\/logo\/image\/\",\"url\":\"https:\/\/www.fries-kt.com\/wp-content\/uploads\/fries-logo.png\",\"contentUrl\":\"https:\/\/www.fries-kt.com\/wp-content\/uploads\/fries-logo.png\",\"width\":120,\"height\":60,\"caption\":\"FRIES Kunststofftechnik GmbH\"},\"image\":{\"@id\":\"https:\/\/www.fries-kt.com\/#\/schema\/logo\/image\/\"},\"sameAs\":[\"https:\/\/www.facebook.com\/FRIESKunststofftechnik\/\",\"https:\/\/www.youtube.com\/channel\/UCc2UgnWJ9Y_-pIXbDIek7wQ\"]}]}<\/script>\n<!-- \/ Yoast SEO plugin. -->","yoast_head_json":{"title":"Guide des emballages industriels | FRIES Kunststofftechnik GmbH","description":"D\u00e9couvrez le guide des emballages en plastique \u2714Emballages avec certification UN \u2714Emballages de qualit\u00e9 alimentaire \u2714Emballages dissipateurs","robots":{"index":"index","follow":"follow","max-snippet":"max-snippet:-1","max-image-preview":"max-image-preview:large","max-video-preview":"max-video-preview:-1"},"canonical":"https:\/\/www.fries-kt.com\/fr\/produits\/emballage\/guide-des-emballages-industriels\/","twitter_misc":{"Dur\u00e9e de lecture estim\u00e9e":"5 minutes"},"schema":{"@context":"https:\/\/schema.org","@graph":[{"@type":"WebPage","@id":"https:\/\/www.fries-kt.com\/fr\/produits\/emballage\/guide-des-emballages-industriels\/","url":"https:\/\/www.fries-kt.com\/fr\/produits\/emballage\/guide-des-emballages-industriels\/","name":"Guide des emballages industriels | FRIES Kunststofftechnik GmbH","isPartOf":{"@id":"https:\/\/www.fries-kt.com\/#website"},"datePublished":"2021-06-17T11:32:02+00:00","dateModified":"2021-06-18T08:25:17+00:00","description":"D\u00e9couvrez le guide des emballages en plastique \u2714Emballages avec certification UN \u2714Emballages de qualit\u00e9 alimentaire \u2714Emballages dissipateurs","breadcrumb":{"@id":"https:\/\/www.fries-kt.com\/fr\/produits\/emballage\/guide-des-emballages-industriels\/#breadcrumb"},"inLanguage":"fr-FR","potentialAction":[{"@type":"ReadAction","target":["https:\/\/www.fries-kt.com\/fr\/produits\/emballage\/guide-des-emballages-industriels\/"]}]},{"@type":"BreadcrumbList","@id":"https:\/\/www.fries-kt.com\/fr\/produits\/emballage\/guide-des-emballages-industriels\/#breadcrumb","itemListElement":[{"@type":"ListItem","position":1,"name":"Home","item":"https:\/\/www.fries-kt.com\/fr\/"},{"@type":"ListItem","position":2,"name":"Produits","item":"https:\/\/www.fries-kt.com\/fr\/produits\/"},{"@type":"ListItem","position":3,"name":"Emballage","item":"https:\/\/www.fries-kt.com\/fr\/produits\/emballage\/"},{"@type":"ListItem","position":4,"name":"Guide des emballages industriels"}]},{"@type":"WebSite","@id":"https:\/\/www.fries-kt.com\/#website","url":"https:\/\/www.fries-kt.com\/","name":"FRIES","description":"","publisher":{"@id":"https:\/\/www.fries-kt.com\/#organization"},"potentialAction":[{"@type":"SearchAction","target":{"@type":"EntryPoint","urlTemplate":"https:\/\/www.fries-kt.com\/?s={search_term_string}"},"query-input":{"@type":"PropertyValueSpecification","valueRequired":true,"valueName":"search_term_string"}}],"inLanguage":"fr-FR"},{"@type":"Organization","@id":"https:\/\/www.fries-kt.com\/#organization","name":"FRIES Kunststofftechnik GmbH","url":"https:\/\/www.fries-kt.com\/","logo":{"@type":"ImageObject","inLanguage":"fr-FR","@id":"https:\/\/www.fries-kt.com\/#\/schema\/logo\/image\/","url":"https:\/\/www.fries-kt.com\/wp-content\/uploads\/fries-logo.png","contentUrl":"https:\/\/www.fries-kt.com\/wp-content\/uploads\/fries-logo.png","width":120,"height":60,"caption":"FRIES Kunststofftechnik GmbH"},"image":{"@id":"https:\/\/www.fries-kt.com\/#\/schema\/logo\/image\/"},"sameAs":["https:\/\/www.facebook.com\/FRIESKunststofftechnik\/","https:\/\/www.youtube.com\/channel\/UCc2UgnWJ9Y_-pIXbDIek7wQ"]}]}},"_links":{"self":[{"href":"https:\/\/www.fries-kt.com\/fr\/wp-json\/wp\/v2\/pages\/33807","targetHints":{"allow":["GET"]}}],"collection":[{"href":"https:\/\/www.fries-kt.com\/fr\/wp-json\/wp\/v2\/pages"}],"about":[{"href":"https:\/\/www.fries-kt.com\/fr\/wp-json\/wp\/v2\/types\/page"}],"author":[{"embeddable":true,"href":"https:\/\/www.fries-kt.com\/fr\/wp-json\/wp\/v2\/users\/22"}],"replies":[{"embeddable":true,"href":"https:\/\/www.fries-kt.com\/fr\/wp-json\/wp\/v2\/comments?post=33807"}],"version-history":[{"count":3,"href":"https:\/\/www.fries-kt.com\/fr\/wp-json\/wp\/v2\/pages\/33807\/revisions"}],"predecessor-version":[{"id":33837,"href":"https:\/\/www.fries-kt.com\/fr\/wp-json\/wp\/v2\/pages\/33807\/revisions\/33837"}],"up":[{"embeddable":true,"href":"https:\/\/www.fries-kt.com\/fr\/wp-json\/wp\/v2\/pages\/19853"}],"wp:attachment":[{"href":"https:\/\/www.fries-kt.com\/fr\/wp-json\/wp\/v2\/media?parent=33807"}],"curies":[{"name":"wp","href":"https:\/\/api.w.org\/{rel}","templated":true}]}}