{"id":39646,"date":"2022-12-20T12:38:53","date_gmt":"2022-12-20T10:38:53","guid":{"rendered":"https:\/\/www.fries-kt.com\/besteck\/"},"modified":"2024-10-15T08:56:52","modified_gmt":"2024-10-15T06:56:52","slug":"couverts","status":"publish","type":"page","link":"https:\/\/www.fries-kt.com\/fr\/produits\/gastronomie\/vaisselle-reutilisable\/couverts\/","title":{"rendered":"Couverts"},"content":{"rendered":"<p><div class=\"fusion-fullwidth fullwidth-box fusion-builder-row-1 nonhundred-percent-fullwidth non-hundred-percent-height-scrolling\" style=\"--awb-background-position:left top;--awb-border-radius-top-left:0px;--awb-border-radius-top-right:0px;--awb-border-radius-bottom-right:0px;--awb-border-radius-bottom-left:0px;--awb-padding-top:20px;--awb-padding-right:0px;--awb-padding-bottom:20px;--awb-padding-left:0px;--awb-border-sizes-top:0px;--awb-border-sizes-bottom:0px;--awb-flex-wrap:wrap;\" ><div class=\"fusion-builder-row fusion-row\"><div class=\"fusion-layout-column fusion_builder_column fusion-builder-column-0 fusion_builder_column_1_3 1_3 fusion-one-third fusion-column-first\" style=\"--awb-bg-size:cover;width:33.333333333333%;width:calc(33.333333333333% - ( ( 4% ) * 0.33333333333333 ) );margin-right: 4%;\"><div class=\"fusion-column-wrapper fusion-column-has-shadow fusion-flex-column-wrapper-legacy\"><div class=\"fusion-image-element in-legacy-container\" style=\"--awb-caption-title-font-family:var(--h2_typography-font-family);--awb-caption-title-font-weight:var(--h2_typography-font-weight);--awb-caption-title-font-style:var(--h2_typography-font-style);--awb-caption-title-size:var(--h2_typography-font-size);--awb-caption-title-transform:var(--h2_typography-text-transform);--awb-caption-title-line-height:var(--h2_typography-line-height);--awb-caption-title-letter-spacing:var(--h2_typography-letter-spacing);\"><span class=\" fusion-imageframe imageframe-none imageframe-1 hover-type-none\"><img decoding=\"async\" width=\"242\" height=\"150\" title=\"Fries rack Logo\" src=\"https:\/\/www.fries-kt.com\/wp-content\/uploads\/Fries-rack-logo-website3.png\" alt class=\"img-responsive wp-image-39977\"\/><\/span><\/div><div class=\"fusion-clearfix\"><\/div><\/div><\/div><div class=\"fusion-layout-column fusion_builder_column fusion-builder-column-1 fusion_builder_column_2_3 2_3 fusion-two-third fusion-column-last\" style=\"--awb-bg-size:cover;width:66.666666666667%;width:calc(66.666666666667% - ( ( 4% ) * 0.66666666666667 ) );\"><div class=\"fusion-column-wrapper fusion-column-has-shadow fusion-flex-column-wrapper-legacy\"><div class=\"fusion-text fusion-text-1 color-gastro blau\" style=\"--awb-text-transform:none;\"><h1>Couverts<\/h1>\n<p>Les couverts r\u00e9utilisables solides compl\u00e8tent la gamme de vaisselle r\u00e9utilisable. Les couverts en plastique de qualit\u00e9 sup\u00e9rieure sont \u00e0 la fois robustes et esth\u00e9tiques et ont \u00e9t\u00e9 sp\u00e9cialement con\u00e7us pour les \u00e9v\u00e9nements.<\/p>\n<\/div><div class=\"fusion-clearfix\"><\/div><\/div><\/div><\/div><\/div><div class=\"fusion-fullwidth fullwidth-box fusion-builder-row-2 fusion-flex-container nonhundred-percent-fullwidth non-hundred-percent-height-scrolling\" style=\"--awb-border-radius-top-left:0px;--awb-border-radius-top-right:0px;--awb-border-radius-bottom-right:0px;--awb-border-radius-bottom-left:0px;--awb-flex-wrap:wrap;\" ><div class=\"fusion-builder-row fusion-row fusion-flex-align-items-flex-start fusion-flex-content-wrap\" style=\"max-width:1144px;margin-left: calc(-4% \/ 2 );margin-right: calc(-4% \/ 2 );\"><div class=\"fusion-layout-column fusion_builder_column fusion-builder-column-2 fusion_builder_column_1_3 1_3 fusion-flex-column\" style=\"--awb-bg-size:cover;--awb-width-large:33.333333333333%;--awb-margin-top-large:0px;--awb-spacing-right-large:5.76%;--awb-margin-bottom-large:20px;--awb-spacing-left-large:5.76%;--awb-width-medium:100%;--awb-order-medium:0;--awb-spacing-right-medium:1.92%;--awb-spacing-left-medium:1.92%;--awb-width-small:100%;--awb-order-small:0;--awb-spacing-right-small:1.92%;--awb-spacing-left-small:1.92%;\"><div class=\"fusion-column-wrapper fusion-column-has-shadow fusion-flex-justify-content-flex-start fusion-content-layout-column\"><div class=\"fusion-image-element \" style=\"--awb-caption-title-font-family:var(--h2_typography-font-family);--awb-caption-title-font-weight:var(--h2_typography-font-weight);--awb-caption-title-font-style:var(--h2_typography-font-style);--awb-caption-title-size:var(--h2_typography-font-size);--awb-caption-title-transform:var(--h2_typography-text-transform);--awb-caption-title-line-height:var(--h2_typography-line-height);--awb-caption-title-letter-spacing:var(--h2_typography-letter-spacing);\"><span class=\" fusion-imageframe imageframe-none imageframe-2 hover-type-none\"><img decoding=\"async\" width=\"250\" height=\"250\" title=\"Besteck_freigestellt\" src=\"https:\/\/www.fries-kt.com\/wp-content\/uploads\/Besteck_freigestellt.png\" alt class=\"img-responsive wp-image-37792\" srcset=\"https:\/\/www.fries-kt.com\/wp-content\/uploads\/Besteck_freigestellt-200x200.png 200w, https:\/\/www.fries-kt.com\/wp-content\/uploads\/Besteck_freigestellt.png 250w\" sizes=\"(max-width: 1024px) 100vw, (max-width: 1455px) 100vw, 250px\" \/><\/span><\/div><div class=\"fusion-text fusion-text-2 color-gastro blau\" style=\"--awb-text-transform:none;\"><h4><a href=\"https:\/\/www.fries-kt.com\/wp-content\/uploads\/FR_2024_Prospekt_Mehrweggeschirr_FRIES_web.pdf\" target=\"_blank\" rel=\"noopener\">T\u00e9l\u00e9charger la brochure<\/a><\/h4>\n<\/div><div style=\"text-align:left;\"><a class=\"fusion-button button-flat fusion-button-default-size button-custom fusion-button-default button-1 fusion-button-default-span fusion-button-default-type color-verpackung\" style=\"--button_accent_color:#ffffff;--button_border_color:#143a84;--button_accent_hover_color:#ffffff;--button_border_hover_color:#143a84;--button_gradient_top_color:#143a84;--button_gradient_bottom_color:#143a84;--button_gradient_top_color_hover:#143a84;--button_gradient_bottom_color_hover:#143a84;--button_text_transform:none;--button_margin-top:20px;--button_margin-bottom:20px;\" target=\"_self\" href=\"https:\/\/www.fries-kt.com\/fr\/contact\/?amp;your-subject=Anfrage Besteck\"><span class=\"fusion-button-text awb-button__text awb-button__text--default\">Demander maintenant<\/span><\/a><\/div><\/div><\/div><div class=\"fusion-layout-column fusion_builder_column fusion-builder-column-3 fusion_builder_column_2_3 2_3 fusion-flex-column\" style=\"--awb-bg-size:cover;--awb-width-large:66.666666666667%;--awb-margin-top-large:0px;--awb-spacing-right-large:2.88%;--awb-margin-bottom-large:20px;--awb-spacing-left-large:3.84%;--awb-width-medium:100%;--awb-spacing-right-medium:1.92%;--awb-spacing-left-medium:1.92%;--awb-width-small:100%;--awb-spacing-right-small:1.92%;--awb-spacing-left-small:1.92%;\"><div class=\"fusion-column-wrapper fusion-flex-justify-content-flex-start fusion-content-layout-column\"><div class=\"fusion-text fusion-text-3 color-gastro blau\" style=\"--awb-text-transform:none;\"><p><strong>Les avantages\u00a0:<\/strong><\/p>\n<ul>\n<li>Couverts r\u00e9utilisables en polypropyl\u00e8ne bio<\/li>\n<li>faible poids<\/li>\n<li>ind\u00e9formable<\/li>\n<li>incassable<\/li>\n<li>empilable et peu encombrant<\/li>\n<li>disponible en blanc<\/li>\n<\/ul>\n<\/div><\/div><\/div><\/div><\/div><\/p>\n","protected":false},"excerpt":{"rendered":"","protected":false},"author":4,"featured_media":0,"parent":39901,"menu_order":0,"comment_status":"closed","ping_status":"closed","template":"","meta":{"_acf_changed":false,"footnotes":""},"class_list":["post-39646","page","type-page","status-publish","hentry"],"acf":[],"yoast_head":"<!-- This site is optimized with the Yoast SEO plugin v26.8 - https:\/\/yoast.com\/product\/yoast-seo-wordpress\/ -->\n<title>Couverts r\u00e9utilisables en plastique | Id\u00e9al pour votre \u00e9v\u00e9nement | FRIES Rack<\/title>\n<meta name=\"description\" content=\"D\u00e9couvrez les couverts solides et r\u00e9utilisables en plastique durable \u2714pour le lave-vaisselle \u2714empilable et peu encombrant \u2714poids r\u00e9duit\" \/>\n<meta name=\"robots\" content=\"index, follow, max-snippet:-1, max-image-preview:large, max-video-preview:-1\" \/>\n<link rel=\"canonical\" href=\"https:\/\/www.fries-kt.com\/fr\/produits\/gastronomie\/vaisselle-reutilisable\/couverts\/\" \/>\n<meta name=\"twitter:label1\" content=\"Dur\u00e9e de lecture estim\u00e9e\" \/>\n\t<meta name=\"twitter:data1\" content=\"1 minute\" \/>\n<script type=\"application\/ld+json\" class=\"yoast-schema-graph\">{\"@context\":\"https:\/\/schema.org\",\"@graph\":[{\"@type\":\"WebPage\",\"@id\":\"https:\/\/www.fries-kt.com\/fr\/produits\/gastronomie\/vaisselle-reutilisable\/couverts\/\",\"url\":\"https:\/\/www.fries-kt.com\/fr\/produits\/gastronomie\/vaisselle-reutilisable\/couverts\/\",\"name\":\"Couverts r\u00e9utilisables en plastique | Id\u00e9al pour votre \u00e9v\u00e9nement | FRIES Rack\",\"isPartOf\":{\"@id\":\"https:\/\/www.fries-kt.com\/#website\"},\"datePublished\":\"2022-12-20T10:38:53+00:00\",\"dateModified\":\"2024-10-15T06:56:52+00:00\",\"description\":\"D\u00e9couvrez les couverts solides et r\u00e9utilisables en plastique durable \u2714pour le lave-vaisselle \u2714empilable et peu encombrant \u2714poids r\u00e9duit\",\"breadcrumb\":{\"@id\":\"https:\/\/www.fries-kt.com\/fr\/produits\/gastronomie\/vaisselle-reutilisable\/couverts\/#breadcrumb\"},\"inLanguage\":\"fr-FR\",\"potentialAction\":[{\"@type\":\"ReadAction\",\"target\":[\"https:\/\/www.fries-kt.com\/fr\/produits\/gastronomie\/vaisselle-reutilisable\/couverts\/\"]}]},{\"@type\":\"BreadcrumbList\",\"@id\":\"https:\/\/www.fries-kt.com\/fr\/produits\/gastronomie\/vaisselle-reutilisable\/couverts\/#breadcrumb\",\"itemListElement\":[{\"@type\":\"ListItem\",\"position\":1,\"name\":\"Home\",\"item\":\"https:\/\/www.fries-kt.com\/fr\/\"},{\"@type\":\"ListItem\",\"position\":2,\"name\":\"Produits\",\"item\":\"https:\/\/www.fries-kt.com\/fr\/produits\/\"},{\"@type\":\"ListItem\",\"position\":3,\"name\":\"Syst\u00e8mes de restauration\",\"item\":\"https:\/\/www.fries-kt.com\/fr\/produits\/gastronomie\/\"},{\"@type\":\"ListItem\",\"position\":4,\"name\":\"Vaisselle r\u00e9utilisable\",\"item\":\"https:\/\/www.fries-kt.com\/fr\/produits\/gastronomie\/vaisselle-reutilisable\/\"},{\"@type\":\"ListItem\",\"position\":5,\"name\":\"Couverts\"}]},{\"@type\":\"WebSite\",\"@id\":\"https:\/\/www.fries-kt.com\/#website\",\"url\":\"https:\/\/www.fries-kt.com\/\",\"name\":\"FRIES\",\"description\":\"\",\"publisher\":{\"@id\":\"https:\/\/www.fries-kt.com\/#organization\"},\"potentialAction\":[{\"@type\":\"SearchAction\",\"target\":{\"@type\":\"EntryPoint\",\"urlTemplate\":\"https:\/\/www.fries-kt.com\/?s={search_term_string}\"},\"query-input\":{\"@type\":\"PropertyValueSpecification\",\"valueRequired\":true,\"valueName\":\"search_term_string\"}}],\"inLanguage\":\"fr-FR\"},{\"@type\":\"Organization\",\"@id\":\"https:\/\/www.fries-kt.com\/#organization\",\"name\":\"FRIES Kunststofftechnik GmbH\",\"url\":\"https:\/\/www.fries-kt.com\/\",\"logo\":{\"@type\":\"ImageObject\",\"inLanguage\":\"fr-FR\",\"@id\":\"https:\/\/www.fries-kt.com\/#\/schema\/logo\/image\/\",\"url\":\"https:\/\/www.fries-kt.com\/wp-content\/uploads\/fries-logo.png\",\"contentUrl\":\"https:\/\/www.fries-kt.com\/wp-content\/uploads\/fries-logo.png\",\"width\":120,\"height\":60,\"caption\":\"FRIES Kunststofftechnik GmbH\"},\"image\":{\"@id\":\"https:\/\/www.fries-kt.com\/#\/schema\/logo\/image\/\"},\"sameAs\":[\"https:\/\/www.facebook.com\/FRIESKunststofftechnik\/\",\"https:\/\/www.youtube.com\/channel\/UCc2UgnWJ9Y_-pIXbDIek7wQ\"]}]}<\/script>\n<!-- \/ Yoast SEO plugin. -->","yoast_head_json":{"title":"Couverts r\u00e9utilisables en plastique | Id\u00e9al pour votre \u00e9v\u00e9nement | FRIES Rack","description":"D\u00e9couvrez les couverts solides et r\u00e9utilisables en plastique durable \u2714pour le lave-vaisselle \u2714empilable et peu encombrant \u2714poids r\u00e9duit","robots":{"index":"index","follow":"follow","max-snippet":"max-snippet:-1","max-image-preview":"max-image-preview:large","max-video-preview":"max-video-preview:-1"},"canonical":"https:\/\/www.fries-kt.com\/fr\/produits\/gastronomie\/vaisselle-reutilisable\/couverts\/","twitter_misc":{"Dur\u00e9e de lecture estim\u00e9e":"1 minute"},"schema":{"@context":"https:\/\/schema.org","@graph":[{"@type":"WebPage","@id":"https:\/\/www.fries-kt.com\/fr\/produits\/gastronomie\/vaisselle-reutilisable\/couverts\/","url":"https:\/\/www.fries-kt.com\/fr\/produits\/gastronomie\/vaisselle-reutilisable\/couverts\/","name":"Couverts r\u00e9utilisables en plastique | Id\u00e9al pour votre \u00e9v\u00e9nement | FRIES Rack","isPartOf":{"@id":"https:\/\/www.fries-kt.com\/#website"},"datePublished":"2022-12-20T10:38:53+00:00","dateModified":"2024-10-15T06:56:52+00:00","description":"D\u00e9couvrez les couverts solides et r\u00e9utilisables en plastique durable \u2714pour le lave-vaisselle \u2714empilable et peu encombrant \u2714poids r\u00e9duit","breadcrumb":{"@id":"https:\/\/www.fries-kt.com\/fr\/produits\/gastronomie\/vaisselle-reutilisable\/couverts\/#breadcrumb"},"inLanguage":"fr-FR","potentialAction":[{"@type":"ReadAction","target":["https:\/\/www.fries-kt.com\/fr\/produits\/gastronomie\/vaisselle-reutilisable\/couverts\/"]}]},{"@type":"BreadcrumbList","@id":"https:\/\/www.fries-kt.com\/fr\/produits\/gastronomie\/vaisselle-reutilisable\/couverts\/#breadcrumb","itemListElement":[{"@type":"ListItem","position":1,"name":"Home","item":"https:\/\/www.fries-kt.com\/fr\/"},{"@type":"ListItem","position":2,"name":"Produits","item":"https:\/\/www.fries-kt.com\/fr\/produits\/"},{"@type":"ListItem","position":3,"name":"Syst\u00e8mes de restauration","item":"https:\/\/www.fries-kt.com\/fr\/produits\/gastronomie\/"},{"@type":"ListItem","position":4,"name":"Vaisselle r\u00e9utilisable","item":"https:\/\/www.fries-kt.com\/fr\/produits\/gastronomie\/vaisselle-reutilisable\/"},{"@type":"ListItem","position":5,"name":"Couverts"}]},{"@type":"WebSite","@id":"https:\/\/www.fries-kt.com\/#website","url":"https:\/\/www.fries-kt.com\/","name":"FRIES","description":"","publisher":{"@id":"https:\/\/www.fries-kt.com\/#organization"},"potentialAction":[{"@type":"SearchAction","target":{"@type":"EntryPoint","urlTemplate":"https:\/\/www.fries-kt.com\/?s={search_term_string}"},"query-input":{"@type":"PropertyValueSpecification","valueRequired":true,"valueName":"search_term_string"}}],"inLanguage":"fr-FR"},{"@type":"Organization","@id":"https:\/\/www.fries-kt.com\/#organization","name":"FRIES Kunststofftechnik GmbH","url":"https:\/\/www.fries-kt.com\/","logo":{"@type":"ImageObject","inLanguage":"fr-FR","@id":"https:\/\/www.fries-kt.com\/#\/schema\/logo\/image\/","url":"https:\/\/www.fries-kt.com\/wp-content\/uploads\/fries-logo.png","contentUrl":"https:\/\/www.fries-kt.com\/wp-content\/uploads\/fries-logo.png","width":120,"height":60,"caption":"FRIES Kunststofftechnik GmbH"},"image":{"@id":"https:\/\/www.fries-kt.com\/#\/schema\/logo\/image\/"},"sameAs":["https:\/\/www.facebook.com\/FRIESKunststofftechnik\/","https:\/\/www.youtube.com\/channel\/UCc2UgnWJ9Y_-pIXbDIek7wQ"]}]}},"_links":{"self":[{"href":"https:\/\/www.fries-kt.com\/fr\/wp-json\/wp\/v2\/pages\/39646","targetHints":{"allow":["GET"]}}],"collection":[{"href":"https:\/\/www.fries-kt.com\/fr\/wp-json\/wp\/v2\/pages"}],"about":[{"href":"https:\/\/www.fries-kt.com\/fr\/wp-json\/wp\/v2\/types\/page"}],"author":[{"embeddable":true,"href":"https:\/\/www.fries-kt.com\/fr\/wp-json\/wp\/v2\/users\/4"}],"replies":[{"embeddable":true,"href":"https:\/\/www.fries-kt.com\/fr\/wp-json\/wp\/v2\/comments?post=39646"}],"version-history":[{"count":7,"href":"https:\/\/www.fries-kt.com\/fr\/wp-json\/wp\/v2\/pages\/39646\/revisions"}],"predecessor-version":[{"id":53363,"href":"https:\/\/www.fries-kt.com\/fr\/wp-json\/wp\/v2\/pages\/39646\/revisions\/53363"}],"up":[{"embeddable":true,"href":"https:\/\/www.fries-kt.com\/fr\/wp-json\/wp\/v2\/pages\/39901"}],"wp:attachment":[{"href":"https:\/\/www.fries-kt.com\/fr\/wp-json\/wp\/v2\/media?parent=39646"}],"curies":[{"name":"wp","href":"https:\/\/api.w.org\/{rel}","templated":true}]}}