{"id":39669,"date":"2022-12-20T12:28:07","date_gmt":"2022-12-20T10:28:07","guid":{"rendered":"https:\/\/www.fries-kt.com\/mehrwegteller\/"},"modified":"2023-01-23T12:53:40","modified_gmt":"2023-01-23T10:53:40","slug":"assiettes-reutilisables","status":"publish","type":"page","link":"https:\/\/www.fries-kt.com\/fr\/produits\/gastronomie\/vaisselle-reutilisable\/assiettes-reutilisables\/","title":{"rendered":"Assiettes r\u00e9utilisables"},"content":{"rendered":"<div class=\"fusion-fullwidth fullwidth-box fusion-builder-row-1 nonhundred-percent-fullwidth non-hundred-percent-height-scrolling\" style=\"--awb-background-position:left top;--awb-border-radius-top-left:0px;--awb-border-radius-top-right:0px;--awb-border-radius-bottom-right:0px;--awb-border-radius-bottom-left:0px;--awb-padding-top:20px;--awb-padding-right:0px;--awb-padding-bottom:20px;--awb-padding-left:0px;--awb-border-sizes-top:0px;--awb-border-sizes-bottom:0px;--awb-flex-wrap:wrap;\" ><div class=\"fusion-builder-row fusion-row\"><div class=\"fusion-layout-column fusion_builder_column fusion-builder-column-0 fusion_builder_column_1_3 1_3 fusion-one-third fusion-column-first fusion-column-no-min-height\" style=\"--awb-bg-size:cover;--awb-margin-bottom:0px;width:30.6666%; margin-right: 4%;\"><div class=\"fusion-column-wrapper fusion-flex-column-wrapper-legacy\"><div class=\"fusion-image-element in-legacy-container\" style=\"--awb-caption-title-font-family:var(--h2_typography-font-family);--awb-caption-title-font-weight:var(--h2_typography-font-weight);--awb-caption-title-font-style:var(--h2_typography-font-style);--awb-caption-title-size:var(--h2_typography-font-size);--awb-caption-title-transform:var(--h2_typography-text-transform);--awb-caption-title-line-height:var(--h2_typography-line-height);--awb-caption-title-letter-spacing:var(--h2_typography-letter-spacing);\"><span class=\" fusion-imageframe imageframe-none imageframe-1 hover-type-none\"><img decoding=\"async\" width=\"242\" height=\"150\" title=\"Fries rack Logo\" src=\"https:\/\/www.fries-kt.com\/wp-content\/uploads\/Fries-rack-logo-website3.png\" alt class=\"img-responsive wp-image-39977\"\/><\/span><\/div><div class=\"fusion-clearfix\"><\/div><\/div><\/div><div class=\"fusion-layout-column fusion_builder_column fusion-builder-column-1 fusion_builder_column_2_3 2_3 fusion-two-third fusion-column-last fusion-column-no-min-height\" style=\"--awb-bg-size:cover;--awb-margin-bottom:0px;width:65.3333%;\"><div class=\"fusion-column-wrapper fusion-flex-column-wrapper-legacy\"><div class=\"fusion-text fusion-text-1 color-gastro blau\" style=\"--awb-text-transform:none;\"><h1>Assiettes r\u00e9utilisables<\/h1>\n<p><strong>Nos assiettes r\u00e9utilisables sont disponibles en diff\u00e9rents mod\u00e8les et tailles. <\/strong><\/p>\n<p>Les assiettes r\u00e9utilisables innovantes s\u00e9duisent particuli\u00e8rement par leur design moderne et ont \u00e9t\u00e9 sp\u00e9cialement con\u00e7ues pour \u00eatre utilis\u00e9es lors d&#8217;\u00e9v\u00e9nements et dans la restauration. Gr\u00e2ce \u00e0 l&#8217;utilisation de plastique de haute qualit\u00e9, elles sont \u00e0 la fois solides et esth\u00e9tiques.<\/p>\n<\/div><div class=\"fusion-clearfix\"><\/div><\/div><\/div><div class=\"fusion-layout-column fusion_builder_column fusion-builder-column-2 fusion_builder_column_1_3 1_3 fusion-one-third fusion-column-first\" style=\"--awb-bg-size:cover;width:30.6666%; margin-right: 4%;\"><div class=\"fusion-column-wrapper fusion-flex-column-wrapper-legacy\"><div class=\"fusion-image-element in-legacy-container\" style=\"--awb-caption-title-font-family:var(--h2_typography-font-family);--awb-caption-title-font-weight:var(--h2_typography-font-weight);--awb-caption-title-font-style:var(--h2_typography-font-style);--awb-caption-title-size:var(--h2_typography-font-size);--awb-caption-title-transform:var(--h2_typography-text-transform);--awb-caption-title-line-height:var(--h2_typography-line-height);--awb-caption-title-letter-spacing:var(--h2_typography-letter-spacing);\"><span class=\" fusion-imageframe imageframe-none imageframe-2 hover-type-none\"><a class=\"fusion-no-lightbox\" href=\"https:\/\/www.fries-kt.com\/produits\/gastronomie\/vaisselle-reutilisable\/assiettes-reutilisables\/assiette-plate\/?lang=fr\" target=\"_self\" aria-label=\"mehrwegteller beide\"><img decoding=\"async\" width=\"250\" height=\"250\" src=\"https:\/\/www.fries-kt.com\/wp-content\/uploads\/mehrwegteller-beide.png\" alt class=\"img-responsive wp-image-39927\" srcset=\"https:\/\/www.fries-kt.com\/wp-content\/uploads\/mehrwegteller-beide-200x200.png 200w, https:\/\/www.fries-kt.com\/wp-content\/uploads\/mehrwegteller-beide.png 250w\" sizes=\"(max-width: 0px) 100vw, 250px\" \/><\/a><\/span><\/div><div class=\"fusion-text fusion-text-2 color-gastro blau\" style=\"--awb-text-transform:none;\"><h4><a href=\"https:\/\/www.fries-kt.com\/produits\/gastronomie\/vaisselle-reutilisable\/assiettes-reutilisables\/assiette-plate\/?lang=fr\">Assiette plate \u00d8 18 et 24 cm<\/a><\/h4>\n<\/div><div class=\"fusion-clearfix\"><\/div><\/div><\/div><div class=\"fusion-layout-column fusion_builder_column fusion-builder-column-3 fusion_builder_column_1_3 1_3 fusion-one-third\" style=\"--awb-bg-size:cover;width:30.6666%; margin-right: 4%;\"><div class=\"fusion-column-wrapper fusion-flex-column-wrapper-legacy\"><div class=\"fusion-image-element in-legacy-container\" style=\"--awb-max-width:242px;--awb-caption-title-font-family:var(--h2_typography-font-family);--awb-caption-title-font-weight:var(--h2_typography-font-weight);--awb-caption-title-font-style:var(--h2_typography-font-style);--awb-caption-title-size:var(--h2_typography-font-size);--awb-caption-title-transform:var(--h2_typography-text-transform);--awb-caption-title-line-height:var(--h2_typography-line-height);--awb-caption-title-letter-spacing:var(--h2_typography-letter-spacing);\"><span class=\" fusion-imageframe imageframe-none imageframe-3 hover-type-none\"><a class=\"fusion-no-lightbox\" href=\"https:\/\/www.fries-kt.com\/produits\/gastronomie\/vaisselle-reutilisable\/assiettes-reutilisables\/assiette-a-soupe\/?lang=fr\" target=\"_self\" aria-label=\"Suppenteller2\"><img decoding=\"async\" width=\"250\" height=\"250\" src=\"https:\/\/www.fries-kt.com\/wp-content\/uploads\/Suppenteller2-1.png\" alt class=\"img-responsive wp-image-39932\" srcset=\"https:\/\/www.fries-kt.com\/wp-content\/uploads\/Suppenteller2-1-200x200.png 200w, https:\/\/www.fries-kt.com\/wp-content\/uploads\/Suppenteller2-1.png 250w\" sizes=\"(max-width: 0px) 100vw, 250px\" \/><\/a><\/span><\/div><div class=\"fusion-text fusion-text-3 color-gastro blau\" style=\"--awb-text-transform:none;\"><h4><a href=\"https:\/\/www.fries-kt.com\/produits\/gastronomie\/vaisselle-reutilisable\/assiettes-reutilisables\/assiette-a-soupe\/?lang=fr\">Assiette \u00e0 soupe \u00d8 20 cm<\/a><\/h4>\n<\/div><div class=\"fusion-clearfix\"><\/div><\/div><\/div><div class=\"fusion-layout-column fusion_builder_column fusion-builder-column-4 fusion_builder_column_1_3 1_3 fusion-one-third fusion-column-last\" style=\"--awb-bg-size:cover;width:30.6666%;\"><div class=\"fusion-column-wrapper fusion-flex-column-wrapper-legacy\"><div class=\"fusion-image-element in-legacy-container\" style=\"--awb-caption-title-font-family:var(--h2_typography-font-family);--awb-caption-title-font-weight:var(--h2_typography-font-weight);--awb-caption-title-font-style:var(--h2_typography-font-style);--awb-caption-title-size:var(--h2_typography-font-size);--awb-caption-title-transform:var(--h2_typography-text-transform);--awb-caption-title-line-height:var(--h2_typography-line-height);--awb-caption-title-letter-spacing:var(--h2_typography-letter-spacing);\"><span class=\" fusion-imageframe imageframe-none imageframe-4 hover-type-none\"><a class=\"fusion-no-lightbox\" href=\"https:\/\/www.fries-kt.com\/produits\/gastronomie\/vaisselle-reutilisable\/assiettes-reutilisables\/pro-eventplate\/?lang=fr\" target=\"_self\" aria-label=\"partyteller-m_freigestellt\"><img decoding=\"async\" width=\"242\" height=\"242\" src=\"https:\/\/www.fries-kt.com\/wp-content\/uploads\/partyteller-m_freigestellt.png\" alt class=\"img-responsive wp-image-37799\" srcset=\"https:\/\/www.fries-kt.com\/wp-content\/uploads\/partyteller-m_freigestellt-200x200.png 200w, https:\/\/www.fries-kt.com\/wp-content\/uploads\/partyteller-m_freigestellt.png 242w\" sizes=\"(max-width: 0px) 100vw, 242px\" \/><\/a><\/span><\/div><div class=\"fusion-text fusion-text-4 color-gastro blau\" style=\"--awb-text-transform:none;\"><h4><a href=\"https:\/\/www.fries-kt.com\/produits\/gastronomie\/vaisselle-reutilisable\/assiettes-reutilisables\/pro-eventplate\/?lang=fr\" rel=\"\">Pro Event<\/a><\/h4>\n<\/div><div class=\"fusion-clearfix\"><\/div><\/div><\/div><div class=\"fusion-layout-column fusion_builder_column fusion-builder-column-5 fusion_builder_column_1_3 1_3 fusion-one-third fusion-column-first\" style=\"--awb-bg-size:cover;width:30.6666%; margin-right: 4%;\"><div class=\"fusion-column-wrapper fusion-flex-column-wrapper-legacy\"><div class=\"fusion-image-element in-legacy-container\" style=\"--awb-caption-title-font-family:var(--h2_typography-font-family);--awb-caption-title-font-weight:var(--h2_typography-font-weight);--awb-caption-title-font-style:var(--h2_typography-font-style);--awb-caption-title-size:var(--h2_typography-font-size);--awb-caption-title-transform:var(--h2_typography-text-transform);--awb-caption-title-line-height:var(--h2_typography-line-height);--awb-caption-title-letter-spacing:var(--h2_typography-letter-spacing);\"><span class=\" fusion-imageframe imageframe-none imageframe-5 hover-type-none\"><a class=\"fusion-no-lightbox\" href=\"https:\/\/www.fries-kt.com\/produits\/gastronomie\/vaisselle-reutilisable\/assiettes-reutilisables\/event-plate\/?lang=fr\" target=\"_self\" aria-label=\"decoplates_Champagne_freigestellt\"><img decoding=\"async\" width=\"242\" height=\"242\" src=\"https:\/\/www.fries-kt.com\/wp-content\/uploads\/decoplates_Champagne_freigestellt.png\" alt class=\"img-responsive wp-image-37800\" srcset=\"https:\/\/www.fries-kt.com\/wp-content\/uploads\/decoplates_Champagne_freigestellt-200x200.png 200w, https:\/\/www.fries-kt.com\/wp-content\/uploads\/decoplates_Champagne_freigestellt.png 242w\" sizes=\"(max-width: 0px) 100vw, 242px\" \/><\/a><\/span><\/div><div class=\"fusion-text fusion-text-5 color-gastro blau\" style=\"--awb-text-transform:none;\"><h4><a href=\"https:\/\/www.fries-kt.com\/produits\/gastronomie\/vaisselle-reutilisable\/assiettes-reutilisables\/event-plate\/?lang=fr\" rel=\"\">Event Plate<\/a><\/h4>\n<\/div><div class=\"fusion-clearfix\"><\/div><\/div><\/div><\/div><\/div>\n","protected":false},"excerpt":{"rendered":"","protected":false},"author":4,"featured_media":0,"parent":39901,"menu_order":0,"comment_status":"closed","ping_status":"closed","template":"","meta":{"_acf_changed":false,"footnotes":""},"class_list":["post-39669","page","type-page","status-publish","hentry"],"acf":[],"yoast_head":"<!-- This site is optimized with the Yoast SEO plugin v26.8 - https:\/\/yoast.com\/product\/yoast-seo-wordpress\/ -->\n<title>Assiettes r\u00e9utilisables | Assiettes en plastique pour la restauration | FRIES Rack<\/title>\n<meta name=\"description\" content=\"D\u00e9couvrez la gamme d&#039;assiettes r\u00e9utilisables. Id\u00e9al pour les \u00e9v\u00e9nements et la restauration. \u2714diff\u00e9rentes versions &amp; tailles\" \/>\n<meta name=\"robots\" content=\"index, follow, max-snippet:-1, max-image-preview:large, max-video-preview:-1\" \/>\n<link rel=\"canonical\" href=\"https:\/\/www.fries-kt.com\/fr\/produits\/gastronomie\/vaisselle-reutilisable\/assiettes-reutilisables\/\" \/>\n<meta name=\"twitter:label1\" content=\"Dur\u00e9e de lecture estim\u00e9e\" \/>\n\t<meta name=\"twitter:data1\" content=\"5 minutes\" \/>\n<script type=\"application\/ld+json\" class=\"yoast-schema-graph\">{\"@context\":\"https:\/\/schema.org\",\"@graph\":[{\"@type\":\"WebPage\",\"@id\":\"https:\/\/www.fries-kt.com\/fr\/produits\/gastronomie\/vaisselle-reutilisable\/assiettes-reutilisables\/\",\"url\":\"https:\/\/www.fries-kt.com\/fr\/produits\/gastronomie\/vaisselle-reutilisable\/assiettes-reutilisables\/\",\"name\":\"Assiettes r\u00e9utilisables | Assiettes en plastique pour la restauration | FRIES Rack\",\"isPartOf\":{\"@id\":\"https:\/\/www.fries-kt.com\/#website\"},\"datePublished\":\"2022-12-20T10:28:07+00:00\",\"dateModified\":\"2023-01-23T10:53:40+00:00\",\"description\":\"D\u00e9couvrez la gamme d'assiettes r\u00e9utilisables. Id\u00e9al pour les \u00e9v\u00e9nements et la restauration. \u2714diff\u00e9rentes versions & tailles\",\"breadcrumb\":{\"@id\":\"https:\/\/www.fries-kt.com\/fr\/produits\/gastronomie\/vaisselle-reutilisable\/assiettes-reutilisables\/#breadcrumb\"},\"inLanguage\":\"fr-FR\",\"potentialAction\":[{\"@type\":\"ReadAction\",\"target\":[\"https:\/\/www.fries-kt.com\/fr\/produits\/gastronomie\/vaisselle-reutilisable\/assiettes-reutilisables\/\"]}]},{\"@type\":\"BreadcrumbList\",\"@id\":\"https:\/\/www.fries-kt.com\/fr\/produits\/gastronomie\/vaisselle-reutilisable\/assiettes-reutilisables\/#breadcrumb\",\"itemListElement\":[{\"@type\":\"ListItem\",\"position\":1,\"name\":\"Home\",\"item\":\"https:\/\/www.fries-kt.com\/fr\/\"},{\"@type\":\"ListItem\",\"position\":2,\"name\":\"Produits\",\"item\":\"https:\/\/www.fries-kt.com\/fr\/produits\/\"},{\"@type\":\"ListItem\",\"position\":3,\"name\":\"Syst\u00e8mes de restauration\",\"item\":\"https:\/\/www.fries-kt.com\/fr\/produits\/gastronomie\/\"},{\"@type\":\"ListItem\",\"position\":4,\"name\":\"Vaisselle r\u00e9utilisable\",\"item\":\"https:\/\/www.fries-kt.com\/fr\/produits\/gastronomie\/vaisselle-reutilisable\/\"},{\"@type\":\"ListItem\",\"position\":5,\"name\":\"Assiettes r\u00e9utilisables\"}]},{\"@type\":\"WebSite\",\"@id\":\"https:\/\/www.fries-kt.com\/#website\",\"url\":\"https:\/\/www.fries-kt.com\/\",\"name\":\"FRIES\",\"description\":\"\",\"publisher\":{\"@id\":\"https:\/\/www.fries-kt.com\/#organization\"},\"potentialAction\":[{\"@type\":\"SearchAction\",\"target\":{\"@type\":\"EntryPoint\",\"urlTemplate\":\"https:\/\/www.fries-kt.com\/?s={search_term_string}\"},\"query-input\":{\"@type\":\"PropertyValueSpecification\",\"valueRequired\":true,\"valueName\":\"search_term_string\"}}],\"inLanguage\":\"fr-FR\"},{\"@type\":\"Organization\",\"@id\":\"https:\/\/www.fries-kt.com\/#organization\",\"name\":\"FRIES Kunststofftechnik GmbH\",\"url\":\"https:\/\/www.fries-kt.com\/\",\"logo\":{\"@type\":\"ImageObject\",\"inLanguage\":\"fr-FR\",\"@id\":\"https:\/\/www.fries-kt.com\/#\/schema\/logo\/image\/\",\"url\":\"https:\/\/www.fries-kt.com\/wp-content\/uploads\/fries-logo.png\",\"contentUrl\":\"https:\/\/www.fries-kt.com\/wp-content\/uploads\/fries-logo.png\",\"width\":120,\"height\":60,\"caption\":\"FRIES Kunststofftechnik GmbH\"},\"image\":{\"@id\":\"https:\/\/www.fries-kt.com\/#\/schema\/logo\/image\/\"},\"sameAs\":[\"https:\/\/www.facebook.com\/FRIESKunststofftechnik\/\",\"https:\/\/www.youtube.com\/channel\/UCc2UgnWJ9Y_-pIXbDIek7wQ\"]}]}<\/script>\n<!-- \/ Yoast SEO plugin. -->","yoast_head_json":{"title":"Assiettes r\u00e9utilisables | Assiettes en plastique pour la restauration | FRIES Rack","description":"D\u00e9couvrez la gamme d'assiettes r\u00e9utilisables. Id\u00e9al pour les \u00e9v\u00e9nements et la restauration. \u2714diff\u00e9rentes versions & tailles","robots":{"index":"index","follow":"follow","max-snippet":"max-snippet:-1","max-image-preview":"max-image-preview:large","max-video-preview":"max-video-preview:-1"},"canonical":"https:\/\/www.fries-kt.com\/fr\/produits\/gastronomie\/vaisselle-reutilisable\/assiettes-reutilisables\/","twitter_misc":{"Dur\u00e9e de lecture estim\u00e9e":"5 minutes"},"schema":{"@context":"https:\/\/schema.org","@graph":[{"@type":"WebPage","@id":"https:\/\/www.fries-kt.com\/fr\/produits\/gastronomie\/vaisselle-reutilisable\/assiettes-reutilisables\/","url":"https:\/\/www.fries-kt.com\/fr\/produits\/gastronomie\/vaisselle-reutilisable\/assiettes-reutilisables\/","name":"Assiettes r\u00e9utilisables | Assiettes en plastique pour la restauration | FRIES Rack","isPartOf":{"@id":"https:\/\/www.fries-kt.com\/#website"},"datePublished":"2022-12-20T10:28:07+00:00","dateModified":"2023-01-23T10:53:40+00:00","description":"D\u00e9couvrez la gamme d'assiettes r\u00e9utilisables. Id\u00e9al pour les \u00e9v\u00e9nements et la restauration. \u2714diff\u00e9rentes versions & tailles","breadcrumb":{"@id":"https:\/\/www.fries-kt.com\/fr\/produits\/gastronomie\/vaisselle-reutilisable\/assiettes-reutilisables\/#breadcrumb"},"inLanguage":"fr-FR","potentialAction":[{"@type":"ReadAction","target":["https:\/\/www.fries-kt.com\/fr\/produits\/gastronomie\/vaisselle-reutilisable\/assiettes-reutilisables\/"]}]},{"@type":"BreadcrumbList","@id":"https:\/\/www.fries-kt.com\/fr\/produits\/gastronomie\/vaisselle-reutilisable\/assiettes-reutilisables\/#breadcrumb","itemListElement":[{"@type":"ListItem","position":1,"name":"Home","item":"https:\/\/www.fries-kt.com\/fr\/"},{"@type":"ListItem","position":2,"name":"Produits","item":"https:\/\/www.fries-kt.com\/fr\/produits\/"},{"@type":"ListItem","position":3,"name":"Syst\u00e8mes de restauration","item":"https:\/\/www.fries-kt.com\/fr\/produits\/gastronomie\/"},{"@type":"ListItem","position":4,"name":"Vaisselle r\u00e9utilisable","item":"https:\/\/www.fries-kt.com\/fr\/produits\/gastronomie\/vaisselle-reutilisable\/"},{"@type":"ListItem","position":5,"name":"Assiettes r\u00e9utilisables"}]},{"@type":"WebSite","@id":"https:\/\/www.fries-kt.com\/#website","url":"https:\/\/www.fries-kt.com\/","name":"FRIES","description":"","publisher":{"@id":"https:\/\/www.fries-kt.com\/#organization"},"potentialAction":[{"@type":"SearchAction","target":{"@type":"EntryPoint","urlTemplate":"https:\/\/www.fries-kt.com\/?s={search_term_string}"},"query-input":{"@type":"PropertyValueSpecification","valueRequired":true,"valueName":"search_term_string"}}],"inLanguage":"fr-FR"},{"@type":"Organization","@id":"https:\/\/www.fries-kt.com\/#organization","name":"FRIES Kunststofftechnik GmbH","url":"https:\/\/www.fries-kt.com\/","logo":{"@type":"ImageObject","inLanguage":"fr-FR","@id":"https:\/\/www.fries-kt.com\/#\/schema\/logo\/image\/","url":"https:\/\/www.fries-kt.com\/wp-content\/uploads\/fries-logo.png","contentUrl":"https:\/\/www.fries-kt.com\/wp-content\/uploads\/fries-logo.png","width":120,"height":60,"caption":"FRIES Kunststofftechnik GmbH"},"image":{"@id":"https:\/\/www.fries-kt.com\/#\/schema\/logo\/image\/"},"sameAs":["https:\/\/www.facebook.com\/FRIESKunststofftechnik\/","https:\/\/www.youtube.com\/channel\/UCc2UgnWJ9Y_-pIXbDIek7wQ"]}]}},"_links":{"self":[{"href":"https:\/\/www.fries-kt.com\/fr\/wp-json\/wp\/v2\/pages\/39669","targetHints":{"allow":["GET"]}}],"collection":[{"href":"https:\/\/www.fries-kt.com\/fr\/wp-json\/wp\/v2\/pages"}],"about":[{"href":"https:\/\/www.fries-kt.com\/fr\/wp-json\/wp\/v2\/types\/page"}],"author":[{"embeddable":true,"href":"https:\/\/www.fries-kt.com\/fr\/wp-json\/wp\/v2\/users\/4"}],"replies":[{"embeddable":true,"href":"https:\/\/www.fries-kt.com\/fr\/wp-json\/wp\/v2\/comments?post=39669"}],"version-history":[{"count":12,"href":"https:\/\/www.fries-kt.com\/fr\/wp-json\/wp\/v2\/pages\/39669\/revisions"}],"predecessor-version":[{"id":39947,"href":"https:\/\/www.fries-kt.com\/fr\/wp-json\/wp\/v2\/pages\/39669\/revisions\/39947"}],"up":[{"embeddable":true,"href":"https:\/\/www.fries-kt.com\/fr\/wp-json\/wp\/v2\/pages\/39901"}],"wp:attachment":[{"href":"https:\/\/www.fries-kt.com\/fr\/wp-json\/wp\/v2\/media?parent=39669"}],"curies":[{"name":"wp","href":"https:\/\/api.w.org\/{rel}","templated":true}]}}