{"id":39774,"date":"2022-12-20T12:46:05","date_gmt":"2022-12-20T10:46:05","guid":{"rendered":"https:\/\/www.fries-kt.com\/mehrwegteller\/suppenteller\/"},"modified":"2024-10-15T08:36:24","modified_gmt":"2024-10-15T06:36:24","slug":"assiette-a-soupe","status":"publish","type":"page","link":"https:\/\/www.fries-kt.com\/fr\/produits\/gastronomie\/vaisselle-reutilisable\/assiettes-reutilisables\/assiette-a-soupe\/","title":{"rendered":"Assiette \u00e0 soupe"},"content":{"rendered":"<p><div class=\"fusion-fullwidth fullwidth-box fusion-builder-row-1 nonhundred-percent-fullwidth non-hundred-percent-height-scrolling\" style=\"--awb-border-radius-top-left:0px;--awb-border-radius-top-right:0px;--awb-border-radius-bottom-right:0px;--awb-border-radius-bottom-left:0px;--awb-margin-top:4px;--awb-flex-wrap:wrap;\" ><div class=\"fusion-builder-row fusion-row\"><div class=\"fusion-layout-column fusion_builder_column fusion-builder-column-0 fusion_builder_column_1_3 1_3 fusion-one-third fusion-column-first\" style=\"--awb-bg-size:cover;width:33.333333333333%;width:calc(33.333333333333% - ( ( 4% ) * 0.33333333333333 ) );margin-right: 4%;\"><div class=\"fusion-column-wrapper fusion-column-has-shadow fusion-flex-column-wrapper-legacy\"><div class=\"fusion-image-element in-legacy-container\" style=\"--awb-caption-title-font-family:var(--h2_typography-font-family);--awb-caption-title-font-weight:var(--h2_typography-font-weight);--awb-caption-title-font-style:var(--h2_typography-font-style);--awb-caption-title-size:var(--h2_typography-font-size);--awb-caption-title-transform:var(--h2_typography-text-transform);--awb-caption-title-line-height:var(--h2_typography-line-height);--awb-caption-title-letter-spacing:var(--h2_typography-letter-spacing);\"><span class=\" fusion-imageframe imageframe-none imageframe-1 hover-type-none\"><img decoding=\"async\" width=\"242\" height=\"150\" title=\"Fries rack Logo\" src=\"https:\/\/www.fries-kt.com\/wp-content\/uploads\/Fries-rack-logo-website3.png\" alt class=\"img-responsive wp-image-39977\"\/><\/span><\/div><div class=\"fusion-clearfix\"><\/div><\/div><\/div><div class=\"fusion-layout-column fusion_builder_column fusion-builder-column-1 fusion_builder_column_2_3 2_3 fusion-two-third fusion-column-last\" style=\"--awb-bg-size:cover;width:66.666666666667%;width:calc(66.666666666667% - ( ( 4% ) * 0.66666666666667 ) );\"><div class=\"fusion-column-wrapper fusion-column-has-shadow fusion-flex-column-wrapper-legacy\"><div class=\"fusion-text fusion-text-1 color-gastro blau\" style=\"--awb-text-transform:none;\"><h1>Assiette \u00e0 soupe 20 \u00d8 cm<\/h1>\n<p>Les assiettes \u00e0 soupe en plastique ont \u00e9t\u00e9 con\u00e7ues en particulier pour les \u00e9v\u00e9nements et la restauration. Contrairement au verre, les assiettes creuses r\u00e9utilisables sont extr\u00eamement l\u00e9g\u00e8res tout en \u00e9tant tr\u00e8s solides et incassables.<\/p>\n<\/div><div class=\"fusion-clearfix\"><\/div><\/div><\/div><\/div><\/div><div class=\"fusion-fullwidth fullwidth-box fusion-builder-row-2 nonhundred-percent-fullwidth non-hundred-percent-height-scrolling\" style=\"--awb-background-position:left top;--awb-border-radius-top-left:0px;--awb-border-radius-top-right:0px;--awb-border-radius-bottom-right:0px;--awb-border-radius-bottom-left:0px;--awb-padding-top:20px;--awb-padding-right:0px;--awb-padding-bottom:20px;--awb-padding-left:0px;--awb-border-sizes-top:0px;--awb-border-sizes-bottom:0px;--awb-flex-wrap:wrap;\" ><div class=\"fusion-builder-row fusion-row\"><div class=\"fusion-layout-column fusion_builder_column fusion-builder-column-2 fusion_builder_column_1_3 1_3 fusion-one-third fusion-column-first\" style=\"--awb-bg-size:cover;width:30.6666%; margin-right: 4%;\"><div class=\"fusion-column-wrapper fusion-flex-column-wrapper-legacy\"><div class=\"fusion-image-element in-legacy-container\" style=\"--awb-max-width:242px;--awb-caption-title-font-family:var(--h2_typography-font-family);--awb-caption-title-font-weight:var(--h2_typography-font-weight);--awb-caption-title-font-style:var(--h2_typography-font-style);--awb-caption-title-size:var(--h2_typography-font-size);--awb-caption-title-transform:var(--h2_typography-text-transform);--awb-caption-title-line-height:var(--h2_typography-line-height);--awb-caption-title-letter-spacing:var(--h2_typography-letter-spacing);\"><span class=\" fusion-imageframe imageframe-none imageframe-2 hover-type-none\"><a href=\"https:\/\/www.fries-kt.com\/wp-content\/uploads\/Suppenteller_detail.png\" class=\"fusion-lightbox\" data-rel=\"iLightbox[eb388932921a0d9a6f6]\" data-title=\"Suppenteller_detail\" title=\"Suppenteller_detail\"><img decoding=\"async\" width=\"400\" height=\"400\" src=\"https:\/\/www.fries-kt.com\/wp-content\/uploads\/Suppenteller_detail.png\" alt class=\"img-responsive wp-image-39775\" srcset=\"https:\/\/www.fries-kt.com\/wp-content\/uploads\/Suppenteller_detail-200x200.png 200w, https:\/\/www.fries-kt.com\/wp-content\/uploads\/Suppenteller_detail.png 400w\" sizes=\"(max-width: 0px) 100vw, 400px\" \/><\/a><\/span><\/div><div class=\"fusion-text fusion-text-2 color-gastro blau\" style=\"--awb-text-transform:none;\"><h4><a href=\"https:\/\/www.fries-kt.com\/wp-content\/uploads\/FR_2024_Prospekt_Mehrweggeschirr_FRIES_web.pdf\" target=\"_blank\" rel=\"noopener\">T\u00e9l\u00e9charger la brochure<\/a><\/h4>\n<\/div><div class=\"fusion-alignleft\"><a class=\"fusion-button button-flat fusion-button-default-size button-custom fusion-button-default button-1 fusion-button-default-span fusion-button-default-type color-verpackung\" style=\"--button_accent_color:#ffffff;--button_border_color:#143a84;--button_accent_hover_color:#ffffff;--button_border_hover_color:#143a84;--button_gradient_top_color:#143a84;--button_gradient_bottom_color:#143a84;--button_gradient_top_color_hover:#143a84;--button_gradient_bottom_color_hover:#143a84;--button_text_transform:none;--button_margin-top:20px;--button_margin-bottom:20px;\" target=\"_self\" href=\"https:\/\/www.fries-kt.com\/fr\/contact\/?amp;your-subject=Anfrage Suppenteller\"><span class=\"fusion-button-text awb-button__text awb-button__text--default\">Demander maintenant<\/span><\/a><\/div><div class=\"fusion-clearfix\"><\/div><\/div><\/div><div class=\"fusion-layout-column fusion_builder_column fusion-builder-column-3 fusion_builder_column_2_3 2_3 fusion-two-third fusion-column-last\" style=\"--awb-bg-size:cover;width:65.3333%;\"><div class=\"fusion-column-wrapper fusion-flex-column-wrapper-legacy\"><div class=\"fusion-text fusion-text-3 color-gastro blau\" style=\"--awb-text-transform:none;\"><p><strong>Les avantages\u00a0:<\/strong><\/p>\n<ul>\n<li>Assiettes r\u00e9utilisables en polypropyl\u00e8ne de haute qualit\u00e9<\/li>\n<li>faible poids<\/li>\n<li>ind\u00e9formable<\/li>\n<li>incassable<\/li>\n<li>empilable et peu encombrant<\/li>\n<li>disponible dans la couleur standard blanc pur<\/li>\n<li>autres couleurs sur demande<\/li>\n<li>sur demande avec tampographie<\/li>\n<\/ul>\n<\/div><div class=\"fusion-clearfix\"><\/div><\/div><\/div><\/div><\/div><\/p>\n","protected":false},"excerpt":{"rendered":"","protected":false},"author":4,"featured_media":0,"parent":39669,"menu_order":0,"comment_status":"closed","ping_status":"closed","template":"","meta":{"_acf_changed":false,"footnotes":""},"class_list":["post-39774","page","type-page","status-publish","hentry"],"acf":[],"yoast_head":"<!-- This site is optimized with the Yoast SEO plugin v26.8 - https:\/\/yoast.com\/product\/yoast-seo-wordpress\/ -->\n<title>Assiettes \u00e0 soupe | Assiettes en plastique pour la restauration | FRIES Rack<\/title>\n<meta name=\"description\" content=\"L&#039;assiette \u00e0 soupe en plastique est id\u00e9ale pour les \u00e9v\u00e9nements et la restauration. \u2714incassable \u2714empilable \u2714\u00d8 24 cm \u25b6s&#039;informer maintenant\" \/>\n<meta name=\"robots\" content=\"index, follow, max-snippet:-1, max-image-preview:large, max-video-preview:-1\" \/>\n<link rel=\"canonical\" href=\"https:\/\/www.fries-kt.com\/fr\/produits\/gastronomie\/vaisselle-reutilisable\/assiettes-reutilisables\/assiette-a-soupe\/\" \/>\n<meta name=\"twitter:label1\" content=\"Dur\u00e9e de lecture estim\u00e9e\" \/>\n\t<meta name=\"twitter:data1\" content=\"1 minute\" \/>\n<script type=\"application\/ld+json\" class=\"yoast-schema-graph\">{\"@context\":\"https:\/\/schema.org\",\"@graph\":[{\"@type\":\"WebPage\",\"@id\":\"https:\/\/www.fries-kt.com\/fr\/produits\/gastronomie\/vaisselle-reutilisable\/assiettes-reutilisables\/assiette-a-soupe\/\",\"url\":\"https:\/\/www.fries-kt.com\/fr\/produits\/gastronomie\/vaisselle-reutilisable\/assiettes-reutilisables\/assiette-a-soupe\/\",\"name\":\"Assiettes \u00e0 soupe | Assiettes en plastique pour la restauration | FRIES Rack\",\"isPartOf\":{\"@id\":\"https:\/\/www.fries-kt.com\/#website\"},\"datePublished\":\"2022-12-20T10:46:05+00:00\",\"dateModified\":\"2024-10-15T06:36:24+00:00\",\"description\":\"L'assiette \u00e0 soupe en plastique est id\u00e9ale pour les \u00e9v\u00e9nements et la restauration. \u2714incassable \u2714empilable \u2714\u00d8 24 cm \u25b6s'informer maintenant\",\"breadcrumb\":{\"@id\":\"https:\/\/www.fries-kt.com\/fr\/produits\/gastronomie\/vaisselle-reutilisable\/assiettes-reutilisables\/assiette-a-soupe\/#breadcrumb\"},\"inLanguage\":\"fr-FR\",\"potentialAction\":[{\"@type\":\"ReadAction\",\"target\":[\"https:\/\/www.fries-kt.com\/fr\/produits\/gastronomie\/vaisselle-reutilisable\/assiettes-reutilisables\/assiette-a-soupe\/\"]}]},{\"@type\":\"BreadcrumbList\",\"@id\":\"https:\/\/www.fries-kt.com\/fr\/produits\/gastronomie\/vaisselle-reutilisable\/assiettes-reutilisables\/assiette-a-soupe\/#breadcrumb\",\"itemListElement\":[{\"@type\":\"ListItem\",\"position\":1,\"name\":\"Home\",\"item\":\"https:\/\/www.fries-kt.com\/fr\/\"},{\"@type\":\"ListItem\",\"position\":2,\"name\":\"Produits\",\"item\":\"https:\/\/www.fries-kt.com\/fr\/produits\/\"},{\"@type\":\"ListItem\",\"position\":3,\"name\":\"Syst\u00e8mes de restauration\",\"item\":\"https:\/\/www.fries-kt.com\/fr\/produits\/gastronomie\/\"},{\"@type\":\"ListItem\",\"position\":4,\"name\":\"Vaisselle r\u00e9utilisable\",\"item\":\"https:\/\/www.fries-kt.com\/fr\/produits\/gastronomie\/vaisselle-reutilisable\/\"},{\"@type\":\"ListItem\",\"position\":5,\"name\":\"Assiettes r\u00e9utilisables\",\"item\":\"https:\/\/www.fries-kt.com\/fr\/produits\/gastronomie\/vaisselle-reutilisable\/assiettes-reutilisables\/\"},{\"@type\":\"ListItem\",\"position\":6,\"name\":\"Assiette \u00e0 soupe\"}]},{\"@type\":\"WebSite\",\"@id\":\"https:\/\/www.fries-kt.com\/#website\",\"url\":\"https:\/\/www.fries-kt.com\/\",\"name\":\"FRIES\",\"description\":\"\",\"publisher\":{\"@id\":\"https:\/\/www.fries-kt.com\/#organization\"},\"potentialAction\":[{\"@type\":\"SearchAction\",\"target\":{\"@type\":\"EntryPoint\",\"urlTemplate\":\"https:\/\/www.fries-kt.com\/?s={search_term_string}\"},\"query-input\":{\"@type\":\"PropertyValueSpecification\",\"valueRequired\":true,\"valueName\":\"search_term_string\"}}],\"inLanguage\":\"fr-FR\"},{\"@type\":\"Organization\",\"@id\":\"https:\/\/www.fries-kt.com\/#organization\",\"name\":\"FRIES Kunststofftechnik GmbH\",\"url\":\"https:\/\/www.fries-kt.com\/\",\"logo\":{\"@type\":\"ImageObject\",\"inLanguage\":\"fr-FR\",\"@id\":\"https:\/\/www.fries-kt.com\/#\/schema\/logo\/image\/\",\"url\":\"https:\/\/www.fries-kt.com\/wp-content\/uploads\/fries-logo.png\",\"contentUrl\":\"https:\/\/www.fries-kt.com\/wp-content\/uploads\/fries-logo.png\",\"width\":120,\"height\":60,\"caption\":\"FRIES Kunststofftechnik GmbH\"},\"image\":{\"@id\":\"https:\/\/www.fries-kt.com\/#\/schema\/logo\/image\/\"},\"sameAs\":[\"https:\/\/www.facebook.com\/FRIESKunststofftechnik\/\",\"https:\/\/www.youtube.com\/channel\/UCc2UgnWJ9Y_-pIXbDIek7wQ\"]}]}<\/script>\n<!-- \/ Yoast SEO plugin. -->","yoast_head_json":{"title":"Assiettes \u00e0 soupe | Assiettes en plastique pour la restauration | FRIES Rack","description":"L'assiette \u00e0 soupe en plastique est id\u00e9ale pour les \u00e9v\u00e9nements et la restauration. \u2714incassable \u2714empilable \u2714\u00d8 24 cm \u25b6s'informer maintenant","robots":{"index":"index","follow":"follow","max-snippet":"max-snippet:-1","max-image-preview":"max-image-preview:large","max-video-preview":"max-video-preview:-1"},"canonical":"https:\/\/www.fries-kt.com\/fr\/produits\/gastronomie\/vaisselle-reutilisable\/assiettes-reutilisables\/assiette-a-soupe\/","twitter_misc":{"Dur\u00e9e de lecture estim\u00e9e":"1 minute"},"schema":{"@context":"https:\/\/schema.org","@graph":[{"@type":"WebPage","@id":"https:\/\/www.fries-kt.com\/fr\/produits\/gastronomie\/vaisselle-reutilisable\/assiettes-reutilisables\/assiette-a-soupe\/","url":"https:\/\/www.fries-kt.com\/fr\/produits\/gastronomie\/vaisselle-reutilisable\/assiettes-reutilisables\/assiette-a-soupe\/","name":"Assiettes \u00e0 soupe | Assiettes en plastique pour la restauration | FRIES Rack","isPartOf":{"@id":"https:\/\/www.fries-kt.com\/#website"},"datePublished":"2022-12-20T10:46:05+00:00","dateModified":"2024-10-15T06:36:24+00:00","description":"L'assiette \u00e0 soupe en plastique est id\u00e9ale pour les \u00e9v\u00e9nements et la restauration. \u2714incassable \u2714empilable \u2714\u00d8 24 cm \u25b6s'informer maintenant","breadcrumb":{"@id":"https:\/\/www.fries-kt.com\/fr\/produits\/gastronomie\/vaisselle-reutilisable\/assiettes-reutilisables\/assiette-a-soupe\/#breadcrumb"},"inLanguage":"fr-FR","potentialAction":[{"@type":"ReadAction","target":["https:\/\/www.fries-kt.com\/fr\/produits\/gastronomie\/vaisselle-reutilisable\/assiettes-reutilisables\/assiette-a-soupe\/"]}]},{"@type":"BreadcrumbList","@id":"https:\/\/www.fries-kt.com\/fr\/produits\/gastronomie\/vaisselle-reutilisable\/assiettes-reutilisables\/assiette-a-soupe\/#breadcrumb","itemListElement":[{"@type":"ListItem","position":1,"name":"Home","item":"https:\/\/www.fries-kt.com\/fr\/"},{"@type":"ListItem","position":2,"name":"Produits","item":"https:\/\/www.fries-kt.com\/fr\/produits\/"},{"@type":"ListItem","position":3,"name":"Syst\u00e8mes de restauration","item":"https:\/\/www.fries-kt.com\/fr\/produits\/gastronomie\/"},{"@type":"ListItem","position":4,"name":"Vaisselle r\u00e9utilisable","item":"https:\/\/www.fries-kt.com\/fr\/produits\/gastronomie\/vaisselle-reutilisable\/"},{"@type":"ListItem","position":5,"name":"Assiettes r\u00e9utilisables","item":"https:\/\/www.fries-kt.com\/fr\/produits\/gastronomie\/vaisselle-reutilisable\/assiettes-reutilisables\/"},{"@type":"ListItem","position":6,"name":"Assiette \u00e0 soupe"}]},{"@type":"WebSite","@id":"https:\/\/www.fries-kt.com\/#website","url":"https:\/\/www.fries-kt.com\/","name":"FRIES","description":"","publisher":{"@id":"https:\/\/www.fries-kt.com\/#organization"},"potentialAction":[{"@type":"SearchAction","target":{"@type":"EntryPoint","urlTemplate":"https:\/\/www.fries-kt.com\/?s={search_term_string}"},"query-input":{"@type":"PropertyValueSpecification","valueRequired":true,"valueName":"search_term_string"}}],"inLanguage":"fr-FR"},{"@type":"Organization","@id":"https:\/\/www.fries-kt.com\/#organization","name":"FRIES Kunststofftechnik GmbH","url":"https:\/\/www.fries-kt.com\/","logo":{"@type":"ImageObject","inLanguage":"fr-FR","@id":"https:\/\/www.fries-kt.com\/#\/schema\/logo\/image\/","url":"https:\/\/www.fries-kt.com\/wp-content\/uploads\/fries-logo.png","contentUrl":"https:\/\/www.fries-kt.com\/wp-content\/uploads\/fries-logo.png","width":120,"height":60,"caption":"FRIES Kunststofftechnik GmbH"},"image":{"@id":"https:\/\/www.fries-kt.com\/#\/schema\/logo\/image\/"},"sameAs":["https:\/\/www.facebook.com\/FRIESKunststofftechnik\/","https:\/\/www.youtube.com\/channel\/UCc2UgnWJ9Y_-pIXbDIek7wQ"]}]}},"_links":{"self":[{"href":"https:\/\/www.fries-kt.com\/fr\/wp-json\/wp\/v2\/pages\/39774","targetHints":{"allow":["GET"]}}],"collection":[{"href":"https:\/\/www.fries-kt.com\/fr\/wp-json\/wp\/v2\/pages"}],"about":[{"href":"https:\/\/www.fries-kt.com\/fr\/wp-json\/wp\/v2\/types\/page"}],"author":[{"embeddable":true,"href":"https:\/\/www.fries-kt.com\/fr\/wp-json\/wp\/v2\/users\/4"}],"replies":[{"embeddable":true,"href":"https:\/\/www.fries-kt.com\/fr\/wp-json\/wp\/v2\/comments?post=39774"}],"version-history":[{"count":9,"href":"https:\/\/www.fries-kt.com\/fr\/wp-json\/wp\/v2\/pages\/39774\/revisions"}],"predecessor-version":[{"id":53347,"href":"https:\/\/www.fries-kt.com\/fr\/wp-json\/wp\/v2\/pages\/39774\/revisions\/53347"}],"up":[{"embeddable":true,"href":"https:\/\/www.fries-kt.com\/fr\/wp-json\/wp\/v2\/pages\/39669"}],"wp:attachment":[{"href":"https:\/\/www.fries-kt.com\/fr\/wp-json\/wp\/v2\/media?parent=39774"}],"curies":[{"name":"wp","href":"https:\/\/api.w.org\/{rel}","templated":true}]}}