{"id":45851,"date":"2024-01-10T09:48:58","date_gmt":"2024-01-10T07:48:58","guid":{"rendered":"https:\/\/www.fries-kt.com\/?page_id=45851"},"modified":"2025-06-24T11:35:01","modified_gmt":"2025-06-24T09:35:01","slug":"bidon-slt-neu","status":"publish","type":"page","link":"https:\/\/www.fries-kt.com\/fr\/produits\/emballage\/bidons\/bidon-slt-neu\/","title":{"rendered":"Bidons adapt\u00e9s au contact alimentaire et homologu\u00e9s UN"},"content":{"rendered":"<p><div class=\"fusion-fullwidth fullwidth-box fusion-builder-row-1 nonhundred-percent-fullwidth non-hundred-percent-height-scrolling\" style=\"--awb-border-radius-top-left:0px;--awb-border-radius-top-right:0px;--awb-border-radius-bottom-right:0px;--awb-border-radius-bottom-left:0px;--awb-flex-wrap:wrap;\" ><div class=\"fusion-builder-row fusion-row\"><div class=\"fusion-layout-column fusion_builder_column fusion-builder-column-0 fusion_builder_column_1_1 1_1 fusion-one-full fusion-column-first fusion-column-last\" style=\"--awb-bg-size:cover;\"><div class=\"fusion-column-wrapper fusion-column-has-shadow fusion-flex-column-wrapper-legacy\"><div class=\"fusion-text fusion-text-1 color-verpackung gr\u00fcn\"><h1>Bidons adapt\u00e9s au contact alimentaire et homologu\u00e9s UN<\/h1>\n<p>Les nouveaux bidons SLT-SK7 s\u00e9duisent par leur design sobre et pratique, qui r\u00e9pond \u00e9galement \u00e0 la norme ISO\u00a09001. Les bidons en plastique de 5\u00a0l\/10\u00a0l peuvent \u00eatre utilis\u00e9s dans tous les domaines, car ils sont conformes \u00e0 la l\u00e9gislation sur les denr\u00e9es alimentaires et disposent d&#8217;une large homologation pour la protection contre les risques.<\/p>\n<\/div><div class=\"fusion-clearfix\"><\/div><\/div><\/div><\/div><\/div><div class=\"fusion-fullwidth fullwidth-box fusion-builder-row-2 hundred-percent-fullwidth non-hundred-percent-height-scrolling\" style=\"--awb-border-radius-top-left:0px;--awb-border-radius-top-right:0px;--awb-border-radius-bottom-right:0px;--awb-border-radius-bottom-left:0px;--awb-overflow:visible;--awb-flex-wrap:wrap;\" ><div class=\"fusion-builder-row fusion-row\"><div class=\"fusion-layout-column fusion_builder_column fusion-builder-column-1 fusion_builder_column_1_3 1_3 fusion-one-third fusion-column-first\" style=\"--awb-bg-size:cover;width:30.6666%; margin-right: 4%;\"><div class=\"fusion-column-wrapper fusion-flex-column-wrapper-legacy\"><div class=\"fusion-image-element in-legacy-container\" style=\"--awb-caption-title-font-family:var(--h2_typography-font-family);--awb-caption-title-font-weight:var(--h2_typography-font-weight);--awb-caption-title-font-style:var(--h2_typography-font-style);--awb-caption-title-size:var(--h2_typography-font-size);--awb-caption-title-transform:var(--h2_typography-text-transform);--awb-caption-title-line-height:var(--h2_typography-line-height);--awb-caption-title-letter-spacing:var(--h2_typography-letter-spacing);\"><span class=\" fusion-imageframe imageframe-none imageframe-1 hover-type-none\"><img decoding=\"async\" width=\"234\" height=\"300\" title=\"SLT-SK7_blau wei\u00df\" src=\"https:\/\/www.fries-kt.com\/wp-content\/uploads\/SLT-SK7_blau-weiss-e1701778382303-234x300.png\" alt class=\"img-responsive wp-image-45868\"\/><\/span><\/div><div class=\"fusion-sep-clear\"><\/div><div class=\"fusion-separator fusion-full-width-sep\" style=\"margin-left: auto;margin-right: auto;margin-top:10px;margin-bottom:10px;width:100%;\"><\/div><div class=\"fusion-sep-clear\"><\/div><div class=\"fusion-alignleft\"><a class=\"fusion-button button-flat fusion-button-default-size button-custom fusion-button-default button-1 fusion-button-default-span fusion-button-default-type color-verpackung\" style=\"--button_accent_color:#ffffff;--button_border_color:#00997c;--button_accent_hover_color:#ffffff;--button_border_hover_color:#00997c;--button_gradient_top_color:#00997c;--button_gradient_bottom_color:#00997c;--button_gradient_top_color_hover:#00997c;--button_gradient_bottom_color_hover:#00997c;--button_text_transform:none;--button_margin-top:10px;--button_margin-bottom:20px;\" target=\"_self\" href=\"https:\/\/www.fries-kt.com\/fr\/contact\/?amp;your-subject=Anfrage%20Kunststoffkanister%20SLT\"><span class=\"fusion-button-text awb-button__text awb-button__text--default\">Demander maintenant<\/span><\/a><\/div><div class=\"fusion-clearfix\"><\/div><\/div><\/div><div class=\"fusion-layout-column fusion_builder_column fusion-builder-column-2 fusion_builder_column_2_3 2_3 fusion-two-third fusion-column-last\" style=\"--awb-bg-size:cover;width:65.3333%;\"><div class=\"fusion-column-wrapper fusion-flex-column-wrapper-legacy\"><div class=\"fusion-text fusion-text-2 color-verpackung gr\u00fcn\"><h2>Bidons en plastique SLT-SK7<\/h2>\n<p><strong>Adapt\u00e9s au contact alimentaire |Homologation UN | Certifi\u00e9 halal | Bidons de 5 l &amp; 10 l<\/strong><\/p>\n<ul>\n<li>Des bandes de visualisation transparentes permettent \u00e0 tous moments le contr\u00f4le exact du niveau &#8211; y compris le rep\u00e8re de remplissage<\/li>\n<li>Poign\u00e9e ergonomique pour un excellent confort de pr\u00e9hension et de transport<\/li>\n<li>5\u00a0l et 10\u00a0l conviennent pour les produits dangereux, permettent une utilisation universelle<\/li>\n<li>Bouchon \u00e0 vis avec fermeture inviolable<\/li>\n<li>Disponibles dans les couleurs \u00ab\u00a0bleu\u00a0\u00bb et \u00ab\u00a0naturel\u00a0\u00bb, d&#8217;autres couleurs disponibles sur demande<\/li>\n<li>Empilage s\u00fbr et sans glissement gr\u00e2ce aux picots d&#8217;empilage agrandis<\/li>\n<li>Utilisation compl\u00e8te du contenu gr\u00e2ce \u00e0 une tr\u00e8s bonne vidange des r\u00e9sidus<\/li>\n<li>Conformes aux normes alimentaires CE\u00a01935\/2004, CE\u00a02023\/2006 et CE\u00a010\/2011 dans la version actuellement en vigueur disponible<\/li>\n<li>Ouverture de remplissage SK45x6 disponible avec un diam\u00e8tre int\u00e9rieur de 35\u00a0mm ou SK51x6 avec un diam\u00e8tre de 44\u00a0mm<\/li>\n<\/ul>\n<h4>Disponibles en\u00a0: 5\u00a0l et 10\u00a0l<\/h4>\n<p><strong>Sur demande, les accessoires suivants sont disponibles\u00a0:<\/strong><\/p>\n<ul>\n<li>Bouchon \u00e0 vis avec valve de d\u00e9gazage<\/li>\n<li>Bouchon \u00e0 vis avec robinet de vidange<\/li>\n<li>Bouchon \u00e0 vis avec s\u00e9curit\u00e9 enfant<\/li>\n<\/ul>\n<\/div><div class=\"fusion-sep-clear\"><\/div><div class=\"fusion-separator fusion-full-width-sep\" style=\"margin-left: auto;margin-right: auto;margin-top:10px;margin-bottom:20px;width:100%;\"><\/div><div class=\"fusion-sep-clear\"><\/div><div class=\"fusion-clearfix\"><\/div><\/div><\/div><div class=\"fusion-layout-column fusion_builder_column fusion-builder-column-3 fusion_builder_column_1_1 1_1 fusion-one-full fusion-column-first fusion-column-last fusion-column-no-min-height\" style=\"--awb-bg-size:cover;--awb-margin-bottom:0px;\"><div class=\"fusion-column-wrapper fusion-flex-column-wrapper-legacy\"><div class=\"fusion-clearfix\"><\/div><\/div><\/div><\/div><\/div><\/p>\n","protected":false},"excerpt":{"rendered":"","protected":false},"author":26,"featured_media":0,"parent":20007,"menu_order":0,"comment_status":"closed","ping_status":"closed","template":"","meta":{"_acf_changed":false,"footnotes":""},"class_list":["post-45851","page","type-page","status-publish","hentry"],"acf":[],"yoast_head":"<!-- This site is optimized with the Yoast SEO plugin v26.8 - https:\/\/yoast.com\/product\/yoast-seo-wordpress\/ -->\n<title>Bidons SLT-SK7 | Bidons en plastique de 5 et 10\u00a0litres | FRIES<\/title>\n<meta name=\"description\" content=\"Les bidons SLT convainquent par leur \u00e9norme stabilit\u00e9 et leur faible poids propre \u2714adapt\u00e9s au contact alimentaire \u2714adapt\u00e9s aux produits dangereux \u2714grande surface d&#039;\u00e9tiquetage \u25b6En savoir plus\" \/>\n<meta name=\"robots\" content=\"index, follow, max-snippet:-1, max-image-preview:large, max-video-preview:-1\" \/>\n<link rel=\"canonical\" href=\"https:\/\/www.fries-kt.com\/fr\/produits\/emballage\/bidons\/bidon-slt-neu\/\" \/>\n<meta name=\"twitter:label1\" content=\"Dur\u00e9e de lecture estim\u00e9e\" \/>\n\t<meta name=\"twitter:data1\" content=\"2 minutes\" \/>\n<script type=\"application\/ld+json\" class=\"yoast-schema-graph\">{\"@context\":\"https:\/\/schema.org\",\"@graph\":[{\"@type\":\"WebPage\",\"@id\":\"https:\/\/www.fries-kt.com\/fr\/produits\/emballage\/bidons\/bidon-slt-neu\/\",\"url\":\"https:\/\/www.fries-kt.com\/fr\/produits\/emballage\/bidons\/bidon-slt-neu\/\",\"name\":\"Bidons SLT-SK7 | Bidons en plastique de 5 et 10\u00a0litres | FRIES\",\"isPartOf\":{\"@id\":\"https:\/\/www.fries-kt.com\/#website\"},\"datePublished\":\"2024-01-10T07:48:58+00:00\",\"dateModified\":\"2025-06-24T09:35:01+00:00\",\"description\":\"Les bidons SLT convainquent par leur \u00e9norme stabilit\u00e9 et leur faible poids propre \u2714adapt\u00e9s au contact alimentaire \u2714adapt\u00e9s aux produits dangereux \u2714grande surface d'\u00e9tiquetage \u25b6En savoir plus\",\"breadcrumb\":{\"@id\":\"https:\/\/www.fries-kt.com\/fr\/produits\/emballage\/bidons\/bidon-slt-neu\/#breadcrumb\"},\"inLanguage\":\"fr-FR\",\"potentialAction\":[{\"@type\":\"ReadAction\",\"target\":[\"https:\/\/www.fries-kt.com\/fr\/produits\/emballage\/bidons\/bidon-slt-neu\/\"]}]},{\"@type\":\"BreadcrumbList\",\"@id\":\"https:\/\/www.fries-kt.com\/fr\/produits\/emballage\/bidons\/bidon-slt-neu\/#breadcrumb\",\"itemListElement\":[{\"@type\":\"ListItem\",\"position\":1,\"name\":\"Home\",\"item\":\"https:\/\/www.fries-kt.com\/fr\/\"},{\"@type\":\"ListItem\",\"position\":2,\"name\":\"Produits\",\"item\":\"https:\/\/www.fries-kt.com\/fr\/produits\/\"},{\"@type\":\"ListItem\",\"position\":3,\"name\":\"Emballage\",\"item\":\"https:\/\/www.fries-kt.com\/fr\/produits\/emballage\/\"},{\"@type\":\"ListItem\",\"position\":4,\"name\":\"Bidons\",\"item\":\"https:\/\/www.fries-kt.com\/fr\/produits\/emballage\/bidons\/\"},{\"@type\":\"ListItem\",\"position\":5,\"name\":\"Bidons adapt\u00e9s au contact alimentaire et homologu\u00e9s UN\"}]},{\"@type\":\"WebSite\",\"@id\":\"https:\/\/www.fries-kt.com\/#website\",\"url\":\"https:\/\/www.fries-kt.com\/\",\"name\":\"FRIES\",\"description\":\"\",\"publisher\":{\"@id\":\"https:\/\/www.fries-kt.com\/#organization\"},\"potentialAction\":[{\"@type\":\"SearchAction\",\"target\":{\"@type\":\"EntryPoint\",\"urlTemplate\":\"https:\/\/www.fries-kt.com\/?s={search_term_string}\"},\"query-input\":{\"@type\":\"PropertyValueSpecification\",\"valueRequired\":true,\"valueName\":\"search_term_string\"}}],\"inLanguage\":\"fr-FR\"},{\"@type\":\"Organization\",\"@id\":\"https:\/\/www.fries-kt.com\/#organization\",\"name\":\"FRIES Kunststofftechnik GmbH\",\"url\":\"https:\/\/www.fries-kt.com\/\",\"logo\":{\"@type\":\"ImageObject\",\"inLanguage\":\"fr-FR\",\"@id\":\"https:\/\/www.fries-kt.com\/#\/schema\/logo\/image\/\",\"url\":\"https:\/\/www.fries-kt.com\/wp-content\/uploads\/fries-logo.png\",\"contentUrl\":\"https:\/\/www.fries-kt.com\/wp-content\/uploads\/fries-logo.png\",\"width\":120,\"height\":60,\"caption\":\"FRIES Kunststofftechnik GmbH\"},\"image\":{\"@id\":\"https:\/\/www.fries-kt.com\/#\/schema\/logo\/image\/\"},\"sameAs\":[\"https:\/\/www.facebook.com\/FRIESKunststofftechnik\/\",\"https:\/\/www.youtube.com\/channel\/UCc2UgnWJ9Y_-pIXbDIek7wQ\"]}]}<\/script>\n<!-- \/ Yoast SEO plugin. -->","yoast_head_json":{"title":"Bidons SLT-SK7 | Bidons en plastique de 5 et 10\u00a0litres | FRIES","description":"Les bidons SLT convainquent par leur \u00e9norme stabilit\u00e9 et leur faible poids propre \u2714adapt\u00e9s au contact alimentaire \u2714adapt\u00e9s aux produits dangereux \u2714grande surface d'\u00e9tiquetage \u25b6En savoir plus","robots":{"index":"index","follow":"follow","max-snippet":"max-snippet:-1","max-image-preview":"max-image-preview:large","max-video-preview":"max-video-preview:-1"},"canonical":"https:\/\/www.fries-kt.com\/fr\/produits\/emballage\/bidons\/bidon-slt-neu\/","twitter_misc":{"Dur\u00e9e de lecture estim\u00e9e":"2 minutes"},"schema":{"@context":"https:\/\/schema.org","@graph":[{"@type":"WebPage","@id":"https:\/\/www.fries-kt.com\/fr\/produits\/emballage\/bidons\/bidon-slt-neu\/","url":"https:\/\/www.fries-kt.com\/fr\/produits\/emballage\/bidons\/bidon-slt-neu\/","name":"Bidons SLT-SK7 | Bidons en plastique de 5 et 10\u00a0litres | FRIES","isPartOf":{"@id":"https:\/\/www.fries-kt.com\/#website"},"datePublished":"2024-01-10T07:48:58+00:00","dateModified":"2025-06-24T09:35:01+00:00","description":"Les bidons SLT convainquent par leur \u00e9norme stabilit\u00e9 et leur faible poids propre \u2714adapt\u00e9s au contact alimentaire \u2714adapt\u00e9s aux produits dangereux \u2714grande surface d'\u00e9tiquetage \u25b6En savoir plus","breadcrumb":{"@id":"https:\/\/www.fries-kt.com\/fr\/produits\/emballage\/bidons\/bidon-slt-neu\/#breadcrumb"},"inLanguage":"fr-FR","potentialAction":[{"@type":"ReadAction","target":["https:\/\/www.fries-kt.com\/fr\/produits\/emballage\/bidons\/bidon-slt-neu\/"]}]},{"@type":"BreadcrumbList","@id":"https:\/\/www.fries-kt.com\/fr\/produits\/emballage\/bidons\/bidon-slt-neu\/#breadcrumb","itemListElement":[{"@type":"ListItem","position":1,"name":"Home","item":"https:\/\/www.fries-kt.com\/fr\/"},{"@type":"ListItem","position":2,"name":"Produits","item":"https:\/\/www.fries-kt.com\/fr\/produits\/"},{"@type":"ListItem","position":3,"name":"Emballage","item":"https:\/\/www.fries-kt.com\/fr\/produits\/emballage\/"},{"@type":"ListItem","position":4,"name":"Bidons","item":"https:\/\/www.fries-kt.com\/fr\/produits\/emballage\/bidons\/"},{"@type":"ListItem","position":5,"name":"Bidons adapt\u00e9s au contact alimentaire et homologu\u00e9s UN"}]},{"@type":"WebSite","@id":"https:\/\/www.fries-kt.com\/#website","url":"https:\/\/www.fries-kt.com\/","name":"FRIES","description":"","publisher":{"@id":"https:\/\/www.fries-kt.com\/#organization"},"potentialAction":[{"@type":"SearchAction","target":{"@type":"EntryPoint","urlTemplate":"https:\/\/www.fries-kt.com\/?s={search_term_string}"},"query-input":{"@type":"PropertyValueSpecification","valueRequired":true,"valueName":"search_term_string"}}],"inLanguage":"fr-FR"},{"@type":"Organization","@id":"https:\/\/www.fries-kt.com\/#organization","name":"FRIES Kunststofftechnik GmbH","url":"https:\/\/www.fries-kt.com\/","logo":{"@type":"ImageObject","inLanguage":"fr-FR","@id":"https:\/\/www.fries-kt.com\/#\/schema\/logo\/image\/","url":"https:\/\/www.fries-kt.com\/wp-content\/uploads\/fries-logo.png","contentUrl":"https:\/\/www.fries-kt.com\/wp-content\/uploads\/fries-logo.png","width":120,"height":60,"caption":"FRIES Kunststofftechnik GmbH"},"image":{"@id":"https:\/\/www.fries-kt.com\/#\/schema\/logo\/image\/"},"sameAs":["https:\/\/www.facebook.com\/FRIESKunststofftechnik\/","https:\/\/www.youtube.com\/channel\/UCc2UgnWJ9Y_-pIXbDIek7wQ"]}]}},"_links":{"self":[{"href":"https:\/\/www.fries-kt.com\/fr\/wp-json\/wp\/v2\/pages\/45851","targetHints":{"allow":["GET"]}}],"collection":[{"href":"https:\/\/www.fries-kt.com\/fr\/wp-json\/wp\/v2\/pages"}],"about":[{"href":"https:\/\/www.fries-kt.com\/fr\/wp-json\/wp\/v2\/types\/page"}],"author":[{"embeddable":true,"href":"https:\/\/www.fries-kt.com\/fr\/wp-json\/wp\/v2\/users\/26"}],"replies":[{"embeddable":true,"href":"https:\/\/www.fries-kt.com\/fr\/wp-json\/wp\/v2\/comments?post=45851"}],"version-history":[{"count":9,"href":"https:\/\/www.fries-kt.com\/fr\/wp-json\/wp\/v2\/pages\/45851\/revisions"}],"predecessor-version":[{"id":64793,"href":"https:\/\/www.fries-kt.com\/fr\/wp-json\/wp\/v2\/pages\/45851\/revisions\/64793"}],"up":[{"embeddable":true,"href":"https:\/\/www.fries-kt.com\/fr\/wp-json\/wp\/v2\/pages\/20007"}],"wp:attachment":[{"href":"https:\/\/www.fries-kt.com\/fr\/wp-json\/wp\/v2\/media?parent=45851"}],"curies":[{"name":"wp","href":"https:\/\/api.w.org\/{rel}","templated":true}]}}