{"id":20589,"date":"2016-01-25T15:23:00","date_gmt":"2016-01-25T13:23:00","guid":{"rendered":"https:\/\/www.fries-kt.com\/prodotti\/contenitori\/fusti\/?lang=it"},"modified":"2023-06-01T09:00:29","modified_gmt":"2023-06-01T07:00:29","slug":"fusti","status":"publish","type":"page","link":"https:\/\/www.fries-kt.com\/it\/prodotti\/contenitori\/fusti\/","title":{"rendered":"Fusti"},"content":{"rendered":"<p><div class=\"fusion-fullwidth fullwidth-box fusion-builder-row-1 nonhundred-percent-fullwidth non-hundred-percent-height-scrolling\" style=\"--awb-border-radius-top-left:0px;--awb-border-radius-top-right:0px;--awb-border-radius-bottom-right:0px;--awb-border-radius-bottom-left:0px;--awb-flex-wrap:wrap;\" ><div class=\"fusion-builder-row fusion-row\"><div class=\"fusion-layout-column fusion_builder_column fusion-builder-column-0 fusion_builder_column_1_1 1_1 fusion-one-full fusion-column-first fusion-column-last\" style=\"--awb-bg-size:cover;\"><div class=\"fusion-column-wrapper fusion-column-has-shadow fusion-flex-column-wrapper-legacy\"><div class=\"fusion-text fusion-text-1 color-verpackung gr\u00fcn\"><h1>Fusti di plastica<\/h1>\n<p>I fusti sono tra i pi\u00f9 grandi imballaggi per prodotti alimentari e chimici con omologazione per merci pericolose. I fusti di plastica sono realizzati in HDPE ad alto peso molecolare. Il fusto spina, detto anche fusto L-Ring, \u00e8 ideale per il riempimento di liquidi e solidi. Il coperchio \u00e8 saldamente fissato al barile e il riempimento o la rimozione dei liquidi \u00e8 possibile attraverso due aperture nella parte superiore.<\/p>\n<\/div><div class=\"fusion-clearfix\"><\/div><\/div><\/div><\/div><\/div><div class=\"fusion-fullwidth fullwidth-box fusion-builder-row-2 nonhundred-percent-fullwidth non-hundred-percent-height-scrolling\" style=\"--awb-background-position:left top;--awb-border-radius-top-left:0px;--awb-border-radius-top-right:0px;--awb-border-radius-bottom-right:0px;--awb-border-radius-bottom-left:0px;--awb-padding-top:20px;--awb-padding-right:0px;--awb-padding-bottom:20px;--awb-padding-left:0px;--awb-border-sizes-top:0px;--awb-border-sizes-bottom:0px;--awb-flex-wrap:wrap;\" ><div class=\"fusion-builder-row fusion-row\"><div class=\"fusion-layout-column fusion_builder_column fusion-builder-column-1 fusion_builder_column_1_3 1_3 fusion-one-third fusion-column-first\" style=\"--awb-bg-size:cover;width:30.6666%; margin-right: 4%;\"><div class=\"fusion-column-wrapper fusion-flex-column-wrapper-legacy\"><div class=\"fusion-image-element in-legacy-container\" style=\"--awb-caption-title-font-family:var(--h2_typography-font-family);--awb-caption-title-font-weight:var(--h2_typography-font-weight);--awb-caption-title-font-style:var(--h2_typography-font-style);--awb-caption-title-size:var(--h2_typography-font-size);--awb-caption-title-transform:var(--h2_typography-text-transform);--awb-caption-title-line-height:var(--h2_typography-line-height);--awb-caption-title-letter-spacing:var(--h2_typography-letter-spacing);\"><span class=\" fusion-imageframe imageframe-none imageframe-1 hover-type-none\"><a class=\"fusion-no-lightbox\" href=\"https:\/\/www.fries-kt.com\/prodotti\/contenitori\/fusti\/fusto-plus-da-220-l-senza-bordo-alla-base\/?lang=it\" target=\"_self\" aria-label=\"L-Ringfass lebensmittelecht und UN PLUS 220l\"><img decoding=\"async\" width=\"242\" height=\"242\" alt=\"L-Ringfass lebensmittelecht und UN PLUS 220l\" src=\"https:\/\/www.fries-kt.com\/wp-content\/uploads\/L-Ringfass-PLUS-220l_web.jpg\" class=\"img-responsive wp-image-18145\" srcset=\"https:\/\/www.fries-kt.com\/wp-content\/uploads\/L-Ringfass-PLUS-220l_web-66x66.jpg 66w, https:\/\/www.fries-kt.com\/wp-content\/uploads\/L-Ringfass-PLUS-220l_web-150x150.jpg 150w, https:\/\/www.fries-kt.com\/wp-content\/uploads\/L-Ringfass-PLUS-220l_web.jpg 242w\" sizes=\"(max-width: 242px) 100vw, 242px\" \/><\/a><\/span><\/div><div class=\"fusion-text fusion-text-2\"><h4><a href=\"https:\/\/www.fries-kt.com\/prodotti\/contenitori\/fusti\/fusto-plus-da-220-l-senza-bordo-alla-base\/?lang=it\">Fusto L-Ring PLUS 220 l<\/a><\/h4>\n<\/div><div class=\"fusion-clearfix\"><\/div><\/div><\/div><div class=\"fusion-layout-column fusion_builder_column fusion-builder-column-2 fusion_builder_column_1_3 1_3 fusion-one-third\" style=\"--awb-bg-size:cover;width:30.6666%; margin-right: 4%;\"><div class=\"fusion-column-wrapper fusion-flex-column-wrapper-legacy\"><div class=\"fusion-image-element in-legacy-container\" style=\"--awb-caption-title-font-family:var(--h2_typography-font-family);--awb-caption-title-font-weight:var(--h2_typography-font-weight);--awb-caption-title-font-style:var(--h2_typography-font-style);--awb-caption-title-size:var(--h2_typography-font-size);--awb-caption-title-transform:var(--h2_typography-text-transform);--awb-caption-title-line-height:var(--h2_typography-line-height);--awb-caption-title-letter-spacing:var(--h2_typography-letter-spacing);\"><span class=\" fusion-imageframe imageframe-none imageframe-2 hover-type-none\"><a class=\"fusion-no-lightbox\" href=\"https:\/\/www.fries-kt.com\/prodotti\/contenitori\/fusti\/fusto-megatop-da-220-l-con-bordo-alla-base\/?lang=it\" target=\"_self\" aria-label=\"Rollringfass lebensmittelecht und UN MEGATOP 220l\"><img decoding=\"async\" width=\"242\" height=\"242\" alt=\"Rollringfass lebensmittelecht und UN MEGATOP 220l\" src=\"https:\/\/www.fries-kt.com\/wp-content\/uploads\/Rollringfass-220-L_web.jpg\" class=\"img-responsive wp-image-18146\" srcset=\"https:\/\/www.fries-kt.com\/wp-content\/uploads\/Rollringfass-220-L_web-66x66.jpg 66w, https:\/\/www.fries-kt.com\/wp-content\/uploads\/Rollringfass-220-L_web-150x150.jpg 150w, https:\/\/www.fries-kt.com\/wp-content\/uploads\/Rollringfass-220-L_web.jpg 242w\" sizes=\"(max-width: 242px) 100vw, 242px\" \/><\/a><\/span><\/div><div class=\"fusion-text fusion-text-3\"><h4><a href=\"https:\/\/www.fries-kt.com\/prodotti\/contenitori\/fusti\/fusto-megatop-da-220-l-con-bordo-alla-base\/?lang=it\">Tamburo avvolgitore MEGATOP 220 l<\/a><\/h4>\n<\/div><div class=\"fusion-clearfix\"><\/div><\/div><\/div><\/div><\/div><div class=\"fusion-fullwidth fullwidth-box fusion-builder-row-3 fusion-flex-container nonhundred-percent-fullwidth non-hundred-percent-height-scrolling\" style=\"--awb-border-radius-top-left:0px;--awb-border-radius-top-right:0px;--awb-border-radius-bottom-right:0px;--awb-border-radius-bottom-left:0px;--awb-flex-wrap:wrap;\" ><div class=\"fusion-builder-row fusion-row fusion-flex-align-items-flex-start fusion-flex-content-wrap\" style=\"max-width:1144px;margin-left: calc(-4% \/ 2 );margin-right: calc(-4% \/ 2 );\"><div class=\"fusion-layout-column fusion_builder_column fusion-builder-column-3 fusion_builder_column_1_1 1_1 fusion-flex-column\" style=\"--awb-bg-size:cover;--awb-width-large:100%;--awb-margin-top-large:0px;--awb-spacing-right-large:1.92%;--awb-margin-bottom-large:20px;--awb-spacing-left-large:1.92%;--awb-width-medium:100%;--awb-order-medium:0;--awb-spacing-right-medium:1.92%;--awb-spacing-left-medium:1.92%;--awb-width-small:100%;--awb-order-small:0;--awb-spacing-right-small:1.92%;--awb-spacing-left-small:1.92%;\"><div class=\"fusion-column-wrapper fusion-column-has-shadow fusion-flex-justify-content-flex-start fusion-content-layout-column\"><div class=\"fusion-separator fusion-full-width-sep\" style=\"align-self: center;margin-left: auto;margin-right: auto;margin-top:10px;margin-bottom:20px;width:100%;\"><div class=\"fusion-separator-border sep-single sep-solid\" style=\"--awb-height:20px;--awb-amount:20px;border-color:#e0dede;border-top-width:1px;\"><\/div><\/div><div class=\"fusion-text fusion-text-4 color-verpackung gr\u00fcn\"><h2>Guida per i fusti in plastica<\/h2>\n<\/div><\/div><\/div><div class=\"fusion-layout-column fusion_builder_column fusion-builder-column-4 fusion_builder_column_1_3 1_3 fusion-flex-column\" style=\"--awb-bg-size:cover;--awb-width-large:33.333333333333%;--awb-margin-top-large:0px;--awb-spacing-right-large:5.76%;--awb-margin-bottom-large:20px;--awb-spacing-left-large:5.76%;--awb-width-medium:100%;--awb-order-medium:0;--awb-spacing-right-medium:1.92%;--awb-spacing-left-medium:1.92%;--awb-width-small:100%;--awb-order-small:0;--awb-spacing-right-small:1.92%;--awb-spacing-left-small:1.92%;\"><div class=\"fusion-column-wrapper fusion-column-has-shadow fusion-flex-justify-content-flex-start fusion-content-layout-column\"><div class=\"fusion-image-element \" style=\"text-align:center;--awb-max-width:100px;--awb-caption-title-font-family:var(--h2_typography-font-family);--awb-caption-title-font-weight:var(--h2_typography-font-weight);--awb-caption-title-font-style:var(--h2_typography-font-style);--awb-caption-title-size:var(--h2_typography-font-size);--awb-caption-title-transform:var(--h2_typography-text-transform);--awb-caption-title-line-height:var(--h2_typography-line-height);--awb-caption-title-letter-spacing:var(--h2_typography-letter-spacing);\"><span class=\" fusion-imageframe imageframe-none imageframe-3 hover-type-none\"><a class=\"fusion-no-lightbox\" href=\"https:\/\/www.fries-kt.com\/prodotti\/contenitori\/manuale-per-gli-imballaggi-industriali\/imballaggi-omologazione-onu\/?lang=it\" target=\"_self\" aria-label=\"un-zulassung-symbol\"><img decoding=\"async\" width=\"591\" height=\"591\" alt=\"UN Kennzeichnung Symbol\" src=\"https:\/\/www.fries-kt.com\/wp-content\/uploads\/un-zulassung-symbol.jpg\" class=\"img-responsive wp-image-33055\" srcset=\"https:\/\/www.fries-kt.com\/wp-content\/uploads\/un-zulassung-symbol-200x200.jpg 200w, https:\/\/www.fries-kt.com\/wp-content\/uploads\/un-zulassung-symbol-400x400.jpg 400w, https:\/\/www.fries-kt.com\/wp-content\/uploads\/un-zulassung-symbol.jpg 591w\" sizes=\"(max-width: 1024px) 100vw, (max-width: 1455px) 100vw, 400px\" \/><\/a><\/span><\/div><\/div><\/div><div class=\"fusion-layout-column fusion_builder_column fusion-builder-column-5 fusion_builder_column_2_3 2_3 fusion-flex-column\" style=\"--awb-bg-size:cover;--awb-width-large:66.666666666667%;--awb-margin-top-large:0px;--awb-spacing-right-large:2.88%;--awb-margin-bottom-large:20px;--awb-spacing-left-large:2.88%;--awb-width-medium:100%;--awb-order-medium:0;--awb-spacing-right-medium:1.92%;--awb-spacing-left-medium:1.92%;--awb-width-small:100%;--awb-order-small:0;--awb-spacing-right-small:1.92%;--awb-spacing-left-small:1.92%;\"><div class=\"fusion-column-wrapper fusion-column-has-shadow fusion-flex-justify-content-flex-start fusion-content-layout-column\"><div class=\"fusion-text fusion-text-5\"><h4><a href=\"https:\/\/www.fries-kt.com\/prodotti\/contenitori\/manuale-per-gli-imballaggi-industriali\/imballaggi-omologazione-onu\/?lang=it\">Fusti per merci pericolose con omologazione ONU<\/a><\/h4>\n<p>Se si utilizzano fusti di plastica per l&#8217;imballaggio di merci pericolose, i fusti devono essere testati e dotati di una marcatura ONU. A seconda del percorso e del tipo di trasporto, i fusti di merci pericolose devono essere conformi a normative diverse. Scopri la nostra guida con tutte le domande e le risposte pi\u00f9 importanti sull&#8217;imballaggio delle merci pericolose e sulle omologazioni ONU.<\/p>\n<p style=\"text-align: right;\"><a href=\"https:\/\/www.fries-kt.com\/prodotti\/contenitori\/manuale-per-gli-imballaggi-industriali\/imballaggi-omologazione-onu\/?lang=it\">Per saperne di pi\u00f9 &gt;&gt;<\/a><\/p>\n<\/div><\/div><\/div><div class=\"fusion-layout-column fusion_builder_column fusion-builder-column-6 fusion_builder_column_1_3 1_3 fusion-flex-column\" style=\"--awb-bg-size:cover;--awb-width-large:33.333333333333%;--awb-margin-top-large:0px;--awb-spacing-right-large:5.76%;--awb-margin-bottom-large:20px;--awb-spacing-left-large:5.76%;--awb-width-medium:100%;--awb-order-medium:0;--awb-spacing-right-medium:1.92%;--awb-spacing-left-medium:1.92%;--awb-width-small:100%;--awb-order-small:0;--awb-spacing-right-small:1.92%;--awb-spacing-left-small:1.92%;\"><div class=\"fusion-column-wrapper fusion-column-has-shadow fusion-flex-justify-content-flex-start fusion-content-layout-column\"><div class=\"fusion-image-element \" style=\"text-align:center;--awb-max-width:100px;--awb-caption-title-font-family:var(--h2_typography-font-family);--awb-caption-title-font-weight:var(--h2_typography-font-weight);--awb-caption-title-font-style:var(--h2_typography-font-style);--awb-caption-title-size:var(--h2_typography-font-size);--awb-caption-title-transform:var(--h2_typography-text-transform);--awb-caption-title-line-height:var(--h2_typography-line-height);--awb-caption-title-letter-spacing:var(--h2_typography-letter-spacing);\"><span class=\" fusion-imageframe imageframe-none imageframe-4 hover-type-none\"><a class=\"fusion-no-lightbox\" href=\"https:\/\/www.fries-kt.com\/prodotti\/contenitori\/manuale-per-gli-imballaggi-industriali\/imballaggi-conformi-ai-generi-alimentari\/?lang=it\" target=\"_self\" aria-label=\"lebensmittelecht\"><img decoding=\"async\" width=\"452\" height=\"452\" alt=\"Symbol Lebensmittelkonformit\u00e4t Lebensmittelecht\" src=\"https:\/\/www.fries-kt.com\/wp-content\/uploads\/lebensmittelecht.jpg\" class=\"img-responsive wp-image-33094\" srcset=\"https:\/\/www.fries-kt.com\/wp-content\/uploads\/lebensmittelecht-200x200.jpg 200w, https:\/\/www.fries-kt.com\/wp-content\/uploads\/lebensmittelecht-400x400.jpg 400w, https:\/\/www.fries-kt.com\/wp-content\/uploads\/lebensmittelecht.jpg 452w\" sizes=\"(max-width: 1024px) 100vw, (max-width: 1455px) 100vw, 400px\" \/><\/a><\/span><\/div><\/div><\/div><div class=\"fusion-layout-column fusion_builder_column fusion-builder-column-7 fusion_builder_column_2_3 2_3 fusion-flex-column\" style=\"--awb-bg-size:cover;--awb-width-large:66.666666666667%;--awb-margin-top-large:0px;--awb-spacing-right-large:2.88%;--awb-margin-bottom-large:20px;--awb-spacing-left-large:2.88%;--awb-width-medium:100%;--awb-order-medium:0;--awb-spacing-right-medium:1.92%;--awb-spacing-left-medium:1.92%;--awb-width-small:100%;--awb-order-small:0;--awb-spacing-right-small:1.92%;--awb-spacing-left-small:1.92%;\"><div class=\"fusion-column-wrapper fusion-column-has-shadow fusion-flex-justify-content-flex-start fusion-content-layout-column\"><div class=\"fusion-text fusion-text-6 color-verpackung gr\u00fcn\"><h4><a href=\"https:\/\/www.fries-kt.com\/prodotti\/contenitori\/manuale-per-gli-imballaggi-industriali\/imballaggi-conformi-ai-generi-alimentari\/?lang=it\">Fusti di plastica per alimenti<\/a><\/h4>\n<p>I fusti di plastica utilizzati come imballaggi per alimenti devono essere sicuri o conformi alle norme alimentari. I fusti devono soddisfare determinati requisiti legali per garantire che non siano dannosi per la salute. Scopri la nostra guida con tutte le domande e le risposte pi\u00f9 importanti sugli imballaggi a uso alimentare.<\/p>\n<p style=\"text-align: right;\"><a href=\"https:\/\/www.fries-kt.com\/prodotti\/contenitori\/manuale-per-gli-imballaggi-industriali\/imballaggi-conformi-ai-generi-alimentari\/?lang=it\">Per saperne di pi\u00f9 &gt;&gt;<\/a><\/p>\n<\/div><\/div><\/div><\/div><\/div><\/p>\n","protected":false},"excerpt":{"rendered":"","protected":false},"author":4,"featured_media":0,"parent":19844,"menu_order":0,"comment_status":"closed","ping_status":"closed","template":"","meta":{"_acf_changed":false,"footnotes":""},"class_list":["post-20589","page","type-page","status-publish","hentry"],"acf":[],"yoast_head":"<!-- This site is optimized with the Yoast SEO plugin v26.8 - https:\/\/yoast.com\/product\/yoast-seo-wordpress\/ -->\n<title>Fusti di plastica con coperchio | 220 litri | FRIES Kunststofftechnik<\/title>\n<meta name=\"description\" content=\"Scopri i robusti fusti in plastica in PE ad alto peso molecolare \u2714Sicuri per alimenti \u2714Approvati per merci pericolose \u2714Compatibili con contenitori ISO \u25b6 Per saperne di pi\u00f9\" \/>\n<meta name=\"robots\" content=\"index, follow, max-snippet:-1, max-image-preview:large, max-video-preview:-1\" \/>\n<link rel=\"canonical\" href=\"https:\/\/www.fries-kt.com\/it\/prodotti\/contenitori\/fusti\/\" \/>\n<meta name=\"twitter:label1\" content=\"Tempo di lettura stimato\" \/>\n\t<meta name=\"twitter:data1\" content=\"8 minuti\" \/>\n<script type=\"application\/ld+json\" class=\"yoast-schema-graph\">{\"@context\":\"https:\/\/schema.org\",\"@graph\":[{\"@type\":\"WebPage\",\"@id\":\"https:\/\/www.fries-kt.com\/it\/prodotti\/contenitori\/fusti\/\",\"url\":\"https:\/\/www.fries-kt.com\/it\/prodotti\/contenitori\/fusti\/\",\"name\":\"Fusti di plastica con coperchio | 220 litri | FRIES Kunststofftechnik\",\"isPartOf\":{\"@id\":\"https:\/\/www.fries-kt.com\/#website\"},\"primaryImageOfPage\":{\"@id\":\"https:\/\/www.fries-kt.com\/it\/prodotti\/contenitori\/fusti\/#primaryimage\"},\"image\":{\"@id\":\"https:\/\/www.fries-kt.com\/it\/prodotti\/contenitori\/fusti\/#primaryimage\"},\"thumbnailUrl\":\"https:\/\/www.fries-kt.com\/wp-content\/uploads\/L-Ringfass-PLUS-220l_web.jpg\",\"datePublished\":\"2016-01-25T13:23:00+00:00\",\"dateModified\":\"2023-06-01T07:00:29+00:00\",\"description\":\"Scopri i robusti fusti in plastica in PE ad alto peso molecolare \u2714Sicuri per alimenti \u2714Approvati per merci pericolose \u2714Compatibili con contenitori ISO \u25b6 Per saperne di pi\u00f9\",\"breadcrumb\":{\"@id\":\"https:\/\/www.fries-kt.com\/it\/prodotti\/contenitori\/fusti\/#breadcrumb\"},\"inLanguage\":\"it-IT\",\"potentialAction\":[{\"@type\":\"ReadAction\",\"target\":[\"https:\/\/www.fries-kt.com\/it\/prodotti\/contenitori\/fusti\/\"]}]},{\"@type\":\"ImageObject\",\"inLanguage\":\"it-IT\",\"@id\":\"https:\/\/www.fries-kt.com\/it\/prodotti\/contenitori\/fusti\/#primaryimage\",\"url\":\"https:\/\/www.fries-kt.com\/wp-content\/uploads\/L-Ringfass-PLUS-220l_web.jpg\",\"contentUrl\":\"https:\/\/www.fries-kt.com\/wp-content\/uploads\/L-Ringfass-PLUS-220l_web.jpg\"},{\"@type\":\"BreadcrumbList\",\"@id\":\"https:\/\/www.fries-kt.com\/it\/prodotti\/contenitori\/fusti\/#breadcrumb\",\"itemListElement\":[{\"@type\":\"ListItem\",\"position\":1,\"name\":\"Home\",\"item\":\"https:\/\/www.fries-kt.com\/it\/\"},{\"@type\":\"ListItem\",\"position\":2,\"name\":\"Prodotti\",\"item\":\"https:\/\/www.fries-kt.com\/it\/prodotti\/\"},{\"@type\":\"ListItem\",\"position\":3,\"name\":\"Imballaggio\",\"item\":\"https:\/\/www.fries-kt.com\/it\/prodotti\/contenitori\/\"},{\"@type\":\"ListItem\",\"position\":4,\"name\":\"Fusti\"}]},{\"@type\":\"WebSite\",\"@id\":\"https:\/\/www.fries-kt.com\/#website\",\"url\":\"https:\/\/www.fries-kt.com\/\",\"name\":\"FRIES\",\"description\":\"\",\"publisher\":{\"@id\":\"https:\/\/www.fries-kt.com\/#organization\"},\"potentialAction\":[{\"@type\":\"SearchAction\",\"target\":{\"@type\":\"EntryPoint\",\"urlTemplate\":\"https:\/\/www.fries-kt.com\/?s={search_term_string}\"},\"query-input\":{\"@type\":\"PropertyValueSpecification\",\"valueRequired\":true,\"valueName\":\"search_term_string\"}}],\"inLanguage\":\"it-IT\"},{\"@type\":\"Organization\",\"@id\":\"https:\/\/www.fries-kt.com\/#organization\",\"name\":\"FRIES Kunststofftechnik GmbH\",\"url\":\"https:\/\/www.fries-kt.com\/\",\"logo\":{\"@type\":\"ImageObject\",\"inLanguage\":\"it-IT\",\"@id\":\"https:\/\/www.fries-kt.com\/#\/schema\/logo\/image\/\",\"url\":\"https:\/\/www.fries-kt.com\/wp-content\/uploads\/fries-logo.png\",\"contentUrl\":\"https:\/\/www.fries-kt.com\/wp-content\/uploads\/fries-logo.png\",\"width\":120,\"height\":60,\"caption\":\"FRIES Kunststofftechnik GmbH\"},\"image\":{\"@id\":\"https:\/\/www.fries-kt.com\/#\/schema\/logo\/image\/\"},\"sameAs\":[\"https:\/\/www.facebook.com\/FRIESKunststofftechnik\/\",\"https:\/\/www.youtube.com\/channel\/UCc2UgnWJ9Y_-pIXbDIek7wQ\"]}]}<\/script>\n<!-- \/ Yoast SEO plugin. -->","yoast_head_json":{"title":"Fusti di plastica con coperchio | 220 litri | FRIES Kunststofftechnik","description":"Scopri i robusti fusti in plastica in PE ad alto peso molecolare \u2714Sicuri per alimenti \u2714Approvati per merci pericolose \u2714Compatibili con contenitori ISO \u25b6 Per saperne di pi\u00f9","robots":{"index":"index","follow":"follow","max-snippet":"max-snippet:-1","max-image-preview":"max-image-preview:large","max-video-preview":"max-video-preview:-1"},"canonical":"https:\/\/www.fries-kt.com\/it\/prodotti\/contenitori\/fusti\/","twitter_misc":{"Tempo di lettura stimato":"8 minuti"},"schema":{"@context":"https:\/\/schema.org","@graph":[{"@type":"WebPage","@id":"https:\/\/www.fries-kt.com\/it\/prodotti\/contenitori\/fusti\/","url":"https:\/\/www.fries-kt.com\/it\/prodotti\/contenitori\/fusti\/","name":"Fusti di plastica con coperchio | 220 litri | FRIES Kunststofftechnik","isPartOf":{"@id":"https:\/\/www.fries-kt.com\/#website"},"primaryImageOfPage":{"@id":"https:\/\/www.fries-kt.com\/it\/prodotti\/contenitori\/fusti\/#primaryimage"},"image":{"@id":"https:\/\/www.fries-kt.com\/it\/prodotti\/contenitori\/fusti\/#primaryimage"},"thumbnailUrl":"https:\/\/www.fries-kt.com\/wp-content\/uploads\/L-Ringfass-PLUS-220l_web.jpg","datePublished":"2016-01-25T13:23:00+00:00","dateModified":"2023-06-01T07:00:29+00:00","description":"Scopri i robusti fusti in plastica in PE ad alto peso molecolare \u2714Sicuri per alimenti \u2714Approvati per merci pericolose \u2714Compatibili con contenitori ISO \u25b6 Per saperne di pi\u00f9","breadcrumb":{"@id":"https:\/\/www.fries-kt.com\/it\/prodotti\/contenitori\/fusti\/#breadcrumb"},"inLanguage":"it-IT","potentialAction":[{"@type":"ReadAction","target":["https:\/\/www.fries-kt.com\/it\/prodotti\/contenitori\/fusti\/"]}]},{"@type":"ImageObject","inLanguage":"it-IT","@id":"https:\/\/www.fries-kt.com\/it\/prodotti\/contenitori\/fusti\/#primaryimage","url":"https:\/\/www.fries-kt.com\/wp-content\/uploads\/L-Ringfass-PLUS-220l_web.jpg","contentUrl":"https:\/\/www.fries-kt.com\/wp-content\/uploads\/L-Ringfass-PLUS-220l_web.jpg"},{"@type":"BreadcrumbList","@id":"https:\/\/www.fries-kt.com\/it\/prodotti\/contenitori\/fusti\/#breadcrumb","itemListElement":[{"@type":"ListItem","position":1,"name":"Home","item":"https:\/\/www.fries-kt.com\/it\/"},{"@type":"ListItem","position":2,"name":"Prodotti","item":"https:\/\/www.fries-kt.com\/it\/prodotti\/"},{"@type":"ListItem","position":3,"name":"Imballaggio","item":"https:\/\/www.fries-kt.com\/it\/prodotti\/contenitori\/"},{"@type":"ListItem","position":4,"name":"Fusti"}]},{"@type":"WebSite","@id":"https:\/\/www.fries-kt.com\/#website","url":"https:\/\/www.fries-kt.com\/","name":"FRIES","description":"","publisher":{"@id":"https:\/\/www.fries-kt.com\/#organization"},"potentialAction":[{"@type":"SearchAction","target":{"@type":"EntryPoint","urlTemplate":"https:\/\/www.fries-kt.com\/?s={search_term_string}"},"query-input":{"@type":"PropertyValueSpecification","valueRequired":true,"valueName":"search_term_string"}}],"inLanguage":"it-IT"},{"@type":"Organization","@id":"https:\/\/www.fries-kt.com\/#organization","name":"FRIES Kunststofftechnik GmbH","url":"https:\/\/www.fries-kt.com\/","logo":{"@type":"ImageObject","inLanguage":"it-IT","@id":"https:\/\/www.fries-kt.com\/#\/schema\/logo\/image\/","url":"https:\/\/www.fries-kt.com\/wp-content\/uploads\/fries-logo.png","contentUrl":"https:\/\/www.fries-kt.com\/wp-content\/uploads\/fries-logo.png","width":120,"height":60,"caption":"FRIES Kunststofftechnik GmbH"},"image":{"@id":"https:\/\/www.fries-kt.com\/#\/schema\/logo\/image\/"},"sameAs":["https:\/\/www.facebook.com\/FRIESKunststofftechnik\/","https:\/\/www.youtube.com\/channel\/UCc2UgnWJ9Y_-pIXbDIek7wQ"]}]}},"_links":{"self":[{"href":"https:\/\/www.fries-kt.com\/it\/wp-json\/wp\/v2\/pages\/20589","targetHints":{"allow":["GET"]}}],"collection":[{"href":"https:\/\/www.fries-kt.com\/it\/wp-json\/wp\/v2\/pages"}],"about":[{"href":"https:\/\/www.fries-kt.com\/it\/wp-json\/wp\/v2\/types\/page"}],"author":[{"embeddable":true,"href":"https:\/\/www.fries-kt.com\/it\/wp-json\/wp\/v2\/users\/4"}],"replies":[{"embeddable":true,"href":"https:\/\/www.fries-kt.com\/it\/wp-json\/wp\/v2\/comments?post=20589"}],"version-history":[{"count":15,"href":"https:\/\/www.fries-kt.com\/it\/wp-json\/wp\/v2\/pages\/20589\/revisions"}],"predecessor-version":[{"id":42118,"href":"https:\/\/www.fries-kt.com\/it\/wp-json\/wp\/v2\/pages\/20589\/revisions\/42118"}],"up":[{"embeddable":true,"href":"https:\/\/www.fries-kt.com\/it\/wp-json\/wp\/v2\/pages\/19844"}],"wp:attachment":[{"href":"https:\/\/www.fries-kt.com\/it\/wp-json\/wp\/v2\/media?parent=20589"}],"curies":[{"name":"wp","href":"https:\/\/api.w.org\/{rel}","templated":true}]}}