{"id":39797,"date":"2022-12-20T12:44:44","date_gmt":"2022-12-20T10:44:44","guid":{"rendered":"https:\/\/www.fries-kt.com\/mehrwegteller\/teller-flach\/"},"modified":"2024-10-15T08:34:31","modified_gmt":"2024-10-15T06:34:31","slug":"piatto-piano","status":"publish","type":"page","link":"https:\/\/www.fries-kt.com\/it\/prodotti\/ristorazione\/stoviglie-riutilizzabili\/piatti-riutilizzabili\/piatto-piano\/","title":{"rendered":"Piatto piano"},"content":{"rendered":"<p><div class=\"fusion-fullwidth fullwidth-box fusion-builder-row-1 nonhundred-percent-fullwidth non-hundred-percent-height-scrolling\" style=\"--awb-border-radius-top-left:0px;--awb-border-radius-top-right:0px;--awb-border-radius-bottom-right:0px;--awb-border-radius-bottom-left:0px;--awb-margin-top:4px;--awb-flex-wrap:wrap;\" ><div class=\"fusion-builder-row fusion-row\"><div class=\"fusion-layout-column fusion_builder_column fusion-builder-column-0 fusion_builder_column_1_3 1_3 fusion-one-third fusion-column-first\" style=\"--awb-bg-size:cover;width:33.333333333333%;width:calc(33.333333333333% - ( ( 4% ) * 0.33333333333333 ) );margin-right: 4%;\"><div class=\"fusion-column-wrapper fusion-column-has-shadow fusion-flex-column-wrapper-legacy\"><div class=\"fusion-image-element in-legacy-container\" style=\"--awb-caption-title-font-family:var(--h2_typography-font-family);--awb-caption-title-font-weight:var(--h2_typography-font-weight);--awb-caption-title-font-style:var(--h2_typography-font-style);--awb-caption-title-size:var(--h2_typography-font-size);--awb-caption-title-transform:var(--h2_typography-text-transform);--awb-caption-title-line-height:var(--h2_typography-line-height);--awb-caption-title-letter-spacing:var(--h2_typography-letter-spacing);\"><span class=\" fusion-imageframe imageframe-none imageframe-1 hover-type-none\"><img decoding=\"async\" width=\"242\" height=\"150\" title=\"Fries rack Logo\" src=\"https:\/\/www.fries-kt.com\/wp-content\/uploads\/Fries-rack-logo-website3.png\" alt class=\"img-responsive wp-image-40064\"\/><\/span><\/div><div class=\"fusion-clearfix\"><\/div><\/div><\/div><div class=\"fusion-layout-column fusion_builder_column fusion-builder-column-1 fusion_builder_column_2_3 2_3 fusion-two-third fusion-column-last\" style=\"--awb-bg-size:cover;width:66.666666666667%;width:calc(66.666666666667% - ( ( 4% ) * 0.66666666666667 ) );\"><div class=\"fusion-column-wrapper fusion-column-has-shadow fusion-flex-column-wrapper-legacy\"><div class=\"fusion-text fusion-text-1 color-gastro blau\" style=\"--awb-text-transform:none;\"><h1>Piatto piano 18 \u00d8 cm e 24 \u00d8 cm<\/h1>\n<p>I piatti riutilizzabili assicurano di gustare in modo ottimale un&#8217;ampia variet\u00e0 di pietanze.<\/p>\n<\/div><div class=\"fusion-clearfix\"><\/div><\/div><\/div><\/div><\/div><div class=\"fusion-fullwidth fullwidth-box fusion-builder-row-2 nonhundred-percent-fullwidth non-hundred-percent-height-scrolling\" style=\"--awb-background-position:left top;--awb-border-radius-top-left:0px;--awb-border-radius-top-right:0px;--awb-border-radius-bottom-right:0px;--awb-border-radius-bottom-left:0px;--awb-padding-top:20px;--awb-padding-right:0px;--awb-padding-bottom:20px;--awb-padding-left:0px;--awb-border-sizes-top:0px;--awb-border-sizes-bottom:0px;--awb-flex-wrap:wrap;\" ><div class=\"fusion-builder-row fusion-row\"><div class=\"fusion-layout-column fusion_builder_column fusion-builder-column-2 fusion_builder_column_1_3 1_3 fusion-one-third fusion-column-first\" style=\"--awb-bg-size:cover;width:30.6666%; margin-right: 4%;\"><div class=\"fusion-column-wrapper fusion-flex-column-wrapper-legacy\"><div class=\"fusion-image-element in-legacy-container\" style=\"--awb-max-width:242px;--awb-caption-title-font-family:var(--h2_typography-font-family);--awb-caption-title-font-weight:var(--h2_typography-font-weight);--awb-caption-title-font-style:var(--h2_typography-font-style);--awb-caption-title-size:var(--h2_typography-font-size);--awb-caption-title-transform:var(--h2_typography-text-transform);--awb-caption-title-line-height:var(--h2_typography-line-height);--awb-caption-title-letter-spacing:var(--h2_typography-letter-spacing);\"><span class=\" fusion-imageframe imageframe-none imageframe-2 hover-type-none\"><a href=\"https:\/\/www.fries-kt.com\/wp-content\/uploads\/mehrwegteller-beide.png\" class=\"fusion-lightbox\" data-rel=\"iLightbox[6d84e09a34db0e19b99]\" data-title=\"mehrwegteller beide\" title=\"mehrwegteller beide\"><img decoding=\"async\" width=\"250\" height=\"250\" src=\"https:\/\/www.fries-kt.com\/wp-content\/uploads\/mehrwegteller-beide.png\" alt class=\"img-responsive wp-image-39884\" srcset=\"https:\/\/www.fries-kt.com\/wp-content\/uploads\/mehrwegteller-beide-200x200.png 200w, https:\/\/www.fries-kt.com\/wp-content\/uploads\/mehrwegteller-beide.png 250w\" sizes=\"(max-width: 0px) 100vw, 250px\" \/><\/a><\/span><\/div><div class=\"fusion-text fusion-text-2 color-gastro blau\" style=\"--awb-text-transform:none;\"><h4><a href=\"https:\/\/www.fries-kt.com\/wp-content\/uploads\/EN_2024_Prospekt-Mehrweggeschirr-FRIES_web.pdf\" target=\"_blank\" rel=\"noopener\">Scarica la brochure<\/a><\/h4>\n<\/div><div class=\"fusion-alignleft\"><a class=\"fusion-button button-flat fusion-button-default-size button-custom fusion-button-default button-1 fusion-button-default-span fusion-button-default-type color-verpackung\" style=\"--button_accent_color:#ffffff;--button_border_color:#143a84;--button_accent_hover_color:#ffffff;--button_border_hover_color:#143a84;--button_gradient_top_color:#143a84;--button_gradient_bottom_color:#143a84;--button_gradient_top_color_hover:#143a84;--button_gradient_bottom_color_hover:#143a84;--button_text_transform:none;--button_margin-top:20px;--button_margin-bottom:20px;\" target=\"_self\" href=\"https:\/\/www.fries-kt.com\/it\/contatti\/?amp;your-subject=Anfrage Teller flach\"><span class=\"fusion-button-text awb-button__text awb-button__text--default\">Richiedi ora<\/span><\/a><\/div><div class=\"fusion-clearfix\"><\/div><\/div><\/div><div class=\"fusion-layout-column fusion_builder_column fusion-builder-column-3 fusion_builder_column_2_3 2_3 fusion-two-third fusion-column-last\" style=\"--awb-bg-size:cover;width:65.3333%;\"><div class=\"fusion-column-wrapper fusion-flex-column-wrapper-legacy\"><div class=\"fusion-text fusion-text-3 color-gastro blau\" style=\"--awb-text-transform:none;\"><p><strong>I vantaggi:<\/strong><\/p>\n<ul>\n<li>Piatti riutilizzabili in polipropilene di qualit\u00e0 elevata<\/li>\n<li>Peso ridotto<\/li>\n<li>Stabili nella forma<\/li>\n<li>Infrangibili<\/li>\n<li>Impilabili e salvaspazio<\/li>\n<li>Disponibili nel colore standard bianco puro<\/li>\n<li>altri colori su richiesta<\/li>\n<li>con tampografia su richiesta<\/li>\n<\/ul>\n<\/div><div class=\"fusion-clearfix\"><\/div><\/div><\/div><\/div><\/div><\/p>\n","protected":false},"excerpt":{"rendered":"","protected":false},"author":4,"featured_media":0,"parent":39720,"menu_order":0,"comment_status":"closed","ping_status":"closed","template":"","meta":{"_acf_changed":false,"footnotes":""},"class_list":["post-39797","page","type-page","status-publish","hentry"],"acf":[],"yoast_head":"<!-- This site is optimized with the Yoast SEO plugin v26.8 - https:\/\/yoast.com\/product\/yoast-seo-wordpress\/ -->\n<title>Piatti riutilizzabili | Piatti piani per la ristorazione | FRIES Rack<\/title>\n<meta name=\"description\" content=\"Il piatto piano in plastica \u00e8 la soluzione ideale per eventi e ristorazione. Disponibile in \u00d818 cm e \u00d824 cm \u25b6 Informati ora\" \/>\n<meta name=\"robots\" content=\"index, follow, max-snippet:-1, max-image-preview:large, max-video-preview:-1\" \/>\n<link rel=\"canonical\" href=\"https:\/\/www.fries-kt.com\/it\/prodotti\/ristorazione\/stoviglie-riutilizzabili\/piatti-riutilizzabili\/piatto-piano\/\" \/>\n<meta name=\"twitter:label1\" content=\"Tempo di lettura stimato\" \/>\n\t<meta name=\"twitter:data1\" content=\"1 minuto\" \/>\n<script type=\"application\/ld+json\" class=\"yoast-schema-graph\">{\"@context\":\"https:\/\/schema.org\",\"@graph\":[{\"@type\":\"WebPage\",\"@id\":\"https:\/\/www.fries-kt.com\/it\/prodotti\/ristorazione\/stoviglie-riutilizzabili\/piatti-riutilizzabili\/piatto-piano\/\",\"url\":\"https:\/\/www.fries-kt.com\/it\/prodotti\/ristorazione\/stoviglie-riutilizzabili\/piatti-riutilizzabili\/piatto-piano\/\",\"name\":\"Piatti riutilizzabili | Piatti piani per la ristorazione | FRIES Rack\",\"isPartOf\":{\"@id\":\"https:\/\/www.fries-kt.com\/#website\"},\"datePublished\":\"2022-12-20T10:44:44+00:00\",\"dateModified\":\"2024-10-15T06:34:31+00:00\",\"description\":\"Il piatto piano in plastica \u00e8 la soluzione ideale per eventi e ristorazione. Disponibile in \u00d818 cm e \u00d824 cm \u25b6 Informati ora\",\"breadcrumb\":{\"@id\":\"https:\/\/www.fries-kt.com\/it\/prodotti\/ristorazione\/stoviglie-riutilizzabili\/piatti-riutilizzabili\/piatto-piano\/#breadcrumb\"},\"inLanguage\":\"it-IT\",\"potentialAction\":[{\"@type\":\"ReadAction\",\"target\":[\"https:\/\/www.fries-kt.com\/it\/prodotti\/ristorazione\/stoviglie-riutilizzabili\/piatti-riutilizzabili\/piatto-piano\/\"]}]},{\"@type\":\"BreadcrumbList\",\"@id\":\"https:\/\/www.fries-kt.com\/it\/prodotti\/ristorazione\/stoviglie-riutilizzabili\/piatti-riutilizzabili\/piatto-piano\/#breadcrumb\",\"itemListElement\":[{\"@type\":\"ListItem\",\"position\":1,\"name\":\"Home\",\"item\":\"https:\/\/www.fries-kt.com\/it\/\"},{\"@type\":\"ListItem\",\"position\":2,\"name\":\"Prodotti\",\"item\":\"https:\/\/www.fries-kt.com\/it\/prodotti\/\"},{\"@type\":\"ListItem\",\"position\":3,\"name\":\"Sistemi di ristorazione\",\"item\":\"https:\/\/www.fries-kt.com\/it\/prodotti\/ristorazione\/\"},{\"@type\":\"ListItem\",\"position\":4,\"name\":\"Stoviglie riutilizzabili\",\"item\":\"https:\/\/www.fries-kt.com\/it\/prodotti\/ristorazione\/stoviglie-riutilizzabili\/\"},{\"@type\":\"ListItem\",\"position\":5,\"name\":\"Piatti riutilizzabili\",\"item\":\"https:\/\/www.fries-kt.com\/it\/prodotti\/ristorazione\/stoviglie-riutilizzabili\/piatti-riutilizzabili\/\"},{\"@type\":\"ListItem\",\"position\":6,\"name\":\"Piatto piano\"}]},{\"@type\":\"WebSite\",\"@id\":\"https:\/\/www.fries-kt.com\/#website\",\"url\":\"https:\/\/www.fries-kt.com\/\",\"name\":\"FRIES\",\"description\":\"\",\"publisher\":{\"@id\":\"https:\/\/www.fries-kt.com\/#organization\"},\"potentialAction\":[{\"@type\":\"SearchAction\",\"target\":{\"@type\":\"EntryPoint\",\"urlTemplate\":\"https:\/\/www.fries-kt.com\/?s={search_term_string}\"},\"query-input\":{\"@type\":\"PropertyValueSpecification\",\"valueRequired\":true,\"valueName\":\"search_term_string\"}}],\"inLanguage\":\"it-IT\"},{\"@type\":\"Organization\",\"@id\":\"https:\/\/www.fries-kt.com\/#organization\",\"name\":\"FRIES Kunststofftechnik GmbH\",\"url\":\"https:\/\/www.fries-kt.com\/\",\"logo\":{\"@type\":\"ImageObject\",\"inLanguage\":\"it-IT\",\"@id\":\"https:\/\/www.fries-kt.com\/#\/schema\/logo\/image\/\",\"url\":\"https:\/\/www.fries-kt.com\/wp-content\/uploads\/fries-logo.png\",\"contentUrl\":\"https:\/\/www.fries-kt.com\/wp-content\/uploads\/fries-logo.png\",\"width\":120,\"height\":60,\"caption\":\"FRIES Kunststofftechnik GmbH\"},\"image\":{\"@id\":\"https:\/\/www.fries-kt.com\/#\/schema\/logo\/image\/\"},\"sameAs\":[\"https:\/\/www.facebook.com\/FRIESKunststofftechnik\/\",\"https:\/\/www.youtube.com\/channel\/UCc2UgnWJ9Y_-pIXbDIek7wQ\"]}]}<\/script>\n<!-- \/ Yoast SEO plugin. -->","yoast_head_json":{"title":"Piatti riutilizzabili | Piatti piani per la ristorazione | FRIES Rack","description":"Il piatto piano in plastica \u00e8 la soluzione ideale per eventi e ristorazione. Disponibile in \u00d818 cm e \u00d824 cm \u25b6 Informati ora","robots":{"index":"index","follow":"follow","max-snippet":"max-snippet:-1","max-image-preview":"max-image-preview:large","max-video-preview":"max-video-preview:-1"},"canonical":"https:\/\/www.fries-kt.com\/it\/prodotti\/ristorazione\/stoviglie-riutilizzabili\/piatti-riutilizzabili\/piatto-piano\/","twitter_misc":{"Tempo di lettura stimato":"1 minuto"},"schema":{"@context":"https:\/\/schema.org","@graph":[{"@type":"WebPage","@id":"https:\/\/www.fries-kt.com\/it\/prodotti\/ristorazione\/stoviglie-riutilizzabili\/piatti-riutilizzabili\/piatto-piano\/","url":"https:\/\/www.fries-kt.com\/it\/prodotti\/ristorazione\/stoviglie-riutilizzabili\/piatti-riutilizzabili\/piatto-piano\/","name":"Piatti riutilizzabili | Piatti piani per la ristorazione | FRIES Rack","isPartOf":{"@id":"https:\/\/www.fries-kt.com\/#website"},"datePublished":"2022-12-20T10:44:44+00:00","dateModified":"2024-10-15T06:34:31+00:00","description":"Il piatto piano in plastica \u00e8 la soluzione ideale per eventi e ristorazione. Disponibile in \u00d818 cm e \u00d824 cm \u25b6 Informati ora","breadcrumb":{"@id":"https:\/\/www.fries-kt.com\/it\/prodotti\/ristorazione\/stoviglie-riutilizzabili\/piatti-riutilizzabili\/piatto-piano\/#breadcrumb"},"inLanguage":"it-IT","potentialAction":[{"@type":"ReadAction","target":["https:\/\/www.fries-kt.com\/it\/prodotti\/ristorazione\/stoviglie-riutilizzabili\/piatti-riutilizzabili\/piatto-piano\/"]}]},{"@type":"BreadcrumbList","@id":"https:\/\/www.fries-kt.com\/it\/prodotti\/ristorazione\/stoviglie-riutilizzabili\/piatti-riutilizzabili\/piatto-piano\/#breadcrumb","itemListElement":[{"@type":"ListItem","position":1,"name":"Home","item":"https:\/\/www.fries-kt.com\/it\/"},{"@type":"ListItem","position":2,"name":"Prodotti","item":"https:\/\/www.fries-kt.com\/it\/prodotti\/"},{"@type":"ListItem","position":3,"name":"Sistemi di ristorazione","item":"https:\/\/www.fries-kt.com\/it\/prodotti\/ristorazione\/"},{"@type":"ListItem","position":4,"name":"Stoviglie riutilizzabili","item":"https:\/\/www.fries-kt.com\/it\/prodotti\/ristorazione\/stoviglie-riutilizzabili\/"},{"@type":"ListItem","position":5,"name":"Piatti riutilizzabili","item":"https:\/\/www.fries-kt.com\/it\/prodotti\/ristorazione\/stoviglie-riutilizzabili\/piatti-riutilizzabili\/"},{"@type":"ListItem","position":6,"name":"Piatto piano"}]},{"@type":"WebSite","@id":"https:\/\/www.fries-kt.com\/#website","url":"https:\/\/www.fries-kt.com\/","name":"FRIES","description":"","publisher":{"@id":"https:\/\/www.fries-kt.com\/#organization"},"potentialAction":[{"@type":"SearchAction","target":{"@type":"EntryPoint","urlTemplate":"https:\/\/www.fries-kt.com\/?s={search_term_string}"},"query-input":{"@type":"PropertyValueSpecification","valueRequired":true,"valueName":"search_term_string"}}],"inLanguage":"it-IT"},{"@type":"Organization","@id":"https:\/\/www.fries-kt.com\/#organization","name":"FRIES Kunststofftechnik GmbH","url":"https:\/\/www.fries-kt.com\/","logo":{"@type":"ImageObject","inLanguage":"it-IT","@id":"https:\/\/www.fries-kt.com\/#\/schema\/logo\/image\/","url":"https:\/\/www.fries-kt.com\/wp-content\/uploads\/fries-logo.png","contentUrl":"https:\/\/www.fries-kt.com\/wp-content\/uploads\/fries-logo.png","width":120,"height":60,"caption":"FRIES Kunststofftechnik GmbH"},"image":{"@id":"https:\/\/www.fries-kt.com\/#\/schema\/logo\/image\/"},"sameAs":["https:\/\/www.facebook.com\/FRIESKunststofftechnik\/","https:\/\/www.youtube.com\/channel\/UCc2UgnWJ9Y_-pIXbDIek7wQ"]}]}},"_links":{"self":[{"href":"https:\/\/www.fries-kt.com\/it\/wp-json\/wp\/v2\/pages\/39797","targetHints":{"allow":["GET"]}}],"collection":[{"href":"https:\/\/www.fries-kt.com\/it\/wp-json\/wp\/v2\/pages"}],"about":[{"href":"https:\/\/www.fries-kt.com\/it\/wp-json\/wp\/v2\/types\/page"}],"author":[{"embeddable":true,"href":"https:\/\/www.fries-kt.com\/it\/wp-json\/wp\/v2\/users\/4"}],"replies":[{"embeddable":true,"href":"https:\/\/www.fries-kt.com\/it\/wp-json\/wp\/v2\/comments?post=39797"}],"version-history":[{"count":9,"href":"https:\/\/www.fries-kt.com\/it\/wp-json\/wp\/v2\/pages\/39797\/revisions"}],"predecessor-version":[{"id":53344,"href":"https:\/\/www.fries-kt.com\/it\/wp-json\/wp\/v2\/pages\/39797\/revisions\/53344"}],"up":[{"embeddable":true,"href":"https:\/\/www.fries-kt.com\/it\/wp-json\/wp\/v2\/pages\/39720"}],"wp:attachment":[{"href":"https:\/\/www.fries-kt.com\/it\/wp-json\/wp\/v2\/media?parent=39797"}],"curies":[{"name":"wp","href":"https:\/\/api.w.org\/{rel}","templated":true}]}}